{"id":1882,"date":"2022-12-01T17:24:07","date_gmt":"2022-12-01T09:24:07","guid":{"rendered":"https:\/\/www.supersybon.com\/fr\/?post_type=product&#038;p=1882"},"modified":"2023-09-19T16:40:58","modified_gmt":"2023-09-19T08:40:58","slug":"mx0-melangeur-automatique-de-peinture-de-couleur","status":"publish","type":"product","link":"https:\/\/www.supersybon.com\/fr\/product\/mx0-melangeur-automatique-de-peinture-de-couleur","title":{"rendered":"MX0 M\u00e9langeur de teinte de peinture de voiture M\u00e9langeur automatique de peinture de couleur"},"content":{"rendered":"<p><iframe title=\"MX0 Car Paint Tint Mixer Auto Color Paint Mixing Machine\" width=\"1080\" height=\"608\" src=\"https:\/\/www.youtube.com\/embed\/DOdNnQ_6-Ms?feature=oembed\"  allow=\"accelerometer; autoplay; clipboard-write; encrypted-media; gyroscope; picture-in-picture\" allowfullscreen><\/iframe><\/p>\n<div class=\"magic-13\">\n<div class=\"magic-14\">\n<h2><strong>MX0 M\u00e9langeur de teinte de peinture de voiture m\u00e9langeur automatique de peinture de couleur<\/strong><\/h2>\n<p><strong>M\u00e9langeur de couleurs pour m\u00e9langeur de peinture portable de bonne qualit\u00e9, atelier de peinture\u00a0:<\/strong><\/p>\n<p>1. Syst\u00e8me d'entra\u00eenement moteur monocouche, un moteur peut contr\u00f4ler une \u00e9tag\u00e8re de m\u00e9lange, s\u00fbr et fiable.<br \/>\n2. Les t\u00eates de m\u00e9lange peuvent \u00eatre configur\u00e9es facilement.<br \/>\n3. Syst\u00e8me d'entra\u00eenement par engrenages brevet\u00e9 national, anti-bruit.<br \/>\n4. La table de travail et la plaque d'adaptation sont facultatives.<br \/>\n5. Convivial et \u00e9conome en \u00e9nergie.<\/p>\n\n<table id=\"tablepress-11\" class=\"tablepress tablepress-id-11\">\n<thead>\n<tr class=\"row-1\">\n\t<th class=\"column-1\">des trous<\/th><th class=\"column-2\">Trous d\u00e9taill\u00e9s<\/th><th class=\"column-3\">Couches de machine<\/th><th class=\"column-4\">Couches d\u00e9taill\u00e9es<\/th>\n<\/tr>\n<\/thead>\n<tbody class=\"row-striping row-hover\">\n<tr class=\"row-2\">\n\t<td class=\"column-1\">33 trous<\/td><td class=\"column-2\">6 grands trous + 27 petits trous<\/td><td class=\"column-3\">4 couches<\/td><td class=\"column-4\">Les derni\u00e8res couches\u00a0: 6 pi\u00e8ces de couvercles m\u00e9langeurs de 4\u00a0L<br \/>\nLes 3 premi\u00e8res couches : 27 pi\u00e8ces de couvercles m\u00e9langeurs de 1 L, 9 pi\u00e8ces\/couche<\/td>\n<\/tr>\n<tr class=\"row-3\">\n\t<td class=\"column-1\">56 trous<\/td><td class=\"column-2\">8 grands trous + 48 petits trous<\/td><td class=\"column-3\">5 couches<\/td><td class=\"column-4\">La derni\u00e8re couche\u00a0: 8 pi\u00e8ces de couvercles m\u00e9langeurs de 4\u00a0L<br \/>\nLes 4 premi\u00e8res couches : 48 pi\u00e8ces de couvercles m\u00e9langeurs de 1 L, 12 pi\u00e8ces\/couche<\/td>\n<\/tr>\n<tr class=\"row-4\">\n\t<td class=\"column-1\">70 trous<\/td><td class=\"column-2\">10 grands trous + 60 petits trous<\/td><td class=\"column-3\">5 couches<\/td><td class=\"column-4\">La derni\u00e8re couche\u00a0: 10\u00a0pi\u00e8ces de couvercles m\u00e9langeurs de 4\u00a0L<br \/>\nLes 4 premi\u00e8res couches : 60 pi\u00e8ces de couvercles m\u00e9langeurs de 1 L, 15 pi\u00e8ces\/couche.<\/td>\n<\/tr>\n<tr class=\"row-5\">\n\t<td class=\"column-1\">84 trous<\/td><td class=\"column-2\">12 grands trous + 72 petits trous<\/td><td class=\"column-3\">5 couches<\/td><td class=\"column-4\">La derni\u00e8re couche\u00a0: 12\u00a0pi\u00e8ces de couvercles m\u00e9langeurs de 4\u00a0L<br \/>\nLes 4 premi\u00e8res couches : 72 pi\u00e8ces de couvercles m\u00e9langeurs de 1 L, 18 pi\u00e8ces\/couche.<\/td>\n<\/tr>\n<tr class=\"row-6\">\n\t<td class=\"column-1\">96 trous<\/td><td class=\"column-2\">24 grands trous + 72 petits trous<\/td><td class=\"column-3\">6 couches<\/td><td class=\"column-4\">Les 2 derni\u00e8res couches\u00a0: 24\u00a0pi\u00e8ces de couvercles m\u00e9langeurs de 4\u00a0L<br \/>\nLes 4 premi\u00e8res couches\u00a0: 72\u00a0pi\u00e8ces de couvercles m\u00e9langeurs de 1\u00a0L, 18\u00a0pi\u00e8ces\/couche<\/td>\n<\/tr>\n<\/tbody>\n<\/table>\n\n<p><img decoding=\"async\" class=\"aligncenter size-full wp-image-1884\" src=\"https:\/\/www.supersybon.com\/fr\/wp-content\/uploads\/2022\/12\/1669891026-MX0-Car-Paint-Mixing-Machine-Tinter-Mixing-Machine-Auto-Paint-Mixing-Machine-Car-Paint-33-Mixing-Lids.jpg\" alt=\"\" width=\"750\" height=\"750\" srcset=\"https:\/\/www.supersybon.com\/fr\/wp-content\/uploads\/2022\/12\/1669891026-MX0-Car-Paint-Mixing-Machine-Tinter-Mixing-Machine-Auto-Paint-Mixing-Machine-Car-Paint-33-Mixing-Lids.jpg 750w, https:\/\/www.supersybon.com\/fr\/wp-content\/uploads\/2022\/12\/1669891026-MX0-Car-Paint-Mixing-Machine-Tinter-Mixing-Machine-Auto-Paint-Mixing-Machine-Car-Paint-33-Mixing-Lids-480x480.jpg 480w\" sizes=\"(min-width: 0px) and (max-width: 480px) 480px, (min-width: 481px) 750px, 100vw\" \/><\/p>\n<p><img decoding=\"async\" class=\"aligncenter size-full wp-image-1885\" src=\"https:\/\/www.supersybon.com\/fr\/wp-content\/uploads\/2022\/12\/1669891050-MX0-Good-Quality-Paint-Mixing-Machine-Hot-Selling-Automotive-Paint-Mixer-Use-For-Many-Car-Paint.jpg\" alt=\"\" width=\"750\" height=\"750\" srcset=\"https:\/\/www.supersybon.com\/fr\/wp-content\/uploads\/2022\/12\/1669891050-MX0-Good-Quality-Paint-Mixing-Machine-Hot-Selling-Automotive-Paint-Mixer-Use-For-Many-Car-Paint.jpg 750w, https:\/\/www.supersybon.com\/fr\/wp-content\/uploads\/2022\/12\/1669891050-MX0-Good-Quality-Paint-Mixing-Machine-Hot-Selling-Automotive-Paint-Mixer-Use-For-Many-Car-Paint-480x480.jpg 480w\" sizes=\"(min-width: 0px) and (max-width: 480px) 480px, (min-width: 481px) 750px, 100vw\" \/><\/p>\n<p><img decoding=\"async\" class=\"aligncenter size-full wp-image-1886\" src=\"https:\/\/www.supersybon.com\/fr\/wp-content\/uploads\/2022\/12\/1669891087-MX0-Different-Specification-Of-Car-Paint-Tint-Mixer-Auto-Color-Paint-Mixing-Machin.jpg\" alt=\"\" width=\"750\" height=\"750\" srcset=\"https:\/\/www.supersybon.com\/fr\/wp-content\/uploads\/2022\/12\/1669891087-MX0-Different-Specification-Of-Car-Paint-Tint-Mixer-Auto-Color-Paint-Mixing-Machin.jpg 750w, https:\/\/www.supersybon.com\/fr\/wp-content\/uploads\/2022\/12\/1669891087-MX0-Different-Specification-Of-Car-Paint-Tint-Mixer-Auto-Color-Paint-Mixing-Machin-480x480.jpg 480w\" sizes=\"(min-width: 0px) and (max-width: 480px) 480px, (min-width: 481px) 750px, 100vw\" \/><\/p>\n<p><img decoding=\"async\" class=\"aligncenter size-full wp-image-1887\" src=\"https:\/\/www.supersybon.com\/fr\/wp-content\/uploads\/2022\/12\/1669891107-MX0-Car-Paint-Mixing-Machine-Tinter-Mixing-Machine-Auto-Paint-Mixing-Machine-Car-Paint-84-Mixing-Lids.jpg\" alt=\"\" width=\"750\" height=\"750\" srcset=\"https:\/\/www.supersybon.com\/fr\/wp-content\/uploads\/2022\/12\/1669891107-MX0-Car-Paint-Mixing-Machine-Tinter-Mixing-Machine-Auto-Paint-Mixing-Machine-Car-Paint-84-Mixing-Lids.jpg 750w, https:\/\/www.supersybon.com\/fr\/wp-content\/uploads\/2022\/12\/1669891107-MX0-Car-Paint-Mixing-Machine-Tinter-Mixing-Machine-Auto-Paint-Mixing-Machine-Car-Paint-84-Mixing-Lids-480x480.jpg 480w\" sizes=\"(min-width: 0px) and (max-width: 480px) 480px, (min-width: 481px) 750px, 100vw\" \/><\/p>\n<p><img decoding=\"async\" class=\"aligncenter size-full wp-image-1888\" src=\"https:\/\/www.supersybon.com\/fr\/wp-content\/uploads\/2022\/12\/1669891133-MX0-Car-Paint-Mixing-Machine-Tinter-Mixing-Machine-Auto-Paint-Mixing-Machine-Car-Paint-96-Mixing-Lids.jpg\" alt=\"\" width=\"750\" height=\"750\" srcset=\"https:\/\/www.supersybon.com\/fr\/wp-content\/uploads\/2022\/12\/1669891133-MX0-Car-Paint-Mixing-Machine-Tinter-Mixing-Machine-Auto-Paint-Mixing-Machine-Car-Paint-96-Mixing-Lids.jpg 750w, https:\/\/www.supersybon.com\/fr\/wp-content\/uploads\/2022\/12\/1669891133-MX0-Car-Paint-Mixing-Machine-Tinter-Mixing-Machine-Auto-Paint-Mixing-Machine-Car-Paint-96-Mixing-Lids-480x480.jpg 480w\" sizes=\"(min-width: 0px) and (max-width: 480px) 480px, (min-width: 481px) 750px, 100vw\" \/><\/p>\n<\/div>\n<\/div>\n<div class=\"magic-13\">\n<div class=\"magic-14\">\n<div class=\"magic-9\">\n<div class=\"magic-10\">\n<p>&nbsp;<\/p>\n<p>&nbsp;<\/p>\n<p><strong>Emballage et service du produit<\/strong><\/p>\n<hr \/>\n<div data-spm-anchor-id=\"a2700.details.0.i37.625d2e9eLtZffL\">\n<p>&nbsp;<\/p>\n<\/div>\n<div class=\"magic-13\">\n<div class=\"magic-14\">\n<div data-spm-anchor-id=\"a2700.details.0.i37.625d2e9eLtZffL\">\n<p><strong>NOTRE SERVICE:<\/strong><\/p>\n<p>1.24 heures en ligne<\/p>\n<p>2. Prix comp\u00e9titif<\/p>\n<p>3. Excellents commentaires du client<\/p>\n<p>4. Commande en ligne s\u00e9curis\u00e9e<\/p>\n<p>5. livraison rapide<\/p>\n<p>6. support technique professionnel<\/p>\n<\/div>\n<\/div>\n<\/div>\n<\/div>\n<\/div>\n<\/div>\n<\/div>\n<div class=\"magic-13\">\n<div class=\"magic-14\">\n<div class=\"magic-13\">\n<div class=\"magic-14\">\n<div class=\"magic-9\">\n<div class=\"magic-10\">\n<div class=\"magic-13\">\n<div class=\"magic-14\">\n<div data-spm-anchor-id=\"a2700.details.0.i37.625d2e9eLtZffL\">\n<div class=\"magic-13\">\n<div class=\"magic-14\">\n<div class=\"magic-13\">\n<div class=\"magic-14\">\n<div class=\"magic-9\">\n<div class=\"magic-10\">\n<div class=\"magic-13\">\n<div class=\"magic-14\">\n<div data-spm-anchor-id=\"a2700.details.0.i37.625d2e9eLtZffL\">\n<div class=\"magic-13\">\n<div class=\"magic-14\">\n<p>&nbsp;<\/p>\n<\/div>\n<\/div>\n<\/div>\n<\/div>\n<\/div>\n<\/div>\n<\/div>\n<\/div>\n<\/div>\n<div class=\"magic-13\">\n<div class=\"magic-14\">\n<p>&nbsp;<\/p>\n<\/div>\n<\/div>\n<\/div>\n<\/div>\n<\/div>\n<\/div>\n<\/div>\n<\/div>\n<\/div>\n<\/div>\n<\/div>\n<div class=\"magic-13\">\n<div class=\"magic-14\">\n<p><strong>Profil de l'entreprise<\/strong><\/p>\n<hr \/>\n<p>&nbsp;<\/p>\n<\/div>\n<\/div>\n<p><img decoding=\"async\" class=\"aligncenter size-full wp-image-324\" src=\"https:\/\/www.supersybon.com\/fr\/wp-content\/uploads\/2022\/09\/1663401769-Car-Paint-Supplier-Company-Profile-Manufacturer-China.jpg\" alt=\"\" width=\"900\" height=\"958\" srcset=\"https:\/\/www.supersybon.com\/fr\/wp-content\/uploads\/2022\/09\/1663401769-Car-Paint-Supplier-Company-Profile-Manufacturer-China.jpg 900w, https:\/\/www.supersybon.com\/fr\/wp-content\/uploads\/2022\/09\/1663401769-Car-Paint-Supplier-Company-Profile-Manufacturer-China-480x511.jpg 480w\" sizes=\"(min-width: 0px) and (max-width: 480px) 480px, (min-width: 481px) 900px, 100vw\" \/><\/p>\n<div class=\"magic-13\">\n<div class=\"magic-14\">\n<p><strong>FAQ<\/strong><\/p>\n<hr \/>\n<\/div>\n<\/div>\n<p><strong>Q\u00a0:\u00a0Quel est votre MOQ\u00a0?<\/strong><\/p>\n<p>R : Notre MOQ est de 1 pi\u00e8ce.<\/p>\n<p><strong>Q\u00a0:\u00a0Qu\u2019en est-il de votre paiement\u00a0?<\/strong><\/p>\n<p>R : d\u00e9p\u00f4t de 50% \u00e0 l'avance, solde de 50% par T\/T, L\/C, paypal, Western Union ou bien avant exp\u00e9dition.<\/p>\n<p><strong>Q : Fournissez-vous des \u00e9chantillons ?<\/strong><\/p>\n<p>R : Oui, vous pouvez acheter un \u00e9chantillon pour le tester.<\/p>\n<p><strong>Q : Qu'en est-il de votre d\u00e9lai de livraison ?<\/strong><\/p>\n<p>R\u00a0:\u00a0Habituellement 15 jours apr\u00e8s r\u00e9ception de votre d\u00e9p\u00f4t.<\/p>\n<\/div>\n<\/div>\n","protected":false},"excerpt":{"rendered":"<p>1. Syst\u00e8me d'entra\u00eenement moteur monocouche, un moteur peut contr\u00f4ler une \u00e9tag\u00e8re de m\u00e9lange, s\u00fbr et fiable.<br \/>\n2. Les t\u00eates de m\u00e9lange peuvent \u00eatre configur\u00e9es facilement.<br \/>\n3. Syst\u00e8me d'entra\u00eenement par engrenages brevet\u00e9 national, anti-bruit.<br \/>\n4. La table de travail et la plaque d'adaptation sont facultatives.<br \/>\n5. Convivial et \u00e9conome en \u00e9nergie.<\/p>\n","protected":false},"featured_media":1888,"template":"","meta":{"_et_pb_use_builder":"","_et_pb_old_content":"","_et_gb_content_width":""},"product_brand":[],"product_cat":[55],"product_tag":[869,870],"class_list":{"0":"post-1882","1":"product","2":"type-product","3":"status-publish","4":"has-post-thumbnail","6":"product_cat-autres","7":"product_tag-melangeur-automatique-de-peinture-de-couleur","8":"product_tag-melangeur-de-teinte-de-peinture-de-voiture","10":"first","11":"instock","12":"shipping-taxable","13":"product-type-simple"},"_links":{"self":[{"href":"https:\/\/www.supersybon.com\/fr\/wp-json\/wp\/v2\/product\/1882","targetHints":{"allow":["GET"]}}],"collection":[{"href":"https:\/\/www.supersybon.com\/fr\/wp-json\/wp\/v2\/product"}],"about":[{"href":"https:\/\/www.supersybon.com\/fr\/wp-json\/wp\/v2\/types\/product"}],"wp:featuredmedia":[{"embeddable":true,"href":"https:\/\/www.supersybon.com\/fr\/wp-json\/wp\/v2\/media\/1888"}],"wp:attachment":[{"href":"https:\/\/www.supersybon.com\/fr\/wp-json\/wp\/v2\/media?parent=1882"}],"wp:term":[{"taxonomy":"product_brand","embeddable":true,"href":"https:\/\/www.supersybon.com\/fr\/wp-json\/wp\/v2\/product_brand?post=1882"},{"taxonomy":"product_cat","embeddable":true,"href":"https:\/\/www.supersybon.com\/fr\/wp-json\/wp\/v2\/product_cat?post=1882"},{"taxonomy":"product_tag","embeddable":true,"href":"https:\/\/www.supersybon.com\/fr\/wp-json\/wp\/v2\/product_tag?post=1882"}],"curies":[{"name":"wp","href":"https:\/\/api.w.org\/{rel}","templated":true}]}}