{"id":1797,"date":"2022-11-07T18:05:36","date_gmt":"2022-11-07T10:05:36","guid":{"rendered":"https:\/\/www.supersybon.com\/fr\/?post_type=product&#038;p=1797"},"modified":"2023-09-19T16:32:20","modified_gmt":"2023-09-19T08:32:20","slug":"hk5976-pate-nettoyante-pour-le-lavage-des-mains","status":"publish","type":"product","link":"https:\/\/www.supersybon.com\/fr\/product\/hk5976-pate-nettoyante-pour-le-lavage-des-mains","title":{"rendered":"HK5976 Bonne qualit\u00e9 p\u00e2te nettoyante pour le lavage des mains r\u00e9parateur de p\u00e2te de meulage, nettoyage facile pour les produits chimiques d'huile d'atelier de peinture"},"content":{"rendered":"<p><iframe title=\"The best hand cleaner we&#039;ve ever used.\" width=\"1080\" height=\"608\" src=\"https:\/\/www.youtube.com\/embed\/p_5s3TN79hY?feature=oembed\"  allow=\"accelerometer; autoplay; clipboard-write; encrypted-media; gyroscope; picture-in-picture; web-share\" allowfullscreen><\/iframe><\/p>\n<p><img decoding=\"async\" class=\"aligncenter size-full wp-image-1798\" src=\"https:\/\/www.supersybon.com\/fr\/wp-content\/uploads\/2022\/11\/1667816333-HK5976-Hand-Washing-Paste-Cleaner-Grinding-Paste-Repairer-Easy-Cleaning-For-Paint-Shop-Oil-Chemicals.jpg\" alt=\"\" width=\"900\" height=\"364\" srcset=\"https:\/\/www.supersybon.com\/fr\/wp-content\/uploads\/2022\/11\/1667816333-HK5976-Hand-Washing-Paste-Cleaner-Grinding-Paste-Repairer-Easy-Cleaning-For-Paint-Shop-Oil-Chemicals.jpg 900w, https:\/\/www.supersybon.com\/fr\/wp-content\/uploads\/2022\/11\/1667816333-HK5976-Hand-Washing-Paste-Cleaner-Grinding-Paste-Repairer-Easy-Cleaning-For-Paint-Shop-Oil-Chemicals-480x194.jpg 480w\" sizes=\"(min-width: 0px) and (max-width: 480px) 480px, (min-width: 481px) 900px, 100vw\" \/><\/p>\n<div class=\"magic-13\">\n<div class=\"magic-14\">\n<div class=\"magic-9\">\n<div class=\"magic-10\">\n<p>&nbsp;<\/p>\n<\/div>\n<\/div>\n<\/div>\n<\/div>\n<div class=\"magic-13\">\n<div class=\"magic-14\">\n<p>&nbsp;<\/p>\n<h2><strong>HK5976 Bonne qualit\u00e9 p\u00e2te nettoyante pour le lavage des mains r\u00e9parateur de p\u00e2te de meulage, nettoyage facile pour les produits chimiques d'huile d'atelier de peinture<\/strong><\/h2>\n<p><strong>Caract\u00e9ristiques du nettoyant pour p\u00e2te \u00e0 laver les mains\u00a0:<\/strong><\/p>\n<p>Formul\u00e9 pour le nettoyage des laques, peintures d\u00e9coratives \u00e0 base d'eau, \u00e9maillage au four, polyur\u00e9thane. Nettoyage facile et sans endommager la peau.<\/p>\n<p><strong>Utiliser pour:<\/strong><\/p>\n<p>Fabricants de peinture, ateliers de carrosserie, ateliers de peinture, centre de m\u00e9lange de couleurs, usine de machines et de peinture. Mode d'emploi\u00a0: appliquer 1 \u00e0 2\u00a0grammes pour une utilisation sans eau ajout\u00e9e, essuyer doucement avec les mains pour dissoudre la contamination, puis nettoyer \u00e0 l'eau. Composition\u00a0: Agent tensioactif, Feu environnemental.<\/p>\n<p><strong>Prudence:<\/strong><\/p>\n<p>Le stockage dans un abri, en cas de contact avec les yeux, utiliser de l'eau pour le nettoyage, suit la prescription du m\u00e9decin pour un traitement ult\u00e9rieur. Pour des raisons de s\u00e9curit\u00e9, \u00e9vitez les endroits o\u00f9 les enfants sont facilement accessibles.<\/p>\n<p><img decoding=\"async\" class=\"aligncenter size-full wp-image-1799\" src=\"https:\/\/www.supersybon.com\/fr\/wp-content\/uploads\/2022\/11\/1667816503-HK5976-Grinding-Paste-Repairer-Easy-Cleaning-Car-Paint-Hand-Cleaner.jpg\" alt=\"\" width=\"800\" height=\"800\" srcset=\"https:\/\/www.supersybon.com\/fr\/wp-content\/uploads\/2022\/11\/1667816503-HK5976-Grinding-Paste-Repairer-Easy-Cleaning-Car-Paint-Hand-Cleaner.jpg 800w, https:\/\/www.supersybon.com\/fr\/wp-content\/uploads\/2022\/11\/1667816503-HK5976-Grinding-Paste-Repairer-Easy-Cleaning-Car-Paint-Hand-Cleaner-480x480.jpg 480w\" sizes=\"(min-width: 0px) and (max-width: 480px) 480px, (min-width: 481px) 800px, 100vw\" \/><\/p>\n<p><img decoding=\"async\" class=\"aligncenter size-full wp-image-1800\" src=\"https:\/\/www.supersybon.com\/fr\/wp-content\/uploads\/2022\/11\/1667816530-HK5976-Multi-Purpose-Hand-Washing-Paste.jpg\" alt=\"\" width=\"800\" height=\"800\" srcset=\"https:\/\/www.supersybon.com\/fr\/wp-content\/uploads\/2022\/11\/1667816530-HK5976-Multi-Purpose-Hand-Washing-Paste.jpg 800w, https:\/\/www.supersybon.com\/fr\/wp-content\/uploads\/2022\/11\/1667816530-HK5976-Multi-Purpose-Hand-Washing-Paste-480x480.jpg 480w\" sizes=\"(min-width: 0px) and (max-width: 480px) 480px, (min-width: 481px) 800px, 100vw\" \/><\/p>\n<\/div>\n<\/div>\n<div class=\"magic-13\">\n<div class=\"magic-14\">\n<div class=\"magic-9\">\n<div class=\"magic-10\">\n<p>&nbsp;<\/p>\n<p>&nbsp;<\/p>\n<p><strong>Emballage et service du produit<\/strong><\/p>\n<hr \/>\n<p><strong>EMBALLER:<\/strong><\/p>\n<p>30 pi\u00e8ces\/carton.<\/p>\n<div data-spm-anchor-id=\"a2700.details.0.i37.625d2e9eLtZffL\">\n<p><img decoding=\"async\" class=\"aligncenter size-full wp-image-1801\" src=\"https:\/\/www.supersybon.com\/fr\/wp-content\/uploads\/2022\/11\/1667816632-HK5976-Paint-Hand-Cleaner-Package.jpg\" alt=\"\" width=\"800\" height=\"800\" srcset=\"https:\/\/www.supersybon.com\/fr\/wp-content\/uploads\/2022\/11\/1667816632-HK5976-Paint-Hand-Cleaner-Package.jpg 800w, https:\/\/www.supersybon.com\/fr\/wp-content\/uploads\/2022\/11\/1667816632-HK5976-Paint-Hand-Cleaner-Package-480x480.jpg 480w\" sizes=\"(min-width: 0px) and (max-width: 480px) 480px, (min-width: 481px) 800px, 100vw\" \/><\/p>\n<\/div>\n<div class=\"magic-13\">\n<div class=\"magic-14\">\n<div class=\"magic-9\">\n<div class=\"magic-10\">\n<div class=\"magic-13\">\n<div class=\"magic-14\">\n<div data-spm-anchor-id=\"a2700.details.0.i37.625d2e9eLtZffL\">\n<p>&nbsp;<\/p>\n<\/div>\n<\/div>\n<\/div>\n<\/div>\n<\/div>\n<\/div>\n<\/div>\n<div class=\"magic-13\">\n<div class=\"magic-14\">\n<div data-spm-anchor-id=\"a2700.details.0.i37.625d2e9eLtZffL\">\n<p><strong>NOTRE SERVICE:<\/strong><\/p>\n<p>1.24 heures en ligne<\/p>\n<p>2. Prix comp\u00e9titif<\/p>\n<p>3. Excellents commentaires du client<\/p>\n<p>4. Commande en ligne s\u00e9curis\u00e9e<\/p>\n<p>5. livraison rapide<\/p>\n<p>6. support technique professionnel<\/p>\n<\/div>\n<\/div>\n<\/div>\n<\/div>\n<\/div>\n<\/div>\n<\/div>\n<div class=\"magic-13\">\n<div class=\"magic-14\">\n<div class=\"magic-13\">\n<div class=\"magic-14\">\n<div class=\"magic-9\">\n<div class=\"magic-10\">\n<div class=\"magic-13\">\n<div class=\"magic-14\">\n<div data-spm-anchor-id=\"a2700.details.0.i37.625d2e9eLtZffL\">\n<div class=\"magic-13\">\n<div class=\"magic-14\">\n<div class=\"magic-13\">\n<div class=\"magic-14\">\n<div class=\"magic-9\">\n<div class=\"magic-10\">\n<div class=\"magic-13\">\n<div class=\"magic-14\">\n<div data-spm-anchor-id=\"a2700.details.0.i37.625d2e9eLtZffL\">\n<div class=\"magic-13\">\n<div class=\"magic-14\">\n<p>&nbsp;<\/p>\n<\/div>\n<\/div>\n<\/div>\n<\/div>\n<\/div>\n<\/div>\n<\/div>\n<\/div>\n<\/div>\n<div class=\"magic-13\">\n<div class=\"magic-14\">\n<p>&nbsp;<\/p>\n<\/div>\n<\/div>\n<\/div>\n<\/div>\n<\/div>\n<\/div>\n<\/div>\n<\/div>\n<\/div>\n<\/div>\n<\/div>\n<div class=\"magic-13\">\n<div class=\"magic-14\">\n<p><strong>Profil de l'entreprise<\/strong><\/p>\n<hr \/>\n<p>&nbsp;<\/p>\n<\/div>\n<\/div>\n<p><img decoding=\"async\" class=\"aligncenter size-full wp-image-324\" src=\"https:\/\/www.supersybon.com\/fr\/wp-content\/uploads\/2022\/09\/1663401769-Car-Paint-Supplier-Company-Profile-Manufacturer-China.jpg\" alt=\"\" width=\"900\" height=\"958\" srcset=\"https:\/\/www.supersybon.com\/fr\/wp-content\/uploads\/2022\/09\/1663401769-Car-Paint-Supplier-Company-Profile-Manufacturer-China.jpg 900w, https:\/\/www.supersybon.com\/fr\/wp-content\/uploads\/2022\/09\/1663401769-Car-Paint-Supplier-Company-Profile-Manufacturer-China-480x511.jpg 480w\" sizes=\"(min-width: 0px) and (max-width: 480px) 480px, (min-width: 481px) 900px, 100vw\" \/><\/p>\n<div class=\"magic-13\">\n<div class=\"magic-14\">\n<p><strong>FAQ<\/strong><\/p>\n<hr \/>\n<\/div>\n<\/div>\n<p><strong>Q\u00a0:\u00a0Quel est votre MOQ\u00a0?<\/strong><\/p>\n<p>R : Notre MOQ est de 1 carton.<\/p>\n<p><strong>Q\u00a0:\u00a0Qu\u2019en est-il de votre paiement\u00a0?<\/strong><\/p>\n<p>R : d\u00e9p\u00f4t de 50% \u00e0 l'avance, solde de 50% par T\/T, L\/C, paypal, Western Union ou bien avant exp\u00e9dition.<\/p>\n<p><strong>Q : Fournissez-vous des \u00e9chantillons ?<\/strong><\/p>\n<p>R : Oui, vous pouvez acheter un \u00e9chantillon pour le tester.<\/p>\n<p><strong>Q : Qu'en est-il de votre d\u00e9lai de livraison ?<\/strong><\/p>\n<p>R\u00a0:\u00a0Habituellement 15 jours apr\u00e8s r\u00e9ception de votre d\u00e9p\u00f4t.<\/p>\n<\/div>\n<\/div>\n","protected":false},"excerpt":{"rendered":"<p>P\u00e2te nettoyante lavante \u00e0 la main formul\u00e9e pour le nettoyage des laques, peintures d\u00e9coratives \u00e0 base d'eau, \u00e9maillage au four, polyur\u00e9thane. Nettoyage facile et sans endommager la peau.<\/p>\n","protected":false},"featured_media":1802,"template":"","meta":{"_et_pb_use_builder":"","_et_pb_old_content":"","_et_gb_content_width":""},"product_brand":[],"product_cat":[55],"product_tag":[868],"class_list":{"0":"post-1797","1":"product","2":"type-product","3":"status-publish","4":"has-post-thumbnail","6":"product_cat-autres","7":"product_tag-pate-nettoyante-pour-le-lavage-des-mains","9":"first","10":"instock","11":"shipping-taxable","12":"product-type-simple"},"_links":{"self":[{"href":"https:\/\/www.supersybon.com\/fr\/wp-json\/wp\/v2\/product\/1797","targetHints":{"allow":["GET"]}}],"collection":[{"href":"https:\/\/www.supersybon.com\/fr\/wp-json\/wp\/v2\/product"}],"about":[{"href":"https:\/\/www.supersybon.com\/fr\/wp-json\/wp\/v2\/types\/product"}],"wp:featuredmedia":[{"embeddable":true,"href":"https:\/\/www.supersybon.com\/fr\/wp-json\/wp\/v2\/media\/1802"}],"wp:attachment":[{"href":"https:\/\/www.supersybon.com\/fr\/wp-json\/wp\/v2\/media?parent=1797"}],"wp:term":[{"taxonomy":"product_brand","embeddable":true,"href":"https:\/\/www.supersybon.com\/fr\/wp-json\/wp\/v2\/product_brand?post=1797"},{"taxonomy":"product_cat","embeddable":true,"href":"https:\/\/www.supersybon.com\/fr\/wp-json\/wp\/v2\/product_cat?post=1797"},{"taxonomy":"product_tag","embeddable":true,"href":"https:\/\/www.supersybon.com\/fr\/wp-json\/wp\/v2\/product_tag?post=1797"}],"curies":[{"name":"wp","href":"https:\/\/api.w.org\/{rel}","templated":true}]}}