{"id":1770,"date":"2022-11-07T17:04:33","date_gmt":"2022-11-07T09:04:33","guid":{"rendered":"https:\/\/www.supersybon.com\/fr\/?post_type=product&#038;p=1770"},"modified":"2023-09-19T14:36:31","modified_gmt":"2023-09-19T06:36:31","slug":"s006g-6-inch-tampon-de-decoupe-de-voiture-da","status":"publish","type":"product","link":"https:\/\/www.supersybon.com\/fr\/product\/s006g-6-inch-tampon-de-decoupe-de-voiture-da","title":{"rendered":"S006G 6 inch Tampon de d\u00e9coupe de voiture DA tampons de polissage pour SYBON"},"content":{"rendered":"<p><img decoding=\"async\" class=\"aligncenter size-full wp-image-1771\" src=\"https:\/\/www.supersybon.com\/fr\/wp-content\/uploads\/2022\/11\/1667812246-S006G-6-Inch-15Cm-Foam-Auto-Car-Polishing-Buffing-Polishing-Pad-Sponge-Wheel-Waxing-Orange.jpg\" alt=\"\" width=\"900\" height=\"364\" srcset=\"https:\/\/www.supersybon.com\/fr\/wp-content\/uploads\/2022\/11\/1667812246-S006G-6-Inch-15Cm-Foam-Auto-Car-Polishing-Buffing-Polishing-Pad-Sponge-Wheel-Waxing-Orange.jpg 900w, https:\/\/www.supersybon.com\/fr\/wp-content\/uploads\/2022\/11\/1667812246-S006G-6-Inch-15Cm-Foam-Auto-Car-Polishing-Buffing-Polishing-Pad-Sponge-Wheel-Waxing-Orange-480x194.jpg 480w\" sizes=\"(min-width: 0px) and (max-width: 480px) 480px, (min-width: 481px) 900px, 100vw\" \/><\/p>\n<div class=\"magic-13\">\n<div class=\"magic-14\">\n<div class=\"magic-9\">\n<div class=\"magic-10\">\n<p>&nbsp;<\/p>\n<\/div>\n<\/div>\n<\/div>\n<\/div>\n<div class=\"magic-13\">\n<div class=\"magic-14\">\n<p>&nbsp;<\/p>\n<h2><strong>S006G 6 inch Tampon de d\u00e9coupe de voiture DA tampons de polissage pour SYBON<\/strong><\/h2>\n<p><strong>Description des produits\u00a0:<\/strong><\/p>\n<p>1. Le tissu \u00e9ponge fin et doux peut doublement prot\u00e9ger la surface de la peinture. Un polissage efficace \u00e9limine les l\u00e9gers d\u00e9fauts de la peinture et retrouve une brillance \u00e9lev\u00e9e.<\/p>\n<p>2. Il peut cr\u00e9er une surface de peinture tr\u00e8s brillante sans traces en spirale.<\/p>\n<p>3. La structure particuli\u00e8re de l'\u00e9ponge am\u00e9liore le flux d'air. Meilleure dissipation thermique.<\/p>\n<p>4. Il y a un crochet et une boucle au bas de la mousse, ce qui rend difficile la chute et peut \u00e9galement changer rapidement le tampon de polissage.<\/p>\n<p>5. Le dessus sur\u00e9lev\u00e9 de la mousse rend le polissage plus s\u00fbr et le tampon de la plaque arri\u00e8re ne sera pas facile \u00e0 toucher la surface de la peinture.<\/p>\n<p><img decoding=\"async\" class=\"aligncenter size-full wp-image-1773\" src=\"https:\/\/www.supersybon.com\/fr\/wp-content\/uploads\/2022\/11\/1667812344-S006G-6-Inch-150Mm-Black-Foam-Finish-Polishing-Pad-With-Back-Plate-M14-M16.jpg\" alt=\"\" width=\"750\" height=\"750\" srcset=\"https:\/\/www.supersybon.com\/fr\/wp-content\/uploads\/2022\/11\/1667812344-S006G-6-Inch-150Mm-Black-Foam-Finish-Polishing-Pad-With-Back-Plate-M14-M16.jpg 750w, https:\/\/www.supersybon.com\/fr\/wp-content\/uploads\/2022\/11\/1667812344-S006G-6-Inch-150Mm-Black-Foam-Finish-Polishing-Pad-With-Back-Plate-M14-M16-480x480.jpg 480w\" sizes=\"(min-width: 0px) and (max-width: 480px) 480px, (min-width: 481px) 750px, 100vw\" \/><\/p>\n<p><img decoding=\"async\" class=\"aligncenter size-full wp-image-1772\" src=\"https:\/\/www.supersybon.com\/fr\/wp-content\/uploads\/2022\/11\/1667812263-S006G-Good-Price-Sponge-Polishing-Buffing-Waxing-Pad-Wheel-For-Car-Polisher-Buffer-Pad.jpg\" alt=\"\" width=\"750\" height=\"750\" srcset=\"https:\/\/www.supersybon.com\/fr\/wp-content\/uploads\/2022\/11\/1667812263-S006G-Good-Price-Sponge-Polishing-Buffing-Waxing-Pad-Wheel-For-Car-Polisher-Buffer-Pad.jpg 750w, https:\/\/www.supersybon.com\/fr\/wp-content\/uploads\/2022\/11\/1667812263-S006G-Good-Price-Sponge-Polishing-Buffing-Waxing-Pad-Wheel-For-Car-Polisher-Buffer-Pad-480x480.jpg 480w\" sizes=\"(min-width: 0px) and (max-width: 480px) 480px, (min-width: 481px) 750px, 100vw\" \/><\/p>\n<\/div>\n<\/div>\n<div class=\"magic-13\">\n<div class=\"magic-14\">\n<div class=\"magic-9\">\n<div class=\"magic-10\">\n<p><img decoding=\"async\" class=\"aligncenter size-full wp-image-1774\" src=\"https:\/\/www.supersybon.com\/fr\/wp-content\/uploads\/2022\/11\/1667812366-S006G-150Mm-Car-Polishing-Pad-For-Car-Sponge-Polishing-Waxing-Pad.jpg\" alt=\"\" width=\"750\" height=\"750\" srcset=\"https:\/\/www.supersybon.com\/fr\/wp-content\/uploads\/2022\/11\/1667812366-S006G-150Mm-Car-Polishing-Pad-For-Car-Sponge-Polishing-Waxing-Pad.jpg 750w, https:\/\/www.supersybon.com\/fr\/wp-content\/uploads\/2022\/11\/1667812366-S006G-150Mm-Car-Polishing-Pad-For-Car-Sponge-Polishing-Waxing-Pad-480x480.jpg 480w\" sizes=\"(min-width: 0px) and (max-width: 480px) 480px, (min-width: 481px) 750px, 100vw\" \/><\/p>\n<p><img decoding=\"async\" class=\"aligncenter size-full wp-image-1775\" src=\"https:\/\/www.supersybon.com\/fr\/wp-content\/uploads\/2022\/11\/1667812383-S006G-Black-Sponge-Car-Buffing-Pad-M14-M16-Soft-Foam-Polishing-Pad-For-Auto-Detailing.jpg\" alt=\"\" width=\"750\" height=\"750\" srcset=\"https:\/\/www.supersybon.com\/fr\/wp-content\/uploads\/2022\/11\/1667812383-S006G-Black-Sponge-Car-Buffing-Pad-M14-M16-Soft-Foam-Polishing-Pad-For-Auto-Detailing.jpg 750w, https:\/\/www.supersybon.com\/fr\/wp-content\/uploads\/2022\/11\/1667812383-S006G-Black-Sponge-Car-Buffing-Pad-M14-M16-Soft-Foam-Polishing-Pad-For-Auto-Detailing-480x480.jpg 480w\" sizes=\"(min-width: 0px) and (max-width: 480px) 480px, (min-width: 481px) 750px, 100vw\" \/><\/p>\n<p>&nbsp;<\/p>\n<p>&nbsp;<\/p>\n<p>&nbsp;<\/p>\n<p>&nbsp;<\/p>\n<p><strong>Emballage et service du produit<\/strong><\/p>\n<hr \/>\n<p><strong>EMBALLER:<\/strong><\/p>\n<p>100 pi\u00e8ces\/carton.<\/p>\n<div data-spm-anchor-id=\"a2700.details.0.i37.625d2e9eLtZffL\">\n<p>&nbsp;<\/p>\n<\/div>\n<div class=\"magic-13\">\n<div class=\"magic-14\">\n<div class=\"magic-9\">\n<div class=\"magic-10\">\n<div class=\"magic-13\">\n<div class=\"magic-14\">\n<div data-spm-anchor-id=\"a2700.details.0.i37.625d2e9eLtZffL\">\n<p>&nbsp;<\/p>\n<\/div>\n<\/div>\n<\/div>\n<\/div>\n<\/div>\n<\/div>\n<\/div>\n<div class=\"magic-13\">\n<div class=\"magic-14\">\n<div data-spm-anchor-id=\"a2700.details.0.i37.625d2e9eLtZffL\">\n<p><strong>NOTRE SERVICE:<\/strong><\/p>\n<p>1.24 heures en ligne<\/p>\n<p>2. Prix comp\u00e9titif<\/p>\n<p>3. Excellents commentaires du client<\/p>\n<p>4. Commande en ligne s\u00e9curis\u00e9e<\/p>\n<p>5. livraison rapide<\/p>\n<p>6. support technique professionnel<\/p>\n<\/div>\n<\/div>\n<\/div>\n<\/div>\n<\/div>\n<\/div>\n<\/div>\n<div class=\"magic-13\">\n<div class=\"magic-14\">\n<div class=\"magic-13\">\n<div class=\"magic-14\">\n<div class=\"magic-9\">\n<div class=\"magic-10\">\n<div class=\"magic-13\">\n<div class=\"magic-14\">\n<div data-spm-anchor-id=\"a2700.details.0.i37.625d2e9eLtZffL\">\n<div class=\"magic-13\">\n<div class=\"magic-14\">\n<div class=\"magic-13\">\n<div class=\"magic-14\">\n<div class=\"magic-9\">\n<div class=\"magic-10\">\n<div class=\"magic-13\">\n<div class=\"magic-14\">\n<div data-spm-anchor-id=\"a2700.details.0.i37.625d2e9eLtZffL\">\n<div class=\"magic-13\">\n<div class=\"magic-14\">\n<p>&nbsp;<\/p>\n<\/div>\n<\/div>\n<\/div>\n<\/div>\n<\/div>\n<\/div>\n<\/div>\n<\/div>\n<\/div>\n<div class=\"magic-13\">\n<div class=\"magic-14\">\n<p>&nbsp;<\/p>\n<\/div>\n<\/div>\n<\/div>\n<\/div>\n<\/div>\n<\/div>\n<\/div>\n<\/div>\n<\/div>\n<\/div>\n<\/div>\n<div class=\"magic-13\">\n<div class=\"magic-14\">\n<p><strong>Profil de l'entreprise<\/strong><\/p>\n<hr \/>\n<p>&nbsp;<\/p>\n<\/div>\n<\/div>\n<p><img decoding=\"async\" class=\"aligncenter size-full wp-image-324\" src=\"https:\/\/www.supersybon.com\/fr\/wp-content\/uploads\/2022\/09\/1663401769-Car-Paint-Supplier-Company-Profile-Manufacturer-China.jpg\" alt=\"\" width=\"900\" height=\"958\" srcset=\"https:\/\/www.supersybon.com\/fr\/wp-content\/uploads\/2022\/09\/1663401769-Car-Paint-Supplier-Company-Profile-Manufacturer-China.jpg 900w, https:\/\/www.supersybon.com\/fr\/wp-content\/uploads\/2022\/09\/1663401769-Car-Paint-Supplier-Company-Profile-Manufacturer-China-480x511.jpg 480w\" sizes=\"(min-width: 0px) and (max-width: 480px) 480px, (min-width: 481px) 900px, 100vw\" \/><\/p>\n<div class=\"magic-13\">\n<div class=\"magic-14\">\n<p><strong>FAQ<\/strong><\/p>\n<hr \/>\n<\/div>\n<\/div>\n<p><strong>Q\u00a0:\u00a0Quel est votre MOQ\u00a0?<\/strong><\/p>\n<p>R : Notre MOQ est de 1 carton.<\/p>\n<p><strong>Q\u00a0:\u00a0Qu\u2019en est-il de votre paiement\u00a0?<\/strong><\/p>\n<p>R : d\u00e9p\u00f4t de 50% \u00e0 l'avance, solde de 50% par T\/T, L\/C, paypal, Western Union ou bien avant exp\u00e9dition.<\/p>\n<p><strong>Q : Fournissez-vous des \u00e9chantillons ?<\/strong><\/p>\n<p>R : Oui, vous pouvez acheter un \u00e9chantillon pour le tester.<\/p>\n<p><strong>Q : Qu'en est-il de votre d\u00e9lai de livraison ?<\/strong><\/p>\n<p>R\u00a0:\u00a0Habituellement 15 jours apr\u00e8s r\u00e9ception de votre d\u00e9p\u00f4t.<\/p>\n<\/div>\n<\/div>\n","protected":false},"excerpt":{"rendered":"<p>1. Le tissu \u00e9ponge fin et doux peut doublement prot\u00e9ger la surface de la peinture. Un polissage efficace \u00e9limine les l\u00e9gers d\u00e9fauts de la peinture et retrouve une brillance \u00e9lev\u00e9e.<br \/>\n2. Il peut cr\u00e9er une surface de peinture tr\u00e8s brillante sans traces en spirale.<br \/>\n3. La structure particuli\u00e8re de l'\u00e9ponge am\u00e9liore le flux d'air. Meilleure dissipation thermique.<br \/>\n4. Il y a un crochet et une boucle au bas de la mousse, ce qui rend difficile la chute et peut \u00e9galement changer rapidement le tampon de polissage.<br \/>\n5. Le dessus sur\u00e9lev\u00e9 de la mousse rend le polissage plus s\u00fbr et le tampon de la plaque arri\u00e8re ne sera pas facile \u00e0 toucher la surface de la peinture.<\/p>\n","protected":false},"featured_media":1776,"template":"","meta":{"_et_pb_use_builder":"","_et_pb_old_content":"","_et_gb_content_width":""},"product_brand":[],"product_cat":[56,65],"product_tag":[862,863],"class_list":{"0":"post-1770","1":"product","2":"type-product","3":"status-publish","4":"has-post-thumbnail","6":"product_cat-serie-dentretien-automobile","7":"product_cat-tampon-de-polissage-en-mousse","8":"product_tag-tampon-de-decoupe-de-voiture-da","9":"product_tag-tampons-de-polissage","11":"first","12":"instock","13":"shipping-taxable","14":"product-type-simple"},"_links":{"self":[{"href":"https:\/\/www.supersybon.com\/fr\/wp-json\/wp\/v2\/product\/1770","targetHints":{"allow":["GET"]}}],"collection":[{"href":"https:\/\/www.supersybon.com\/fr\/wp-json\/wp\/v2\/product"}],"about":[{"href":"https:\/\/www.supersybon.com\/fr\/wp-json\/wp\/v2\/types\/product"}],"wp:featuredmedia":[{"embeddable":true,"href":"https:\/\/www.supersybon.com\/fr\/wp-json\/wp\/v2\/media\/1776"}],"wp:attachment":[{"href":"https:\/\/www.supersybon.com\/fr\/wp-json\/wp\/v2\/media?parent=1770"}],"wp:term":[{"taxonomy":"product_brand","embeddable":true,"href":"https:\/\/www.supersybon.com\/fr\/wp-json\/wp\/v2\/product_brand?post=1770"},{"taxonomy":"product_cat","embeddable":true,"href":"https:\/\/www.supersybon.com\/fr\/wp-json\/wp\/v2\/product_cat?post=1770"},{"taxonomy":"product_tag","embeddable":true,"href":"https:\/\/www.supersybon.com\/fr\/wp-json\/wp\/v2\/product_tag?post=1770"}],"curies":[{"name":"wp","href":"https:\/\/api.w.org\/{rel}","templated":true}]}}