{"id":1762,"date":"2022-11-07T16:44:42","date_gmt":"2022-11-07T08:44:42","guid":{"rendered":"https:\/\/www.supersybon.com\/fr\/?post_type=product&#038;p=1762"},"modified":"2023-09-19T14:09:53","modified_gmt":"2023-09-19T06:09:53","slug":"s005g-6inch-tampon-de-polissage-pour-perceuse","status":"publish","type":"product","link":"https:\/\/www.supersybon.com\/fr\/product\/s005g-6inch-tampon-de-polissage-pour-perceuse","title":{"rendered":"S005G 6inch Nettoyage personnalis\u00e9 tampon de polissage pour perceuse kit tampon de polissage \u00e9ponge de voiture tampon de polissage"},"content":{"rendered":"<p><img decoding=\"async\" class=\"aligncenter size-full wp-image-1767\" src=\"https:\/\/www.supersybon.com\/fr\/wp-content\/uploads\/2022\/11\/1667811414-S005G-8-Inch-High-Quality-Black-Wave-Foam-Waffle-Pad-Buffing-Sponge-Pads-For-Car-Care.jpg\" alt=\"\" width=\"900\" height=\"364\" srcset=\"https:\/\/www.supersybon.com\/fr\/wp-content\/uploads\/2022\/11\/1667811414-S005G-8-Inch-High-Quality-Black-Wave-Foam-Waffle-Pad-Buffing-Sponge-Pads-For-Car-Care.jpg 900w, https:\/\/www.supersybon.com\/fr\/wp-content\/uploads\/2022\/11\/1667811414-S005G-8-Inch-High-Quality-Black-Wave-Foam-Waffle-Pad-Buffing-Sponge-Pads-For-Car-Care-480x194.jpg 480w\" sizes=\"(min-width: 0px) and (max-width: 480px) 480px, (min-width: 481px) 900px, 100vw\" \/><\/p>\n<div class=\"magic-13\">\n<div class=\"magic-14\">\n<div class=\"magic-9\">\n<div class=\"magic-10\">\n<p>&nbsp;<\/p>\n<\/div>\n<\/div>\n<\/div>\n<\/div>\n<div class=\"magic-13\">\n<div class=\"magic-14\">\n<p>&nbsp;<\/p>\n<h2><strong>S005G 6inch Nettoyage personnalis\u00e9 tampon de polissage pour perceuse kit tampon de polissage \u00e9ponge de voiture tampon de polissage<\/strong><\/h2>\n<p>&nbsp;<\/p>\n<p><img decoding=\"async\" class=\"aligncenter size-full wp-image-1763\" src=\"https:\/\/www.supersybon.com\/fr\/wp-content\/uploads\/2022\/11\/1667811179-S005G-7-Inch-Polishing-Pad-Sponge-Buff-Waxing-Buffing-Kit-Set-For-Car-Polisher.jpg\" alt=\"\" width=\"750\" height=\"750\" srcset=\"https:\/\/www.supersybon.com\/fr\/wp-content\/uploads\/2022\/11\/1667811179-S005G-7-Inch-Polishing-Pad-Sponge-Buff-Waxing-Buffing-Kit-Set-For-Car-Polisher.jpg 750w, https:\/\/www.supersybon.com\/fr\/wp-content\/uploads\/2022\/11\/1667811179-S005G-7-Inch-Polishing-Pad-Sponge-Buff-Waxing-Buffing-Kit-Set-For-Car-Polisher-480x480.jpg 480w\" sizes=\"(min-width: 0px) and (max-width: 480px) 480px, (min-width: 481px) 750px, 100vw\" \/><\/p>\n<\/div>\n<\/div>\n<div class=\"magic-13\">\n<div class=\"magic-14\">\n<div class=\"magic-9\">\n<div class=\"magic-10\">\n<p><img decoding=\"async\" class=\"aligncenter size-full wp-image-1764\" src=\"https:\/\/www.supersybon.com\/fr\/wp-content\/uploads\/2022\/11\/1667811242-S005G-3-4-5-6-7-8-Inch-Polish-Wave-Sponge-Pads-Foam-Polishing-Pads-Waffle-Pad-For-Car-Polishing.jpg\" alt=\"\" width=\"750\" height=\"750\" srcset=\"https:\/\/www.supersybon.com\/fr\/wp-content\/uploads\/2022\/11\/1667811242-S005G-3-4-5-6-7-8-Inch-Polish-Wave-Sponge-Pads-Foam-Polishing-Pads-Waffle-Pad-For-Car-Polishing.jpg 750w, https:\/\/www.supersybon.com\/fr\/wp-content\/uploads\/2022\/11\/1667811242-S005G-3-4-5-6-7-8-Inch-Polish-Wave-Sponge-Pads-Foam-Polishing-Pads-Waffle-Pad-For-Car-Polishing-480x480.jpg 480w\" sizes=\"(min-width: 0px) and (max-width: 480px) 480px, (min-width: 481px) 750px, 100vw\" \/><\/p>\n<p><img decoding=\"async\" class=\"aligncenter size-full wp-image-1765\" src=\"https:\/\/www.supersybon.com\/fr\/wp-content\/uploads\/2022\/11\/1667811263-S005G-6-Inch-Buffing-Sponge-Polishing-Pad-Kit-Waxing-Car-Auto-Polisher-Use.jpg\" alt=\"\" width=\"750\" height=\"750\" srcset=\"https:\/\/www.supersybon.com\/fr\/wp-content\/uploads\/2022\/11\/1667811263-S005G-6-Inch-Buffing-Sponge-Polishing-Pad-Kit-Waxing-Car-Auto-Polisher-Use.jpg 750w, https:\/\/www.supersybon.com\/fr\/wp-content\/uploads\/2022\/11\/1667811263-S005G-6-Inch-Buffing-Sponge-Polishing-Pad-Kit-Waxing-Car-Auto-Polisher-Use-480x480.jpg 480w\" sizes=\"(min-width: 0px) and (max-width: 480px) 480px, (min-width: 481px) 750px, 100vw\" \/><img decoding=\"async\" class=\"aligncenter size-full wp-image-1766\" src=\"https:\/\/www.supersybon.com\/fr\/wp-content\/uploads\/2022\/11\/1667811279-S005G-Auto-Car-Polishing-Sponge-Wool-Buffingbuffer-Waffle-Padspad-Set-Foam-Wool-Polishing-Pad-Kit-For-Automotive.jpg\" alt=\"\" width=\"750\" height=\"750\" srcset=\"https:\/\/www.supersybon.com\/fr\/wp-content\/uploads\/2022\/11\/1667811279-S005G-Auto-Car-Polishing-Sponge-Wool-Buffingbuffer-Waffle-Padspad-Set-Foam-Wool-Polishing-Pad-Kit-For-Automotive.jpg 750w, https:\/\/www.supersybon.com\/fr\/wp-content\/uploads\/2022\/11\/1667811279-S005G-Auto-Car-Polishing-Sponge-Wool-Buffingbuffer-Waffle-Padspad-Set-Foam-Wool-Polishing-Pad-Kit-For-Automotive-480x480.jpg 480w\" sizes=\"(min-width: 0px) and (max-width: 480px) 480px, (min-width: 481px) 750px, 100vw\" \/><\/p>\n<p>&nbsp;<\/p>\n<p>&nbsp;<\/p>\n<p>&nbsp;<\/p>\n<p>&nbsp;<\/p>\n<p><strong>Emballage et service du produit<\/strong><\/p>\n<hr \/>\n<p><strong>EMBALLER:<\/strong><\/p>\n<p>100 pi\u00e8ces\/carton.<\/p>\n<div data-spm-anchor-id=\"a2700.details.0.i37.625d2e9eLtZffL\">\n<p>&nbsp;<\/p>\n<\/div>\n<div class=\"magic-13\">\n<div class=\"magic-14\">\n<div class=\"magic-9\">\n<div class=\"magic-10\">\n<div class=\"magic-13\">\n<div class=\"magic-14\">\n<div data-spm-anchor-id=\"a2700.details.0.i37.625d2e9eLtZffL\">\n<p>&nbsp;<\/p>\n<\/div>\n<\/div>\n<\/div>\n<\/div>\n<\/div>\n<\/div>\n<\/div>\n<div class=\"magic-13\">\n<div class=\"magic-14\">\n<div data-spm-anchor-id=\"a2700.details.0.i37.625d2e9eLtZffL\">\n<p><strong>NOTRE SERVICE:<\/strong><\/p>\n<p>1.24 heures en ligne<\/p>\n<p>2. Prix comp\u00e9titif<\/p>\n<p>3. Excellents commentaires du client<\/p>\n<p>4. Commande en ligne s\u00e9curis\u00e9e<\/p>\n<p>5. livraison rapide<\/p>\n<p>6. support technique professionnel<\/p>\n<\/div>\n<\/div>\n<\/div>\n<\/div>\n<\/div>\n<\/div>\n<\/div>\n<div class=\"magic-13\">\n<div class=\"magic-14\">\n<div class=\"magic-13\">\n<div class=\"magic-14\">\n<div class=\"magic-9\">\n<div class=\"magic-10\">\n<div class=\"magic-13\">\n<div class=\"magic-14\">\n<div data-spm-anchor-id=\"a2700.details.0.i37.625d2e9eLtZffL\">\n<div class=\"magic-13\">\n<div class=\"magic-14\">\n<div class=\"magic-13\">\n<div class=\"magic-14\">\n<div class=\"magic-9\">\n<div class=\"magic-10\">\n<div class=\"magic-13\">\n<div class=\"magic-14\">\n<div data-spm-anchor-id=\"a2700.details.0.i37.625d2e9eLtZffL\">\n<div class=\"magic-13\">\n<div class=\"magic-14\">\n<p>&nbsp;<\/p>\n<\/div>\n<\/div>\n<\/div>\n<\/div>\n<\/div>\n<\/div>\n<\/div>\n<\/div>\n<\/div>\n<div class=\"magic-13\">\n<div class=\"magic-14\">\n<p>&nbsp;<\/p>\n<\/div>\n<\/div>\n<\/div>\n<\/div>\n<\/div>\n<\/div>\n<\/div>\n<\/div>\n<\/div>\n<\/div>\n<\/div>\n<div class=\"magic-13\">\n<div class=\"magic-14\">\n<p><strong>Profil de l'entreprise<\/strong><\/p>\n<hr \/>\n<p>&nbsp;<\/p>\n<\/div>\n<\/div>\n<p><img decoding=\"async\" class=\"aligncenter size-full wp-image-324\" src=\"https:\/\/www.supersybon.com\/fr\/wp-content\/uploads\/2022\/09\/1663401769-Car-Paint-Supplier-Company-Profile-Manufacturer-China.jpg\" alt=\"\" width=\"900\" height=\"958\" srcset=\"https:\/\/www.supersybon.com\/fr\/wp-content\/uploads\/2022\/09\/1663401769-Car-Paint-Supplier-Company-Profile-Manufacturer-China.jpg 900w, https:\/\/www.supersybon.com\/fr\/wp-content\/uploads\/2022\/09\/1663401769-Car-Paint-Supplier-Company-Profile-Manufacturer-China-480x511.jpg 480w\" sizes=\"(min-width: 0px) and (max-width: 480px) 480px, (min-width: 481px) 900px, 100vw\" \/><\/p>\n<div class=\"magic-13\">\n<div class=\"magic-14\">\n<p><strong>FAQ<\/strong><\/p>\n<hr \/>\n<\/div>\n<\/div>\n<p><strong>Q\u00a0:\u00a0Quel est votre MOQ\u00a0?<\/strong><\/p>\n<p>R : Notre MOQ est de 1 carton.<\/p>\n<p><strong>Q\u00a0:\u00a0Qu\u2019en est-il de votre paiement\u00a0?<\/strong><\/p>\n<p>R : d\u00e9p\u00f4t de 50% \u00e0 l'avance, solde de 50% par T\/T, L\/C, paypal, Western Union ou bien avant exp\u00e9dition.<\/p>\n<p><strong>Q : Fournissez-vous des \u00e9chantillons ?<\/strong><\/p>\n<p>R : Oui, vous pouvez acheter un \u00e9chantillon pour le tester.<\/p>\n<p><strong>Q : Qu'en est-il de votre d\u00e9lai de livraison ?<\/strong><\/p>\n<p>R\u00a0:\u00a0Habituellement 15 jours apr\u00e8s r\u00e9ception de votre d\u00e9p\u00f4t.<\/p>\n<\/div>\n<\/div>\n","protected":false},"excerpt":{"rendered":"<p>Kit de tampons de polissage pour perceuse de nettoyage personnalis\u00e9, tampon de polissage pour \u00e9ponge de voiture.<\/p>\n","protected":false},"featured_media":1768,"template":"","meta":{"_et_pb_use_builder":"","_et_pb_old_content":"","_et_gb_content_width":""},"product_brand":[],"product_cat":[56,65],"product_tag":[859,860,861],"class_list":{"0":"post-1762","1":"product","2":"type-product","3":"status-publish","4":"has-post-thumbnail","6":"product_cat-serie-dentretien-automobile","7":"product_cat-tampon-de-polissage-en-mousse","8":"product_tag-tampon-de-polissage","9":"product_tag-tampon-de-polissage-deponge-de-voiture","10":"product_tag-tampon-de-polissage-pour-perceuse","12":"first","13":"instock","14":"shipping-taxable","15":"product-type-simple"},"_links":{"self":[{"href":"https:\/\/www.supersybon.com\/fr\/wp-json\/wp\/v2\/product\/1762","targetHints":{"allow":["GET"]}}],"collection":[{"href":"https:\/\/www.supersybon.com\/fr\/wp-json\/wp\/v2\/product"}],"about":[{"href":"https:\/\/www.supersybon.com\/fr\/wp-json\/wp\/v2\/types\/product"}],"wp:featuredmedia":[{"embeddable":true,"href":"https:\/\/www.supersybon.com\/fr\/wp-json\/wp\/v2\/media\/1768"}],"wp:attachment":[{"href":"https:\/\/www.supersybon.com\/fr\/wp-json\/wp\/v2\/media?parent=1762"}],"wp:term":[{"taxonomy":"product_brand","embeddable":true,"href":"https:\/\/www.supersybon.com\/fr\/wp-json\/wp\/v2\/product_brand?post=1762"},{"taxonomy":"product_cat","embeddable":true,"href":"https:\/\/www.supersybon.com\/fr\/wp-json\/wp\/v2\/product_cat?post=1762"},{"taxonomy":"product_tag","embeddable":true,"href":"https:\/\/www.supersybon.com\/fr\/wp-json\/wp\/v2\/product_tag?post=1762"}],"curies":[{"name":"wp","href":"https:\/\/api.w.org\/{rel}","templated":true}]}}