{"id":1750,"date":"2022-11-07T16:03:38","date_gmt":"2022-11-07T08:03:38","guid":{"rendered":"https:\/\/www.supersybon.com\/fr\/?post_type=product&#038;p=1750"},"modified":"2023-09-18T19:02:20","modified_gmt":"2023-09-18T11:02:20","slug":"s004g-5-inch-125mm-kits-de-tampons-de-polissage-en-eponge","status":"publish","type":"product","link":"https:\/\/www.supersybon.com\/fr\/product\/s004g-5-inch-125mm-kits-de-tampons-de-polissage-en-eponge","title":{"rendered":"S004G 5 inch 125mm Kits de tampons de polissage en \u00e9ponge tampons de polissage pour l'entretien de la voiture"},"content":{"rendered":"<p><img decoding=\"async\" class=\"aligncenter size-full wp-image-1751\" src=\"https:\/\/www.supersybon.com\/fr\/wp-content\/uploads\/2022\/11\/1667809087-S004G-5Pcs-Hexagonal-Polished-Sponge-Disc-Buffing-Sponge-Waxing-Polishing-Pad-Kit-Set-For-Car-Polisher-Accessories.jpg\" alt=\"\" width=\"900\" height=\"364\" srcset=\"https:\/\/www.supersybon.com\/fr\/wp-content\/uploads\/2022\/11\/1667809087-S004G-5Pcs-Hexagonal-Polished-Sponge-Disc-Buffing-Sponge-Waxing-Polishing-Pad-Kit-Set-For-Car-Polisher-Accessories.jpg 900w, https:\/\/www.supersybon.com\/fr\/wp-content\/uploads\/2022\/11\/1667809087-S004G-5Pcs-Hexagonal-Polished-Sponge-Disc-Buffing-Sponge-Waxing-Polishing-Pad-Kit-Set-For-Car-Polisher-Accessories-480x194.jpg 480w\" sizes=\"(min-width: 0px) and (max-width: 480px) 480px, (min-width: 481px) 900px, 100vw\" \/><\/p>\n<div class=\"magic-13\">\n<div class=\"magic-14\">\n<div class=\"magic-9\">\n<div class=\"magic-10\">\n<p>&nbsp;<\/p>\n<\/div>\n<\/div>\n<\/div>\n<\/div>\n<div class=\"magic-13\">\n<div class=\"magic-14\">\n<p>&nbsp;<\/p>\n<h2><strong>S004G 5 inch 125mm Kits de tampons de polissage en \u00e9ponge tampons de polissage pour l'entretien de la voiture<\/strong><\/h2>\n<p><strong>TAMPONS DE POLISSAGE\u00a0:<\/strong><\/p>\n<p>Les tampons de polissage ont une gamme compl\u00e8te allant de la coupe lourde au processus de finition, bord droit, conception \u00e0 crochets et boucles, plaque de support facile \u00e0 fixer, support dur durable r\u00e9sistant \u00e0 la chaleur, bon \u00e9quilibre et fonctionne bien sur une machine \u00e0 double action qui ne se d\u00e9colle pas. Pendant ce temps, il peut s'appliquer aux polisseuses rotatives et aux polisseuses GA.<\/p>\n<p><strong>Cat\u00e9gorie diff\u00e9rente\u00a0:<\/strong><\/p>\n<p>\u00c9ponge blanche : tampon de coupe lourd, 65PPI.<\/p>\n<p>\u00c9ponge jaune : tampon de coupe moyen, 75PPI.<\/p>\n<p>Eponge orange : tampon de d\u00e9coupe l\u00e9ger, 80PPI.<\/p>\n<p>\u00c9ponge noire : tampon de polissage, 85 PPI.<\/p>\n<p>\u00c9ponge bleue : tampon de finition, 90 PPI .<\/p>\n<p>(PPI\u00a0: Par par pouce)<\/p>\n<p><strong>Caract\u00e9ristiques:<\/strong><\/p>\n<p>La derni\u00e8re technologie de production. Support \u00e0 crochets et boucles, support dur r\u00e9sistant \u00e0 la chaleur augmentant la durabilit\u00e9. Bon \u00e9quilibre sur les machines \u00e0 double action et RO.<\/p>\n<p><strong>Note:<\/strong><\/p>\n<p>Laver \u00e0 l'eau apr\u00e8s utilisation et garder propre. Ne pas exposer au soleil.<\/p>\n<p><img decoding=\"async\" class=\"aligncenter size-full wp-image-1752\" src=\"https:\/\/www.supersybon.com\/fr\/wp-content\/uploads\/2022\/11\/1667809258-S004G-3-4-5-6-7-Inch-Hexagonal-Polished-Sponge-Disc-Buffing-Sponge-Waxing-Polishing-Pad-Kit-Set.jpg\" alt=\"\" width=\"750\" height=\"750\" srcset=\"https:\/\/www.supersybon.com\/fr\/wp-content\/uploads\/2022\/11\/1667809258-S004G-3-4-5-6-7-Inch-Hexagonal-Polished-Sponge-Disc-Buffing-Sponge-Waxing-Polishing-Pad-Kit-Set.jpg 750w, https:\/\/www.supersybon.com\/fr\/wp-content\/uploads\/2022\/11\/1667809258-S004G-3-4-5-6-7-Inch-Hexagonal-Polished-Sponge-Disc-Buffing-Sponge-Waxing-Polishing-Pad-Kit-Set-480x480.jpg 480w\" sizes=\"(min-width: 0px) and (max-width: 480px) 480px, (min-width: 481px) 750px, 100vw\" \/><\/p>\n<\/div>\n<\/div>\n<div class=\"magic-13\">\n<div class=\"magic-14\">\n<div class=\"magic-9\">\n<div class=\"magic-10\">\n<p><img decoding=\"async\" class=\"aligncenter size-full wp-image-1753\" src=\"https:\/\/www.supersybon.com\/fr\/wp-content\/uploads\/2022\/11\/1667809279-S004G-Professional-Factory-Direct-Sale-Foam-Polishing-Pads-For-Car-Wash-Cleaningdetailing.jpg\" alt=\"\" width=\"750\" height=\"750\" srcset=\"https:\/\/www.supersybon.com\/fr\/wp-content\/uploads\/2022\/11\/1667809279-S004G-Professional-Factory-Direct-Sale-Foam-Polishing-Pads-For-Car-Wash-Cleaningdetailing.jpg 750w, https:\/\/www.supersybon.com\/fr\/wp-content\/uploads\/2022\/11\/1667809279-S004G-Professional-Factory-Direct-Sale-Foam-Polishing-Pads-For-Car-Wash-Cleaningdetailing-480x480.jpg 480w\" sizes=\"(min-width: 0px) and (max-width: 480px) 480px, (min-width: 481px) 750px, 100vw\" \/><\/p>\n<p><img decoding=\"async\" class=\"aligncenter size-full wp-image-1754\" src=\"https:\/\/www.supersybon.com\/fr\/wp-content\/uploads\/2022\/11\/1667809306-S004G-7-Inch-180Mm-Sponge-Polishing-Pads-Kits-Buffing-Pads-For-Car-Care.jpg\" alt=\"\" width=\"750\" height=\"750\" srcset=\"https:\/\/www.supersybon.com\/fr\/wp-content\/uploads\/2022\/11\/1667809306-S004G-7-Inch-180Mm-Sponge-Polishing-Pads-Kits-Buffing-Pads-For-Car-Care.jpg 750w, https:\/\/www.supersybon.com\/fr\/wp-content\/uploads\/2022\/11\/1667809306-S004G-7-Inch-180Mm-Sponge-Polishing-Pads-Kits-Buffing-Pads-For-Car-Care-480x480.jpg 480w\" sizes=\"(min-width: 0px) and (max-width: 480px) 480px, (min-width: 481px) 750px, 100vw\" \/><img decoding=\"async\" class=\"aligncenter size-full wp-image-1755\" src=\"https:\/\/www.supersybon.com\/fr\/wp-content\/uploads\/2022\/11\/1667809321-S004G-5-Round-Edge-Honey-Comb-Surface-Sponge-Foam-Polishingbuffing-Pad-Car-Refresh-Scratchswirl-Remove-Pad.jpg\" alt=\"\" width=\"750\" height=\"750\" srcset=\"https:\/\/www.supersybon.com\/fr\/wp-content\/uploads\/2022\/11\/1667809321-S004G-5-Round-Edge-Honey-Comb-Surface-Sponge-Foam-Polishingbuffing-Pad-Car-Refresh-Scratchswirl-Remove-Pad.jpg 750w, https:\/\/www.supersybon.com\/fr\/wp-content\/uploads\/2022\/11\/1667809321-S004G-5-Round-Edge-Honey-Comb-Surface-Sponge-Foam-Polishingbuffing-Pad-Car-Refresh-Scratchswirl-Remove-Pad-480x480.jpg 480w\" sizes=\"(min-width: 0px) and (max-width: 480px) 480px, (min-width: 481px) 750px, 100vw\" \/><\/p>\n<p>&nbsp;<\/p>\n<p>&nbsp;<\/p>\n<p>&nbsp;<\/p>\n<p>&nbsp;<\/p>\n<p><strong>Emballage et service du produit<\/strong><\/p>\n<hr \/>\n<p><strong>EMBALLER:<\/strong><\/p>\n<p>100 pi\u00e8ces\/carton.<\/p>\n<div data-spm-anchor-id=\"a2700.details.0.i37.625d2e9eLtZffL\">\n<p><img decoding=\"async\" class=\"aligncenter size-full wp-image-1756\" src=\"https:\/\/www.supersybon.com\/fr\/wp-content\/uploads\/2022\/11\/1667809359-S004G-3Inch-80Mm-Yellow-Honeycomb-Car-Polishing-Pads-Foam-Buffing-Polishing-Pads-Orbital-Buffing-Pads.jpg\" alt=\"\" width=\"750\" height=\"750\" srcset=\"https:\/\/www.supersybon.com\/fr\/wp-content\/uploads\/2022\/11\/1667809359-S004G-3Inch-80Mm-Yellow-Honeycomb-Car-Polishing-Pads-Foam-Buffing-Polishing-Pads-Orbital-Buffing-Pads.jpg 750w, https:\/\/www.supersybon.com\/fr\/wp-content\/uploads\/2022\/11\/1667809359-S004G-3Inch-80Mm-Yellow-Honeycomb-Car-Polishing-Pads-Foam-Buffing-Polishing-Pads-Orbital-Buffing-Pads-480x480.jpg 480w\" sizes=\"(min-width: 0px) and (max-width: 480px) 480px, (min-width: 481px) 750px, 100vw\" \/><\/p>\n<\/div>\n<div class=\"magic-13\">\n<div class=\"magic-14\">\n<div class=\"magic-9\">\n<div class=\"magic-10\">\n<div class=\"magic-13\">\n<div class=\"magic-14\">\n<div data-spm-anchor-id=\"a2700.details.0.i37.625d2e9eLtZffL\">\n<p>&nbsp;<\/p>\n<\/div>\n<\/div>\n<\/div>\n<\/div>\n<\/div>\n<\/div>\n<\/div>\n<div class=\"magic-13\">\n<div class=\"magic-14\">\n<div data-spm-anchor-id=\"a2700.details.0.i37.625d2e9eLtZffL\">\n<p><strong>NOTRE SERVICE:<\/strong><\/p>\n<p>1.24 heures en ligne<\/p>\n<p>2. Prix comp\u00e9titif<\/p>\n<p>3. Excellents commentaires du client<\/p>\n<p>4. Commande en ligne s\u00e9curis\u00e9e<\/p>\n<p>5. livraison rapide<\/p>\n<p>6. support technique professionnel<\/p>\n<\/div>\n<\/div>\n<\/div>\n<\/div>\n<\/div>\n<\/div>\n<\/div>\n<div class=\"magic-13\">\n<div class=\"magic-14\">\n<div class=\"magic-13\">\n<div class=\"magic-14\">\n<div class=\"magic-9\">\n<div class=\"magic-10\">\n<div class=\"magic-13\">\n<div class=\"magic-14\">\n<div data-spm-anchor-id=\"a2700.details.0.i37.625d2e9eLtZffL\">\n<div class=\"magic-13\">\n<div class=\"magic-14\">\n<div class=\"magic-13\">\n<div class=\"magic-14\">\n<div class=\"magic-9\">\n<div class=\"magic-10\">\n<div class=\"magic-13\">\n<div class=\"magic-14\">\n<div data-spm-anchor-id=\"a2700.details.0.i37.625d2e9eLtZffL\">\n<div class=\"magic-13\">\n<div class=\"magic-14\">\n<p>&nbsp;<\/p>\n<\/div>\n<\/div>\n<\/div>\n<\/div>\n<\/div>\n<\/div>\n<\/div>\n<\/div>\n<\/div>\n<div class=\"magic-13\">\n<div class=\"magic-14\">\n<p>&nbsp;<\/p>\n<\/div>\n<\/div>\n<\/div>\n<\/div>\n<\/div>\n<\/div>\n<\/div>\n<\/div>\n<\/div>\n<\/div>\n<\/div>\n<div class=\"magic-13\">\n<div class=\"magic-14\">\n<p><strong>Profil de l'entreprise<\/strong><\/p>\n<hr \/>\n<p>&nbsp;<\/p>\n<\/div>\n<\/div>\n<p><img decoding=\"async\" class=\"aligncenter size-full wp-image-324\" src=\"https:\/\/www.supersybon.com\/fr\/wp-content\/uploads\/2022\/09\/1663401769-Car-Paint-Supplier-Company-Profile-Manufacturer-China.jpg\" alt=\"\" width=\"900\" height=\"958\" srcset=\"https:\/\/www.supersybon.com\/fr\/wp-content\/uploads\/2022\/09\/1663401769-Car-Paint-Supplier-Company-Profile-Manufacturer-China.jpg 900w, https:\/\/www.supersybon.com\/fr\/wp-content\/uploads\/2022\/09\/1663401769-Car-Paint-Supplier-Company-Profile-Manufacturer-China-480x511.jpg 480w\" sizes=\"(min-width: 0px) and (max-width: 480px) 480px, (min-width: 481px) 900px, 100vw\" \/><\/p>\n<div class=\"magic-13\">\n<div class=\"magic-14\">\n<p><strong>FAQ<\/strong><\/p>\n<hr \/>\n<\/div>\n<\/div>\n<p><strong>Q\u00a0:\u00a0Quel est votre MOQ\u00a0?<\/strong><\/p>\n<p>R : Notre MOQ est de 1 carton.<\/p>\n<p><strong>Q\u00a0:\u00a0Qu\u2019en est-il de votre paiement\u00a0?<\/strong><\/p>\n<p>R : d\u00e9p\u00f4t de 50% \u00e0 l'avance, solde de 50% par T\/T, L\/C, paypal, Western Union ou bien avant exp\u00e9dition.<\/p>\n<p><strong>Q : Fournissez-vous des \u00e9chantillons ?<\/strong><\/p>\n<p>R : Oui, vous pouvez acheter un \u00e9chantillon pour le tester.<\/p>\n<p><strong>Q : Qu'en est-il de votre d\u00e9lai de livraison ?<\/strong><\/p>\n<p>R\u00a0:\u00a0Habituellement 15 jours apr\u00e8s r\u00e9ception de votre d\u00e9p\u00f4t.<\/p>\n<\/div>\n<\/div>\n","protected":false},"excerpt":{"rendered":"<p>La derni\u00e8re technologie de production. Support \u00e0 crochets et boucles, support dur r\u00e9sistant \u00e0 la chaleur augmentant la durabilit\u00e9. Bon \u00e9quilibre sur les machines \u00e0 double action et RO.<\/p>\n","protected":false},"featured_media":1758,"template":"","meta":{"_et_pb_use_builder":"","_et_pb_old_content":"","_et_gb_content_width":""},"product_brand":[],"product_cat":[56,65],"product_tag":[858],"class_list":{"0":"post-1750","1":"product","2":"type-product","3":"status-publish","4":"has-post-thumbnail","6":"product_cat-serie-dentretien-automobile","7":"product_cat-tampon-de-polissage-en-mousse","8":"product_tag-kits-de-tampons-de-polissage-en-eponge","10":"first","11":"instock","12":"shipping-taxable","13":"product-type-simple"},"_links":{"self":[{"href":"https:\/\/www.supersybon.com\/fr\/wp-json\/wp\/v2\/product\/1750","targetHints":{"allow":["GET"]}}],"collection":[{"href":"https:\/\/www.supersybon.com\/fr\/wp-json\/wp\/v2\/product"}],"about":[{"href":"https:\/\/www.supersybon.com\/fr\/wp-json\/wp\/v2\/types\/product"}],"wp:featuredmedia":[{"embeddable":true,"href":"https:\/\/www.supersybon.com\/fr\/wp-json\/wp\/v2\/media\/1758"}],"wp:attachment":[{"href":"https:\/\/www.supersybon.com\/fr\/wp-json\/wp\/v2\/media?parent=1750"}],"wp:term":[{"taxonomy":"product_brand","embeddable":true,"href":"https:\/\/www.supersybon.com\/fr\/wp-json\/wp\/v2\/product_brand?post=1750"},{"taxonomy":"product_cat","embeddable":true,"href":"https:\/\/www.supersybon.com\/fr\/wp-json\/wp\/v2\/product_cat?post=1750"},{"taxonomy":"product_tag","embeddable":true,"href":"https:\/\/www.supersybon.com\/fr\/wp-json\/wp\/v2\/product_tag?post=1750"}],"curies":[{"name":"wp","href":"https:\/\/api.w.org\/{rel}","templated":true}]}}