{"id":1739,"date":"2022-11-07T15:40:44","date_gmt":"2022-11-07T07:40:44","guid":{"rendered":"https:\/\/www.supersybon.com\/fr\/?post_type=product&#038;p=1739"},"modified":"2023-09-18T18:54:02","modified_gmt":"2023-09-18T10:54:02","slug":"s003g-5-inch-125mm-tampon-de-polissage-en-mousse-de-polissage-de-voiture-en-forme-de-diamant","status":"publish","type":"product","link":"https:\/\/www.supersybon.com\/fr\/product\/s003g-5-inch-125mm-tampon-de-polissage-en-mousse-de-polissage-de-voiture-en-forme-de-diamant","title":{"rendered":"S003G 5 inch 125mm Nouveau tampon de polissage en mousse de polissage de voiture en forme de diamant tampon de polissage en mousse pour d\u00e9tails de voiture"},"content":{"rendered":"<p><img decoding=\"async\" class=\"aligncenter size-full wp-image-1749\" src=\"https:\/\/www.supersybon.com\/fr\/wp-content\/uploads\/2022\/11\/1667808025-S003G-3-4-5-6-7-Inch-Sponge-Heavy-Cutting-Foam-Pad-Polishing-Car-Polishing-Buffing-Pad-Car-Care.jpg\" alt=\"\" width=\"900\" height=\"364\" srcset=\"https:\/\/www.supersybon.com\/fr\/wp-content\/uploads\/2022\/11\/1667808025-S003G-3-4-5-6-7-Inch-Sponge-Heavy-Cutting-Foam-Pad-Polishing-Car-Polishing-Buffing-Pad-Car-Care.jpg 900w, https:\/\/www.supersybon.com\/fr\/wp-content\/uploads\/2022\/11\/1667808025-S003G-3-4-5-6-7-Inch-Sponge-Heavy-Cutting-Foam-Pad-Polishing-Car-Polishing-Buffing-Pad-Car-Care-480x194.jpg 480w\" sizes=\"(min-width: 0px) and (max-width: 480px) 480px, (min-width: 481px) 900px, 100vw\" \/><\/p>\n<div class=\"magic-13\">\n<div class=\"magic-14\">\n<div class=\"magic-9\">\n<div class=\"magic-10\">\n<p>&nbsp;<\/p>\n<\/div>\n<\/div>\n<\/div>\n<\/div>\n<div class=\"magic-13\">\n<div class=\"magic-14\">\n<p>&nbsp;<\/p>\n<h2><strong>S003G 5 inch 125mm Nouveau tampon de polissage en mousse de polissage de voiture en forme de diamant tampon de polissage en mousse pour d\u00e9tails de voiture<\/strong><\/h2>\n<p><strong>Caract\u00e9ristiques:<\/strong><\/p>\n<p>1. Le tissu \u00e9ponge fin et doux peut doublement prot\u00e9ger la surface de la peinture. Un polissage efficace \u00e9limine les l\u00e9gers d\u00e9fauts de la peinture et retrouve une brillance \u00e9lev\u00e9e.<\/p>\n<p>2. Il peut cr\u00e9er une surface de peinture tr\u00e8s brillante sans traces en spirale.<\/p>\n<p>3. La structure particuli\u00e8re de l'\u00e9ponge am\u00e9liore le flux d'air. Meilleure dissipation thermique.<\/p>\n<p>4. Il y a un crochet et une boucle au bas de la mousse, ce qui rend difficile la chute et peut \u00e9galement changer rapidement le tampon de polissage.<\/p>\n<p>5. Le dessus sur\u00e9lev\u00e9 de la mousse rend le polissage plus s\u00fbr et le tampon de la plaque arri\u00e8re ne sera pas facile \u00e0 toucher la surface de la peinture.<\/p>\n<p><strong>Famille de couleurs pour diff\u00e9rentes \u00e9tapes\u00a0:<\/strong><\/p>\n<p>1. Le mat\u00e9riau en mousse de couleur verte 40 PPI fonctionne avec un compos\u00e9 de coupe pour un processus de coupe lourd, pour \u00e9liminer les rayures profondes.<\/p>\n<p>2. Le mat\u00e9riau en mousse de couleur jaune 50 PPI s'applique avec un compos\u00e9 de coupe ou de polissage pour un processus de coupe moyen, facile \u00e0 enlever les rayures l\u00e9g\u00e8res et les tourbillons.<\/p>\n<p>3. Le mat\u00e9riau en mousse de couleur marron 60 PPI sugg\u00e8re de faire correspondre un compos\u00e9 de l'\u00e9tape 2 pour une coupe l\u00e9g\u00e8re, ou de travailler avec un compos\u00e9 de l'\u00e9tape 1 pour plus de puissance de coupe.<\/p>\n<p>4. Le mat\u00e9riau en mousse de couleur orange 70 PPI sugg\u00e8re de faire correspondre un compos\u00e9 de l'\u00e9tape 2 pour une coupe l\u00e9g\u00e8re, ou de travailler avec un compos\u00e9 de l'\u00e9tape 1 pour plus de puissance de coupe.<\/p>\n<p>5. La mousse de couleur bleue 80 PPI est un mat\u00e9riau souple qui est durable et utile pour la peinture douce et la peinture dure. Travailler avec du liquide de polissage pour le polissage ou appliquer avec du vernis de finition pour le processus de finition est formidable.<\/p>\n<p>6. La mousse de couleur rouge 85 PPI a une action nettoyante tr\u00e8s l\u00e9g\u00e8re pour \u00e9liminer les marques de tourbillon ultra-fines, les rayures de lavage de voiture et le voile, laissant une finition brillante sans tourbillon lorsqu'elle est utilis\u00e9e conjointement avec des vernis de finition.<\/p>\n<p>7. La mousse ultra douce de couleur noire 90PPI est destin\u00e9e \u00e0 cirer la peinture de la voiture, apr\u00e8s ce processus, elle augmentera la brillance de la peinture de votre voiture.<\/p>\n<p><img decoding=\"async\" class=\"aligncenter size-full wp-image-1740\" src=\"https:\/\/www.supersybon.com\/fr\/wp-content\/uploads\/2022\/11\/1667807447-S003G-Wholesale-6-Inch-Diamond-Sponge-Buffing-Pad-HookLoop-Design-Grinding-Pad-Kit-Car-Polishing-Pad.jpg\" alt=\"\" width=\"750\" height=\"750\" srcset=\"https:\/\/www.supersybon.com\/fr\/wp-content\/uploads\/2022\/11\/1667807447-S003G-Wholesale-6-Inch-Diamond-Sponge-Buffing-Pad-HookLoop-Design-Grinding-Pad-Kit-Car-Polishing-Pad.jpg 750w, https:\/\/www.supersybon.com\/fr\/wp-content\/uploads\/2022\/11\/1667807447-S003G-Wholesale-6-Inch-Diamond-Sponge-Buffing-Pad-HookLoop-Design-Grinding-Pad-Kit-Car-Polishing-Pad-480x480.jpg 480w\" sizes=\"(min-width: 0px) and (max-width: 480px) 480px, (min-width: 481px) 750px, 100vw\" \/><\/p>\n<\/div>\n<\/div>\n<div class=\"magic-13\">\n<div class=\"magic-14\">\n<div class=\"magic-9\">\n<div class=\"magic-10\">\n<p><img decoding=\"async\" class=\"aligncenter size-full wp-image-1741\" src=\"https:\/\/www.supersybon.com\/fr\/wp-content\/uploads\/2022\/11\/1667807475-S003G-Car-Care-Detailing-Da-Foam-Polishing-Pad-Medium-Cutting-Foam-Buffing-Pad.jpg\" alt=\"\" width=\"750\" height=\"750\" srcset=\"https:\/\/www.supersybon.com\/fr\/wp-content\/uploads\/2022\/11\/1667807475-S003G-Car-Care-Detailing-Da-Foam-Polishing-Pad-Medium-Cutting-Foam-Buffing-Pad.jpg 750w, https:\/\/www.supersybon.com\/fr\/wp-content\/uploads\/2022\/11\/1667807475-S003G-Car-Care-Detailing-Da-Foam-Polishing-Pad-Medium-Cutting-Foam-Buffing-Pad-480x480.jpg 480w\" sizes=\"(min-width: 0px) and (max-width: 480px) 480px, (min-width: 481px) 750px, 100vw\" \/><\/p>\n<p><img decoding=\"async\" class=\"aligncenter size-full wp-image-1742\" src=\"https:\/\/www.supersybon.com\/fr\/wp-content\/uploads\/2022\/11\/1667807496-S003G-5-Inch-125Mm-New-Diamond-Shape-Car-Polishing-Foam-Buffing-Pad-Car-Detailing-Foam-Buffing-Pad.jpg\" alt=\"\" width=\"750\" height=\"750\" srcset=\"https:\/\/www.supersybon.com\/fr\/wp-content\/uploads\/2022\/11\/1667807496-S003G-5-Inch-125Mm-New-Diamond-Shape-Car-Polishing-Foam-Buffing-Pad-Car-Detailing-Foam-Buffing-Pad.jpg 750w, https:\/\/www.supersybon.com\/fr\/wp-content\/uploads\/2022\/11\/1667807496-S003G-5-Inch-125Mm-New-Diamond-Shape-Car-Polishing-Foam-Buffing-Pad-Car-Detailing-Foam-Buffing-Pad-480x480.jpg 480w\" sizes=\"(min-width: 0px) and (max-width: 480px) 480px, (min-width: 481px) 750px, 100vw\" \/><img decoding=\"async\" class=\"aligncenter size-full wp-image-1743\" src=\"https:\/\/www.supersybon.com\/fr\/wp-content\/uploads\/2022\/11\/1667807518-S003G-Imported-Sponge-Coarse-Medium-Cutting-Pad-5-Inch-Car-Polishing-Foam-Pad-Detailing-Buffing-Pad.jpg\" alt=\"\" width=\"750\" height=\"750\" srcset=\"https:\/\/www.supersybon.com\/fr\/wp-content\/uploads\/2022\/11\/1667807518-S003G-Imported-Sponge-Coarse-Medium-Cutting-Pad-5-Inch-Car-Polishing-Foam-Pad-Detailing-Buffing-Pad.jpg 750w, https:\/\/www.supersybon.com\/fr\/wp-content\/uploads\/2022\/11\/1667807518-S003G-Imported-Sponge-Coarse-Medium-Cutting-Pad-5-Inch-Car-Polishing-Foam-Pad-Detailing-Buffing-Pad-480x480.jpg 480w\" sizes=\"(min-width: 0px) and (max-width: 480px) 480px, (min-width: 481px) 750px, 100vw\" \/><\/p>\n<p><img decoding=\"async\" class=\"aligncenter size-full wp-image-1745\" src=\"https:\/\/www.supersybon.com\/fr\/wp-content\/uploads\/2022\/11\/1667807566-S003G-Factory-Price-5-Inch-125Mm-Double-Bevel-Edge-Car-Care-Sponge-Polishing-Pad-Buffing-Pad-Cutting-Pad.jpg\" alt=\"\" width=\"750\" height=\"750\" srcset=\"https:\/\/www.supersybon.com\/fr\/wp-content\/uploads\/2022\/11\/1667807566-S003G-Factory-Price-5-Inch-125Mm-Double-Bevel-Edge-Car-Care-Sponge-Polishing-Pad-Buffing-Pad-Cutting-Pad.jpg 750w, https:\/\/www.supersybon.com\/fr\/wp-content\/uploads\/2022\/11\/1667807566-S003G-Factory-Price-5-Inch-125Mm-Double-Bevel-Edge-Car-Care-Sponge-Polishing-Pad-Buffing-Pad-Cutting-Pad-480x480.jpg 480w\" sizes=\"(min-width: 0px) and (max-width: 480px) 480px, (min-width: 481px) 750px, 100vw\" \/><\/p>\n<p><img decoding=\"async\" class=\"aligncenter size-full wp-image-1744\" src=\"https:\/\/www.supersybon.com\/fr\/wp-content\/uploads\/2022\/11\/1667807536-S003G-6-Inch-150Mm-Factory-Supply-Durable-Foam-Pad-Cutting-Pad-Buffing-Pad-With-Hook-And-Loop-Bonding-Back.jpg\" alt=\"\" width=\"750\" height=\"750\" srcset=\"https:\/\/www.supersybon.com\/fr\/wp-content\/uploads\/2022\/11\/1667807536-S003G-6-Inch-150Mm-Factory-Supply-Durable-Foam-Pad-Cutting-Pad-Buffing-Pad-With-Hook-And-Loop-Bonding-Back.jpg 750w, https:\/\/www.supersybon.com\/fr\/wp-content\/uploads\/2022\/11\/1667807536-S003G-6-Inch-150Mm-Factory-Supply-Durable-Foam-Pad-Cutting-Pad-Buffing-Pad-With-Hook-And-Loop-Bonding-Back-480x480.jpg 480w\" sizes=\"(min-width: 0px) and (max-width: 480px) 480px, (min-width: 481px) 750px, 100vw\" \/><\/p>\n<p>&nbsp;<\/p>\n<p>&nbsp;<\/p>\n<p><strong>Emballage et service du produit<\/strong><\/p>\n<hr \/>\n<p><strong>EMBALLER:<\/strong><\/p>\n<p>100 pi\u00e8ces\/carton.<\/p>\n<div data-spm-anchor-id=\"a2700.details.0.i37.625d2e9eLtZffL\">\n<p>&nbsp;<\/p>\n<\/div>\n<div class=\"magic-13\">\n<div class=\"magic-14\">\n<div class=\"magic-9\">\n<div class=\"magic-10\">\n<div class=\"magic-13\">\n<div class=\"magic-14\">\n<div data-spm-anchor-id=\"a2700.details.0.i37.625d2e9eLtZffL\">\n<p>&nbsp;<\/p>\n<\/div>\n<\/div>\n<\/div>\n<\/div>\n<\/div>\n<\/div>\n<\/div>\n<div class=\"magic-13\">\n<div class=\"magic-14\">\n<div data-spm-anchor-id=\"a2700.details.0.i37.625d2e9eLtZffL\">\n<p><strong>NOTRE SERVICE:<\/strong><\/p>\n<p>1.24 heures en ligne<\/p>\n<p>2. Prix comp\u00e9titif<\/p>\n<p>3. Excellents commentaires du client<\/p>\n<p>4. Commande en ligne s\u00e9curis\u00e9e<\/p>\n<p>5. livraison rapide<\/p>\n<p>6. support technique professionnel<\/p>\n<\/div>\n<\/div>\n<\/div>\n<\/div>\n<\/div>\n<\/div>\n<\/div>\n<div class=\"magic-13\">\n<div class=\"magic-14\">\n<div class=\"magic-13\">\n<div class=\"magic-14\">\n<div class=\"magic-9\">\n<div class=\"magic-10\">\n<div class=\"magic-13\">\n<div class=\"magic-14\">\n<div data-spm-anchor-id=\"a2700.details.0.i37.625d2e9eLtZffL\">\n<div class=\"magic-13\">\n<div class=\"magic-14\">\n<div class=\"magic-13\">\n<div class=\"magic-14\">\n<div class=\"magic-9\">\n<div class=\"magic-10\">\n<div class=\"magic-13\">\n<div class=\"magic-14\">\n<div data-spm-anchor-id=\"a2700.details.0.i37.625d2e9eLtZffL\">\n<div class=\"magic-13\">\n<div class=\"magic-14\">\n<p>&nbsp;<\/p>\n<\/div>\n<\/div>\n<\/div>\n<\/div>\n<\/div>\n<\/div>\n<\/div>\n<\/div>\n<\/div>\n<div class=\"magic-13\">\n<div class=\"magic-14\">\n<p>&nbsp;<\/p>\n<\/div>\n<\/div>\n<\/div>\n<\/div>\n<\/div>\n<\/div>\n<\/div>\n<\/div>\n<\/div>\n<\/div>\n<\/div>\n<div class=\"magic-13\">\n<div class=\"magic-14\">\n<p><strong>Profil de l'entreprise<\/strong><\/p>\n<hr \/>\n<p>&nbsp;<\/p>\n<\/div>\n<\/div>\n<p><img decoding=\"async\" class=\"aligncenter size-full wp-image-324\" src=\"https:\/\/www.supersybon.com\/fr\/wp-content\/uploads\/2022\/09\/1663401769-Car-Paint-Supplier-Company-Profile-Manufacturer-China.jpg\" alt=\"\" width=\"900\" height=\"958\" srcset=\"https:\/\/www.supersybon.com\/fr\/wp-content\/uploads\/2022\/09\/1663401769-Car-Paint-Supplier-Company-Profile-Manufacturer-China.jpg 900w, https:\/\/www.supersybon.com\/fr\/wp-content\/uploads\/2022\/09\/1663401769-Car-Paint-Supplier-Company-Profile-Manufacturer-China-480x511.jpg 480w\" sizes=\"(min-width: 0px) and (max-width: 480px) 480px, (min-width: 481px) 900px, 100vw\" \/><\/p>\n<div class=\"magic-13\">\n<div class=\"magic-14\">\n<p><strong>FAQ<\/strong><\/p>\n<hr \/>\n<\/div>\n<\/div>\n<p><strong>Q\u00a0:\u00a0Quel est votre MOQ\u00a0?<\/strong><\/p>\n<p>R : Notre MOQ est de 1 carton.<\/p>\n<p><strong>Q\u00a0:\u00a0Qu\u2019en est-il de votre paiement\u00a0?<\/strong><\/p>\n<p>R : d\u00e9p\u00f4t de 50% \u00e0 l'avance, solde de 50% par T\/T, L\/C, paypal, Western Union ou bien avant exp\u00e9dition.<\/p>\n<p><strong>Q : Fournissez-vous des \u00e9chantillons ?<\/strong><\/p>\n<p>R : Oui, vous pouvez acheter un \u00e9chantillon pour le tester.<\/p>\n<p><strong>Q : Qu'en est-il de votre d\u00e9lai de livraison ?<\/strong><\/p>\n<p>R\u00a0:\u00a0Habituellement 15 jours apr\u00e8s r\u00e9ception de votre d\u00e9p\u00f4t.<\/p>\n<\/div>\n<\/div>\n","protected":false},"excerpt":{"rendered":"<p>1. Le tissu \u00e9ponge fin et doux peut doublement prot\u00e9ger la surface de la peinture. Un polissage efficace \u00e9limine les l\u00e9gers d\u00e9fauts de la peinture et retrouve une brillance \u00e9lev\u00e9e.<br \/>\n2. Il peut cr\u00e9er une surface de peinture tr\u00e8s brillante sans traces en spirale.<br \/>\n3. La structure particuli\u00e8re de l'\u00e9ponge am\u00e9liore le flux d'air. Meilleure dissipation thermique.<br \/>\n4. Il y a un crochet et une boucle au bas de la mousse, ce qui rend difficile la chute et peut \u00e9galement changer rapidement le tampon de polissage.<br \/>\n5. Le dessus sur\u00e9lev\u00e9 de la mousse rend le polissage plus s\u00fbr et le tampon de la plaque arri\u00e8re ne sera pas facile \u00e0 toucher la surface de la peinture.<\/p>\n","protected":false},"featured_media":1746,"template":"","meta":{"_et_pb_use_builder":"","_et_pb_old_content":"","_et_gb_content_width":""},"product_brand":[],"product_cat":[56,65],"product_tag":[856,857],"class_list":{"0":"post-1739","1":"product","2":"type-product","3":"status-publish","4":"has-post-thumbnail","6":"product_cat-serie-dentretien-automobile","7":"product_cat-tampon-de-polissage-en-mousse","8":"product_tag-tampon-de-polissage-en-mousse-de-polissage-de-voiture-en-forme-de-diamant","9":"product_tag-tampon-de-polissage-en-mousse-pour-details-de-voiture","11":"first","12":"instock","13":"shipping-taxable","14":"product-type-simple"},"_links":{"self":[{"href":"https:\/\/www.supersybon.com\/fr\/wp-json\/wp\/v2\/product\/1739","targetHints":{"allow":["GET"]}}],"collection":[{"href":"https:\/\/www.supersybon.com\/fr\/wp-json\/wp\/v2\/product"}],"about":[{"href":"https:\/\/www.supersybon.com\/fr\/wp-json\/wp\/v2\/types\/product"}],"wp:featuredmedia":[{"embeddable":true,"href":"https:\/\/www.supersybon.com\/fr\/wp-json\/wp\/v2\/media\/1746"}],"wp:attachment":[{"href":"https:\/\/www.supersybon.com\/fr\/wp-json\/wp\/v2\/media?parent=1739"}],"wp:term":[{"taxonomy":"product_brand","embeddable":true,"href":"https:\/\/www.supersybon.com\/fr\/wp-json\/wp\/v2\/product_brand?post=1739"},{"taxonomy":"product_cat","embeddable":true,"href":"https:\/\/www.supersybon.com\/fr\/wp-json\/wp\/v2\/product_cat?post=1739"},{"taxonomy":"product_tag","embeddable":true,"href":"https:\/\/www.supersybon.com\/fr\/wp-json\/wp\/v2\/product_tag?post=1739"}],"curies":[{"name":"wp","href":"https:\/\/api.w.org\/{rel}","templated":true}]}}