{"id":1730,"date":"2022-11-07T15:15:46","date_gmt":"2022-11-07T07:15:46","guid":{"rendered":"https:\/\/www.supersybon.com\/fr\/?post_type=product&#038;p=1730"},"modified":"2023-09-18T18:41:11","modified_gmt":"2023-09-18T10:41:11","slug":"s002g-tampon-de-polissage-automatique-triangulaire","status":"publish","type":"product","link":"https:\/\/www.supersybon.com\/fr\/product\/s002g-tampon-de-polissage-automatique-triangulaire","title":{"rendered":"S002G Kit de polissage et de polissage automatique, tampon de polissage de 5 pouces, 125mm tampon de polissage automatique triangulaire pour les d\u00e9tails et le polissage des voitures"},"content":{"rendered":"<p><img decoding=\"async\" class=\"aligncenter size-full wp-image-1731\" src=\"https:\/\/www.supersybon.com\/fr\/wp-content\/uploads\/2022\/11\/1667805937-S002G-Auto-Buffing-And-Polishing-Kit-5-Inch-125Mm-Buffing-Pad-Triangular-Auto-Polishing-Pad-For-Car-Polishing.jpg\" alt=\"\" width=\"900\" height=\"364\" srcset=\"https:\/\/www.supersybon.com\/fr\/wp-content\/uploads\/2022\/11\/1667805937-S002G-Auto-Buffing-And-Polishing-Kit-5-Inch-125Mm-Buffing-Pad-Triangular-Auto-Polishing-Pad-For-Car-Polishing.jpg 900w, https:\/\/www.supersybon.com\/fr\/wp-content\/uploads\/2022\/11\/1667805937-S002G-Auto-Buffing-And-Polishing-Kit-5-Inch-125Mm-Buffing-Pad-Triangular-Auto-Polishing-Pad-For-Car-Polishing-480x194.jpg 480w\" sizes=\"(min-width: 0px) and (max-width: 480px) 480px, (min-width: 481px) 900px, 100vw\" \/><\/p>\n<div class=\"magic-13\">\n<div class=\"magic-14\">\n<div class=\"magic-9\">\n<div class=\"magic-10\">\n<p>&nbsp;<\/p>\n<\/div>\n<\/div>\n<\/div>\n<\/div>\n<div class=\"magic-13\">\n<div class=\"magic-14\">\n<p>&nbsp;<\/p>\n<h2><strong>S002G Kit de polissage et de polissage automatique, tampon de polissage de 5 pouces, 125mm tampon de polissage automatique triangulaire pour les d\u00e9tails et le polissage des voitures<\/strong><\/h2>\n<p><strong>Caract\u00e9ristiques:<\/strong><\/p>\n<p>La surface du tampon de polissage en \u00e9ponge est divis\u00e9e en plusieurs blocs triangulaires ind\u00e9pendants selon un motif argyle, ce qui acc\u00e9l\u00e8re le flux d'air entre l'\u00e9ponge et la surface de la peinture de construction, acc\u00e9l\u00e8re la dissipation thermique et am\u00e9liore l'efficacit\u00e9 de coupe. Utilis\u00e9 avec le compos\u00e9 de polissage SYBON peut atteindre le meilleur effet de polissage.<\/p>\n<p><strong>Famille de 5 couleurs pour diff\u00e9rentes \u00e9tapes\u00a0:<\/strong><\/p>\n<p>1. Mat\u00e9riau en mousse de couleur verte 40 PPI pour un processus de coupe lourd.<\/p>\n<p>2. Mat\u00e9riau en mousse de couleur jaune 50 PPI pour un processus de coupe moyenne.<\/p>\n<p>3. Mat\u00e9riau en mousse de couleur orange 70 PPI pour coupe moyenne.<\/p>\n<p>4. Mat\u00e9riau en mousse de couleur bleue 80 PPI pour une coupe l\u00e9g\u00e8re.<\/p>\n<p>5. Mat\u00e9riau en mousse de couleur rouge 85 PPI pour l'\u00e9tape de polissage.<\/p>\n<p><img decoding=\"async\" class=\"aligncenter size-full wp-image-1734\" src=\"https:\/\/www.supersybon.com\/fr\/wp-content\/uploads\/2022\/11\/1667806100-S002G-6-150Mm-Dual-Action-Polisher-Buffing-Pad-Da-Car-Polishing-Pad-Car-Waxing-Pad-With-Triangular-Structure.jpg\" alt=\"\" width=\"750\" height=\"750\" srcset=\"https:\/\/www.supersybon.com\/fr\/wp-content\/uploads\/2022\/11\/1667806100-S002G-6-150Mm-Dual-Action-Polisher-Buffing-Pad-Da-Car-Polishing-Pad-Car-Waxing-Pad-With-Triangular-Structure.jpg 750w, https:\/\/www.supersybon.com\/fr\/wp-content\/uploads\/2022\/11\/1667806100-S002G-6-150Mm-Dual-Action-Polisher-Buffing-Pad-Da-Car-Polishing-Pad-Car-Waxing-Pad-With-Triangular-Structure-480x480.jpg 480w\" sizes=\"(min-width: 0px) and (max-width: 480px) 480px, (min-width: 481px) 750px, 100vw\" \/><\/p>\n<\/div>\n<\/div>\n<div class=\"magic-13\">\n<div class=\"magic-14\">\n<div class=\"magic-9\">\n<div class=\"magic-10\">\n<p><img decoding=\"async\" class=\"aligncenter size-full wp-image-1733\" src=\"https:\/\/www.supersybon.com\/fr\/wp-content\/uploads\/2022\/11\/1667806079-S002G-Forme-Classique-5-Soft-Orange-Foam-Swirl-Remover-Buffing-And-Polishing-Pad-Cires-Eponge.jpg\" alt=\"\" width=\"750\" height=\"750\" srcset=\"https:\/\/www.supersybon.com\/fr\/wp-content\/uploads\/2022\/11\/1667806079-S002G-Forme-Classique-5-Soft-Orange-Foam-Swirl-Remover-Buffing-And-Polishing-Pad-Cires-Eponge.jpg 750w, https:\/\/www.supersybon.com\/fr\/wp-content\/uploads\/2022\/11\/1667806079-S002G-Forme-Classique-5-Soft-Orange-Foam-Swirl-Remover-Buffing-And-Polishing-Pad-Cires-Eponge-480x480.jpg 480w\" sizes=\"(min-width: 0px) and (max-width: 480px) 480px, (min-width: 481px) 750px, 100vw\" \/><\/p>\n<p><img decoding=\"async\" class=\"aligncenter size-full wp-image-1735\" src=\"https:\/\/www.supersybon.com\/fr\/wp-content\/uploads\/2022\/11\/1667806118-S002G-Classic-Shape-5-Soft-Orange-Foam-Swirl-Remover-Buffing-And-Polishing-Pad-Waxes-Sponge.jpg\" alt=\"\" width=\"750\" height=\"750\" srcset=\"https:\/\/www.supersybon.com\/fr\/wp-content\/uploads\/2022\/11\/1667806118-S002G-Classic-Shape-5-Soft-Orange-Foam-Swirl-Remover-Buffing-And-Polishing-Pad-Waxes-Sponge.jpg 750w, https:\/\/www.supersybon.com\/fr\/wp-content\/uploads\/2022\/11\/1667806118-S002G-Classic-Shape-5-Soft-Orange-Foam-Swirl-Remover-Buffing-And-Polishing-Pad-Waxes-Sponge-480x480.jpg 480w\" sizes=\"(min-width: 0px) and (max-width: 480px) 480px, (min-width: 481px) 750px, 100vw\" \/><\/p>\n<p><img decoding=\"async\" class=\"aligncenter size-full wp-image-1736\" src=\"https:\/\/www.supersybon.com\/fr\/wp-content\/uploads\/2022\/11\/1667806146-S002G-6Inch-150Mm-High-Quality-Auto-Car-Care-Car-Polishing-Pad-Cutting-Pad-Finishing-Pad.jpg\" alt=\"\" width=\"750\" height=\"750\" srcset=\"https:\/\/www.supersybon.com\/fr\/wp-content\/uploads\/2022\/11\/1667806146-S002G-6Inch-150Mm-High-Quality-Auto-Car-Care-Car-Polishing-Pad-Cutting-Pad-Finishing-Pad.jpg 750w, https:\/\/www.supersybon.com\/fr\/wp-content\/uploads\/2022\/11\/1667806146-S002G-6Inch-150Mm-High-Quality-Auto-Car-Care-Car-Polishing-Pad-Cutting-Pad-Finishing-Pad-480x480.jpg 480w\" sizes=\"(min-width: 0px) and (max-width: 480px) 480px, (min-width: 481px) 750px, 100vw\" \/><\/p>\n<p>&nbsp;<\/p>\n<p>&nbsp;<\/p>\n<p><strong>Emballage et service du produit<\/strong><\/p>\n<hr \/>\n<p><strong>EMBALLER:<\/strong><\/p>\n<p>100 pi\u00e8ces\/carton.<\/p>\n<div data-spm-anchor-id=\"a2700.details.0.i37.625d2e9eLtZffL\">\n<p>&nbsp;<\/p>\n<\/div>\n<div class=\"magic-13\">\n<div class=\"magic-14\">\n<div class=\"magic-9\">\n<div class=\"magic-10\">\n<div class=\"magic-13\">\n<div class=\"magic-14\">\n<div data-spm-anchor-id=\"a2700.details.0.i37.625d2e9eLtZffL\">\n<p>&nbsp;<\/p>\n<\/div>\n<\/div>\n<\/div>\n<\/div>\n<\/div>\n<\/div>\n<\/div>\n<div class=\"magic-13\">\n<div class=\"magic-14\">\n<div data-spm-anchor-id=\"a2700.details.0.i37.625d2e9eLtZffL\">\n<p><strong>NOTRE SERVICE:<\/strong><\/p>\n<p>1.24 heures en ligne<\/p>\n<p>2. Prix comp\u00e9titif<\/p>\n<p>3. Excellents commentaires du client<\/p>\n<p>4. Commande en ligne s\u00e9curis\u00e9e<\/p>\n<p>5. livraison rapide<\/p>\n<p>6. support technique professionnel<\/p>\n<\/div>\n<\/div>\n<\/div>\n<\/div>\n<\/div>\n<\/div>\n<\/div>\n<div class=\"magic-13\">\n<div class=\"magic-14\">\n<div class=\"magic-13\">\n<div class=\"magic-14\">\n<div class=\"magic-9\">\n<div class=\"magic-10\">\n<div class=\"magic-13\">\n<div class=\"magic-14\">\n<div data-spm-anchor-id=\"a2700.details.0.i37.625d2e9eLtZffL\">\n<div class=\"magic-13\">\n<div class=\"magic-14\">\n<div class=\"magic-13\">\n<div class=\"magic-14\">\n<div class=\"magic-9\">\n<div class=\"magic-10\">\n<div class=\"magic-13\">\n<div class=\"magic-14\">\n<div data-spm-anchor-id=\"a2700.details.0.i37.625d2e9eLtZffL\">\n<div class=\"magic-13\">\n<div class=\"magic-14\">\n<p>&nbsp;<\/p>\n<\/div>\n<\/div>\n<\/div>\n<\/div>\n<\/div>\n<\/div>\n<\/div>\n<\/div>\n<\/div>\n<div class=\"magic-13\">\n<div class=\"magic-14\">\n<p>&nbsp;<\/p>\n<\/div>\n<\/div>\n<\/div>\n<\/div>\n<\/div>\n<\/div>\n<\/div>\n<\/div>\n<\/div>\n<\/div>\n<\/div>\n<div class=\"magic-13\">\n<div class=\"magic-14\">\n<p><strong>Profil de l'entreprise<\/strong><\/p>\n<hr \/>\n<p>&nbsp;<\/p>\n<\/div>\n<\/div>\n<p><img decoding=\"async\" class=\"aligncenter size-full wp-image-324\" src=\"https:\/\/www.supersybon.com\/fr\/wp-content\/uploads\/2022\/09\/1663401769-Car-Paint-Supplier-Company-Profile-Manufacturer-China.jpg\" alt=\"\" width=\"900\" height=\"958\" srcset=\"https:\/\/www.supersybon.com\/fr\/wp-content\/uploads\/2022\/09\/1663401769-Car-Paint-Supplier-Company-Profile-Manufacturer-China.jpg 900w, https:\/\/www.supersybon.com\/fr\/wp-content\/uploads\/2022\/09\/1663401769-Car-Paint-Supplier-Company-Profile-Manufacturer-China-480x511.jpg 480w\" sizes=\"(min-width: 0px) and (max-width: 480px) 480px, (min-width: 481px) 900px, 100vw\" \/><\/p>\n<div class=\"magic-13\">\n<div class=\"magic-14\">\n<p><strong>FAQ<\/strong><\/p>\n<hr \/>\n<\/div>\n<\/div>\n<p><strong>Q\u00a0:\u00a0Quel est votre MOQ\u00a0?<\/strong><\/p>\n<p>R : Notre MOQ est de 1 carton.<\/p>\n<p><strong>Q\u00a0:\u00a0Qu\u2019en est-il de votre paiement\u00a0?<\/strong><\/p>\n<p>R : d\u00e9p\u00f4t de 50% \u00e0 l'avance, solde de 50% par T\/T, L\/C, paypal, Western Union ou bien avant exp\u00e9dition.<\/p>\n<p><strong>Q : Fournissez-vous des \u00e9chantillons ?<\/strong><\/p>\n<p>R : Oui, vous pouvez acheter un \u00e9chantillon pour le tester.<\/p>\n<p><strong>Q : Qu'en est-il de votre d\u00e9lai de livraison ?<\/strong><\/p>\n<p>R\u00a0:\u00a0Habituellement 15 jours apr\u00e8s r\u00e9ception de votre d\u00e9p\u00f4t.<\/p>\n<\/div>\n<\/div>\n","protected":false},"excerpt":{"rendered":"<p>La surface du tampon de polissage en \u00e9ponge est divis\u00e9e en plusieurs blocs triangulaires ind\u00e9pendants selon un motif argyle, ce qui acc\u00e9l\u00e8re le flux d'air entre l'\u00e9ponge et la surface de la peinture de construction, acc\u00e9l\u00e8re la dissipation thermique et am\u00e9liore l'efficacit\u00e9 de coupe. Utilis\u00e9 avec le compos\u00e9 de polissage SYBON peut atteindre le meilleur effet de polissage.<\/p>\n","protected":false},"featured_media":1737,"template":"","meta":{"_et_pb_use_builder":"","_et_pb_old_content":"","_et_gb_content_width":""},"product_brand":[],"product_cat":[56,65],"product_tag":[854,855],"class_list":{"0":"post-1730","1":"product","2":"type-product","3":"status-publish","4":"has-post-thumbnail","6":"product_cat-serie-dentretien-automobile","7":"product_cat-tampon-de-polissage-en-mousse","8":"product_tag-kit-de-polissage-et-de-polissage-automatique","9":"product_tag-tampon-de-polissage-automatique-triangulaire","11":"first","12":"instock","13":"shipping-taxable","14":"product-type-simple"},"_links":{"self":[{"href":"https:\/\/www.supersybon.com\/fr\/wp-json\/wp\/v2\/product\/1730","targetHints":{"allow":["GET"]}}],"collection":[{"href":"https:\/\/www.supersybon.com\/fr\/wp-json\/wp\/v2\/product"}],"about":[{"href":"https:\/\/www.supersybon.com\/fr\/wp-json\/wp\/v2\/types\/product"}],"wp:featuredmedia":[{"embeddable":true,"href":"https:\/\/www.supersybon.com\/fr\/wp-json\/wp\/v2\/media\/1737"}],"wp:attachment":[{"href":"https:\/\/www.supersybon.com\/fr\/wp-json\/wp\/v2\/media?parent=1730"}],"wp:term":[{"taxonomy":"product_brand","embeddable":true,"href":"https:\/\/www.supersybon.com\/fr\/wp-json\/wp\/v2\/product_brand?post=1730"},{"taxonomy":"product_cat","embeddable":true,"href":"https:\/\/www.supersybon.com\/fr\/wp-json\/wp\/v2\/product_cat?post=1730"},{"taxonomy":"product_tag","embeddable":true,"href":"https:\/\/www.supersybon.com\/fr\/wp-json\/wp\/v2\/product_tag?post=1730"}],"curies":[{"name":"wp","href":"https:\/\/api.w.org\/{rel}","templated":true}]}}