{"id":1715,"date":"2022-11-07T14:14:19","date_gmt":"2022-11-07T06:14:19","guid":{"rendered":"https:\/\/www.supersybon.com\/fr\/?post_type=product&#038;p=1715"},"modified":"2023-09-18T18:29:40","modified_gmt":"2023-09-18T10:29:40","slug":"s001g-6-inch-150mm-tampon-de-polissage-en-mousse-a-double-action-a-bord-biseaute-a-surface-plane","status":"publish","type":"product","link":"https:\/\/www.supersybon.com\/fr\/product\/s001g-6-inch-150mm-tampon-de-polissage-en-mousse-a-double-action-a-bord-biseaute-a-surface-plane","title":{"rendered":"S001G 6 inch 150mm Tampon de polissage en mousse \u00e0 double action \u00e0 bord biseaut\u00e9 \u00e0 surface plane pour l'entretien de la voiture"},"content":{"rendered":"<p><img decoding=\"async\" class=\"aligncenter size-full wp-image-1717\" src=\"https:\/\/www.supersybon.com\/fr\/wp-content\/uploads\/2022\/11\/1667804100-S001G-Buffing-Pads-Vehicle-Polishing-Sponge-Quality-3Step-Polishing-Pad-And-Cutting-Pad-Orange.jpg\" alt=\"\" width=\"900\" height=\"364\" srcset=\"https:\/\/www.supersybon.com\/fr\/wp-content\/uploads\/2022\/11\/1667804100-S001G-Buffing-Pads-Vehicle-Polishing-Sponge-Quality-3Step-Polishing-Pad-And-Cutting-Pad-Orange.jpg 900w, https:\/\/www.supersybon.com\/fr\/wp-content\/uploads\/2022\/11\/1667804100-S001G-Buffing-Pads-Vehicle-Polishing-Sponge-Quality-3Step-Polishing-Pad-And-Cutting-Pad-Orange-480x194.jpg 480w\" sizes=\"(min-width: 0px) and (max-width: 480px) 480px, (min-width: 481px) 900px, 100vw\" \/><\/p>\n<div class=\"magic-13\">\n<div class=\"magic-14\">\n<div class=\"magic-9\">\n<div class=\"magic-10\">\n<p>&nbsp;<\/p>\n<\/div>\n<\/div>\n<\/div>\n<\/div>\n<div class=\"magic-13\">\n<div class=\"magic-14\">\n<p>&nbsp;<\/p>\n<h2><strong>S001G 6 inch 150mm Tampon de polissage en mousse \u00e0 double action \u00e0 bord biseaut\u00e9 \u00e0 surface plane pour l'entretien de la voiture<\/strong><\/h2>\n<p><strong>Caract\u00e9ristiques:<\/strong><\/p>\n<p>1. Con\u00e7u pour le polissage rotatif et DA.<\/p>\n<p>2. R\u00e9duire les \u00e9claboussures de vernis et r\u00e9duire l'accumulation de chaleur.<\/p>\n<p>3. R\u00e9duisez les vibrations et offrez une manipulation plus fluide.<\/p>\n<p>4. R\u00e9siste aux temp\u00e9ratures \u00e9lev\u00e9es et au lavage \u00e0 l'eau.<\/p>\n<p>5. Fonctionne parfaitement avec la polisseuse DA.<\/p>\n<p><strong>Application de couleur\u00a0:<\/strong><\/p>\n<p>1. La mousse verte \u00e0 coupe haute a une action de coupe intensive qui \u00e9liminera les rayures profondes, les pulv\u00e9risations excessives, les marques de tourbillon s\u00e9v\u00e8res, les marques de disque de pon\u00e7age 1500 # et l'oxydation importante lorsqu'elle est utilis\u00e9e en conjonction avec des compos\u00e9s de polissage lourds.<\/p>\n<p>2. La mousse marron est appliqu\u00e9e en coupe moyenne. Appliqu\u00e9 de forme ronde classique et ajout\u00e9 une couche de renfort pour une plus grande durabilit\u00e9, ce tampon de polissage peut \u00eatre install\u00e9 sur la polisseuse DA et utilis\u00e9 avec un d\u00e9tergent de polissage, etc. pour restaurer des rayures profondes et \u00e9paisses sur la peinture de voiture.<\/p>\n<p>3. La mousse orange a une action de coupe mod\u00e9r\u00e9e qui \u00e9liminera les rayures de sable 1500\/2000 #, les pulv\u00e9risations excessives et les imperfections de surface lorsqu'elle est utilis\u00e9e avec des compos\u00e9s de polissage.<\/p>\n<p>4. La mousse bleue est universelle et polyvalente, elle a une action de coupe l\u00e9g\u00e8re et \u00e9liminera les rayures et les marques de tourbillon tout en laissant une surface plane et lisse, peut \u00eatre utilis\u00e9e en conjonction avec des compos\u00e9s de polissage lourds ou des compos\u00e9s micro-fins.<\/p>\n<p>5. La mousse noire\/rouge a une action nettoyante tr\u00e8s l\u00e9g\u00e8re pour \u00e9liminer les marques de tourbillon ultra-fines, les rayures de lavage de voiture et le voile, laissant une finition brillante sans tourbillon lorsqu'elle est utilis\u00e9e conjointement avec des vernis de finition.<\/p>\n<p>6. Le tampon en mousse blanche est un tampon de finition pour appliquer des vernis fins, des vernis, des cires et des mastics synth\u00e9tiques. Le tampon en mousse blanche finira parfaitement sur n'importe quel syst\u00e8me de peinture, cr\u00e9ant une finition exceptionnellement brillante digne d'un show car.<\/p>\n<p><img decoding=\"async\" class=\"aligncenter size-full wp-image-1722\" src=\"https:\/\/www.supersybon.com\/fr\/wp-content\/uploads\/2022\/11\/1667804512-S001G-Hot-Selling-Car-Polisher-Sponge-Polishing-Pad-Kit-6-Inch-For-Car-Care-Polisher.jpg\" alt=\"\" width=\"750\" height=\"750\" srcset=\"https:\/\/www.supersybon.com\/fr\/wp-content\/uploads\/2022\/11\/1667804512-S001G-Hot-Selling-Car-Polisher-Sponge-Polishing-Pad-Kit-6-Inch-For-Car-Care-Polisher.jpg 750w, https:\/\/www.supersybon.com\/fr\/wp-content\/uploads\/2022\/11\/1667804512-S001G-Hot-Selling-Car-Polisher-Sponge-Polishing-Pad-Kit-6-Inch-For-Car-Care-Polisher-480x480.jpg 480w\" sizes=\"(min-width: 0px) and (max-width: 480px) 480px, (min-width: 481px) 750px, 100vw\" \/><\/p>\n<\/div>\n<\/div>\n<div class=\"magic-13\">\n<div class=\"magic-14\">\n<div class=\"magic-9\">\n<div class=\"magic-10\">\n<p><img decoding=\"async\" class=\"aligncenter size-full wp-image-1718\" src=\"https:\/\/www.supersybon.com\/fr\/wp-content\/uploads\/2022\/11\/1667804368-S001G-Medium-Cut-Machine-Car-Polishing-Pads-5-Polishing-Pads-180Mm-Cutting-Pad-Polish.jpg\" alt=\"\" width=\"750\" height=\"750\" srcset=\"https:\/\/www.supersybon.com\/fr\/wp-content\/uploads\/2022\/11\/1667804368-S001G-Medium-Cut-Machine-Car-Polishing-Pads-5-Polishing-Pads-180Mm-Cutting-Pad-Polish.jpg 750w, https:\/\/www.supersybon.com\/fr\/wp-content\/uploads\/2022\/11\/1667804368-S001G-Medium-Cut-Machine-Car-Polishing-Pads-5-Polishing-Pads-180Mm-Cutting-Pad-Polish-480x480.jpg 480w\" sizes=\"(min-width: 0px) and (max-width: 480px) 480px, (min-width: 481px) 750px, 100vw\" \/><\/p>\n<p><img decoding=\"async\" class=\"aligncenter size-full wp-image-1719\" src=\"https:\/\/www.supersybon.com\/fr\/wp-content\/uploads\/2022\/11\/1667804417-S001G-Car-Polishing-Sponge-Pad-Heavy-Cut-Buffing-Pad-Sponge-Polisher-Set-5.jpg\" alt=\"\" width=\"750\" height=\"750\" srcset=\"https:\/\/www.supersybon.com\/fr\/wp-content\/uploads\/2022\/11\/1667804417-S001G-Car-Polishing-Sponge-Pad-Heavy-Cut-Buffing-Pad-Sponge-Polisher-Set-5.jpg 750w, https:\/\/www.supersybon.com\/fr\/wp-content\/uploads\/2022\/11\/1667804417-S001G-Car-Polishing-Sponge-Pad-Heavy-Cut-Buffing-Pad-Sponge-Polisher-Set-5-480x480.jpg 480w\" sizes=\"(min-width: 0px) and (max-width: 480px) 480px, (min-width: 481px) 750px, 100vw\" \/><\/p>\n<p><img decoding=\"async\" class=\"aligncenter size-full wp-image-1720\" src=\"https:\/\/www.supersybon.com\/fr\/wp-content\/uploads\/2022\/11\/1667804439-S001G-Pad-Cut-Finish-Car-Polisher-Pads-150Mm-Yellow-Foam-Da-Car-Detailing-5-Inch-Foam-Buffing-Pads.jpg\" alt=\"\" width=\"750\" height=\"750\" srcset=\"https:\/\/www.supersybon.com\/fr\/wp-content\/uploads\/2022\/11\/1667804439-S001G-Pad-Cut-Finish-Car-Polisher-Pads-150Mm-Yellow-Foam-Da-Car-Detailing-5-Inch-Foam-Buffing-Pads.jpg 750w, https:\/\/www.supersybon.com\/fr\/wp-content\/uploads\/2022\/11\/1667804439-S001G-Pad-Cut-Finish-Car-Polisher-Pads-150Mm-Yellow-Foam-Da-Car-Detailing-5-Inch-Foam-Buffing-Pads-480x480.jpg 480w\" sizes=\"(min-width: 0px) and (max-width: 480px) 480px, (min-width: 481px) 750px, 100vw\" \/><\/p>\n<p><img decoding=\"async\" class=\"aligncenter size-full wp-image-1721\" src=\"https:\/\/www.supersybon.com\/fr\/wp-content\/uploads\/2022\/11\/1667804490-S001G-High-Quality-6-Advanced-Automotive-Buffing-Sponge-Foam-Polishing-Pad.jpg\" alt=\"\" width=\"750\" height=\"750\" srcset=\"https:\/\/www.supersybon.com\/fr\/wp-content\/uploads\/2022\/11\/1667804490-S001G-High-Quality-6-Advanced-Automotive-Buffing-Sponge-Foam-Polishing-Pad.jpg 750w, https:\/\/www.supersybon.com\/fr\/wp-content\/uploads\/2022\/11\/1667804490-S001G-High-Quality-6-Advanced-Automotive-Buffing-Sponge-Foam-Polishing-Pad-480x480.jpg 480w\" sizes=\"(min-width: 0px) and (max-width: 480px) 480px, (min-width: 481px) 750px, 100vw\" \/><\/p>\n<p><img decoding=\"async\" class=\"aligncenter size-full wp-image-1723\" src=\"https:\/\/www.supersybon.com\/fr\/wp-content\/uploads\/2022\/11\/1667804553-S001G-6-Foam-Polishing-Disc-Hot-Selling-Car-Polishing-Pad-Detailing-Car-Refinishing-Sponge-Pad.jpg\" alt=\"\" width=\"750\" height=\"750\" srcset=\"https:\/\/www.supersybon.com\/fr\/wp-content\/uploads\/2022\/11\/1667804553-S001G-6-Foam-Polishing-Disc-Hot-Selling-Car-Polishing-Pad-Detailing-Car-Refinishing-Sponge-Pad.jpg 750w, https:\/\/www.supersybon.com\/fr\/wp-content\/uploads\/2022\/11\/1667804553-S001G-6-Foam-Polishing-Disc-Hot-Selling-Car-Polishing-Pad-Detailing-Car-Refinishing-Sponge-Pad-480x480.jpg 480w\" sizes=\"(min-width: 0px) and (max-width: 480px) 480px, (min-width: 481px) 750px, 100vw\" \/><\/p>\n<p><img decoding=\"async\" class=\"aligncenter size-full wp-image-1724\" src=\"https:\/\/www.supersybon.com\/fr\/wp-content\/uploads\/2022\/11\/1667804572-S001G-Car-Polishing-Pads-Round-Shape-Auto-Polisher-Buffer-Pads-Kit-6-Inch-150Mm-Sponge-Polishing-Pad.jpg\" alt=\"\" width=\"750\" height=\"750\" srcset=\"https:\/\/www.supersybon.com\/fr\/wp-content\/uploads\/2022\/11\/1667804572-S001G-Car-Polishing-Pads-Round-Shape-Auto-Polisher-Buffer-Pads-Kit-6-Inch-150Mm-Sponge-Polishing-Pad.jpg 750w, https:\/\/www.supersybon.com\/fr\/wp-content\/uploads\/2022\/11\/1667804572-S001G-Car-Polishing-Pads-Round-Shape-Auto-Polisher-Buffer-Pads-Kit-6-Inch-150Mm-Sponge-Polishing-Pad-480x480.jpg 480w\" sizes=\"(min-width: 0px) and (max-width: 480px) 480px, (min-width: 481px) 750px, 100vw\" \/><\/p>\n<p>&nbsp;<\/p>\n<p>&nbsp;<\/p>\n<p><strong>Emballage et service du produit<\/strong><\/p>\n<hr \/>\n<p><strong>EMBALLER:<\/strong><\/p>\n<p>100 pi\u00e8ces\/carton.<\/p>\n<div data-spm-anchor-id=\"a2700.details.0.i37.625d2e9eLtZffL\">\n<p>&nbsp;<\/p>\n<\/div>\n<div class=\"magic-13\">\n<div class=\"magic-14\">\n<div class=\"magic-9\">\n<div class=\"magic-10\">\n<div class=\"magic-13\">\n<div class=\"magic-14\">\n<div data-spm-anchor-id=\"a2700.details.0.i37.625d2e9eLtZffL\">\n<p>&nbsp;<\/p>\n<\/div>\n<\/div>\n<\/div>\n<\/div>\n<\/div>\n<\/div>\n<\/div>\n<div class=\"magic-13\">\n<div class=\"magic-14\">\n<div data-spm-anchor-id=\"a2700.details.0.i37.625d2e9eLtZffL\">\n<p><strong>NOTRE SERVICE:<\/strong><\/p>\n<p>1.24 heures en ligne<\/p>\n<p>2. Prix comp\u00e9titif<\/p>\n<p>3. Excellents commentaires du client<\/p>\n<p>4. Commande en ligne s\u00e9curis\u00e9e<\/p>\n<p>5. livraison rapide<\/p>\n<p>6. support technique professionnel<\/p>\n<\/div>\n<\/div>\n<\/div>\n<\/div>\n<\/div>\n<\/div>\n<\/div>\n<div class=\"magic-13\">\n<div class=\"magic-14\">\n<div class=\"magic-13\">\n<div class=\"magic-14\">\n<div class=\"magic-9\">\n<div class=\"magic-10\">\n<div class=\"magic-13\">\n<div class=\"magic-14\">\n<div data-spm-anchor-id=\"a2700.details.0.i37.625d2e9eLtZffL\">\n<div class=\"magic-13\">\n<div class=\"magic-14\">\n<div class=\"magic-13\">\n<div class=\"magic-14\">\n<div class=\"magic-9\">\n<div class=\"magic-10\">\n<div class=\"magic-13\">\n<div class=\"magic-14\">\n<div data-spm-anchor-id=\"a2700.details.0.i37.625d2e9eLtZffL\">\n<div class=\"magic-13\">\n<div class=\"magic-14\">\n<p>&nbsp;<\/p>\n<\/div>\n<\/div>\n<\/div>\n<\/div>\n<\/div>\n<\/div>\n<\/div>\n<\/div>\n<\/div>\n<div class=\"magic-13\">\n<div class=\"magic-14\">\n<p>&nbsp;<\/p>\n<\/div>\n<\/div>\n<\/div>\n<\/div>\n<\/div>\n<\/div>\n<\/div>\n<\/div>\n<\/div>\n<\/div>\n<\/div>\n<div class=\"magic-13\">\n<div class=\"magic-14\">\n<p><strong>Profil de l'entreprise<\/strong><\/p>\n<hr \/>\n<p>&nbsp;<\/p>\n<\/div>\n<\/div>\n<p><img decoding=\"async\" class=\"aligncenter size-full wp-image-324\" src=\"https:\/\/www.supersybon.com\/fr\/wp-content\/uploads\/2022\/09\/1663401769-Car-Paint-Supplier-Company-Profile-Manufacturer-China.jpg\" alt=\"\" width=\"900\" height=\"958\" srcset=\"https:\/\/www.supersybon.com\/fr\/wp-content\/uploads\/2022\/09\/1663401769-Car-Paint-Supplier-Company-Profile-Manufacturer-China.jpg 900w, https:\/\/www.supersybon.com\/fr\/wp-content\/uploads\/2022\/09\/1663401769-Car-Paint-Supplier-Company-Profile-Manufacturer-China-480x511.jpg 480w\" sizes=\"(min-width: 0px) and (max-width: 480px) 480px, (min-width: 481px) 900px, 100vw\" \/><\/p>\n<div class=\"magic-13\">\n<div class=\"magic-14\">\n<p><strong>FAQ<\/strong><\/p>\n<hr \/>\n<\/div>\n<\/div>\n<p><strong>Q\u00a0:\u00a0Quel est votre MOQ\u00a0?<\/strong><\/p>\n<p>R : Notre MOQ est de 1 carton.<\/p>\n<p><strong>Q\u00a0:\u00a0Qu\u2019en est-il de votre paiement\u00a0?<\/strong><\/p>\n<p>R : d\u00e9p\u00f4t de 50% \u00e0 l'avance, solde de 50% par T\/T, L\/C, paypal, Western Union ou bien avant exp\u00e9dition.<\/p>\n<p><strong>Q : Fournissez-vous des \u00e9chantillons ?<\/strong><\/p>\n<p>R : Oui, vous pouvez acheter un \u00e9chantillon pour le tester.<\/p>\n<p><strong>Q : Qu'en est-il de votre d\u00e9lai de livraison ?<\/strong><\/p>\n<p>R\u00a0:\u00a0Habituellement 15 jours apr\u00e8s r\u00e9ception de votre d\u00e9p\u00f4t.<\/p>\n<\/div>\n<\/div>\n","protected":false},"excerpt":{"rendered":"<p>1. Con\u00e7u pour le polissage rotatif et DA.<br \/>\n2. R\u00e9duire les \u00e9claboussures de vernis et r\u00e9duire l'accumulation de chaleur.<br \/>\n3. R\u00e9duisez les vibrations et offrez une manipulation plus fluide.<br \/>\n4. R\u00e9siste aux temp\u00e9ratures \u00e9lev\u00e9es et au lavage \u00e0 l'eau.<br \/>\n5. Fonctionne parfaitement avec la polisseuse DA.<\/p>\n","protected":false},"featured_media":1725,"template":"","meta":{"_et_pb_use_builder":"","_et_pb_old_content":"","_et_gb_content_width":""},"product_brand":[],"product_cat":[56,65],"product_tag":[853,852],"class_list":{"0":"post-1715","1":"product","2":"type-product","3":"status-publish","4":"has-post-thumbnail","6":"product_cat-serie-dentretien-automobile","7":"product_cat-tampon-de-polissage-en-mousse","8":"product_tag-tampon-de-polissage-a-bords-biseautes-a-surface-plane","9":"product_tag-tampon-de-polissage-en-mousse-double-action","11":"first","12":"instock","13":"shipping-taxable","14":"product-type-simple"},"_links":{"self":[{"href":"https:\/\/www.supersybon.com\/fr\/wp-json\/wp\/v2\/product\/1715","targetHints":{"allow":["GET"]}}],"collection":[{"href":"https:\/\/www.supersybon.com\/fr\/wp-json\/wp\/v2\/product"}],"about":[{"href":"https:\/\/www.supersybon.com\/fr\/wp-json\/wp\/v2\/types\/product"}],"wp:featuredmedia":[{"embeddable":true,"href":"https:\/\/www.supersybon.com\/fr\/wp-json\/wp\/v2\/media\/1725"}],"wp:attachment":[{"href":"https:\/\/www.supersybon.com\/fr\/wp-json\/wp\/v2\/media?parent=1715"}],"wp:term":[{"taxonomy":"product_brand","embeddable":true,"href":"https:\/\/www.supersybon.com\/fr\/wp-json\/wp\/v2\/product_brand?post=1715"},{"taxonomy":"product_cat","embeddable":true,"href":"https:\/\/www.supersybon.com\/fr\/wp-json\/wp\/v2\/product_cat?post=1715"},{"taxonomy":"product_tag","embeddable":true,"href":"https:\/\/www.supersybon.com\/fr\/wp-json\/wp\/v2\/product_tag?post=1715"}],"curies":[{"name":"wp","href":"https:\/\/api.w.org\/{rel}","templated":true}]}}