{"id":1578,"date":"2022-11-02T17:03:59","date_gmt":"2022-11-02T09:03:59","guid":{"rendered":"https:\/\/www.supersybon.com\/fr\/?post_type=product&#038;p=1578"},"modified":"2023-09-18T16:40:38","modified_gmt":"2023-09-18T08:40:38","slug":"s804-coussinet-de-barre-dargile","status":"publish","type":"product","link":"https:\/\/www.supersybon.com\/fr\/product\/s804-coussinet-de-barre-dargile","title":{"rendered":"S804 6 Pouce synth\u00e9tique coussinet de barre d'argile pour polisseuse DA et polisseuse rotative pour les barres d'argile de d\u00e9tail de voiture"},"content":{"rendered":"<p><img decoding=\"async\" class=\"aligncenter size-full wp-image-1579\" src=\"https:\/\/www.supersybon.com\/fr\/wp-content\/uploads\/2022\/11\/1667380912-S804-150mm-Fine-Grade-Clay-Pad-Foam-Pad-For-Car-Detailing-Tool-Detailing-Kit-Car-Cleaning.jpg\" alt=\"\" width=\"900\" height=\"364\" srcset=\"https:\/\/www.supersybon.com\/fr\/wp-content\/uploads\/2022\/11\/1667380912-S804-150mm-Fine-Grade-Clay-Pad-Foam-Pad-For-Car-Detailing-Tool-Detailing-Kit-Car-Cleaning.jpg 900w, https:\/\/www.supersybon.com\/fr\/wp-content\/uploads\/2022\/11\/1667380912-S804-150mm-Fine-Grade-Clay-Pad-Foam-Pad-For-Car-Detailing-Tool-Detailing-Kit-Car-Cleaning-480x194.jpg 480w\" sizes=\"(min-width: 0px) and (max-width: 480px) 480px, (min-width: 481px) 900px, 100vw\" \/><\/p>\n<p>&nbsp;<\/p>\n<h2 style=\"text-align: left;\"><strong>S804 6 Pouce synth\u00e9tique coussinet de barre d'argile pour polisseuse DA et polisseuse rotative pour les barres d'argile de d\u00e9tail de voiture<\/strong><\/h2>\n<p><strong>Avantage:<\/strong><\/p>\n<p>1. Des nano-ingr\u00e9dients sp\u00e9ciaux se combinent avec la polisseuse pneumatique, une vitesse rapide, une forte capacit\u00e9 de nettoyage, pour obtenir le meilleur effet de nettoyage.<\/p>\n<p>2. Les tampons de polissage peuvent \u00eatre utilis\u00e9s dans les machines de polissage pneumatiques ou \u00e9lectriques et dans de nombreux outils rotatifs ou \u00e0 orbite al\u00e9atoire.<\/p>\n<p>3. Facile \u00e0 utiliser. Vous pouvez changer les tampons en quelques secondes seulement. L'arri\u00e8re du disque est dot\u00e9 de velcro, vous pouvez donc facilement changer le tampon tampon.<\/p>\n<p>4. Lavable et durable, un tampon peut \u00eatre utilis\u00e9 plusieurs fois.<\/p>\n<p>5. Surfaces polies \u00e0 leur plus brillant sans causer de dommages.<\/p>\n<p>6. En utilisant du liquide de polissage, de la p\u00e2te, de la poudre, vous pouvez obtenir un meilleur effet.<\/p>\n<p>7. Peut \u00e9tablir une barri\u00e8re protectrice pour l'apparence des meubles et des v\u00e9hicules contre les attaques hostiles de l'environnement.<\/p>\n<p>8. Haute qualit\u00e9, pratique et efficace, parfait pour l'\u00e9limination des rayures et des d\u00e9fauts.<\/p>\n<p><img decoding=\"async\" class=\"aligncenter size-full wp-image-1586\" src=\"https:\/\/www.supersybon.com\/fr\/wp-content\/uploads\/2022\/11\/1667381240-S804-150mm-Fine-Grade-Da-Polisher-Clay-Disc-Foam-Surface-Prep-Pad-Pneumatic-Clay-Applicator-Detailing-Autoscrub-Pad.jpg\" alt=\"\" width=\"750\" height=\"750\" srcset=\"https:\/\/www.supersybon.com\/fr\/wp-content\/uploads\/2022\/11\/1667381240-S804-150mm-Fine-Grade-Da-Polisher-Clay-Disc-Foam-Surface-Prep-Pad-Pneumatic-Clay-Applicator-Detailing-Autoscrub-Pad.jpg 750w, https:\/\/www.supersybon.com\/fr\/wp-content\/uploads\/2022\/11\/1667381240-S804-150mm-Fine-Grade-Da-Polisher-Clay-Disc-Foam-Surface-Prep-Pad-Pneumatic-Clay-Applicator-Detailing-Autoscrub-Pad-480x480.jpg 480w\" sizes=\"(min-width: 0px) and (max-width: 480px) 480px, (min-width: 481px) 750px, 100vw\" \/><\/p>\n<p><img decoding=\"async\" class=\"aligncenter size-full wp-image-1580\" src=\"https:\/\/www.supersybon.com\/fr\/wp-content\/uploads\/2022\/11\/1667380936-S804-Special-Nano-Ingredients-Fast-Speed-Strong-Cleaning-Ability-Buffing-Pads-Magic-Clay-Pad.jpg\" alt=\"\" width=\"750\" height=\"750\" srcset=\"https:\/\/www.supersybon.com\/fr\/wp-content\/uploads\/2022\/11\/1667380936-S804-Special-Nano-Ingredients-Fast-Speed-Strong-Cleaning-Ability-Buffing-Pads-Magic-Clay-Pad.jpg 750w, https:\/\/www.supersybon.com\/fr\/wp-content\/uploads\/2022\/11\/1667380936-S804-Special-Nano-Ingredients-Fast-Speed-Strong-Cleaning-Ability-Buffing-Pads-Magic-Clay-Pad-480x480.jpg 480w\" sizes=\"(min-width: 0px) and (max-width: 480px) 480px, (min-width: 481px) 750px, 100vw\" \/><\/p>\n<p><img decoding=\"async\" class=\"aligncenter size-full wp-image-1581\" src=\"https:\/\/www.supersybon.com\/fr\/wp-content\/uploads\/2022\/11\/1667380952-S804-6-Da-Polisher-Pad-Pneumatic-Clay-Disc-Foam-Pad-For-Car-Detailing-Tool-Detailing-Kit-Car-Cleaning.jpg\" alt=\"\" width=\"750\" height=\"750\" srcset=\"https:\/\/www.supersybon.com\/fr\/wp-content\/uploads\/2022\/11\/1667380952-S804-6-Da-Polisher-Pad-Pneumatic-Clay-Disc-Foam-Pad-For-Car-Detailing-Tool-Detailing-Kit-Car-Cleaning.jpg 750w, https:\/\/www.supersybon.com\/fr\/wp-content\/uploads\/2022\/11\/1667380952-S804-6-Da-Polisher-Pad-Pneumatic-Clay-Disc-Foam-Pad-For-Car-Detailing-Tool-Detailing-Kit-Car-Cleaning-480x480.jpg 480w\" sizes=\"(min-width: 0px) and (max-width: 480px) 480px, (min-width: 481px) 750px, 100vw\" \/><\/p>\n<p><img decoding=\"async\" class=\"aligncenter size-full wp-image-1582\" src=\"https:\/\/www.supersybon.com\/fr\/wp-content\/uploads\/2022\/11\/1667380973-S804-Fine-Grade-Car-Detailing-Wash-Clay-Sponge-Car-Cleaning-Clay-Bar-Scrub-Pad.jpg\" alt=\"\" width=\"750\" height=\"750\" srcset=\"https:\/\/www.supersybon.com\/fr\/wp-content\/uploads\/2022\/11\/1667380973-S804-Fine-Grade-Car-Detailing-Wash-Clay-Sponge-Car-Cleaning-Clay-Bar-Scrub-Pad.jpg 750w, https:\/\/www.supersybon.com\/fr\/wp-content\/uploads\/2022\/11\/1667380973-S804-Fine-Grade-Car-Detailing-Wash-Clay-Sponge-Car-Cleaning-Clay-Bar-Scrub-Pad-480x480.jpg 480w\" sizes=\"(min-width: 0px) and (max-width: 480px) 480px, (min-width: 481px) 750px, 100vw\" \/><\/p>\n<p><img decoding=\"async\" class=\"aligncenter size-full wp-image-1583\" src=\"https:\/\/www.supersybon.com\/fr\/wp-content\/uploads\/2022\/11\/1667380987-S804-150mm-Foam-Polishing-Auto-Sponge-Applicator-Car-Clay-Bar-Detailing-Pad.jpg\" alt=\"\" width=\"750\" height=\"750\" srcset=\"https:\/\/www.supersybon.com\/fr\/wp-content\/uploads\/2022\/11\/1667380987-S804-150mm-Foam-Polishing-Auto-Sponge-Applicator-Car-Clay-Bar-Detailing-Pad.jpg 750w, https:\/\/www.supersybon.com\/fr\/wp-content\/uploads\/2022\/11\/1667380987-S804-150mm-Foam-Polishing-Auto-Sponge-Applicator-Car-Clay-Bar-Detailing-Pad-480x480.jpg 480w\" sizes=\"(min-width: 0px) and (max-width: 480px) 480px, (min-width: 481px) 750px, 100vw\" \/><\/p>\n<p>&nbsp;<\/p>\n<p><img decoding=\"async\" class=\"aligncenter size-full wp-image-1587\" src=\"https:\/\/www.supersybon.com\/fr\/wp-content\/uploads\/2022\/11\/1667381349-S804-Premium-Clay-Pad-Medium-Grade-6-Orbital-Clay-Bar-Disk-Foam-Polisher-Pad-For-Car-Detailing.png\" alt=\"\" width=\"959\" height=\"774\" srcset=\"https:\/\/www.supersybon.com\/fr\/wp-content\/uploads\/2022\/11\/1667381349-S804-Premium-Clay-Pad-Medium-Grade-6-Orbital-Clay-Bar-Disk-Foam-Polisher-Pad-For-Car-Detailing.png 959w, https:\/\/www.supersybon.com\/fr\/wp-content\/uploads\/2022\/11\/1667381349-S804-Premium-Clay-Pad-Medium-Grade-6-Orbital-Clay-Bar-Disk-Foam-Polisher-Pad-For-Car-Detailing-480x387.png 480w\" sizes=\"(min-width: 0px) and (max-width: 480px) 480px, (min-width: 481px) 959px, 100vw\" \/><\/p>\n<p><strong>Emballage et service du produit<\/strong><\/p>\n<hr \/>\n<p><strong>Emballer:<\/strong><\/p>\n<p>1 pi\u00e8ce\/sac PE, 180 pi\u00e8ces\/ctn.<\/p>\n<p>&nbsp;<\/p>\n<p>&nbsp;<\/p>\n<p><strong>Notre service:<\/strong><\/p>\n<p>1.24 heures en ligne<\/p>\n<p>2. Prix comp\u00e9titif<\/p>\n<p>3. Excellents commentaires du client<\/p>\n<p>4. Commande en ligne s\u00e9curis\u00e9e<\/p>\n<p>5. livraison rapide<\/p>\n<p>6. support technique professionnel<\/p>\n<div class=\"magic-13\">\n<div class=\"magic-14\">\n<p>&nbsp;<\/p>\n<p><strong>Profil de l'entreprise<\/strong><\/p>\n<hr \/>\n<p><img decoding=\"async\" class=\"aligncenter size-full wp-image-324\" src=\"https:\/\/www.supersybon.com\/fr\/wp-content\/uploads\/2022\/09\/1663401769-Car-Paint-Supplier-Company-Profile-Manufacturer-China.jpg\" alt=\"\" width=\"900\" height=\"958\" srcset=\"https:\/\/www.supersybon.com\/fr\/wp-content\/uploads\/2022\/09\/1663401769-Car-Paint-Supplier-Company-Profile-Manufacturer-China.jpg 900w, https:\/\/www.supersybon.com\/fr\/wp-content\/uploads\/2022\/09\/1663401769-Car-Paint-Supplier-Company-Profile-Manufacturer-China-480x511.jpg 480w\" sizes=\"(min-width: 0px) and (max-width: 480px) 480px, (min-width: 481px) 900px, 100vw\" \/><\/p>\n<p><strong>FAQ<\/strong><\/p>\n<hr \/>\n<p><strong>Q\u00a0:\u00a0Quel est votre MOQ\u00a0?<\/strong><\/p>\n<p>R : Notre MOQ est de 1 carton.<\/p>\n<p><strong>Q\u00a0:\u00a0Qu\u2019en est-il de votre paiement\u00a0?<\/strong><\/p>\n<p>R : d\u00e9p\u00f4t de 50% \u00e0 l'avance, solde de 50% par T\/T, L\/C, paypal, Western Union ou bien avant exp\u00e9dition.<\/p>\n<p><strong>Q : Fournissez-vous des \u00e9chantillons ?<\/strong><\/p>\n<p>R : Oui, vous pouvez acheter un \u00e9chantillon pour le tester.<\/p>\n<p><strong>Q : Qu'en est-il de votre d\u00e9lai de livraison ?<\/strong><\/p>\n<p>R\u00a0:\u00a0Habituellement 15 jours apr\u00e8s r\u00e9ception de votre d\u00e9p\u00f4t.<\/p>\n<\/div>\n<\/div>\n","protected":false},"excerpt":{"rendered":"<p>1. Des nano-ingr\u00e9dients sp\u00e9ciaux se combinent avec la polisseuse pneumatique, une vitesse rapide, une forte capacit\u00e9 de nettoyage, pour obtenir le meilleur effet de nettoyage.<br \/>\n2. Les tampons de polissage peuvent \u00eatre utilis\u00e9s dans les machines de polissage pneumatiques ou \u00e9lectriques et dans de nombreux outils rotatifs ou \u00e0 orbite al\u00e9atoire.<br \/>\n3. Facile \u00e0 utiliser. Vous pouvez changer les tampons en quelques secondes seulement. L'arri\u00e8re du disque est dot\u00e9 de velcro, vous pouvez donc facilement changer le tampon tampon.<br \/>\n4. Lavable et durable, un tampon peut \u00eatre utilis\u00e9 plusieurs fois.<br \/>\n5. Surfaces polies \u00e0 leur plus brillant sans causer de dommages.<br \/>\n6. En utilisant du liquide de polissage, de la p\u00e2te, de la poudre, vous pouvez obtenir un meilleur effet.<br \/>\n7. Peut \u00e9tablir une barri\u00e8re protectrice pour l'apparence des meubles et des v\u00e9hicules contre les attaques hostiles de l'environnement.<br \/>\n8. Haute qualit\u00e9, pratique et efficace, parfait pour l'\u00e9limination des rayures et des d\u00e9fauts.<\/p>\n","protected":false},"featured_media":1584,"template":"","meta":{"_et_pb_use_builder":"","_et_pb_old_content":"","_et_gb_content_width":""},"product_brand":[],"product_cat":[56,59],"product_tag":[849],"class_list":{"0":"post-1578","1":"product","2":"type-product","3":"status-publish","4":"has-post-thumbnail","6":"product_cat-serie-dentretien-automobile","7":"product_cat-produits-en-argile","8":"product_tag-coussinet-de-barre-en-argile-synthetique","10":"first","11":"instock","12":"shipping-taxable","13":"product-type-simple"},"_links":{"self":[{"href":"https:\/\/www.supersybon.com\/fr\/wp-json\/wp\/v2\/product\/1578","targetHints":{"allow":["GET"]}}],"collection":[{"href":"https:\/\/www.supersybon.com\/fr\/wp-json\/wp\/v2\/product"}],"about":[{"href":"https:\/\/www.supersybon.com\/fr\/wp-json\/wp\/v2\/types\/product"}],"wp:featuredmedia":[{"embeddable":true,"href":"https:\/\/www.supersybon.com\/fr\/wp-json\/wp\/v2\/media\/1584"}],"wp:attachment":[{"href":"https:\/\/www.supersybon.com\/fr\/wp-json\/wp\/v2\/media?parent=1578"}],"wp:term":[{"taxonomy":"product_brand","embeddable":true,"href":"https:\/\/www.supersybon.com\/fr\/wp-json\/wp\/v2\/product_brand?post=1578"},{"taxonomy":"product_cat","embeddable":true,"href":"https:\/\/www.supersybon.com\/fr\/wp-json\/wp\/v2\/product_cat?post=1578"},{"taxonomy":"product_tag","embeddable":true,"href":"https:\/\/www.supersybon.com\/fr\/wp-json\/wp\/v2\/product_tag?post=1578"}],"curies":[{"name":"wp","href":"https:\/\/api.w.org\/{rel}","templated":true}]}}