{"id":1547,"date":"2022-11-02T15:08:19","date_gmt":"2022-11-02T07:08:19","guid":{"rendered":"https:\/\/www.supersybon.com\/fr\/?post_type=product&#038;p=1547"},"modified":"2023-09-18T16:08:19","modified_gmt":"2023-09-18T08:08:19","slug":"s801-100g-180g-barre-dargile-pour-voiture","status":"publish","type":"product","link":"https:\/\/www.supersybon.com\/fr\/product\/s801-100g-180g-barre-dargile-pour-voiture","title":{"rendered":"S801 100g 180g Barre d'argile pour voiture nettoyant magique de barre d'argile de d\u00e9tail automatique pour le lavage de voiture d\u00e9taillant de voiture propre"},"content":{"rendered":"<p>&nbsp;<\/p>\n<p><iframe title=\"Car Clay Bar Auto Detailing Magic Clay Bar Cleaner for Car Wash Car Detailing Clean\" width=\"1080\" height=\"608\" src=\"https:\/\/www.youtube.com\/embed\/47xBBCx8W20?feature=oembed\"  allow=\"accelerometer; autoplay; clipboard-write; encrypted-media; gyroscope; picture-in-picture\" allowfullscreen><\/iframe><\/p>\n<p><img decoding=\"async\" class=\"aligncenter size-full wp-image-1548\" src=\"https:\/\/www.supersybon.com\/fr\/wp-content\/uploads\/2022\/11\/1667374523-S801-Sybon-Auto-Detailing-180G-Magic-Clay-Bar-For-Car-Wash.jpg\" alt=\"\" width=\"900\" height=\"364\" srcset=\"https:\/\/www.supersybon.com\/fr\/wp-content\/uploads\/2022\/11\/1667374523-S801-Sybon-Auto-Detailing-180G-Magic-Clay-Bar-For-Car-Wash.jpg 900w, https:\/\/www.supersybon.com\/fr\/wp-content\/uploads\/2022\/11\/1667374523-S801-Sybon-Auto-Detailing-180G-Magic-Clay-Bar-For-Car-Wash-480x194.jpg 480w\" sizes=\"(min-width: 0px) and (max-width: 480px) 480px, (min-width: 481px) 900px, 100vw\" \/><\/p>\n<p>&nbsp;<\/p>\n<h2 style=\"text-align: left;\"><strong>S801 100g 180g Barre d'argile pour voiture nettoyant magique de barre d'argile de d\u00e9tail automatique pour le lavage de voiture d\u00e9taillant de voiture propre<\/strong><\/h2>\n<p><strong>Fonctionnalit\u00e9:<\/strong><\/p>\n<p>1. Nettoyez facilement. Collabilit\u00e9 des feuilles, filigrane, gomme laque d'insecte...<\/p>\n<p>2. Retirez les points noirs volants. Seul le lavage de voiture est difficile \u00e0 enlever.<\/p>\n<p>3. D\u00e9tergence forte. Nettoyez efficacement les taches tenaces.<\/p>\n<p>4. D\u00e9contamination approfondie. Nettoyez les petites taches jaunes sur la surface de la peinture.<\/p>\n<p>5. Aucun dommage \u00e0 la surface de la peinture. Les petites stomates enveloppent les taches.<\/p>\n<p><img decoding=\"async\" class=\"aligncenter size-full wp-image-1549\" src=\"https:\/\/www.supersybon.com\/fr\/wp-content\/uploads\/2022\/11\/1667374635-S801-Auto-Detailing-Magic-Gray-Clay-Bar-Cleaner-For-Car-Surface-Claybars.jpg\" alt=\"\" width=\"750\" height=\"750\" srcset=\"https:\/\/www.supersybon.com\/fr\/wp-content\/uploads\/2022\/11\/1667374635-S801-Auto-Detailing-Magic-Gray-Clay-Bar-Cleaner-For-Car-Surface-Claybars.jpg 750w, https:\/\/www.supersybon.com\/fr\/wp-content\/uploads\/2022\/11\/1667374635-S801-Auto-Detailing-Magic-Gray-Clay-Bar-Cleaner-For-Car-Surface-Claybars-480x480.jpg 480w\" sizes=\"(min-width: 0px) and (max-width: 480px) 480px, (min-width: 481px) 750px, 100vw\" \/><\/p>\n<p><img decoding=\"async\" class=\"aligncenter size-full wp-image-1550\" src=\"https:\/\/www.supersybon.com\/fr\/wp-content\/uploads\/2022\/11\/1667374654-S801-Factory-Wholesale-Car-Care-Products-Auto-Detail-Orange-Clay-Stick-180G-Medium-Grade-Clay-Bar-Magic-Clay-Bar.jpg\" alt=\"\" width=\"750\" height=\"750\" srcset=\"https:\/\/www.supersybon.com\/fr\/wp-content\/uploads\/2022\/11\/1667374654-S801-Factory-Wholesale-Car-Care-Products-Auto-Detail-Orange-Clay-Stick-180G-Medium-Grade-Clay-Bar-Magic-Clay-Bar.jpg 750w, https:\/\/www.supersybon.com\/fr\/wp-content\/uploads\/2022\/11\/1667374654-S801-Factory-Wholesale-Car-Care-Products-Auto-Detail-Orange-Clay-Stick-180G-Medium-Grade-Clay-Bar-Magic-Clay-Bar-480x480.jpg 480w\" sizes=\"(min-width: 0px) and (max-width: 480px) 480px, (min-width: 481px) 750px, 100vw\" \/><\/p>\n<p><img decoding=\"async\" class=\"aligncenter size-full wp-image-1551\" src=\"https:\/\/www.supersybon.com\/fr\/wp-content\/uploads\/2022\/11\/1667374676-S801-Auto-Detailing-180G-Magic-Clay-Bar-Wholesales-High-Quality-Clay-Car-Cleaner.jpg\" alt=\"\" width=\"750\" height=\"750\" srcset=\"https:\/\/www.supersybon.com\/fr\/wp-content\/uploads\/2022\/11\/1667374676-S801-Auto-Detailing-180G-Magic-Clay-Bar-Wholesales-High-Quality-Clay-Car-Cleaner.jpg 750w, https:\/\/www.supersybon.com\/fr\/wp-content\/uploads\/2022\/11\/1667374676-S801-Auto-Detailing-180G-Magic-Clay-Bar-Wholesales-High-Quality-Clay-Car-Cleaner-480x480.jpg 480w\" sizes=\"(min-width: 0px) and (max-width: 480px) 480px, (min-width: 481px) 750px, 100vw\" \/><\/p>\n<p><img decoding=\"async\" class=\"aligncenter size-full wp-image-1553\" src=\"https:\/\/www.supersybon.com\/fr\/wp-content\/uploads\/2022\/11\/1667374961-S801-Factory-Directly-Sell-100G-Blue-Orange-Auto-Clay-Mud-Car-Clay-Bar-For-Auto-Detailing.jpg\" alt=\"\" width=\"750\" height=\"1452\" srcset=\"https:\/\/www.supersybon.com\/fr\/wp-content\/uploads\/2022\/11\/1667374961-S801-Factory-Directly-Sell-100G-Blue-Orange-Auto-Clay-Mud-Car-Clay-Bar-For-Auto-Detailing.jpg 750w, https:\/\/www.supersybon.com\/fr\/wp-content\/uploads\/2022\/11\/1667374961-S801-Factory-Directly-Sell-100G-Blue-Orange-Auto-Clay-Mud-Car-Clay-Bar-For-Auto-Detailing-480x929.jpg 480w\" sizes=\"(min-width: 0px) and (max-width: 480px) 480px, (min-width: 481px) 750px, 100vw\" \/><\/p>\n<p><img decoding=\"async\" class=\"aligncenter size-full wp-image-1554\" src=\"https:\/\/www.supersybon.com\/fr\/wp-content\/uploads\/2022\/11\/1667375017-S801-Fine-Grade-180G-Car-Detailing-Clay-Mud-Clay-Stick-Magic-Car-Clay-Bar-For-Car-Washing.jpg\" alt=\"\" width=\"750\" height=\"750\" srcset=\"https:\/\/www.supersybon.com\/fr\/wp-content\/uploads\/2022\/11\/1667375017-S801-Fine-Grade-180G-Car-Detailing-Clay-Mud-Clay-Stick-Magic-Car-Clay-Bar-For-Car-Washing.jpg 750w, https:\/\/www.supersybon.com\/fr\/wp-content\/uploads\/2022\/11\/1667375017-S801-Fine-Grade-180G-Car-Detailing-Clay-Mud-Clay-Stick-Magic-Car-Clay-Bar-For-Car-Washing-480x480.jpg 480w\" sizes=\"(min-width: 0px) and (max-width: 480px) 480px, (min-width: 481px) 750px, 100vw\" \/><\/p>\n<p><strong>\u00c9tapes d'utilisation<\/strong><\/p>\n<hr \/>\n<p>&nbsp;<\/p>\n<p>&nbsp;<\/p>\n<p><img decoding=\"async\" class=\"aligncenter size-full wp-image-1555\" src=\"https:\/\/www.supersybon.com\/fr\/wp-content\/uploads\/2022\/11\/1667375055-S801-100G-180G-Hot-Sell-Wholesale-Magic-Auto-Car-Clay-Bar-Care-Cleaning-Detailing-Wash-High-Quality-Cleaner.png\" alt=\"\" width=\"954\" height=\"617\" srcset=\"https:\/\/www.supersybon.com\/fr\/wp-content\/uploads\/2022\/11\/1667375055-S801-100G-180G-Hot-Sell-Wholesale-Magic-Auto-Car-Clay-Bar-Care-Cleaning-Detailing-Wash-High-Quality-Cleaner.png 954w, https:\/\/www.supersybon.com\/fr\/wp-content\/uploads\/2022\/11\/1667375055-S801-100G-180G-Hot-Sell-Wholesale-Magic-Auto-Car-Clay-Bar-Care-Cleaning-Detailing-Wash-High-Quality-Cleaner-480x310.png 480w\" sizes=\"(min-width: 0px) and (max-width: 480px) 480px, (min-width: 481px) 954px, 100vw\" \/><\/p>\n<p>&nbsp;<\/p>\n<p>&nbsp;<\/p>\n<p>&nbsp;<\/p>\n<p><strong>Emballage et service du produit<\/strong><\/p>\n<hr \/>\n<p><strong>Emballer:<\/strong><\/p>\n<p>1 bo\u00eete (100 g\u00a0: 7 pi\u00e8ces\/bo\u00eete, 180 g\u00a0: 5 pi\u00e8ces\/bo\u00eete).<\/p>\n<p><img decoding=\"async\" class=\"aligncenter size-full wp-image-1556\" src=\"https:\/\/www.supersybon.com\/fr\/wp-content\/uploads\/2022\/11\/1667375138-S801-Direct-Manufacturer-Car-Cleaning-Clay-Bar-Oem-Package-Auto-Detailing-180G-Clay-Bars-For-Car-Care.jpg\" alt=\"\" width=\"750\" height=\"750\" srcset=\"https:\/\/www.supersybon.com\/fr\/wp-content\/uploads\/2022\/11\/1667375138-S801-Direct-Manufacturer-Car-Cleaning-Clay-Bar-Oem-Package-Auto-Detailing-180G-Clay-Bars-For-Car-Care.jpg 750w, https:\/\/www.supersybon.com\/fr\/wp-content\/uploads\/2022\/11\/1667375138-S801-Direct-Manufacturer-Car-Cleaning-Clay-Bar-Oem-Package-Auto-Detailing-180G-Clay-Bars-For-Car-Care-480x480.jpg 480w\" sizes=\"(min-width: 0px) and (max-width: 480px) 480px, (min-width: 481px) 750px, 100vw\" \/><\/p>\n<p>&nbsp;<\/p>\n<p>&nbsp;<\/p>\n<p><strong>Notre service:<\/strong><\/p>\n<p>1.24 heures en ligne<\/p>\n<p>2. Prix comp\u00e9titif<\/p>\n<p>3. Excellents commentaires du client<\/p>\n<p>4. Commande en ligne s\u00e9curis\u00e9e<\/p>\n<p>5. livraison rapide<\/p>\n<p>6. support technique professionnel<\/p>\n<div class=\"magic-13\">\n<div class=\"magic-14\">\n<p>&nbsp;<\/p>\n<p><strong>Profil de l'entreprise<\/strong><\/p>\n<hr \/>\n<p><img decoding=\"async\" class=\"aligncenter size-full wp-image-324\" src=\"https:\/\/www.supersybon.com\/fr\/wp-content\/uploads\/2022\/09\/1663401769-Car-Paint-Supplier-Company-Profile-Manufacturer-China.jpg\" alt=\"\" width=\"900\" height=\"958\" srcset=\"https:\/\/www.supersybon.com\/fr\/wp-content\/uploads\/2022\/09\/1663401769-Car-Paint-Supplier-Company-Profile-Manufacturer-China.jpg 900w, https:\/\/www.supersybon.com\/fr\/wp-content\/uploads\/2022\/09\/1663401769-Car-Paint-Supplier-Company-Profile-Manufacturer-China-480x511.jpg 480w\" sizes=\"(min-width: 0px) and (max-width: 480px) 480px, (min-width: 481px) 900px, 100vw\" \/><\/p>\n<p><strong>FAQ<\/strong><\/p>\n<hr \/>\n<p><strong>Q\u00a0:\u00a0Quel est votre MOQ\u00a0?<\/strong><\/p>\n<p>R : Notre MOQ est de 1 carton.<\/p>\n<p><strong>Q\u00a0:\u00a0Qu\u2019en est-il de votre paiement\u00a0?<\/strong><\/p>\n<p>R : d\u00e9p\u00f4t de 50% \u00e0 l'avance, solde de 50% par T\/T, L\/C, paypal, Western Union ou bien avant exp\u00e9dition.<\/p>\n<p><strong>Q : Fournissez-vous des \u00e9chantillons ?<\/strong><\/p>\n<p>R : Oui, vous pouvez acheter un \u00e9chantillon pour le tester.<\/p>\n<p><strong>Q : Qu'en est-il de votre d\u00e9lai de livraison ?<\/strong><\/p>\n<p>R\u00a0:\u00a0Habituellement 15 jours apr\u00e8s r\u00e9ception de votre d\u00e9p\u00f4t.<\/p>\n<\/div>\n<\/div>\n","protected":false},"excerpt":{"rendered":"<p>1. Nettoyez facilement. Collabilit\u00e9 des feuilles, filigrane, gomme laque d'insecte...<br \/>\n2. Retirez les points noirs volants. Seul le lavage de voiture est difficile \u00e0 enlever.<br \/>\n3. D\u00e9tergence forte. Nettoyez efficacement les taches tenaces.<br \/>\n4. D\u00e9contamination approfondie. Nettoyez les petites taches jaunes sur la surface de la peinture.<br \/>\n5. Aucun dommage \u00e0 la surface de la peinture. Les petites stomates enveloppent les taches.<\/p>\n","protected":false},"featured_media":1549,"template":"","meta":{"_et_pb_use_builder":"","_et_pb_old_content":"","_et_gb_content_width":""},"product_brand":[],"product_cat":[56,59],"product_tag":[846],"class_list":{"0":"post-1547","1":"product","2":"type-product","3":"status-publish","4":"has-post-thumbnail","6":"product_cat-serie-dentretien-automobile","7":"product_cat-produits-en-argile","8":"product_tag-barre-dargile-pour-voiture","10":"first","11":"instock","12":"shipping-taxable","13":"product-type-simple"},"_links":{"self":[{"href":"https:\/\/www.supersybon.com\/fr\/wp-json\/wp\/v2\/product\/1547","targetHints":{"allow":["GET"]}}],"collection":[{"href":"https:\/\/www.supersybon.com\/fr\/wp-json\/wp\/v2\/product"}],"about":[{"href":"https:\/\/www.supersybon.com\/fr\/wp-json\/wp\/v2\/types\/product"}],"wp:featuredmedia":[{"embeddable":true,"href":"https:\/\/www.supersybon.com\/fr\/wp-json\/wp\/v2\/media\/1549"}],"wp:attachment":[{"href":"https:\/\/www.supersybon.com\/fr\/wp-json\/wp\/v2\/media?parent=1547"}],"wp:term":[{"taxonomy":"product_brand","embeddable":true,"href":"https:\/\/www.supersybon.com\/fr\/wp-json\/wp\/v2\/product_brand?post=1547"},{"taxonomy":"product_cat","embeddable":true,"href":"https:\/\/www.supersybon.com\/fr\/wp-json\/wp\/v2\/product_cat?post=1547"},{"taxonomy":"product_tag","embeddable":true,"href":"https:\/\/www.supersybon.com\/fr\/wp-json\/wp\/v2\/product_tag?post=1547"}],"curies":[{"name":"wp","href":"https:\/\/api.w.org\/{rel}","templated":true}]}}