{"id":1506,"date":"2022-11-02T09:58:43","date_gmt":"2022-11-02T01:58:43","guid":{"rendered":"https:\/\/www.supersybon.com\/fr\/?post_type=product&#038;p=1506"},"modified":"2023-09-16T15:27:59","modified_gmt":"2023-09-16T07:27:59","slug":"s812-canon-a-mousse-pour-pistolet-de-nettoyeur-haute-pression","status":"publish","type":"product","link":"https:\/\/www.supersybon.com\/fr\/product\/s812-canon-a-mousse-pour-pistolet-de-nettoyeur-haute-pression","title":{"rendered":"S812 Canon \u00e0 mousse pour pistolet de nettoyeur haute pression Lavage de voiture de pulv\u00e9risateur de lance de mousse de neige de bouteille de 2L"},"content":{"rendered":"<p><iframe title=\"Pressure Washer Gun Foam Cannon 2L Bottle Snow Foam Lance Sprayer Car Wash\" width=\"1080\" height=\"608\" src=\"https:\/\/www.youtube.com\/embed\/zaD2zFhDZA0?feature=oembed\"  allow=\"accelerometer; autoplay; clipboard-write; encrypted-media; gyroscope; picture-in-picture\" allowfullscreen><\/iframe><\/p>\n<p><img decoding=\"async\" class=\"aligncenter size-full wp-image-1507\" src=\"https:\/\/www.supersybon.com\/fr\/wp-content\/uploads\/2022\/11\/1667355259-S814-High-Pressure-Spray-Gun-Foam-Foam-Wand-Car-Wash-Soap-Foam-Car-Cleaning-Wash-Liquid-Shampoo.jpg\" alt=\"\" width=\"900\" height=\"364\" srcset=\"https:\/\/www.supersybon.com\/fr\/wp-content\/uploads\/2022\/11\/1667355259-S814-High-Pressure-Spray-Gun-Foam-Foam-Wand-Car-Wash-Soap-Foam-Car-Cleaning-Wash-Liquid-Shampoo.jpg 900w, https:\/\/www.supersybon.com\/fr\/wp-content\/uploads\/2022\/11\/1667355259-S814-High-Pressure-Spray-Gun-Foam-Foam-Wand-Car-Wash-Soap-Foam-Car-Cleaning-Wash-Liquid-Shampoo-480x194.jpg 480w\" sizes=\"(min-width: 0px) and (max-width: 480px) 480px, (min-width: 481px) 900px, 100vw\" \/><\/p>\n<p>&nbsp;<\/p>\n<h2 style=\"text-align: left;\"><strong>S812 Canon \u00e0 mousse pour pistolet de nettoyeur haute pression Lavage de voiture de pulv\u00e9risateur de lance de mousse de neige de bouteille de 2L<\/strong><\/h2>\n<p><strong>Sp\u00e9cification:<\/strong><\/p>\n<p>1. Cette buse en mousse puissante est utilis\u00e9e pour connecter un nettoyeur haute pression \u00e9lectrique.<\/p>\n<p>2. Sa mousse est meilleure que toute autre lance \u00e0 mousse. Mais elle n\u00e9cessite une haute pression de machine.<\/p>\n<p>3. Les petits et grands nettoyeurs haute pression commerciaux peuvent produire une mousse \u00e9paisse et dense avec la nouvelle lance \u00e0 mousse de conception.<\/p>\n<p>Avis important:<\/p>\n<p>Nous ne recommandons pas un usage personnel \u00e0 domicile. Parce que si la pression du nettoyeur n'est pas assez puissante, la mousse sera mauvaise !<\/p>\n<p>&nbsp;<\/p>\n<p><img decoding=\"async\" class=\"aligncenter size-full wp-image-1508\" src=\"https:\/\/www.supersybon.com\/fr\/wp-content\/uploads\/2022\/11\/1667355379-S814-Soap-Wash-Car-High-Pressure-Car-Wash-Gun-Foam-Generator-Gun-Wash-Foam.jpg\" alt=\"\" width=\"750\" height=\"750\" srcset=\"https:\/\/www.supersybon.com\/fr\/wp-content\/uploads\/2022\/11\/1667355379-S814-Soap-Wash-Car-High-Pressure-Car-Wash-Gun-Foam-Generator-Gun-Wash-Foam.jpg 750w, https:\/\/www.supersybon.com\/fr\/wp-content\/uploads\/2022\/11\/1667355379-S814-Soap-Wash-Car-High-Pressure-Car-Wash-Gun-Foam-Generator-Gun-Wash-Foam-480x480.jpg 480w\" sizes=\"(min-width: 0px) and (max-width: 480px) 480px, (min-width: 481px) 750px, 100vw\" \/><\/p>\n<p><img decoding=\"async\" class=\"aligncenter size-full wp-image-1509\" src=\"https:\/\/www.supersybon.com\/fr\/wp-content\/uploads\/2022\/11\/1667355408-S814-Productos-Car-Detaling-Washing-Car-Wash-Snow-Foam-Car-Wash-Canon-Foam-Jet-Snow-Foam.jpg\" alt=\"\" width=\"750\" height=\"750\" srcset=\"https:\/\/www.supersybon.com\/fr\/wp-content\/uploads\/2022\/11\/1667355408-S814-Productos-Car-Detaling-Washing-Car-Wash-Snow-Foam-Car-Wash-Canon-Foam-Jet-Snow-Foam.jpg 750w, https:\/\/www.supersybon.com\/fr\/wp-content\/uploads\/2022\/11\/1667355408-S814-Productos-Car-Detaling-Washing-Car-Wash-Snow-Foam-Car-Wash-Canon-Foam-Jet-Snow-Foam-480x480.jpg 480w\" sizes=\"(min-width: 0px) and (max-width: 480px) 480px, (min-width: 481px) 750px, 100vw\" \/><\/p>\n<p><img decoding=\"async\" class=\"aligncenter size-full wp-image-1510\" src=\"https:\/\/www.supersybon.com\/fr\/wp-content\/uploads\/2022\/11\/1667355429-S814-Gun-Foam-Lance-Shampoo-Gun-Car-Foam-Cannon-Snow-Foam-Generator-Gun.jpg\" alt=\"\" width=\"750\" height=\"750\" srcset=\"https:\/\/www.supersybon.com\/fr\/wp-content\/uploads\/2022\/11\/1667355429-S814-Gun-Foam-Lance-Shampoo-Gun-Car-Foam-Cannon-Snow-Foam-Generator-Gun.jpg 750w, https:\/\/www.supersybon.com\/fr\/wp-content\/uploads\/2022\/11\/1667355429-S814-Gun-Foam-Lance-Shampoo-Gun-Car-Foam-Cannon-Snow-Foam-Generator-Gun-480x480.jpg 480w\" sizes=\"(min-width: 0px) and (max-width: 480px) 480px, (min-width: 481px) 750px, 100vw\" \/><\/p>\n<p><img decoding=\"async\" class=\"aligncenter size-full wp-image-1511\" src=\"https:\/\/www.supersybon.com\/fr\/wp-content\/uploads\/2022\/11\/1667355447-S814-Pressure-Washer-Foam-Cannon-Car-Washing-Gun-With-Foam-Bottle.jpg\" alt=\"\" width=\"750\" height=\"750\" srcset=\"https:\/\/www.supersybon.com\/fr\/wp-content\/uploads\/2022\/11\/1667355447-S814-Pressure-Washer-Foam-Cannon-Car-Washing-Gun-With-Foam-Bottle.jpg 750w, https:\/\/www.supersybon.com\/fr\/wp-content\/uploads\/2022\/11\/1667355447-S814-Pressure-Washer-Foam-Cannon-Car-Washing-Gun-With-Foam-Bottle-480x480.jpg 480w\" sizes=\"(min-width: 0px) and (max-width: 480px) 480px, (min-width: 481px) 750px, 100vw\" \/><\/p>\n<p>&nbsp;<\/p>\n<p>&nbsp;<\/p>\n<p><strong>Emballage et service du produit<\/strong><\/p>\n<hr \/>\n<p><strong>Emballer:<\/strong><\/p>\n<p>1 ensemble\/bo\u00eete.<\/p>\n<p><img decoding=\"async\" class=\"aligncenter size-full wp-image-1512\" src=\"https:\/\/www.supersybon.com\/fr\/wp-content\/uploads\/2022\/11\/1667355488-S814-Auto-Snow-Foam-Cannon-2L-Cannon-Foam-Machine-Portable-Auto-Foam-Lance-Water.jpg\" alt=\"\" width=\"750\" height=\"750\" srcset=\"https:\/\/www.supersybon.com\/fr\/wp-content\/uploads\/2022\/11\/1667355488-S814-Auto-Snow-Foam-Cannon-2L-Cannon-Foam-Machine-Portable-Auto-Foam-Lance-Water.jpg 750w, https:\/\/www.supersybon.com\/fr\/wp-content\/uploads\/2022\/11\/1667355488-S814-Auto-Snow-Foam-Cannon-2L-Cannon-Foam-Machine-Portable-Auto-Foam-Lance-Water-480x480.jpg 480w\" sizes=\"(min-width: 0px) and (max-width: 480px) 480px, (min-width: 481px) 750px, 100vw\" \/><\/p>\n<p><strong>Notre service:<\/strong><\/p>\n<p>1,24 heures en ligne<\/p>\n<p>2. Prix comp\u00e9titif<\/p>\n<p>3. Excellents commentaires du client<\/p>\n<p>4. Commande en ligne s\u00e9curis\u00e9e<\/p>\n<p>5. livraison rapide<\/p>\n<p>6. support technique professionnel<\/p>\n<div class=\"magic-13\">\n<div class=\"magic-14\">\n<p>&nbsp;<\/p>\n<p><strong>Profil de l'entreprise<\/strong><\/p>\n<hr \/>\n<p><img decoding=\"async\" class=\"aligncenter size-full wp-image-324\" src=\"https:\/\/www.supersybon.com\/fr\/wp-content\/uploads\/2022\/09\/1663401769-Car-Paint-Supplier-Company-Profile-Manufacturer-China.jpg\" alt=\"\" width=\"900\" height=\"958\" srcset=\"https:\/\/www.supersybon.com\/fr\/wp-content\/uploads\/2022\/09\/1663401769-Car-Paint-Supplier-Company-Profile-Manufacturer-China.jpg 900w, https:\/\/www.supersybon.com\/fr\/wp-content\/uploads\/2022\/09\/1663401769-Car-Paint-Supplier-Company-Profile-Manufacturer-China-480x511.jpg 480w\" sizes=\"(min-width: 0px) and (max-width: 480px) 480px, (min-width: 481px) 900px, 100vw\" \/><\/p>\n<p><strong>FAQ<\/strong><\/p>\n<hr \/>\n<p><strong>Q\u00a0:\u00a0Quel est votre MOQ\u00a0?<\/strong><\/p>\n<p>R : Notre MOQ est de 1 carton.<\/p>\n<p><strong>Q\u00a0:\u00a0Qu\u2019en est-il de votre paiement\u00a0?<\/strong><\/p>\n<p>R : d\u00e9p\u00f4t de 50% \u00e0 l'avance, solde de 50% par T\/T, L\/C, paypal, Western Union ou bien avant exp\u00e9dition.<\/p>\n<p><strong>Q : Fournissez-vous des \u00e9chantillons ?<\/strong><\/p>\n<p>R : Oui, vous pouvez acheter un \u00e9chantillon pour le tester.<\/p>\n<p><strong>Q : Qu'en est-il de votre d\u00e9lai de livraison ?<\/strong><\/p>\n<p>R\u00a0:\u00a0Habituellement 15 jours apr\u00e8s r\u00e9ception de votre d\u00e9p\u00f4t.<\/p>\n<\/div>\n<\/div>\n","protected":false},"excerpt":{"rendered":"<p>1. Il y a une grande prise d'air dans cette partie, cela rend la mousse \u00e9paisse et de haute qualit\u00e9.<br \/>\n2,2 L Grand volume pour le savon.<br \/>\n3.Interrupteur de contr\u00f4le de 0 \u00e0 10.Il peut contr\u00f4ler le savon avec plus de pr\u00e9cision.<\/p>\n","protected":false},"featured_media":1513,"template":"","meta":{"_et_pb_use_builder":"","_et_pb_old_content":"","_et_gb_content_width":""},"product_brand":[],"product_cat":[56,58],"product_tag":[839,841],"class_list":{"0":"post-1506","1":"product","2":"type-product","3":"status-publish","4":"has-post-thumbnail","6":"product_cat-serie-dentretien-automobile","7":"product_cat-produits-de-lavage-de-voiture","8":"product_tag-canon-a-mousse","9":"product_tag-canon-a-mousse-pour-pistolet-de-nettoyeur-haute-pression","11":"first","12":"instock","13":"shipping-taxable","14":"product-type-simple"},"_links":{"self":[{"href":"https:\/\/www.supersybon.com\/fr\/wp-json\/wp\/v2\/product\/1506","targetHints":{"allow":["GET"]}}],"collection":[{"href":"https:\/\/www.supersybon.com\/fr\/wp-json\/wp\/v2\/product"}],"about":[{"href":"https:\/\/www.supersybon.com\/fr\/wp-json\/wp\/v2\/types\/product"}],"wp:featuredmedia":[{"embeddable":true,"href":"https:\/\/www.supersybon.com\/fr\/wp-json\/wp\/v2\/media\/1513"}],"wp:attachment":[{"href":"https:\/\/www.supersybon.com\/fr\/wp-json\/wp\/v2\/media?parent=1506"}],"wp:term":[{"taxonomy":"product_brand","embeddable":true,"href":"https:\/\/www.supersybon.com\/fr\/wp-json\/wp\/v2\/product_brand?post=1506"},{"taxonomy":"product_cat","embeddable":true,"href":"https:\/\/www.supersybon.com\/fr\/wp-json\/wp\/v2\/product_cat?post=1506"},{"taxonomy":"product_tag","embeddable":true,"href":"https:\/\/www.supersybon.com\/fr\/wp-json\/wp\/v2\/product_tag?post=1506"}],"curies":[{"name":"wp","href":"https:\/\/api.w.org\/{rel}","templated":true}]}}