{"id":1324,"date":"2022-10-25T16:06:48","date_gmt":"2022-10-25T08:06:48","guid":{"rendered":"https:\/\/www.supersybon.com\/fr\/?post_type=product&#038;p=1324"},"modified":"2023-09-16T15:17:18","modified_gmt":"2023-09-16T07:17:18","slug":"s811-canon-a-mousse","status":"publish","type":"product","link":"https:\/\/www.supersybon.com\/fr\/product\/s811-canon-a-mousse","title":{"rendered":"S811 Canon \u00e0 mousse avec connecteur rapide 1\/4\" pour pistolet de nettoyeur haute pression avec bouteille de 1 litre"},"content":{"rendered":"<p><iframe title=\"Foam Cannon with 1\/4 Inch Quick Connector for Pressure Washer Gun with 1 Liter Bottle\" width=\"1080\" height=\"608\" src=\"https:\/\/www.youtube.com\/embed\/GxpBcI3yH-s?feature=oembed\"  allow=\"accelerometer; autoplay; clipboard-write; encrypted-media; gyroscope; picture-in-picture\" allowfullscreen><\/iframe><\/p>\n<p>&nbsp;<\/p>\n<p><img decoding=\"async\" class=\"aligncenter size-full wp-image-1325\" src=\"https:\/\/www.supersybon.com\/fr\/wp-content\/uploads\/2022\/10\/1666686886-S813-Wash-Car-Gun-Auto-Cleaning-Car-Wash-Tools-Kit-Carwash-Car-Washing-Machine.jpg\" alt=\"\" width=\"900\" height=\"364\" srcset=\"https:\/\/www.supersybon.com\/fr\/wp-content\/uploads\/2022\/10\/1666686886-S813-Wash-Car-Gun-Auto-Cleaning-Car-Wash-Tools-Kit-Carwash-Car-Washing-Machine.jpg 900w, https:\/\/www.supersybon.com\/fr\/wp-content\/uploads\/2022\/10\/1666686886-S813-Wash-Car-Gun-Auto-Cleaning-Car-Wash-Tools-Kit-Carwash-Car-Washing-Machine-480x194.jpg 480w\" sizes=\"(min-width: 0px) and (max-width: 480px) 480px, (min-width: 481px) 900px, 100vw\" \/><\/p>\n<h2 style=\"text-align: left;\"><strong>S811 Canon \u00e0 mousse avec connecteur rapide 1\/4\" pour pistolet de nettoyeur haute pression avec bouteille de 1 litre<\/strong><\/h2>\n<p><strong>Sp\u00e9cification:<\/strong><\/p>\n<p>1. Plage de pression : 100 bar ~ 220 bar (1400 psi ~ 3200 psi), les nettoyeurs haute pression \u00e0 usage domestique et professionnel fonctionnent parfaitement.<\/p>\n<p>2. Performance moussante : mousse abondante, \u00e9paisse et haute densit\u00e9, conception robuste et durable.<\/p>\n<p>3. Mat\u00e9riau : corps en laiton massif et en m\u00e9tal, buse en acier inoxydable, couvercle en nylon et bouteille en PEHD.<\/p>\n<p>4. Capacit\u00e9 de la bouteille : 1 L.<\/p>\n<p>5. Consommation r\u00e9glable de nettoyant pour mousse \u00e0 neige, motif de pulv\u00e9risation \u00e0 angle variable du crayon au ventilateur \u00e0 60\u00b0, r\u00e9sistant aux produits chimiques.<\/p>\n<p>&nbsp;<\/p>\n<div data-id=\"paragraph0\"><\/div>\n<p>&nbsp;<\/p>\n<p><img decoding=\"async\" class=\"aligncenter size-full wp-image-1326\" src=\"https:\/\/www.supersybon.com\/fr\/wp-content\/uploads\/2022\/10\/1666686924-S813-High-Pressure-Water-Spray-Gun-Foam-Lance-Snow-Foam-Cannon-Car-Wash.jpg\" alt=\"\" width=\"750\" height=\"750\" srcset=\"https:\/\/www.supersybon.com\/fr\/wp-content\/uploads\/2022\/10\/1666686924-S813-High-Pressure-Water-Spray-Gun-Foam-Lance-Snow-Foam-Cannon-Car-Wash.jpg 750w, https:\/\/www.supersybon.com\/fr\/wp-content\/uploads\/2022\/10\/1666686924-S813-High-Pressure-Water-Spray-Gun-Foam-Lance-Snow-Foam-Cannon-Car-Wash-480x480.jpg 480w\" sizes=\"(min-width: 0px) and (max-width: 480px) 480px, (min-width: 481px) 750px, 100vw\" \/><\/p>\n<p><img decoding=\"async\" class=\"aligncenter size-full wp-image-1327\" src=\"https:\/\/www.supersybon.com\/fr\/wp-content\/uploads\/2022\/10\/1666686946-S813-Adjustable-Foam-Cannon-1-Liter-Bottle-Snow-Foam-Lance-With-14-Quick-Connector-Foam-Blaster.jpg\" alt=\"\" width=\"750\" height=\"750\" srcset=\"https:\/\/www.supersybon.com\/fr\/wp-content\/uploads\/2022\/10\/1666686946-S813-Adjustable-Foam-Cannon-1-Liter-Bottle-Snow-Foam-Lance-With-14-Quick-Connector-Foam-Blaster.jpg 750w, https:\/\/www.supersybon.com\/fr\/wp-content\/uploads\/2022\/10\/1666686946-S813-Adjustable-Foam-Cannon-1-Liter-Bottle-Snow-Foam-Lance-With-14-Quick-Connector-Foam-Blaster-480x480.jpg 480w\" sizes=\"(min-width: 0px) and (max-width: 480px) 480px, (min-width: 481px) 750px, 100vw\" \/><\/p>\n<p><img decoding=\"async\" class=\"aligncenter size-full wp-image-1328\" src=\"https:\/\/www.supersybon.com\/fr\/wp-content\/uploads\/2022\/10\/1666686965-S813-Quick-Connector-Snow-Foam-Cannon-Lance-For-Cleaning-Carstrucks-Car-Washer-Pressure-Washer-Spray.jpg\" alt=\"\" width=\"750\" height=\"750\" srcset=\"https:\/\/www.supersybon.com\/fr\/wp-content\/uploads\/2022\/10\/1666686965-S813-Quick-Connector-Snow-Foam-Cannon-Lance-For-Cleaning-Carstrucks-Car-Washer-Pressure-Washer-Spray.jpg 750w, https:\/\/www.supersybon.com\/fr\/wp-content\/uploads\/2022\/10\/1666686965-S813-Quick-Connector-Snow-Foam-Cannon-Lance-For-Cleaning-Carstrucks-Car-Washer-Pressure-Washer-Spray-480x480.jpg 480w\" sizes=\"(min-width: 0px) and (max-width: 480px) 480px, (min-width: 481px) 750px, 100vw\" \/><\/p>\n<p><img decoding=\"async\" class=\"aligncenter size-full wp-image-1329\" src=\"https:\/\/www.supersybon.com\/fr\/wp-content\/uploads\/2022\/10\/1666687334-S813-High-Pressure-Wash-Washer-Gun-Snow-Foam-Lance-Detailing-Tools-Car-Washing-Detailing-Spray-Bottle.jpg\" alt=\"\" width=\"750\" height=\"750\" srcset=\"https:\/\/www.supersybon.com\/fr\/wp-content\/uploads\/2022\/10\/1666687334-S813-High-Pressure-Wash-Washer-Gun-Snow-Foam-Lance-Detailing-Tools-Car-Washing-Detailing-Spray-Bottle.jpg 750w, https:\/\/www.supersybon.com\/fr\/wp-content\/uploads\/2022\/10\/1666687334-S813-High-Pressure-Wash-Washer-Gun-Snow-Foam-Lance-Detailing-Tools-Car-Washing-Detailing-Spray-Bottle-480x480.jpg 480w\" sizes=\"(min-width: 0px) and (max-width: 480px) 480px, (min-width: 481px) 750px, 100vw\" \/><\/p>\n<p><img decoding=\"async\" class=\"aligncenter size-full wp-image-1330\" src=\"https:\/\/www.supersybon.com\/fr\/wp-content\/uploads\/2022\/10\/1666687349-S813-Lave-Auto-Pistolet-Foam-Wash-Gun-Lavage-Automobile-Foam-Gun-Car-Wash-Spraying-Auto-Detailing-Kit.jpg\" alt=\"\" width=\"750\" height=\"750\" srcset=\"https:\/\/www.supersybon.com\/fr\/wp-content\/uploads\/2022\/10\/1666687349-S813-Lave-Auto-Pistolet-Foam-Wash-Gun-Lavage-Automobile-Foam-Gun-Car-Wash-Spraying-Auto-Detailing-Kit.jpg 750w, https:\/\/www.supersybon.com\/fr\/wp-content\/uploads\/2022\/10\/1666687349-S813-Lave-Auto-Pistolet-Foam-Wash-Gun-Lavage-Automobile-Foam-Gun-Car-Wash-Spraying-Auto-Detailing-Kit-480x480.jpg 480w\" sizes=\"(min-width: 0px) and (max-width: 480px) 480px, (min-width: 481px) 750px, 100vw\" \/><\/p>\n<p><img decoding=\"async\" class=\"aligncenter size-full wp-image-1332\" src=\"https:\/\/www.supersybon.com\/fr\/wp-content\/uploads\/2022\/10\/1666687400-S813-Foam-Bottle-For-Pressure-Washer-Spray-Gun-And-Foam-Cannon-Highpressure-Foam-Cannon-Heavy-Duty.jpg\" alt=\"\" width=\"750\" height=\"750\" srcset=\"https:\/\/www.supersybon.com\/fr\/wp-content\/uploads\/2022\/10\/1666687400-S813-Foam-Bottle-For-Pressure-Washer-Spray-Gun-And-Foam-Cannon-Highpressure-Foam-Cannon-Heavy-Duty.jpg 750w, https:\/\/www.supersybon.com\/fr\/wp-content\/uploads\/2022\/10\/1666687400-S813-Foam-Bottle-For-Pressure-Washer-Spray-Gun-And-Foam-Cannon-Highpressure-Foam-Cannon-Heavy-Duty-480x480.jpg 480w\" sizes=\"(min-width: 0px) and (max-width: 480px) 480px, (min-width: 481px) 750px, 100vw\" \/><\/p>\n<p><strong>Emballage et service du produit<\/strong><\/p>\n<hr \/>\n<p><strong>Emballer:<\/strong><\/p>\n<p>1 ensemble\/bo\u00eete.<\/p>\n<p><img decoding=\"async\" class=\"aligncenter size-full wp-image-1331\" src=\"https:\/\/www.supersybon.com\/fr\/wp-content\/uploads\/2022\/10\/1666687368-S813-Car-Washing-Equipament-Foam-Gun-High-Pressure-High-Pressure-Lance-Washer-Gun.jpg\" alt=\"\" width=\"750\" height=\"750\" srcset=\"https:\/\/www.supersybon.com\/fr\/wp-content\/uploads\/2022\/10\/1666687368-S813-Car-Washing-Equipament-Foam-Gun-High-Pressure-High-Pressure-Lance-Washer-Gun.jpg 750w, https:\/\/www.supersybon.com\/fr\/wp-content\/uploads\/2022\/10\/1666687368-S813-Car-Washing-Equipament-Foam-Gun-High-Pressure-High-Pressure-Lance-Washer-Gun-480x480.jpg 480w\" sizes=\"(min-width: 0px) and (max-width: 480px) 480px, (min-width: 481px) 750px, 100vw\" \/><\/p>\n<p><strong>Notre service:<\/strong><\/p>\n<p>1,24 heures en ligne<\/p>\n<p>2. Prix comp\u00e9titif<\/p>\n<p>3. Excellents commentaires du client<\/p>\n<p>4. Commande en ligne s\u00e9curis\u00e9e<\/p>\n<p>5. livraison rapide<\/p>\n<p>6. support technique professionnel<\/p>\n<div class=\"magic-13\">\n<div class=\"magic-14\">\n<p>&nbsp;<\/p>\n<p><strong>Profil de l'entreprise<\/strong><\/p>\n<hr \/>\n<p><img decoding=\"async\" class=\"aligncenter size-full wp-image-324\" src=\"https:\/\/www.supersybon.com\/fr\/wp-content\/uploads\/2022\/09\/1663401769-Car-Paint-Supplier-Company-Profile-Manufacturer-China.jpg\" alt=\"\" width=\"900\" height=\"958\" srcset=\"https:\/\/www.supersybon.com\/fr\/wp-content\/uploads\/2022\/09\/1663401769-Car-Paint-Supplier-Company-Profile-Manufacturer-China.jpg 900w, https:\/\/www.supersybon.com\/fr\/wp-content\/uploads\/2022\/09\/1663401769-Car-Paint-Supplier-Company-Profile-Manufacturer-China-480x511.jpg 480w\" sizes=\"(min-width: 0px) and (max-width: 480px) 480px, (min-width: 481px) 900px, 100vw\" \/><\/p>\n<p><strong>FAQ<\/strong><\/p>\n<hr \/>\n<p><strong>Q\u00a0:\u00a0Quel est votre MOQ\u00a0?<\/strong><\/p>\n<p>R : Notre MOQ est de 1 carton.<\/p>\n<p><strong>Q\u00a0:\u00a0Qu\u2019en est-il de votre paiement\u00a0?<\/strong><\/p>\n<p>R : d\u00e9p\u00f4t de 50% \u00e0 l'avance, solde de 50% par T\/T, L\/C, paypal, Western Union ou bien avant exp\u00e9dition.<\/p>\n<p><strong>Q : Fournissez-vous des \u00e9chantillons ?<\/strong><\/p>\n<p>R : Oui, vous pouvez acheter un \u00e9chantillon pour le tester.<\/p>\n<p><strong>Q : Qu'en est-il de votre d\u00e9lai de livraison ?<\/strong><\/p>\n<p>R\u00a0:\u00a0Habituellement 15 jours apr\u00e8s r\u00e9ception de votre d\u00e9p\u00f4t.<\/p>\n<\/div>\n<\/div>\n","protected":false},"excerpt":{"rendered":"<p>1,1\/4\" UNIVERSEL - Le connecteur rapide 1\/4\" s'adapte \u00e0 la plupart des pistolets\/baguettes de nettoyeur haute pression du march\u00e9.<br \/>\n2. Le canon \u00e0 mousse peut fournir un niveau de mousse et un angle de pulv\u00e9risation r\u00e9glables. Tournez simplement le bouton sup\u00e9rieur pour obtenir une mousse plus \u00e9paisse. Ajustez la buse pour amplifier l\u2019angle de pulv\u00e9risation. Parfait pour laver la maison, la voiture, le mur, la moto, etc.<\/p>\n","protected":false},"featured_media":1333,"template":"","meta":{"_et_pb_use_builder":"","_et_pb_old_content":"","_et_gb_content_width":""},"product_brand":[],"product_cat":[56,58],"product_tag":[839,840],"class_list":{"0":"post-1324","1":"product","2":"type-product","3":"status-publish","4":"has-post-thumbnail","6":"product_cat-serie-dentretien-automobile","7":"product_cat-produits-de-lavage-de-voiture","8":"product_tag-canon-a-mousse","9":"product_tag-connecteur-rapide-1-4-pouces","11":"first","12":"instock","13":"shipping-taxable","14":"product-type-simple"},"_links":{"self":[{"href":"https:\/\/www.supersybon.com\/fr\/wp-json\/wp\/v2\/product\/1324","targetHints":{"allow":["GET"]}}],"collection":[{"href":"https:\/\/www.supersybon.com\/fr\/wp-json\/wp\/v2\/product"}],"about":[{"href":"https:\/\/www.supersybon.com\/fr\/wp-json\/wp\/v2\/types\/product"}],"wp:featuredmedia":[{"embeddable":true,"href":"https:\/\/www.supersybon.com\/fr\/wp-json\/wp\/v2\/media\/1333"}],"wp:attachment":[{"href":"https:\/\/www.supersybon.com\/fr\/wp-json\/wp\/v2\/media?parent=1324"}],"wp:term":[{"taxonomy":"product_brand","embeddable":true,"href":"https:\/\/www.supersybon.com\/fr\/wp-json\/wp\/v2\/product_brand?post=1324"},{"taxonomy":"product_cat","embeddable":true,"href":"https:\/\/www.supersybon.com\/fr\/wp-json\/wp\/v2\/product_cat?post=1324"},{"taxonomy":"product_tag","embeddable":true,"href":"https:\/\/www.supersybon.com\/fr\/wp-json\/wp\/v2\/product_tag?post=1324"}],"curies":[{"name":"wp","href":"https:\/\/api.w.org\/{rel}","templated":true}]}}