{"id":1312,"date":"2022-10-25T14:15:29","date_gmt":"2022-10-25T06:15:29","guid":{"rendered":"https:\/\/www.supersybon.com\/fr\/?post_type=product&#038;p=1312"},"modified":"2023-09-16T15:04:23","modified_gmt":"2023-09-16T07:04:23","slug":"s813e-pistolet-de-nettoyage-de-voiture-tornado","status":"publish","type":"product","link":"https:\/\/www.supersybon.com\/fr\/product\/s813e-pistolet-de-nettoyage-de-voiture-tornado","title":{"rendered":"S813E Pistolet de nettoyage de voiture Tornado outil de nettoyage de Surface de peinture de nettoyage ext\u00e9rieur int\u00e9rieur de Surface \u00e0 haute pression d'impulsion d'air"},"content":{"rendered":"<p><img decoding=\"async\" class=\"aligncenter size-full wp-image-1314\" src=\"https:\/\/www.supersybon.com\/fr\/wp-content\/uploads\/2022\/10\/1666683021-S812I-High-Pressure-Car-Wash-Gun-For-Car-Interior-Detailing.jpg\" alt=\"\" width=\"900\" height=\"364\" srcset=\"https:\/\/www.supersybon.com\/fr\/wp-content\/uploads\/2022\/10\/1666683021-S812I-High-Pressure-Car-Wash-Gun-For-Car-Interior-Detailing.jpg 900w, https:\/\/www.supersybon.com\/fr\/wp-content\/uploads\/2022\/10\/1666683021-S812I-High-Pressure-Car-Wash-Gun-For-Car-Interior-Detailing-480x194.jpg 480w\" sizes=\"(min-width: 0px) and (max-width: 480px) 480px, (min-width: 481px) 900px, 100vw\" \/><\/p>\n<p>&nbsp;<\/p>\n<p><strong>S813E Pistolet de nettoyage de voiture Tornado outil de nettoyage de Surface de peinture de nettoyage ext\u00e9rieur int\u00e9rieur de Surface \u00e0 haute pression d'impulsion d'air<\/strong><\/p>\n<p><strong>Fonctionnalit\u00e9:<\/strong><\/p>\n<p>T\u00eate m\u00e9tallique rotative \u00e0 1,360 \u00b0. Utilisation d'un mat\u00e9riau en aluminium, utilisant le principe de l'air Int\u00e9grer le d\u00e9poussi\u00e9rage et la pulv\u00e9risation Vitesse rapide, vent fort, bon effet.<\/p>\n<p>2.Interrupteur antid\u00e9rapant et meilleur contr\u00f4le.Mat\u00e9riau en alliage d'aluminium Ajustez la quantit\u00e9 de liquide en tournant.Afin de mieux obtenir l'effet de nettoyage.<\/p>\n<p>3. Canon triangulaire stable. Compte tenu de la stabilit\u00e9 du canon, \u00e9largissez le bas du canon et d\u00e9placez le centre de gravit\u00e9 vers le bas. Rendre le canon plus stable et difficile \u00e0 tomber.<\/p>\n<p>4. La poign\u00e9e ergonomique ne fatigue plus. La poign\u00e9e est forg\u00e9e en alliage et adopte un design ergonomique Prise confortable, ne fatigue plus les mains.<\/p>\n<div data-id=\"paragraph0\"><\/div>\n<div class=\"magic-13\">\n<div class=\"magic-14\">\n<div class=\"magic-15\" data-id=\"paragraph0\"><\/div>\n<\/div>\n<\/div>\n<div data-id=\"paragraph0\"><\/div>\n<p><img decoding=\"async\" class=\"aligncenter size-full wp-image-1315\" src=\"https:\/\/www.supersybon.com\/fr\/wp-content\/uploads\/2022\/10\/1666683049-S812I-Competitive-Price-Car-Interior-Spray-Gun-Aluminum-Material-Deep-Cleaning-Effect-Car-Interior-Washer.jpg\" alt=\"\" width=\"750\" height=\"750\" srcset=\"https:\/\/www.supersybon.com\/fr\/wp-content\/uploads\/2022\/10\/1666683049-S812I-Competitive-Price-Car-Interior-Spray-Gun-Aluminum-Material-Deep-Cleaning-Effect-Car-Interior-Washer.jpg 750w, https:\/\/www.supersybon.com\/fr\/wp-content\/uploads\/2022\/10\/1666683049-S812I-Competitive-Price-Car-Interior-Spray-Gun-Aluminum-Material-Deep-Cleaning-Effect-Car-Interior-Washer-480x480.jpg 480w\" sizes=\"(min-width: 0px) and (max-width: 480px) 480px, (min-width: 481px) 750px, 100vw\" \/><\/p>\n<p><img decoding=\"async\" class=\"aligncenter size-full wp-image-1316\" src=\"https:\/\/www.supersybon.com\/fr\/wp-content\/uploads\/2022\/10\/1666683071-S812I-Factory-Direct-Sale-Aluminum-Material-Material-Strong-Wind-Strong-Wind-Car-Interior-Washer-Spray-Gun.jpg\" alt=\"\" width=\"750\" height=\"750\" srcset=\"https:\/\/www.supersybon.com\/fr\/wp-content\/uploads\/2022\/10\/1666683071-S812I-Factory-Direct-Sale-Aluminum-Material-Material-Strong-Wind-Strong-Wind-Car-Interior-Washer-Spray-Gun.jpg 750w, https:\/\/www.supersybon.com\/fr\/wp-content\/uploads\/2022\/10\/1666683071-S812I-Factory-Direct-Sale-Aluminum-Material-Material-Strong-Wind-Strong-Wind-Car-Interior-Washer-Spray-Gun-480x480.jpg 480w\" sizes=\"(min-width: 0px) and (max-width: 480px) 480px, (min-width: 481px) 750px, 100vw\" \/><\/p>\n<p><img decoding=\"async\" class=\"aligncenter size-full wp-image-1317\" src=\"https:\/\/www.supersybon.com\/fr\/wp-content\/uploads\/2022\/10\/1666683091-S812I-Advanced-Wholesale-Price-Foam-Cleaning-Gun-High-Pressure-Cleaning-Gun-With-Dust-Proof-And-Recycle.jpg\" alt=\"\" width=\"750\" height=\"750\" srcset=\"https:\/\/www.supersybon.com\/fr\/wp-content\/uploads\/2022\/10\/1666683091-S812I-Advanced-Wholesale-Price-Foam-Cleaning-Gun-High-Pressure-Cleaning-Gun-With-Dust-Proof-And-Recycle.jpg 750w, https:\/\/www.supersybon.com\/fr\/wp-content\/uploads\/2022\/10\/1666683091-S812I-Advanced-Wholesale-Price-Foam-Cleaning-Gun-High-Pressure-Cleaning-Gun-With-Dust-Proof-And-Recycle-480x480.jpg 480w\" sizes=\"(min-width: 0px) and (max-width: 480px) 480px, (min-width: 481px) 750px, 100vw\" \/><\/p>\n<p><img decoding=\"async\" class=\"aligncenter size-full wp-image-1318\" src=\"https:\/\/www.supersybon.com\/fr\/wp-content\/uploads\/2022\/10\/1666683117-S812I-Tornado-Cleaning-Gun-Car-Interior-Washer-Gun-Car-Wash-High-Pressure-Washer-Spray-Foam-Cannon.jpg\" alt=\"\" width=\"750\" height=\"750\" srcset=\"https:\/\/www.supersybon.com\/fr\/wp-content\/uploads\/2022\/10\/1666683117-S812I-Tornado-Cleaning-Gun-Car-Interior-Washer-Gun-Car-Wash-High-Pressure-Washer-Spray-Foam-Cannon.jpg 750w, https:\/\/www.supersybon.com\/fr\/wp-content\/uploads\/2022\/10\/1666683117-S812I-Tornado-Cleaning-Gun-Car-Interior-Washer-Gun-Car-Wash-High-Pressure-Washer-Spray-Foam-Cannon-480x480.jpg 480w\" sizes=\"(min-width: 0px) and (max-width: 480px) 480px, (min-width: 481px) 750px, 100vw\" \/><\/p>\n<p><img decoding=\"async\" class=\"aligncenter size-full wp-image-1319\" src=\"https:\/\/www.supersybon.com\/fr\/wp-content\/uploads\/2022\/10\/1666683137-S812I-Car-Blow-Washer-Cleaning-Gun-With-Water-Pot-Interior-Clean-Car-Car-Wash-Gun-With-Brush.jpg\" alt=\"\" width=\"750\" height=\"750\" srcset=\"https:\/\/www.supersybon.com\/fr\/wp-content\/uploads\/2022\/10\/1666683137-S812I-Car-Blow-Washer-Cleaning-Gun-With-Water-Pot-Interior-Clean-Car-Car-Wash-Gun-With-Brush.jpg 750w, https:\/\/www.supersybon.com\/fr\/wp-content\/uploads\/2022\/10\/1666683137-S812I-Car-Blow-Washer-Cleaning-Gun-With-Water-Pot-Interior-Clean-Car-Car-Wash-Gun-With-Brush-480x480.jpg 480w\" sizes=\"(min-width: 0px) and (max-width: 480px) 480px, (min-width: 481px) 750px, 100vw\" \/><\/p>\n<div class=\"magic-13\">\n<div class=\"magic-14\">\n<div class=\"magic-9\">\n<div class=\"magic-10\">\n<p>&nbsp;<\/p>\n<p><strong>Emballage et service du produit<\/strong><\/p>\n<hr \/>\n<p><strong>EMBALLER:<\/strong><\/p>\n<p>1 ensemble\/bo\u00eete.<\/p>\n<p><img decoding=\"async\" class=\"aligncenter size-full wp-image-1320\" src=\"https:\/\/www.supersybon.com\/fr\/wp-content\/uploads\/2022\/10\/1666683163-S812I-High-Pressure-Deep-Clean-Car-Cleaning-Gun-With-Metal-Spinner.jpg\" alt=\"\" width=\"750\" height=\"750\" srcset=\"https:\/\/www.supersybon.com\/fr\/wp-content\/uploads\/2022\/10\/1666683163-S812I-High-Pressure-Deep-Clean-Car-Cleaning-Gun-With-Metal-Spinner.jpg 750w, https:\/\/www.supersybon.com\/fr\/wp-content\/uploads\/2022\/10\/1666683163-S812I-High-Pressure-Deep-Clean-Car-Cleaning-Gun-With-Metal-Spinner-480x480.jpg 480w\" sizes=\"(min-width: 0px) and (max-width: 480px) 480px, (min-width: 481px) 750px, 100vw\" \/><\/p>\n<p>&nbsp;<\/p>\n<p>NOTRE SERVICE:<\/p>\n<p>1.24 heures en ligne<\/p>\n<p>2. Prix comp\u00e9titif<\/p>\n<p>3. Excellents commentaires du client<\/p>\n<p>4. Commande en ligne s\u00e9curis\u00e9e<\/p>\n<p>5. livraison rapide<\/p>\n<p>6. support technique professionnel<\/p>\n<\/div>\n<\/div>\n<\/div>\n<\/div>\n<div class=\"magic-13\">\n<div class=\"magic-14\">\n<p>&nbsp;<\/p>\n<p><strong>Profil de l'entreprise<\/strong><\/p>\n<hr \/>\n<div class=\"magic-13\">\n<div class=\"magic-14\">\n<div class=\"magic-9\">\n<div class=\"magic-10\">\n<div class=\"magic-13\">\n<div class=\"magic-14\">\n<div data-spm-anchor-id=\"a2700.details.0.i37.625d2e9eLtZffL\">\n<div class=\"magic-13\">\n<div class=\"magic-14\">\n<div class=\"magic-13\">\n<div class=\"magic-14\">\n<p>&nbsp;<\/p>\n<\/div>\n<\/div>\n<\/div>\n<\/div>\n<\/div>\n<\/div>\n<\/div>\n<\/div>\n<\/div>\n<\/div>\n<\/div>\n<\/div>\n<\/div>\n<div class=\"magic-13\">\n<div class=\"magic-14\">\n<p><img decoding=\"async\" class=\"aligncenter size-full wp-image-324\" src=\"https:\/\/www.supersybon.com\/fr\/wp-content\/uploads\/2022\/09\/1663401769-Car-Paint-Supplier-Company-Profile-Manufacturer-China.jpg\" alt=\"\" width=\"900\" height=\"958\" srcset=\"https:\/\/www.supersybon.com\/fr\/wp-content\/uploads\/2022\/09\/1663401769-Car-Paint-Supplier-Company-Profile-Manufacturer-China.jpg 900w, https:\/\/www.supersybon.com\/fr\/wp-content\/uploads\/2022\/09\/1663401769-Car-Paint-Supplier-Company-Profile-Manufacturer-China-480x511.jpg 480w\" sizes=\"(min-width: 0px) and (max-width: 480px) 480px, (min-width: 481px) 900px, 100vw\" \/><\/p>\n<p><strong>FAQ<\/strong><\/p>\n<hr \/>\n<p><strong>Q\u00a0:\u00a0Quel est votre MOQ\u00a0?<\/strong><\/p>\n<p>R : Notre MOQ est de 1 carton.<\/p>\n<p><strong>Q\u00a0:\u00a0Qu\u2019en est-il de votre paiement\u00a0?<\/strong><\/p>\n<p>R : d\u00e9p\u00f4t de 50% \u00e0 l'avance, solde de 50% par T\/T, L\/C, paypal, Western Union ou bien avant exp\u00e9dition.<\/p>\n<p><strong>Q : Fournissez-vous des \u00e9chantillons ?<\/strong><\/p>\n<p>R : Oui, vous pouvez acheter un \u00e9chantillon pour le tester.<\/p>\n<p><strong>Q : Qu'en est-il de votre d\u00e9lai de livraison ?<\/strong><\/p>\n<p>R\u00a0:\u00a0Habituellement 15 jours apr\u00e8s r\u00e9ception de votre d\u00e9p\u00f4t.<\/p>\n<\/div>\n<\/div>\n","protected":false},"excerpt":{"rendered":"<p>1. T\u00eate m\u00e9tallique rotative \u00e0 360 \u00b0. Utilisant un mat\u00e9riau en aluminium, utilisant le principe de l'air Int\u00e9grer le d\u00e9poussi\u00e9rage et la pulv\u00e9risation Vitesse rapide, vent fort, bon effet.<br \/>\n2. Interrupteur antid\u00e9rapant et meilleur contr\u00f4le.Mat\u00e9riau en alliage d'aluminium Ajustez la quantit\u00e9 de liquide en tournant.Afin de mieux obtenir l'effet de nettoyage.<br \/>\n3. Canon triangulaire stable. Compte tenu de la stabilit\u00e9 du canon, \u00e9largissez le bas du canon et d\u00e9placez le centre de gravit\u00e9 vers le bas. Rendre le canon plus stable et difficile \u00e0 tomber.<br \/>\n4. La poign\u00e9e ergonomique ne fatigue plus. La poign\u00e9e est forg\u00e9e en alliage et adopte un design ergonomique Prise confortable, ne fatigue plus les mains.<\/p>\n","protected":false},"featured_media":1321,"template":"","meta":{"_et_pb_use_builder":"","_et_pb_old_content":"","_et_gb_content_width":""},"product_brand":[],"product_cat":[56,58],"product_tag":[837,838],"class_list":{"0":"post-1312","1":"product","2":"type-product","3":"status-publish","4":"has-post-thumbnail","6":"product_cat-serie-dentretien-automobile","7":"product_cat-produits-de-lavage-de-voiture","8":"product_tag-outil-de-nettoyage-de-surfaces","9":"product_tag-pistolet-de-nettoyage-de-voiture-tornado","11":"first","12":"instock","13":"shipping-taxable","14":"product-type-simple"},"_links":{"self":[{"href":"https:\/\/www.supersybon.com\/fr\/wp-json\/wp\/v2\/product\/1312","targetHints":{"allow":["GET"]}}],"collection":[{"href":"https:\/\/www.supersybon.com\/fr\/wp-json\/wp\/v2\/product"}],"about":[{"href":"https:\/\/www.supersybon.com\/fr\/wp-json\/wp\/v2\/types\/product"}],"wp:featuredmedia":[{"embeddable":true,"href":"https:\/\/www.supersybon.com\/fr\/wp-json\/wp\/v2\/media\/1321"}],"wp:attachment":[{"href":"https:\/\/www.supersybon.com\/fr\/wp-json\/wp\/v2\/media?parent=1312"}],"wp:term":[{"taxonomy":"product_brand","embeddable":true,"href":"https:\/\/www.supersybon.com\/fr\/wp-json\/wp\/v2\/product_brand?post=1312"},{"taxonomy":"product_cat","embeddable":true,"href":"https:\/\/www.supersybon.com\/fr\/wp-json\/wp\/v2\/product_cat?post=1312"},{"taxonomy":"product_tag","embeddable":true,"href":"https:\/\/www.supersybon.com\/fr\/wp-json\/wp\/v2\/product_tag?post=1312"}],"curies":[{"name":"wp","href":"https:\/\/api.w.org\/{rel}","templated":true}]}}