{"id":1266,"date":"2022-10-22T10:53:13","date_gmt":"2022-10-22T02:53:13","guid":{"rendered":"https:\/\/www.supersybon.com\/fr\/?post_type=product&#038;p=1266"},"modified":"2023-09-15T18:45:56","modified_gmt":"2023-09-15T10:45:56","slug":"s2214-revitalisant-pour-cuir","status":"publish","type":"product","link":"https:\/\/www.supersybon.com\/fr\/product\/s2214-revitalisant-pour-cuir","title":{"rendered":"S2214 Revitalisant pour cuir garde le cuir doux, maintient la texture inh\u00e9rente, am\u00e9liore la couleur du cuir."},"content":{"rendered":"<p><iframe title=\"Leather Conditioner Keep Leather Soft Maintains Inherent Texture Enhances Leather Color\" width=\"1080\" height=\"608\" src=\"https:\/\/www.youtube.com\/embed\/OAHlEm5BLiA?feature=oembed\"  allow=\"accelerometer; autoplay; clipboard-write; encrypted-media; gyroscope; picture-in-picture\" allowfullscreen><\/iframe><\/p>\n<p><img decoding=\"async\" class=\"aligncenter size-full wp-image-1267\" src=\"https:\/\/www.supersybon.com\/fr\/wp-content\/uploads\/2022\/10\/1666408813-S2214-Leather-Conditioner-Not-Darken-Leather-Safe-Of-Auto-Interiors-All-Other-Leather.jpg\" alt=\"\" width=\"900\" height=\"364\" srcset=\"https:\/\/www.supersybon.com\/fr\/wp-content\/uploads\/2022\/10\/1666408813-S2214-Leather-Conditioner-Not-Darken-Leather-Safe-Of-Auto-Interiors-All-Other-Leather.jpg 900w, https:\/\/www.supersybon.com\/fr\/wp-content\/uploads\/2022\/10\/1666408813-S2214-Leather-Conditioner-Not-Darken-Leather-Safe-Of-Auto-Interiors-All-Other-Leather-480x194.jpg 480w\" sizes=\"(min-width: 0px) and (max-width: 480px) 480px, (min-width: 481px) 900px, 100vw\" \/><\/p>\n<p>&nbsp;<\/p>\n<h2><strong>S2214 Revitalisant pour cuir garde le cuir doux, maintient la texture inh\u00e9rente, am\u00e9liore la couleur du cuir<\/strong><\/h2>\n<p><strong>Fonctionnalit\u00e9:<\/strong><\/p>\n<p>Pour la d\u00e9soxydation et l'entretien des mati\u00e8res en cuir automobiles et domestiques, ce produit a pour effet de r\u00e9veiller la texture et l'\u00e9clat d'origine du cuir ; Il peut dissoudre rapidement la couche d'oxyde sur la surface du cuir et contient des facteurs de soin et de protection nano-gla\u00e7age pour former une couche protectrice anti-\u00e2ge et imperm\u00e9able. La formule des rayons antistatiques, anti-poussi\u00e8re et anti-ultraviolets n'a aucun effet corrosif sur le cuir lui-m\u00eame. Cette formule garde le cuir doux, conserve sa texture inh\u00e9rente, rehausse la couleur du cuir et lui donne une odeur fra\u00eeche. (Convient au cuir de voiture, aux mat\u00e9riaux fa\u00e7onn\u00e9s, aux poils de meubles, aux sacs en cuir, etc.).<\/p>\n<p><strong>Mode op\u00e9ratoire:<\/strong><\/p>\n<p>1. Assurez-vous que le cuir est \u00e0 temp\u00e9rature ambiante avant utilisation. enlevez d'abord les taches sur la surface du cuir avec un d\u00e9tergent et s\u00e9chez-la\u00a0;<\/p>\n<p>2. Appliquez ce produit sur une \u00e9ponge ou une serviette propre, \u00e9talez-le uniform\u00e9ment sur la surface du cuir. [Instruction] Apr\u00e8s en avoir pris soin, il est recommand\u00e9 de garder les fen\u00eatres a\u00e9r\u00e9es et s\u00e8ches avant de s'asseoir ; ce produit a pour effet d'hydrater et de vieillir le cuir, et n'a aucun effet sur la r\u00e9paration du cuir craquel\u00e9.<\/p>\n<p><strong>Pr\u00e9cautions:<\/strong><\/p>\n<p>1. Il est interdit d'utiliser le cuir lorsque la temp\u00e9rature d\u00e9passe la temp\u00e9rature normale ou sous la lumi\u00e8re directe du soleil ;<\/p>\n<p>2. Pour les produits fonctionnels, veuillez tester sur une petite zone dans un endroit discret\u00a0;<\/p>\n<p>3. Il ne doit pas \u00eatre stock\u00e9 dans un endroit en dessous de 0\u00b0C ou au-dessus de 50\u00b0C ;<\/p>\n<p>4. Ne laissez pas les enfants toucher, ne pas manger, si vous entrez accidentellement dans vos yeux, veuillez consulter imm\u00e9diatement un m\u00e9decin\u00a0;<\/p>\n<p>5. Veuillez l'utiliser correctement, ne laissez pas ce produit seul apr\u00e8s l'avoir enduit.<\/p>\n<div data-id=\"paragraph0\"><\/div>\n<div data-id=\"paragraph0\"><\/div>\n<p><img decoding=\"async\" class=\"aligncenter size-full wp-image-1268\" src=\"https:\/\/www.supersybon.com\/fr\/wp-content\/uploads\/2022\/10\/1666408842-S2214-Leather-Treatment-Conditioner-Car-Interior-Care-Product-Abrasive-Paste-For-Car.jpg\" alt=\"\" width=\"750\" height=\"750\" srcset=\"https:\/\/www.supersybon.com\/fr\/wp-content\/uploads\/2022\/10\/1666408842-S2214-Leather-Treatment-Conditioner-Car-Interior-Care-Product-Abrasive-Paste-For-Car.jpg 750w, https:\/\/www.supersybon.com\/fr\/wp-content\/uploads\/2022\/10\/1666408842-S2214-Leather-Treatment-Conditioner-Car-Interior-Care-Product-Abrasive-Paste-For-Car-480x480.jpg 480w\" sizes=\"(min-width: 0px) and (max-width: 480px) 480px, (min-width: 481px) 750px, 100vw\" \/><\/p>\n<p>&nbsp;<\/p>\n<p><img decoding=\"async\" class=\"aligncenter size-full wp-image-1269\" src=\"https:\/\/www.supersybon.com\/fr\/wp-content\/uploads\/2022\/10\/1666408869-S2214-Deep-Leather-Conditioner-Restores-Leather-Surfaces-Use-On-Leather-Furniture-Car-Seats.jpg\" alt=\"\" width=\"750\" height=\"750\" srcset=\"https:\/\/www.supersybon.com\/fr\/wp-content\/uploads\/2022\/10\/1666408869-S2214-Deep-Leather-Conditioner-Restores-Leather-Surfaces-Use-On-Leather-Furniture-Car-Seats.jpg 750w, https:\/\/www.supersybon.com\/fr\/wp-content\/uploads\/2022\/10\/1666408869-S2214-Deep-Leather-Conditioner-Restores-Leather-Surfaces-Use-On-Leather-Furniture-Car-Seats-480x480.jpg 480w\" sizes=\"(min-width: 0px) and (max-width: 480px) 480px, (min-width: 481px) 750px, 100vw\" \/><\/p>\n<p>&nbsp;<\/p>\n<p>&nbsp;<\/p>\n<p><strong>Emballage et service du produit<\/strong><\/p>\n<hr \/>\n<p><strong>EMBALLER:<\/strong><\/p>\n<p>63 pi\u00e8ces\/carton.<\/p>\n<p>&nbsp;<\/p>\n<p><strong>NOTRE SERVICE:<\/strong><\/p>\n<p>1.24 heures en ligne<\/p>\n<p>2. Prix comp\u00e9titif<\/p>\n<p>3. Excellents commentaires du client<\/p>\n<p>4. Commande en ligne s\u00e9curis\u00e9e<\/p>\n<p>5. livraison rapide<\/p>\n<p>6. support technique professionnel<\/p>\n<div class=\"magic-13\">\n<div class=\"magic-14\">\n<div class=\"magic-9\">\n<div class=\"magic-10\">\n<div class=\"magic-13\">\n<div class=\"magic-14\">\n<div class=\"magic-9\">\n<div class=\"magic-13\">\n<div class=\"magic-14\">\n<div class=\"magic-9\">\n<div class=\"magic-10\">\n<div class=\"magic-13\">\n<div class=\"magic-14\">\n<div class=\"magic-9\">\n<div class=\"magic-10\">\n<div class=\"magic-13\">\n<div class=\"magic-14\">\n<div data-spm-anchor-id=\"a2700.details.0.i37.625d2e9eLtZffL\">\n<div class=\"magic-13\">\n<div class=\"magic-14\">\n<div class=\"magic-13\">\n<div class=\"magic-14\">\n<div class=\"magic-13\">\n<div class=\"magic-14\">\n<div class=\"magic-9\">\n<div class=\"magic-13\">\n<div class=\"magic-14\">\n<div class=\"magic-9\">\n<div class=\"magic-10\">\n<div class=\"magic-13\">\n<div class=\"magic-14\">\n<div class=\"magic-9\">\n<div class=\"magic-10\">\n<div class=\"magic-13\">\n<div class=\"magic-14\">\n<div data-spm-anchor-id=\"a2700.details.0.i37.625d2e9eLtZffL\">\n<div class=\"magic-13\">\n<div class=\"magic-14\">\n<div class=\"magic-13\">\n<div class=\"magic-14\">\n<p>&nbsp;<\/p>\n<\/div>\n<\/div>\n<\/div>\n<\/div>\n<\/div>\n<\/div>\n<\/div>\n<\/div>\n<\/div>\n<\/div>\n<\/div>\n<\/div>\n<\/div>\n<\/div>\n<\/div>\n<\/div>\n<\/div>\n<\/div>\n<div class=\"magic-13\">\n<div class=\"magic-14\">\n<div class=\"magic-13\">\n<div class=\"magic-14\">\n<div class=\"magic-9\">\n<div class=\"magic-10\">\n<div class=\"magic-13\">\n<div class=\"magic-14\">\n<div data-spm-anchor-id=\"a2700.details.0.i37.625d2e9eLtZffL\">\n<div class=\"magic-13\">\n<div class=\"magic-14\">\n<div class=\"magic-13\">\n<div class=\"magic-14\">\n<div class=\"magic-13\">\n<div class=\"magic-14\">\n<div class=\"magic-9\">\n<div class=\"magic-13\">\n<div class=\"magic-14\">\n<div class=\"magic-9\">\n<div class=\"magic-10\">\n<div class=\"magic-13\">\n<div class=\"magic-14\">\n<div class=\"magic-9\">\n<div class=\"magic-10\">\n<div class=\"magic-13\">\n<div class=\"magic-14\">\n<div data-spm-anchor-id=\"a2700.details.0.i37.625d2e9eLtZffL\">\n<div class=\"magic-13\">\n<div class=\"magic-14\">\n<div class=\"magic-13\">\n<div class=\"magic-14\">\n<p>&nbsp;<\/p>\n<\/div>\n<\/div>\n<\/div>\n<\/div>\n<\/div>\n<\/div>\n<\/div>\n<\/div>\n<\/div>\n<\/div>\n<\/div>\n<\/div>\n<\/div>\n<\/div>\n<\/div>\n<\/div>\n<\/div>\n<\/div>\n<div class=\"magic-13\">\n<div class=\"magic-14\">\n<div class=\"magic-13\">\n<div class=\"magic-14\">\n<div class=\"magic-9\">\n<div class=\"magic-10\">\n<div class=\"magic-13\">\n<div class=\"magic-14\">\n<div data-spm-anchor-id=\"a2700.details.0.i37.625d2e9eLtZffL\">\n<div class=\"magic-13\">\n<div class=\"magic-14\">\n<div class=\"magic-13\">\n<div class=\"magic-14\">\n<p>&nbsp;<\/p>\n<\/div>\n<\/div>\n<\/div>\n<\/div>\n<\/div>\n<\/div>\n<\/div>\n<\/div>\n<\/div>\n<\/div>\n<\/div>\n<div class=\"magic-13\">\n<div class=\"magic-14\">\n<p><strong>Profil de l'entreprise<\/strong><\/p>\n<hr \/>\n<p>&nbsp;<\/p>\n<\/div>\n<\/div>\n<\/div>\n<\/div>\n<\/div>\n<\/div>\n<\/div>\n<\/div>\n<\/div>\n<\/div>\n<\/div>\n<\/div>\n<\/div>\n<\/div>\n<\/div>\n<\/div>\n<\/div>\n<\/div>\n<\/div>\n<\/div>\n<\/div>\n<\/div>\n<\/div>\n<\/div>\n<\/div>\n<\/div>\n<\/div>\n<\/div>\n<\/div>\n<\/div>\n<\/div>\n<\/div>\n<\/div>\n<\/div>\n<\/div>\n<\/div>\n<\/div>\n<\/div>\n<\/div>\n<div class=\"magic-13\">\n<div class=\"magic-14\">\n<p><img decoding=\"async\" class=\"aligncenter size-full wp-image-324\" src=\"https:\/\/www.supersybon.com\/fr\/wp-content\/uploads\/2022\/09\/1663401769-Car-Paint-Supplier-Company-Profile-Manufacturer-China.jpg\" alt=\"\" width=\"900\" height=\"958\" srcset=\"https:\/\/www.supersybon.com\/fr\/wp-content\/uploads\/2022\/09\/1663401769-Car-Paint-Supplier-Company-Profile-Manufacturer-China.jpg 900w, https:\/\/www.supersybon.com\/fr\/wp-content\/uploads\/2022\/09\/1663401769-Car-Paint-Supplier-Company-Profile-Manufacturer-China-480x511.jpg 480w\" sizes=\"(min-width: 0px) and (max-width: 480px) 480px, (min-width: 481px) 900px, 100vw\" \/><\/p>\n<div class=\"magic-13\">\n<div class=\"magic-14\">\n<p><strong>FAQ<\/strong><\/p>\n<hr \/>\n<\/div>\n<\/div>\n<p><strong>Q\u00a0:\u00a0Quel est votre MOQ\u00a0?<\/strong><\/p>\n<p>R : Notre MOQ est de 1 carton.<\/p>\n<p><strong>Q\u00a0:\u00a0Qu\u2019en est-il de votre paiement\u00a0?<\/strong><\/p>\n<p>R : d\u00e9p\u00f4t de 50% \u00e0 l'avance, solde de 50% par T\/T, L\/C, paypal, Western Union ou bien avant exp\u00e9dition.<\/p>\n<p><strong>Q : Fournissez-vous des \u00e9chantillons ?<\/strong><\/p>\n<p>R : Oui, vous pouvez acheter un \u00e9chantillon pour le tester.<\/p>\n<p><strong>Q : Qu'en est-il de votre d\u00e9lai de livraison ?<\/strong><\/p>\n<p>R\u00a0:\u00a0Habituellement 15 jours apr\u00e8s r\u00e9ception de votre d\u00e9p\u00f4t.<\/p>\n<\/div>\n<\/div>\n","protected":false},"excerpt":{"rendered":"<p>Pour la d\u00e9soxydation et l'entretien des mati\u00e8res en cuir automobiles et domestiques, ce produit a pour effet de r\u00e9veiller la texture et l'\u00e9clat d'origine du cuir ; Il peut dissoudre rapidement la couche d'oxyde sur la surface du cuir et contient des facteurs de soin et de protection nano-gla\u00e7age pour former une couche protectrice anti-\u00e2ge et imperm\u00e9able. La formule des rayons antistatiques, anti-poussi\u00e8re et anti-ultraviolets n'a aucun effet corrosif sur le cuir lui-m\u00eame. Cette formule garde le cuir doux, conserve sa texture inh\u00e9rente, rehausse la couleur du cuir et lui donne une odeur fra\u00eeche. (Convient au cuir de voiture, aux mat\u00e9riaux fa\u00e7onn\u00e9s, aux poils de meubles, aux sacs en cuir, etc.).<\/p>\n","protected":false},"featured_media":1271,"template":"","meta":{"_et_pb_use_builder":"","_et_pb_old_content":"","_et_gb_content_width":""},"product_brand":[],"product_cat":[56,60],"product_tag":[835,834],"class_list":{"0":"post-1266","1":"product","2":"type-product","3":"status-publish","4":"has-post-thumbnail","6":"product_cat-serie-dentretien-automobile","7":"product_cat-entretien-de-la-voiture","8":"product_tag-gardez-le-cuir-doux","9":"product_tag-revitalisant-pour-cuir","11":"first","12":"instock","13":"shipping-taxable","14":"product-type-simple"},"_links":{"self":[{"href":"https:\/\/www.supersybon.com\/fr\/wp-json\/wp\/v2\/product\/1266","targetHints":{"allow":["GET"]}}],"collection":[{"href":"https:\/\/www.supersybon.com\/fr\/wp-json\/wp\/v2\/product"}],"about":[{"href":"https:\/\/www.supersybon.com\/fr\/wp-json\/wp\/v2\/types\/product"}],"wp:featuredmedia":[{"embeddable":true,"href":"https:\/\/www.supersybon.com\/fr\/wp-json\/wp\/v2\/media\/1271"}],"wp:attachment":[{"href":"https:\/\/www.supersybon.com\/fr\/wp-json\/wp\/v2\/media?parent=1266"}],"wp:term":[{"taxonomy":"product_brand","embeddable":true,"href":"https:\/\/www.supersybon.com\/fr\/wp-json\/wp\/v2\/product_brand?post=1266"},{"taxonomy":"product_cat","embeddable":true,"href":"https:\/\/www.supersybon.com\/fr\/wp-json\/wp\/v2\/product_cat?post=1266"},{"taxonomy":"product_tag","embeddable":true,"href":"https:\/\/www.supersybon.com\/fr\/wp-json\/wp\/v2\/product_tag?post=1266"}],"curies":[{"name":"wp","href":"https:\/\/api.w.org\/{rel}","templated":true}]}}