{"id":1251,"date":"2022-10-21T17:40:05","date_gmt":"2022-10-21T09:40:05","guid":{"rendered":"https:\/\/www.supersybon.com\/fr\/?post_type=product&#038;p=1251"},"modified":"2023-09-15T18:36:28","modified_gmt":"2023-09-15T10:36:28","slug":"s2212-shampoing-pour-lave-auto","status":"publish","type":"product","link":"https:\/\/www.supersybon.com\/fr\/product\/s2212-shampoing-pour-lave-auto","title":{"rendered":"S2212 Shampoing pour lave-auto le savon de lavage de voiture fonctionne avec des canons \u00e0 mousse, des pistolets \u00e0 mousse ou des seaux de lavage, sans danger pour les voitures."},"content":{"rendered":"<p><iframe title=\"Car Wash Shampoo Car Wash Soap Works with Foam Cannons, Foam Guns or Bucket Washes Safe for Cars\" width=\"1080\" height=\"608\" src=\"https:\/\/www.youtube.com\/embed\/R5wPa87x5_0?feature=oembed\"  allow=\"accelerometer; autoplay; clipboard-write; encrypted-media; gyroscope; picture-in-picture\" allowfullscreen><\/iframe><\/p>\n<p>&nbsp;<\/p>\n<p>&nbsp;<\/p>\n<p>&nbsp;<\/p>\n<h2><strong>S2212 Shampoing pour lave-auto le savon de lavage de voiture fonctionne avec des canons \u00e0 mousse, des pistolets \u00e0 mousse ou des seaux de lavage, sans danger pour les voitures.<\/strong><\/h2>\n<p>Ce produit est fabriqu\u00e9 \u00e0 partir de mati\u00e8res premi\u00e8res souples de haute qualit\u00e9 et d'une formule avanc\u00e9e. La mousse riche et stable adh\u00e8re \u00e0 la surface de la carrosserie de la voiture, donnant \u00e0 la surface de la peinture le meilleur effet de nettoyage et de protection uniforme du vitrage. Il r\u00e9duit la corrosion de la peau et des surfaces peintes. C'est une protection de l'environnement verte, un ar\u00f4me frais et charmant, et rend votre voiture lumineuse et propre.<\/p>\n<p><strong>Comment utiliser:<\/strong><\/p>\n<p><strong>A. Lavage en machine<\/strong><\/p>\n<p>1. Convient \u00e0 la machine \u00e0 mousser sous pression. Le rapport de dilution de ce produit dans l'eau est de 1\u00a0: 100 \u00e0 180 et la pression de contr\u00f4le est de 0,2 \u00e0 0,4 MP2 (pression de 2 kg \u00e0 4 kg).<\/p>\n<p>2. Il faut d'abord ajouter 50 % d'eau, puis ajouter 400 g de produit (remplir la machine \u00e0 mousser avec 60 kg d'eau), puis continuer \u00e0 ajouter de l'eau. De cette fa\u00e7on, la bulle est stable du d\u00e9but \u00e0 la fin.<\/p>\n<p><strong>B. Lavage \u00e0 la main<\/strong><\/p>\n<p>1. M\u00e9langez ce produit avec de l'eau 1: 100-150, remuez uniform\u00e9ment, essuyez la carrosserie avec une \u00e9ponge de lavage de voiture, puis lavez \u00e0 l'eau.<\/p>\n<div data-id=\"paragraph0\"><\/div>\n<p><img decoding=\"async\" class=\"aligncenter size-full wp-image-1253\" src=\"https:\/\/www.supersybon.com\/fr\/wp-content\/uploads\/2022\/10\/1666349956-S2212-Strong-Decontamination-Car-Shampoo-Manufacturer-Shampoo-Washing-Liquid-Powerful-Shampoo.jpg\" alt=\"\" width=\"750\" height=\"750\" srcset=\"https:\/\/www.supersybon.com\/fr\/wp-content\/uploads\/2022\/10\/1666349956-S2212-Strong-Decontamination-Car-Shampoo-Manufacturer-Shampoo-Washing-Liquid-Powerful-Shampoo.jpg 750w, https:\/\/www.supersybon.com\/fr\/wp-content\/uploads\/2022\/10\/1666349956-S2212-Strong-Decontamination-Car-Shampoo-Manufacturer-Shampoo-Washing-Liquid-Powerful-Shampoo-480x480.jpg 480w\" sizes=\"(min-width: 0px) and (max-width: 480px) 480px, (min-width: 481px) 750px, 100vw\" \/><\/p>\n<p><img decoding=\"async\" class=\"aligncenter size-full wp-image-1256\" src=\"https:\/\/www.supersybon.com\/fr\/wp-content\/uploads\/2022\/10\/1666350043-S2212-Best-Car-Wash-Shampoo-Carwash-Car-Wash-Liquid-Shampoo-20-Liter.jpg\" alt=\"\" width=\"750\" height=\"750\" srcset=\"https:\/\/www.supersybon.com\/fr\/wp-content\/uploads\/2022\/10\/1666350043-S2212-Best-Car-Wash-Shampoo-Carwash-Car-Wash-Liquid-Shampoo-20-Liter.jpg 750w, https:\/\/www.supersybon.com\/fr\/wp-content\/uploads\/2022\/10\/1666350043-S2212-Best-Car-Wash-Shampoo-Carwash-Car-Wash-Liquid-Shampoo-20-Liter-480x480.jpg 480w\" sizes=\"(min-width: 0px) and (max-width: 480px) 480px, (min-width: 481px) 750px, 100vw\" \/><\/p>\n<p><img decoding=\"async\" class=\"aligncenter size-full wp-image-1254\" src=\"https:\/\/www.supersybon.com\/fr\/wp-content\/uploads\/2022\/10\/1666349983-S2212-Car-Wash-And-Wax-Shampoo-Small-Car-Care-Detailing-Washing-Wax-Shampoo.jpg\" alt=\"\" width=\"750\" height=\"750\" srcset=\"https:\/\/www.supersybon.com\/fr\/wp-content\/uploads\/2022\/10\/1666349983-S2212-Car-Wash-And-Wax-Shampoo-Small-Car-Care-Detailing-Washing-Wax-Shampoo.jpg 750w, https:\/\/www.supersybon.com\/fr\/wp-content\/uploads\/2022\/10\/1666349983-S2212-Car-Wash-And-Wax-Shampoo-Small-Car-Care-Detailing-Washing-Wax-Shampoo-480x480.jpg 480w\" sizes=\"(min-width: 0px) and (max-width: 480px) 480px, (min-width: 481px) 750px, 100vw\" \/><\/p>\n<div class=\"magic-13\">\n<div class=\"magic-14\">\n<div class=\"magic-9\">\n<p><img decoding=\"async\" class=\"aligncenter size-full wp-image-1255\" src=\"https:\/\/www.supersybon.com\/fr\/wp-content\/uploads\/2022\/10\/1666350015-S2212-Car-Washing-Wax-Shampoo-Car-Wash-Detailing-Chemicals-Shampoo-Snow-Wash-Shampoo.jpg\" alt=\"\" width=\"750\" height=\"750\" srcset=\"https:\/\/www.supersybon.com\/fr\/wp-content\/uploads\/2022\/10\/1666350015-S2212-Car-Washing-Wax-Shampoo-Car-Wash-Detailing-Chemicals-Shampoo-Snow-Wash-Shampoo.jpg 750w, https:\/\/www.supersybon.com\/fr\/wp-content\/uploads\/2022\/10\/1666350015-S2212-Car-Washing-Wax-Shampoo-Car-Wash-Detailing-Chemicals-Shampoo-Snow-Wash-Shampoo-480x480.jpg 480w\" sizes=\"(min-width: 0px) and (max-width: 480px) 480px, (min-width: 481px) 750px, 100vw\" \/><\/p>\n<p>&nbsp;<\/p>\n<p>&nbsp;<\/p>\n<p><strong>Emballage et service du produit<\/strong><\/p>\n<hr \/>\n<p><strong>EMBALLER:<\/strong><\/p>\n<p>35 pi\u00e8ces\/carton.<\/p>\n<p>&nbsp;<\/p>\n<p><strong>NOTRE SERVICE:<\/strong><\/p>\n<p>1.24 heures en ligne<\/p>\n<p>2. Prix comp\u00e9titif<\/p>\n<p>3. Excellents commentaires du client<\/p>\n<p>4. Commande en ligne s\u00e9curis\u00e9e<\/p>\n<p>5. livraison rapide<\/p>\n<p>6. support technique professionnel<\/p>\n<div class=\"magic-13\">\n<div class=\"magic-14\">\n<div class=\"magic-9\">\n<div class=\"magic-10\">\n<div class=\"magic-13\">\n<div class=\"magic-14\">\n<div class=\"magic-9\">\n<div class=\"magic-13\">\n<div class=\"magic-14\">\n<div class=\"magic-9\">\n<div class=\"magic-10\">\n<div class=\"magic-13\">\n<div class=\"magic-14\">\n<div class=\"magic-9\">\n<div class=\"magic-10\">\n<div class=\"magic-13\">\n<div class=\"magic-14\">\n<div data-spm-anchor-id=\"a2700.details.0.i37.625d2e9eLtZffL\">\n<div class=\"magic-13\">\n<div class=\"magic-14\">\n<div class=\"magic-13\">\n<div class=\"magic-14\">\n<div class=\"magic-13\">\n<div class=\"magic-14\">\n<div class=\"magic-9\">\n<div class=\"magic-13\">\n<div class=\"magic-14\">\n<div class=\"magic-9\">\n<div class=\"magic-10\">\n<div class=\"magic-13\">\n<div class=\"magic-14\">\n<div class=\"magic-9\">\n<div class=\"magic-10\">\n<div class=\"magic-13\">\n<div class=\"magic-14\">\n<div data-spm-anchor-id=\"a2700.details.0.i37.625d2e9eLtZffL\">\n<div class=\"magic-13\">\n<div class=\"magic-14\">\n<div class=\"magic-13\">\n<div class=\"magic-14\">\n<p>&nbsp;<\/p>\n<div class=\"magic-13\">\n<div class=\"magic-14\">\n<div class=\"magic-9\">\n<div class=\"magic-10\">\n<div class=\"magic-13\">\n<div class=\"magic-14\">\n<div data-spm-anchor-id=\"a2700.details.0.i37.625d2e9eLtZffL\">\n<div class=\"magic-13\">\n<div class=\"magic-14\">\n<div class=\"magic-13\">\n<div class=\"magic-14\">\n<p>&nbsp;<\/p>\n<\/div>\n<\/div>\n<\/div>\n<\/div>\n<\/div>\n<\/div>\n<\/div>\n<\/div>\n<\/div>\n<\/div>\n<\/div>\n<div class=\"magic-13\">\n<div class=\"magic-14\">\n<p><strong>Profil de l'entreprise<\/strong><\/p>\n<hr \/>\n<p>&nbsp;<\/p>\n<\/div>\n<\/div>\n<\/div>\n<\/div>\n<\/div>\n<\/div>\n<\/div>\n<\/div>\n<\/div>\n<\/div>\n<\/div>\n<\/div>\n<\/div>\n<\/div>\n<\/div>\n<\/div>\n<\/div>\n<\/div>\n<\/div>\n<\/div>\n<\/div>\n<\/div>\n<\/div>\n<\/div>\n<\/div>\n<\/div>\n<\/div>\n<\/div>\n<\/div>\n<\/div>\n<\/div>\n<\/div>\n<\/div>\n<\/div>\n<\/div>\n<\/div>\n<\/div>\n<\/div>\n<\/div>\n<\/div>\n<\/div>\n<\/div>\n<\/div>\n<\/div>\n<\/div>\n<div class=\"magic-13\">\n<div class=\"magic-14\">\n<p><img decoding=\"async\" class=\"aligncenter size-full wp-image-324\" src=\"https:\/\/www.supersybon.com\/fr\/wp-content\/uploads\/2022\/09\/1663401769-Car-Paint-Supplier-Company-Profile-Manufacturer-China.jpg\" alt=\"\" width=\"900\" height=\"958\" srcset=\"https:\/\/www.supersybon.com\/fr\/wp-content\/uploads\/2022\/09\/1663401769-Car-Paint-Supplier-Company-Profile-Manufacturer-China.jpg 900w, https:\/\/www.supersybon.com\/fr\/wp-content\/uploads\/2022\/09\/1663401769-Car-Paint-Supplier-Company-Profile-Manufacturer-China-480x511.jpg 480w\" sizes=\"(min-width: 0px) and (max-width: 480px) 480px, (min-width: 481px) 900px, 100vw\" \/><\/p>\n<div class=\"magic-13\">\n<div class=\"magic-14\">\n<p><strong>FAQ<\/strong><\/p>\n<hr \/>\n<\/div>\n<\/div>\n<p><strong>Q\u00a0:\u00a0Quel est votre MOQ\u00a0?<\/strong><\/p>\n<p>R : Notre MOQ est de 1 carton.<\/p>\n<p><strong>Q\u00a0:\u00a0Qu\u2019en est-il de votre paiement\u00a0?<\/strong><\/p>\n<p>R : d\u00e9p\u00f4t de 50% \u00e0 l'avance, solde de 50% par T\/T, L\/C, paypal, Western Union ou bien avant exp\u00e9dition.<\/p>\n<p><strong>Q : Fournissez-vous des \u00e9chantillons ?<\/strong><\/p>\n<p>R : Oui, vous pouvez acheter un \u00e9chantillon pour le tester.<\/p>\n<p><strong>Q : Qu'en est-il de votre d\u00e9lai de livraison ?<\/strong><\/p>\n<p>R\u00a0:\u00a0Habituellement 15 jours apr\u00e8s r\u00e9ception de votre d\u00e9p\u00f4t.<\/p>\n<\/div>\n<\/div>\n","protected":false},"excerpt":{"rendered":"<p>Le shampooing pour lave-auto est compos\u00e9 de mati\u00e8res premi\u00e8res douces de haute qualit\u00e9 et d'une formule avanc\u00e9e. La mousse riche et stable adh\u00e8re \u00e0 la surface de la carrosserie de la voiture, donnant \u00e0 la surface de la peinture le meilleur effet de nettoyage et de protection uniforme du vitrage. Il r\u00e9duit la corrosion de la peau et des surfaces peintes. C'est une protection de l'environnement verte, un ar\u00f4me frais et charmant, et rend votre voiture lumineuse et propre.<\/p>\n","protected":false},"featured_media":1257,"template":"","meta":{"_et_pb_use_builder":"","_et_pb_old_content":"","_et_gb_content_width":""},"product_brand":[],"product_cat":[56,60],"product_tag":[833,832],"class_list":{"0":"post-1251","1":"product","2":"type-product","3":"status-publish","4":"has-post-thumbnail","6":"product_cat-serie-dentretien-automobile","7":"product_cat-entretien-de-la-voiture","8":"product_tag-savon-de-lavage-de-voiture","9":"product_tag-shampoing-pour-lave-auto","11":"first","12":"instock","13":"shipping-taxable","14":"product-type-simple"},"_links":{"self":[{"href":"https:\/\/www.supersybon.com\/fr\/wp-json\/wp\/v2\/product\/1251","targetHints":{"allow":["GET"]}}],"collection":[{"href":"https:\/\/www.supersybon.com\/fr\/wp-json\/wp\/v2\/product"}],"about":[{"href":"https:\/\/www.supersybon.com\/fr\/wp-json\/wp\/v2\/types\/product"}],"wp:featuredmedia":[{"embeddable":true,"href":"https:\/\/www.supersybon.com\/fr\/wp-json\/wp\/v2\/media\/1257"}],"wp:attachment":[{"href":"https:\/\/www.supersybon.com\/fr\/wp-json\/wp\/v2\/media?parent=1251"}],"wp:term":[{"taxonomy":"product_brand","embeddable":true,"href":"https:\/\/www.supersybon.com\/fr\/wp-json\/wp\/v2\/product_brand?post=1251"},{"taxonomy":"product_cat","embeddable":true,"href":"https:\/\/www.supersybon.com\/fr\/wp-json\/wp\/v2\/product_cat?post=1251"},{"taxonomy":"product_tag","embeddable":true,"href":"https:\/\/www.supersybon.com\/fr\/wp-json\/wp\/v2\/product_tag?post=1251"}],"curies":[{"name":"wp","href":"https:\/\/api.w.org\/{rel}","templated":true}]}}