{"id":1242,"date":"2022-10-21T10:56:34","date_gmt":"2022-10-21T02:56:34","guid":{"rendered":"https:\/\/www.supersybon.com\/fr\/?post_type=product&#038;p=1242"},"modified":"2023-09-15T18:29:07","modified_gmt":"2023-09-15T10:29:07","slug":"s2208-nettoyant-et-cire-sans-eau","status":"publish","type":"product","link":"https:\/\/www.supersybon.com\/fr\/product\/s2208-nettoyant-et-cire-sans-eau","title":{"rendered":"S2208 Nettoyant et cire sans eau nettoyant de voiture de salle d'exposition de jet de d\u00e9tail rapide de lavage de voiture de qualit\u00e9 sup\u00e9rieure"},"content":{"rendered":"<p><iframe title=\"Waterless Wash &amp; Wax Premium Quality Car Wash Quick Detailer Spray Showroom Car Cleaner\" width=\"1080\" height=\"608\" src=\"https:\/\/www.youtube.com\/embed\/HZAlr9f8tVA?feature=oembed\"  allow=\"accelerometer; autoplay; clipboard-write; encrypted-media; gyroscope; picture-in-picture\" allowfullscreen><\/iframe><\/p>\n<p><img decoding=\"async\" class=\"aligncenter size-full wp-image-1243\" src=\"https:\/\/www.supersybon.com\/fr\/wp-content\/uploads\/2022\/10\/1666323408-S2208-Best-Concentrate-Car-Waterless-Cleaner-Auto-Waterless-Wash-Waterless-Car-Cleaning.jpg\" alt=\"\" width=\"900\" height=\"364\" srcset=\"https:\/\/www.supersybon.com\/fr\/wp-content\/uploads\/2022\/10\/1666323408-S2208-Best-Concentrate-Car-Waterless-Cleaner-Auto-Waterless-Wash-Waterless-Car-Cleaning.jpg 900w, https:\/\/www.supersybon.com\/fr\/wp-content\/uploads\/2022\/10\/1666323408-S2208-Best-Concentrate-Car-Waterless-Cleaner-Auto-Waterless-Wash-Waterless-Car-Cleaning-480x194.jpg 480w\" sizes=\"(min-width: 0px) and (max-width: 480px) 480px, (min-width: 481px) 900px, 100vw\" \/><\/p>\n<p>&nbsp;<\/p>\n<h2><strong>S2208 Nettoyant et cire sans eau nettoyant de voiture de salle d'exposition de jet de d\u00e9tail rapide de lavage de voiture de qualit\u00e9 sup\u00e9rieure<\/strong><\/h2>\n<p><strong>Performance:<\/strong><\/p>\n<p>Ce produit contient de la cire hydrophobe de polissage import\u00e9e, un \u00e9mulsifiant \u00e0 haute efficacit\u00e9, un p\u00e9n\u00e9trant et divers produits purement neutres. Il est non corrosif, non irritant pour la peau et respectueux de l'environnement.<\/p>\n<p><strong>Fonctionnalit\u00e9:<\/strong><\/p>\n<p>Waterless Wash &amp; Wax a une d\u00e9contamination en profondeur, une hydrophobe soyeuse, une luminosit\u00e9 \u00e9lev\u00e9e et aucun dommage \u00e0 la peinture de la voiture, puis le lavage et le cirage de la voiture peuvent \u00eatre effectu\u00e9s en une seule fois.<\/p>\n<p><strong>Comment utiliser:<\/strong><\/p>\n<p>1. Bien agiter avant utilisation.<\/p>\n<p>2. Pulv\u00e9riser le produit sur la surface peinte (1 morceau de panneau \u00e0 l'unit\u00e9), attendre un moment pour qu'il se dissolve, et pulv\u00e9riser davantage si n\u00e9cessaire pour les parties les plus sales.<\/p>\n<p>3. Attendez un moment, une fois la salet\u00e9 ramollie et tremp\u00e9e, vaporisez le produit sur la serviette, gardez la serviette humide et essuyez la surface de la peinture avec la serviette.<\/p>\n<p>4. Faites attention \u00e0 l'\u00e9tat sale de la surface de la serviette et retournez ou remplacez la partie de la serviette \u00e0 temps pour emp\u00eacher le sable, le gravier et d'autres salet\u00e9s de revenir \u00e0 la surface de la peinture.<\/p>\n<p>5. Vaporisez \u00e0 nouveau sur la m\u00eame pi\u00e8ce, utilisez une serviette propre, s\u00e9chez et essuyez jusqu'\u00e0 ce que la surface de la peinture soit propre et brillante. Enfin, la surface de la peinture est excellente et brillante.<\/p>\n<div data-id=\"paragraph0\"><\/div>\n<div data-id=\"paragraph0\"><\/div>\n<p><img decoding=\"async\" class=\"aligncenter size-full wp-image-1250\" src=\"https:\/\/www.supersybon.com\/fr\/wp-content\/uploads\/2022\/10\/1666323617-S2208-Auto-Detailing-Eco-Friendly-No-Water-Waterless-Car-Wash-Products-Wholesales.jpg\" alt=\"\" width=\"750\" height=\"750\" srcset=\"https:\/\/www.supersybon.com\/fr\/wp-content\/uploads\/2022\/10\/1666323617-S2208-Auto-Detailing-Eco-Friendly-No-Water-Waterless-Car-Wash-Products-Wholesales.jpg 750w, https:\/\/www.supersybon.com\/fr\/wp-content\/uploads\/2022\/10\/1666323617-S2208-Auto-Detailing-Eco-Friendly-No-Water-Waterless-Car-Wash-Products-Wholesales-480x480.jpg 480w\" sizes=\"(min-width: 0px) and (max-width: 480px) 480px, (min-width: 481px) 750px, 100vw\" \/><\/p>\n<p><img decoding=\"async\" class=\"aligncenter size-full wp-image-1247\" src=\"https:\/\/www.supersybon.com\/fr\/wp-content\/uploads\/2022\/10\/1666323500-S2208-Dry-Car-Wash-Liquid-Waterless-Concentrated-Liquid-Car-Wash.jpg\" alt=\"\" width=\"750\" height=\"750\" srcset=\"https:\/\/www.supersybon.com\/fr\/wp-content\/uploads\/2022\/10\/1666323500-S2208-Dry-Car-Wash-Liquid-Waterless-Concentrated-Liquid-Car-Wash.jpg 750w, https:\/\/www.supersybon.com\/fr\/wp-content\/uploads\/2022\/10\/1666323500-S2208-Dry-Car-Wash-Liquid-Waterless-Concentrated-Liquid-Car-Wash-480x480.jpg 480w\" sizes=\"(min-width: 0px) and (max-width: 480px) 480px, (min-width: 481px) 750px, 100vw\" \/><\/p>\n<p>&nbsp;<\/p>\n<div class=\"magic-13\">\n<div class=\"magic-14\">\n<div class=\"magic-9\">\n<p><img decoding=\"async\" class=\"aligncenter size-full wp-image-1245\" src=\"https:\/\/www.supersybon.com\/fr\/wp-content\/uploads\/2022\/10\/1666323459-S2208-Car-Detailing-Water-Saving-Car-Waterless-Wash-Wax-Spray-Dry-Cleaner.jpg\" alt=\"\" width=\"750\" height=\"750\" srcset=\"https:\/\/www.supersybon.com\/fr\/wp-content\/uploads\/2022\/10\/1666323459-S2208-Car-Detailing-Water-Saving-Car-Waterless-Wash-Wax-Spray-Dry-Cleaner.jpg 750w, https:\/\/www.supersybon.com\/fr\/wp-content\/uploads\/2022\/10\/1666323459-S2208-Car-Detailing-Water-Saving-Car-Waterless-Wash-Wax-Spray-Dry-Cleaner-480x480.jpg 480w\" sizes=\"(min-width: 0px) and (max-width: 480px) 480px, (min-width: 481px) 750px, 100vw\" \/><\/p>\n<p>&nbsp;<\/p>\n<p><img decoding=\"async\" class=\"aligncenter size-full wp-image-1246\" src=\"https:\/\/www.supersybon.com\/fr\/wp-content\/uploads\/2022\/10\/1666323477-S2208-Car-Wax-Polish-Waterless-Wash-And-Wax-Car-Washing-Liquid-Car-Wash.jpg\" alt=\"\" width=\"750\" height=\"750\" srcset=\"https:\/\/www.supersybon.com\/fr\/wp-content\/uploads\/2022\/10\/1666323477-S2208-Car-Wax-Polish-Waterless-Wash-And-Wax-Car-Washing-Liquid-Car-Wash.jpg 750w, https:\/\/www.supersybon.com\/fr\/wp-content\/uploads\/2022\/10\/1666323477-S2208-Car-Wax-Polish-Waterless-Wash-And-Wax-Car-Washing-Liquid-Car-Wash-480x480.jpg 480w\" sizes=\"(min-width: 0px) and (max-width: 480px) 480px, (min-width: 481px) 750px, 100vw\" \/><\/p>\n<div class=\"magic-10\">\n<p>&nbsp;<\/p>\n<p>&nbsp;<\/p>\n<p><strong>Emballage et service du produit<\/strong><\/p>\n<hr \/>\n<p><strong>EMBALLER:<\/strong><\/p>\n<p>35 pi\u00e8ces\/carton.<\/p>\n<p>&nbsp;<\/p>\n<p><strong>NOTRE SERVICE:<\/strong><\/p>\n<p>1.24 heures en ligne<\/p>\n<p>2. Prix comp\u00e9titif<\/p>\n<p>3. Excellents commentaires du client<\/p>\n<p>4. Commande en ligne s\u00e9curis\u00e9e<\/p>\n<p>5. livraison rapide<\/p>\n<p>6. support technique professionnel<\/p>\n<div class=\"magic-13\">\n<div class=\"magic-14\">\n<div class=\"magic-9\">\n<div class=\"magic-10\">\n<p>&nbsp;<\/p>\n<div class=\"magic-13\">\n<div class=\"magic-14\">\n<div class=\"magic-9\">\n<div class=\"magic-10\">\n<div class=\"magic-13\">\n<div class=\"magic-14\">\n<div data-spm-anchor-id=\"a2700.details.0.i37.625d2e9eLtZffL\">\n<div class=\"magic-13\">\n<div class=\"magic-14\">\n<div class=\"magic-13\">\n<div class=\"magic-14\">\n<p>&nbsp;<\/p>\n<\/div>\n<\/div>\n<\/div>\n<\/div>\n<\/div>\n<\/div>\n<\/div>\n<\/div>\n<\/div>\n<\/div>\n<\/div>\n<div class=\"magic-13\">\n<div class=\"magic-14\">\n<p><strong>Profil de l'entreprise<\/strong><\/p>\n<hr \/>\n<p>&nbsp;<\/p>\n<\/div>\n<\/div>\n<\/div>\n<\/div>\n<\/div>\n<\/div>\n<\/div>\n<\/div>\n<\/div>\n<\/div>\n<div class=\"magic-13\">\n<div class=\"magic-14\">\n<p><img decoding=\"async\" class=\"aligncenter size-full wp-image-324\" src=\"https:\/\/www.supersybon.com\/fr\/wp-content\/uploads\/2022\/09\/1663401769-Car-Paint-Supplier-Company-Profile-Manufacturer-China.jpg\" alt=\"\" width=\"900\" height=\"958\" srcset=\"https:\/\/www.supersybon.com\/fr\/wp-content\/uploads\/2022\/09\/1663401769-Car-Paint-Supplier-Company-Profile-Manufacturer-China.jpg 900w, https:\/\/www.supersybon.com\/fr\/wp-content\/uploads\/2022\/09\/1663401769-Car-Paint-Supplier-Company-Profile-Manufacturer-China-480x511.jpg 480w\" sizes=\"(min-width: 0px) and (max-width: 480px) 480px, (min-width: 481px) 900px, 100vw\" \/><\/p>\n<div class=\"magic-13\">\n<div class=\"magic-14\">\n<p><strong>FAQ<\/strong><\/p>\n<hr \/>\n<\/div>\n<\/div>\n<p><strong>Q\u00a0:\u00a0Quel est votre MOQ\u00a0?<\/strong><\/p>\n<p>R : Notre MOQ est de 1 carton.<\/p>\n<p><strong>Q\u00a0:\u00a0Qu\u2019en est-il de votre paiement\u00a0?<\/strong><\/p>\n<p>R : d\u00e9p\u00f4t de 50% \u00e0 l'avance, solde de 50% par T\/T, L\/C, paypal, Western Union ou bien avant exp\u00e9dition.<\/p>\n<p><strong>Q : Fournissez-vous des \u00e9chantillons ?<\/strong><\/p>\n<p>R : Oui, vous pouvez acheter un \u00e9chantillon pour le tester.<\/p>\n<p><strong>Q : Qu'en est-il de votre d\u00e9lai de livraison ?<\/strong><\/p>\n<p>R\u00a0:\u00a0Habituellement 15 jours apr\u00e8s r\u00e9ception de votre d\u00e9p\u00f4t.<\/p>\n<\/div>\n<\/div>\n","protected":false},"excerpt":{"rendered":"<p>Waterless Wash&amp;Wax\u00a0a une d\u00e9contamination en profondeur, une hydrophobe soyeuse, une luminosit\u00e9 \u00e9lev\u00e9e et aucun dommage \u00e0 la peinture de la voiture, puis le lavage et le cirage de la voiture peuvent \u00eatre effectu\u00e9s en une seule fois.<\/p>\n","protected":false},"featured_media":1248,"template":"","meta":{"_et_pb_use_builder":"","_et_pb_old_content":"","_et_gb_content_width":""},"product_brand":[],"product_cat":[56,60],"product_tag":[831,830],"class_list":{"0":"post-1242","1":"product","2":"type-product","3":"status-publish","4":"has-post-thumbnail","6":"product_cat-serie-dentretien-automobile","7":"product_cat-entretien-de-la-voiture","8":"product_tag-nettoyant-et-cire-sans-eau","9":"product_tag-spray-nettoyant-rapide-pour-lave-auto","11":"first","12":"instock","13":"shipping-taxable","14":"product-type-simple"},"_links":{"self":[{"href":"https:\/\/www.supersybon.com\/fr\/wp-json\/wp\/v2\/product\/1242","targetHints":{"allow":["GET"]}}],"collection":[{"href":"https:\/\/www.supersybon.com\/fr\/wp-json\/wp\/v2\/product"}],"about":[{"href":"https:\/\/www.supersybon.com\/fr\/wp-json\/wp\/v2\/types\/product"}],"wp:featuredmedia":[{"embeddable":true,"href":"https:\/\/www.supersybon.com\/fr\/wp-json\/wp\/v2\/media\/1248"}],"wp:attachment":[{"href":"https:\/\/www.supersybon.com\/fr\/wp-json\/wp\/v2\/media?parent=1242"}],"wp:term":[{"taxonomy":"product_brand","embeddable":true,"href":"https:\/\/www.supersybon.com\/fr\/wp-json\/wp\/v2\/product_brand?post=1242"},{"taxonomy":"product_cat","embeddable":true,"href":"https:\/\/www.supersybon.com\/fr\/wp-json\/wp\/v2\/product_cat?post=1242"},{"taxonomy":"product_tag","embeddable":true,"href":"https:\/\/www.supersybon.com\/fr\/wp-json\/wp\/v2\/product_tag?post=1242"}],"curies":[{"name":"wp","href":"https:\/\/api.w.org\/{rel}","templated":true}]}}