{"id":1233,"date":"2022-10-21T10:26:03","date_gmt":"2022-10-21T02:26:03","guid":{"rendered":"https:\/\/www.supersybon.com\/fr\/?post_type=product&#038;p=1233"},"modified":"2023-09-15T18:20:35","modified_gmt":"2023-09-15T10:20:35","slug":"s2211-detachant-les-taches-deau","status":"publish","type":"product","link":"https:\/\/www.supersybon.com\/fr\/product\/s2211-detachant-les-taches-deau","title":{"rendered":"S2211 D\u00e9tachant les taches d'eau d\u00e9tachant d'eau robuste pour automobile, pour la peinture, le verre, le m\u00e9tal et plus encore"},"content":{"rendered":"<p><iframe title=\"Water Spot Remover Automotive Heavy Duty Water Spot Remover From Paint, Glass, Metal and More\" width=\"1080\" height=\"608\" src=\"https:\/\/www.youtube.com\/embed\/KwN6pJBLVW8?feature=oembed\"  allow=\"accelerometer; autoplay; clipboard-write; encrypted-media; gyroscope; picture-in-picture\" allowfullscreen><\/iframe><\/p>\n<p><img decoding=\"async\" class=\"aligncenter size-full wp-image-1234\" src=\"https:\/\/www.supersybon.com\/fr\/wp-content\/uploads\/2022\/10\/1666320603-S2211-Quickly-Decompose-Non-Toxic-And-Easy-To-Place-Water-Spot-Remover.jpg\" alt=\"\" width=\"900\" height=\"364\" srcset=\"https:\/\/www.supersybon.com\/fr\/wp-content\/uploads\/2022\/10\/1666320603-S2211-Quickly-Decompose-Non-Toxic-And-Easy-To-Place-Water-Spot-Remover.jpg 900w, https:\/\/www.supersybon.com\/fr\/wp-content\/uploads\/2022\/10\/1666320603-S2211-Quickly-Decompose-Non-Toxic-And-Easy-To-Place-Water-Spot-Remover-480x194.jpg 480w\" sizes=\"(min-width: 0px) and (max-width: 480px) 480px, (min-width: 481px) 900px, 100vw\" \/><\/p>\n<p>&nbsp;<\/p>\n<h2><strong>S2211 D\u00e9tachant les taches d'eau d\u00e9tachant d'eau robuste pour automobile, pour la peinture, le verre, le m\u00e9tal et plus encore<\/strong><\/h2>\n<p>Ce produit est s\u00fbr et non toxique et n'endommagera pas la surface de la peinture ni le verre. Il peut rapidement d\u00e9composer les taches d'eau et peindre les marques de couche d'oxyde.<\/p>\n<p><strong>Instructions:<\/strong><\/p>\n<p>1. Vaporisez sur la surface \u00e0 nettoyer, essuyez avec une \u00e9ponge, attendez 1 \u00e0 2 minutes, rincez \u00e0 l'eau et essuyez.<\/p>\n<p>2. Veuillez utiliser la brosse de d\u00e9tail pour nettoyer l'espace, rincer \u00e0 l'eau et s\u00e9cher apr\u00e8s le nettoyage.<\/p>\n<p><strong>Pr\u00e9cautions:<\/strong><\/p>\n<p>1. Veuillez utiliser ce produit dans un endroit frais, ne l'utilisez pas au soleil et \u00e0 haute temp\u00e9rature.<\/p>\n<p>2. Ce produit ne convient pas au pare-brise avant, au r\u00e9troviseur avec fonction de chauffage, \u00e0 la bande de garniture chrom\u00e9e de la vitre de la voiture.<\/p>\n<div data-id=\"paragraph0\"><\/div>\n<div data-id=\"paragraph0\"><\/div>\n<p><img decoding=\"async\" class=\"aligncenter size-full wp-image-1240\" src=\"https:\/\/www.supersybon.com\/fr\/wp-content\/uploads\/2022\/10\/1666320775-S2211-Auto-Detailing-Car-Care-Product-Rain-Marks-Water-Marks-Spot-Remove-500Ml-Water-Spot-Remover.jpg\" alt=\"\" width=\"750\" height=\"750\" srcset=\"https:\/\/www.supersybon.com\/fr\/wp-content\/uploads\/2022\/10\/1666320775-S2211-Auto-Detailing-Car-Care-Product-Rain-Marks-Water-Marks-Spot-Remove-500Ml-Water-Spot-Remover.jpg 750w, https:\/\/www.supersybon.com\/fr\/wp-content\/uploads\/2022\/10\/1666320775-S2211-Auto-Detailing-Car-Care-Product-Rain-Marks-Water-Marks-Spot-Remove-500Ml-Water-Spot-Remover-480x480.jpg 480w\" sizes=\"(min-width: 0px) and (max-width: 480px) 480px, (min-width: 481px) 750px, 100vw\" \/><\/p>\n<div class=\"magic-13\">\n<div class=\"magic-14\">\n<div class=\"magic-9\">\n<p><img decoding=\"async\" class=\"aligncenter size-full wp-image-1236\" src=\"https:\/\/www.supersybon.com\/fr\/wp-content\/uploads\/2022\/10\/1666320645-S2211-Auto-Detailing-Water-Spot-Remover-Glass-Window-Screen-Cleaner-Car-Window-Oil-Film-Remover.jpg\" alt=\"\" width=\"750\" height=\"750\" srcset=\"https:\/\/www.supersybon.com\/fr\/wp-content\/uploads\/2022\/10\/1666320645-S2211-Auto-Detailing-Water-Spot-Remover-Glass-Window-Screen-Cleaner-Car-Window-Oil-Film-Remover.jpg 750w, https:\/\/www.supersybon.com\/fr\/wp-content\/uploads\/2022\/10\/1666320645-S2211-Auto-Detailing-Water-Spot-Remover-Glass-Window-Screen-Cleaner-Car-Window-Oil-Film-Remover-480x480.jpg 480w\" sizes=\"(min-width: 0px) and (max-width: 480px) 480px, (min-width: 481px) 750px, 100vw\" \/><\/p>\n<p><img decoding=\"async\" class=\"aligncenter size-full wp-image-1237\" src=\"https:\/\/www.supersybon.com\/fr\/wp-content\/uploads\/2022\/10\/1666320665-S2211-Car-Care-Liquid-Spray-Water-Spot-Remover-Glass-Window-Screen-Cleaner-Car-Window-Oil-Film-Remover.jpg\" alt=\"\" width=\"750\" height=\"750\" srcset=\"https:\/\/www.supersybon.com\/fr\/wp-content\/uploads\/2022\/10\/1666320665-S2211-Car-Care-Liquid-Spray-Water-Spot-Remover-Glass-Window-Screen-Cleaner-Car-Window-Oil-Film-Remover.jpg 750w, https:\/\/www.supersybon.com\/fr\/wp-content\/uploads\/2022\/10\/1666320665-S2211-Car-Care-Liquid-Spray-Water-Spot-Remover-Glass-Window-Screen-Cleaner-Car-Window-Oil-Film-Remover-480x480.jpg 480w\" sizes=\"(min-width: 0px) and (max-width: 480px) 480px, (min-width: 481px) 750px, 100vw\" \/><\/p>\n<p>&nbsp;<\/p>\n<p>&nbsp;<\/p>\n<p><strong>Emballage et service du produit<\/strong><\/p>\n<hr \/>\n<p><strong>EMBALLER:<\/strong><\/p>\n<p>35 pi\u00e8ces\/carton.<\/p>\n<p>&nbsp;<\/p>\n<p><strong>NOTRE SERVICE:<\/strong><\/p>\n<p>1.24 heures en ligne<\/p>\n<p>2. Prix comp\u00e9titif<\/p>\n<p>3. Excellents commentaires du client<\/p>\n<p>4. Commande en ligne s\u00e9curis\u00e9e<\/p>\n<p>5. livraison rapide<\/p>\n<p>6. support technique professionnel<\/p>\n<div class=\"magic-13\">\n<div class=\"magic-14\">\n<div class=\"magic-9\">\n<div class=\"magic-10\">\n<p>&nbsp;<\/p>\n<div class=\"magic-13\">\n<div class=\"magic-14\">\n<div class=\"magic-9\">\n<div class=\"magic-10\">\n<div class=\"magic-13\">\n<div class=\"magic-14\">\n<div data-spm-anchor-id=\"a2700.details.0.i37.625d2e9eLtZffL\">\n<div class=\"magic-13\">\n<div class=\"magic-14\">\n<div class=\"magic-13\">\n<div class=\"magic-14\">\n<p>&nbsp;<\/p>\n<\/div>\n<\/div>\n<\/div>\n<\/div>\n<\/div>\n<\/div>\n<\/div>\n<\/div>\n<\/div>\n<\/div>\n<\/div>\n<\/div>\n<\/div>\n<\/div>\n<\/div>\n<\/div>\n<\/div>\n<\/div>\n<div class=\"magic-13\">\n<div class=\"magic-14\">\n<div class=\"magic-13\">\n<div class=\"magic-14\">\n<div class=\"magic-9\">\n<div class=\"magic-10\">\n<div class=\"magic-13\">\n<div class=\"magic-14\">\n<div data-spm-anchor-id=\"a2700.details.0.i37.625d2e9eLtZffL\">\n<div class=\"magic-13\">\n<div class=\"magic-14\">\n<div class=\"magic-13\">\n<div class=\"magic-14\">\n<p>&nbsp;<\/p>\n<\/div>\n<\/div>\n<\/div>\n<\/div>\n<\/div>\n<\/div>\n<\/div>\n<\/div>\n<\/div>\n<\/div>\n<\/div>\n<div class=\"magic-13\">\n<div class=\"magic-14\">\n<p><strong>Profil de l'entreprise<\/strong><\/p>\n<hr \/>\n<p>&nbsp;<\/p>\n<\/div>\n<\/div>\n<p><img decoding=\"async\" class=\"aligncenter size-full wp-image-324\" src=\"https:\/\/www.supersybon.com\/fr\/wp-content\/uploads\/2022\/09\/1663401769-Car-Paint-Supplier-Company-Profile-Manufacturer-China.jpg\" alt=\"\" width=\"900\" height=\"958\" srcset=\"https:\/\/www.supersybon.com\/fr\/wp-content\/uploads\/2022\/09\/1663401769-Car-Paint-Supplier-Company-Profile-Manufacturer-China.jpg 900w, https:\/\/www.supersybon.com\/fr\/wp-content\/uploads\/2022\/09\/1663401769-Car-Paint-Supplier-Company-Profile-Manufacturer-China-480x511.jpg 480w\" sizes=\"(min-width: 0px) and (max-width: 480px) 480px, (min-width: 481px) 900px, 100vw\" \/><\/p>\n<div class=\"magic-13\">\n<div class=\"magic-14\">\n<p><strong>FAQ<\/strong><\/p>\n<hr \/>\n<\/div>\n<\/div>\n<p><strong>Q\u00a0:\u00a0Quel est votre MOQ\u00a0?<\/strong><\/p>\n<p>R : Notre MOQ est de 1 carton.<\/p>\n<p><strong>Q\u00a0:\u00a0Qu\u2019en est-il de votre paiement\u00a0?<\/strong><\/p>\n<p>R : d\u00e9p\u00f4t de 50% \u00e0 l'avance, solde de 50% par T\/T, L\/C, paypal, Western Union ou bien avant exp\u00e9dition.<\/p>\n<p><strong>Q : Fournissez-vous des \u00e9chantillons ?<\/strong><\/p>\n<p>R : Oui, vous pouvez acheter un \u00e9chantillon pour le tester.<\/p>\n<p><strong>Q : Qu'en est-il de votre d\u00e9lai de livraison ?<\/strong><\/p>\n<p>R\u00a0:\u00a0Habituellement 15 jours apr\u00e8s r\u00e9ception de votre d\u00e9p\u00f4t.<\/p>\n<\/div>\n<\/div>\n","protected":false},"excerpt":{"rendered":"<p>\u00b7Le d\u00e9tachant \u00e0 l'eau est s\u00fbr et non toxique et n'endommagera pas la surface de la peinture ni le verre.<br \/>\n\u00b7Il peut rapidement d\u00e9composer les taches d'eau et peindre les marques de couche d'oxyde.<\/p>\n","protected":false},"featured_media":1238,"template":"","meta":{"_et_pb_use_builder":"","_et_pb_old_content":"","_et_gb_content_width":""},"product_brand":[],"product_cat":[56,60],"product_tag":[828,829],"class_list":{"0":"post-1233","1":"product","2":"type-product","3":"status-publish","4":"has-post-thumbnail","6":"product_cat-serie-dentretien-automobile","7":"product_cat-entretien-de-la-voiture","8":"product_tag-detachant-de-taches-deau-robuste-pour-automobile","9":"product_tag-detachant-les-taches-deau","11":"first","12":"instock","13":"shipping-taxable","14":"product-type-simple"},"_links":{"self":[{"href":"https:\/\/www.supersybon.com\/fr\/wp-json\/wp\/v2\/product\/1233","targetHints":{"allow":["GET"]}}],"collection":[{"href":"https:\/\/www.supersybon.com\/fr\/wp-json\/wp\/v2\/product"}],"about":[{"href":"https:\/\/www.supersybon.com\/fr\/wp-json\/wp\/v2\/types\/product"}],"wp:featuredmedia":[{"embeddable":true,"href":"https:\/\/www.supersybon.com\/fr\/wp-json\/wp\/v2\/media\/1238"}],"wp:attachment":[{"href":"https:\/\/www.supersybon.com\/fr\/wp-json\/wp\/v2\/media?parent=1233"}],"wp:term":[{"taxonomy":"product_brand","embeddable":true,"href":"https:\/\/www.supersybon.com\/fr\/wp-json\/wp\/v2\/product_brand?post=1233"},{"taxonomy":"product_cat","embeddable":true,"href":"https:\/\/www.supersybon.com\/fr\/wp-json\/wp\/v2\/product_cat?post=1233"},{"taxonomy":"product_tag","embeddable":true,"href":"https:\/\/www.supersybon.com\/fr\/wp-json\/wp\/v2\/product_tag?post=1233"}],"curies":[{"name":"wp","href":"https:\/\/api.w.org\/{rel}","templated":true}]}}