{"id":1224,"date":"2022-10-20T18:30:22","date_gmt":"2022-10-20T10:30:22","guid":{"rendered":"https:\/\/www.supersybon.com\/fr\/?post_type=product&#038;p=1224"},"modified":"2023-09-15T18:07:15","modified_gmt":"2023-09-15T10:07:15","slug":"s2203-nettoyant-interieur","status":"publish","type":"product","link":"https:\/\/www.supersybon.com\/fr\/product\/s2203-nettoyant-interieur","title":{"rendered":"S2203 Nettoyant int\u00e9rieur d\u00e9compose rapidement les taches organiques sans endommager les chaises en cuir."},"content":{"rendered":"<p><iframe title=\"Interior Cleaner Quickly Decompose Organic Stains No Damage to Leather Chairs\" width=\"1080\" height=\"608\" src=\"https:\/\/www.youtube.com\/embed\/Z8MjPPTY8Jw?feature=oembed\"  allow=\"accelerometer; autoplay; clipboard-write; encrypted-media; gyroscope; picture-in-picture\" allowfullscreen><\/iframe><\/p>\n<p><img decoding=\"async\" class=\"aligncenter size-full wp-image-1225\" src=\"https:\/\/www.supersybon.com\/fr\/wp-content\/uploads\/2022\/10\/1666262968-S2203-Car-Washing-Product-Interior-Interior-Shiner-Car-Wash-Interior-Cleaner.jpg\" alt=\"\" width=\"900\" height=\"364\" srcset=\"https:\/\/www.supersybon.com\/fr\/wp-content\/uploads\/2022\/10\/1666262968-S2203-Car-Washing-Product-Interior-Interior-Shiner-Car-Wash-Interior-Cleaner.jpg 900w, https:\/\/www.supersybon.com\/fr\/wp-content\/uploads\/2022\/10\/1666262968-S2203-Car-Washing-Product-Interior-Interior-Shiner-Car-Wash-Interior-Cleaner-480x194.jpg 480w\" sizes=\"(min-width: 0px) and (max-width: 480px) 480px, (min-width: 481px) 900px, 100vw\" \/><\/p>\n<p>&nbsp;<\/p>\n<h2><strong>S2203 Nettoyant int\u00e9rieur d\u00e9compose rapidement les taches organiques sans endommager les chaises en cuir<\/strong><\/h2>\n<p><strong>Fonctionnalit\u00e9:<\/strong><\/p>\n<p>1. Le nettoyant int\u00e9rieur utilise des mati\u00e8res premi\u00e8res respectueuses de l'environnement, une technologie de biod\u00e9gradation, r\u00e9duit les odeurs irritantes et peut rapidement d\u00e9composer les taches organiques.<\/p>\n<p>2. Il pr\u00e9sente les caract\u00e9ristiques d'un d\u00e9graissage efficace, d'une faible mousse, d'aucun r\u00e9sidu, d'aucune odeur piquante, d'aucun mal aux mains, d'aucun dommage aux chaises en cuir, d'un antibact\u00e9rien et d'une d\u00e9sodorisation, etc.<\/p>\n<p><strong>Pr\u00e9cautions:<\/strong><\/p>\n<p>\u00c9vitez de pulv\u00e9riser une grande surface \u00e0 la fois sur la surface du cuir ou de rester longtemps, il doit \u00eatre pulv\u00e9ris\u00e9 sur une petite zone et frott\u00e9 imm\u00e9diatement.<\/p>\n<div data-id=\"paragraph0\"><\/div>\n<p><img decoding=\"async\" class=\"aligncenter size-full wp-image-1231\" src=\"https:\/\/www.supersybon.com\/fr\/wp-content\/uploads\/2022\/10\/1666263083-S2203-Car-Interior-Wash-Nettoyage-Intrieur-Voiture-Interior-Cars-Shine-Spray-Car-Interior-Care-Detailing.jpg\" alt=\"\" width=\"750\" height=\"750\" srcset=\"https:\/\/www.supersybon.com\/fr\/wp-content\/uploads\/2022\/10\/1666263083-S2203-Car-Interior-Wash-Nettoyage-Intrieur-Voiture-Interior-Cars-Shine-Spray-Car-Interior-Care-Detailing.jpg 750w, https:\/\/www.supersybon.com\/fr\/wp-content\/uploads\/2022\/10\/1666263083-S2203-Car-Interior-Wash-Nettoyage-Intrieur-Voiture-Interior-Cars-Shine-Spray-Car-Interior-Care-Detailing-480x480.jpg 480w\" sizes=\"(min-width: 0px) and (max-width: 480px) 480px, (min-width: 481px) 750px, 100vw\" \/><\/p>\n<div class=\"magic-13\">\n<div class=\"magic-14\">\n<div class=\"magic-9\">\n<p>&nbsp;<\/p>\n<p>&nbsp;<\/p>\n<p>&nbsp;<\/p>\n<p><img decoding=\"async\" class=\"aligncenter size-full wp-image-1227\" src=\"https:\/\/www.supersybon.com\/fr\/wp-content\/uploads\/2022\/10\/1666263006-S2203-Auto-Car-Accessories-Car-Seat-Interiors-Cleaner-Car-Roof-Interior-Cleaning.jpg\" alt=\"\" width=\"750\" height=\"750\" srcset=\"https:\/\/www.supersybon.com\/fr\/wp-content\/uploads\/2022\/10\/1666263006-S2203-Auto-Car-Accessories-Car-Seat-Interiors-Cleaner-Car-Roof-Interior-Cleaning.jpg 750w, https:\/\/www.supersybon.com\/fr\/wp-content\/uploads\/2022\/10\/1666263006-S2203-Auto-Car-Accessories-Car-Seat-Interiors-Cleaner-Car-Roof-Interior-Cleaning-480x480.jpg 480w\" sizes=\"(min-width: 0px) and (max-width: 480px) 480px, (min-width: 481px) 750px, 100vw\" \/><\/p>\n<p><strong>\u00c9tapes d'utilisation<\/strong><\/p>\n<hr \/>\n<p>&nbsp;<\/p>\n<div class=\"magic-10\">\n<p><img decoding=\"async\" class=\"aligncenter size-full wp-image-1228\" src=\"https:\/\/www.supersybon.com\/fr\/wp-content\/uploads\/2022\/10\/1666263022-S2203-Car-Interior-Cleaner-Stain-Remover-Detailing-Interior-Cleaner-Car-Interior-Shine-Car-Cleaning-Products.jpg\" alt=\"\" width=\"750\" height=\"750\" srcset=\"https:\/\/www.supersybon.com\/fr\/wp-content\/uploads\/2022\/10\/1666263022-S2203-Car-Interior-Cleaner-Stain-Remover-Detailing-Interior-Cleaner-Car-Interior-Shine-Car-Cleaning-Products.jpg 750w, https:\/\/www.supersybon.com\/fr\/wp-content\/uploads\/2022\/10\/1666263022-S2203-Car-Interior-Cleaner-Stain-Remover-Detailing-Interior-Cleaner-Car-Interior-Shine-Car-Cleaning-Products-480x480.jpg 480w\" sizes=\"(min-width: 0px) and (max-width: 480px) 480px, (min-width: 481px) 750px, 100vw\" \/><\/p>\n<p>&nbsp;<\/p>\n<p>&nbsp;<\/p>\n<p><strong>Emballage et service du produit<\/strong><\/p>\n<hr \/>\n<p><strong>EMBALLER:<\/strong><\/p>\n<p>35 pi\u00e8ces\/carton.<\/p>\n<p>&nbsp;<\/p>\n<p><strong>NOTRE SERVICE:<\/strong><\/p>\n<p>1.24 heures en ligne<\/p>\n<p>2. Prix comp\u00e9titif<\/p>\n<p>3. Excellents commentaires du client<\/p>\n<p>4. Commande en ligne s\u00e9curis\u00e9e<\/p>\n<p>5. livraison rapide<\/p>\n<p>6. support technique professionnel<\/p>\n<div class=\"magic-13\">\n<div class=\"magic-14\">\n<div class=\"magic-9\">\n<div class=\"magic-10\">\n<div class=\"magic-13\">\n<div class=\"magic-14\">\n<div class=\"magic-9\">\n<div class=\"magic-13\">\n<div class=\"magic-14\">\n<div class=\"magic-9\">\n<div class=\"magic-10\">\n<div class=\"magic-13\">\n<div class=\"magic-14\">\n<div class=\"magic-9\">\n<div class=\"magic-10\">\n<div class=\"magic-13\">\n<div class=\"magic-14\">\n<div data-spm-anchor-id=\"a2700.details.0.i37.625d2e9eLtZffL\">\n<div class=\"magic-13\">\n<div class=\"magic-14\">\n<div class=\"magic-13\">\n<div class=\"magic-14\">\n<p>&nbsp;<\/p>\n<\/div>\n<\/div>\n<\/div>\n<\/div>\n<\/div>\n<\/div>\n<\/div>\n<\/div>\n<\/div>\n<\/div>\n<\/div>\n<\/div>\n<\/div>\n<\/div>\n<\/div>\n<\/div>\n<\/div>\n<\/div>\n<div class=\"magic-13\">\n<div class=\"magic-14\">\n<div class=\"magic-13\">\n<div class=\"magic-14\">\n<div class=\"magic-9\">\n<div class=\"magic-10\">\n<div class=\"magic-13\">\n<div class=\"magic-14\">\n<div data-spm-anchor-id=\"a2700.details.0.i37.625d2e9eLtZffL\">\n<div class=\"magic-13\">\n<div class=\"magic-14\">\n<div class=\"magic-13\">\n<div class=\"magic-14\">\n<p>&nbsp;<\/p>\n<\/div>\n<\/div>\n<\/div>\n<\/div>\n<\/div>\n<\/div>\n<\/div>\n<\/div>\n<\/div>\n<\/div>\n<\/div>\n<div class=\"magic-13\">\n<div class=\"magic-14\">\n<p><strong>Profil de l'entreprise<\/strong><\/p>\n<hr \/>\n<p>&nbsp;<\/p>\n<\/div>\n<\/div>\n<\/div>\n<\/div>\n<\/div>\n<\/div>\n<\/div>\n<\/div>\n<\/div>\n<\/div>\n<\/div>\n<\/div>\n<div class=\"magic-13\">\n<div class=\"magic-14\">\n<p><img decoding=\"async\" class=\"aligncenter size-full wp-image-324\" src=\"https:\/\/www.supersybon.com\/fr\/wp-content\/uploads\/2022\/09\/1663401769-Car-Paint-Supplier-Company-Profile-Manufacturer-China.jpg\" alt=\"\" width=\"900\" height=\"958\" srcset=\"https:\/\/www.supersybon.com\/fr\/wp-content\/uploads\/2022\/09\/1663401769-Car-Paint-Supplier-Company-Profile-Manufacturer-China.jpg 900w, https:\/\/www.supersybon.com\/fr\/wp-content\/uploads\/2022\/09\/1663401769-Car-Paint-Supplier-Company-Profile-Manufacturer-China-480x511.jpg 480w\" sizes=\"(min-width: 0px) and (max-width: 480px) 480px, (min-width: 481px) 900px, 100vw\" \/><\/p>\n<div class=\"magic-13\">\n<div class=\"magic-14\">\n<p><strong>FAQ<\/strong><\/p>\n<hr \/>\n<\/div>\n<\/div>\n<p><strong>Q\u00a0:\u00a0Quel est votre MOQ\u00a0?<\/strong><\/p>\n<p>R : Notre MOQ est de 1 carton.<\/p>\n<p><strong>Q\u00a0:\u00a0Qu\u2019en est-il de votre paiement\u00a0?<\/strong><\/p>\n<p>R : d\u00e9p\u00f4t de 50% \u00e0 l'avance, solde de 50% par T\/T, L\/C, paypal, Western Union ou bien avant exp\u00e9dition.<\/p>\n<p><strong>Q : Fournissez-vous des \u00e9chantillons ?<\/strong><\/p>\n<p>R : Oui, vous pouvez acheter un \u00e9chantillon pour le tester.<\/p>\n<p><strong>Q : Qu'en est-il de votre d\u00e9lai de livraison ?<\/strong><\/p>\n<p>R\u00a0:\u00a0Habituellement 15 jours apr\u00e8s r\u00e9ception de votre d\u00e9p\u00f4t.<\/p>\n<\/div>\n<\/div>\n","protected":false},"excerpt":{"rendered":"<p>\u00b7Le nettoyant int\u00e9rieur utilise des mati\u00e8res premi\u00e8res respectueuses de l'environnement, une technologie de biod\u00e9gradation, r\u00e9duit les odeurs irritantes et peut rapidement d\u00e9composer les taches organiques.<br \/>\n\u00b7Le nettoyant int\u00e9rieur pr\u00e9sente les caract\u00e9ristiques d'un d\u00e9graissage efficace, d'une faible mousse, d'aucun r\u00e9sidu, d'aucune odeur piquante, d'aucun danger pour les mains, d'aucun dommage aux chaises en cuir, d'un antibact\u00e9rien et d'une d\u00e9sodorisation, etc.<\/p>\n","protected":false},"featured_media":1229,"template":"","meta":{"_et_pb_use_builder":"","_et_pb_old_content":"","_et_gb_content_width":""},"product_brand":[],"product_cat":[56,60],"product_tag":[826,827],"class_list":{"0":"post-1224","1":"product","2":"type-product","3":"status-publish","4":"has-post-thumbnail","6":"product_cat-serie-dentretien-automobile","7":"product_cat-entretien-de-la-voiture","8":"product_tag-aucun-dommage-aux-chaises-en-cuir","9":"product_tag-nettoyant-interieur","11":"first","12":"instock","13":"shipping-taxable","14":"product-type-simple"},"_links":{"self":[{"href":"https:\/\/www.supersybon.com\/fr\/wp-json\/wp\/v2\/product\/1224","targetHints":{"allow":["GET"]}}],"collection":[{"href":"https:\/\/www.supersybon.com\/fr\/wp-json\/wp\/v2\/product"}],"about":[{"href":"https:\/\/www.supersybon.com\/fr\/wp-json\/wp\/v2\/types\/product"}],"wp:featuredmedia":[{"embeddable":true,"href":"https:\/\/www.supersybon.com\/fr\/wp-json\/wp\/v2\/media\/1229"}],"wp:attachment":[{"href":"https:\/\/www.supersybon.com\/fr\/wp-json\/wp\/v2\/media?parent=1224"}],"wp:term":[{"taxonomy":"product_brand","embeddable":true,"href":"https:\/\/www.supersybon.com\/fr\/wp-json\/wp\/v2\/product_brand?post=1224"},{"taxonomy":"product_cat","embeddable":true,"href":"https:\/\/www.supersybon.com\/fr\/wp-json\/wp\/v2\/product_cat?post=1224"},{"taxonomy":"product_tag","embeddable":true,"href":"https:\/\/www.supersybon.com\/fr\/wp-json\/wp\/v2\/product_tag?post=1224"}],"curies":[{"name":"wp","href":"https:\/\/api.w.org\/{rel}","templated":true}]}}