{"id":1216,"date":"2022-10-20T17:52:44","date_gmt":"2022-10-20T09:52:44","guid":{"rendered":"https:\/\/www.supersybon.com\/fr\/?post_type=product&#038;p=1216"},"modified":"2023-09-15T17:57:12","modified_gmt":"2023-09-15T09:57:12","slug":"s2202-brillance-des-pneus","status":"publish","type":"product","link":"https:\/\/www.supersybon.com\/fr\/product\/s2202-brillance-des-pneus","title":{"rendered":"S2202 Brillance des pneus agent de rev\u00eatement en Spray pour pneus de voiture, brillant, pour garder les pneus mouill\u00e9s, noirs"},"content":{"rendered":"<p><iframe title=\"Tire Shine Car Detailing Tire Shine Spray Coating Agent Dressing for Wet Keeps Tires Black\" width=\"1080\" height=\"608\" src=\"https:\/\/www.youtube.com\/embed\/0atUwTtCZYI?feature=oembed\"  allow=\"accelerometer; autoplay; clipboard-write; encrypted-media; gyroscope; picture-in-picture\" allowfullscreen><\/iframe><\/p>\n<p><img decoding=\"async\" class=\"aligncenter size-full wp-image-1217\" src=\"https:\/\/www.supersybon.com\/fr\/wp-content\/uploads\/2022\/10\/1666261104-S2202-New-Arrival-Long-Lasting-Factory-Chemical-Sprayable-Extra-Glossy-Tire-Shine.jpg\" alt=\"\" width=\"900\" height=\"364\" srcset=\"https:\/\/www.supersybon.com\/fr\/wp-content\/uploads\/2022\/10\/1666261104-S2202-New-Arrival-Long-Lasting-Factory-Chemical-Sprayable-Extra-Glossy-Tire-Shine.jpg 900w, https:\/\/www.supersybon.com\/fr\/wp-content\/uploads\/2022\/10\/1666261104-S2202-New-Arrival-Long-Lasting-Factory-Chemical-Sprayable-Extra-Glossy-Tire-Shine-480x194.jpg 480w\" sizes=\"(min-width: 0px) and (max-width: 480px) 480px, (min-width: 481px) 900px, 100vw\" \/><\/p>\n<p>&nbsp;<\/p>\n<h2><strong>S2202 Brillance des pneus agent de rev\u00eatement en Spray pour pneus de voiture, brillant, pour garder les pneus mouill\u00e9s, noirs<\/strong><\/h2>\n<p><strong>Fonctionnalit\u00e9:<\/strong><\/p>\n<p>1. Formule sp\u00e9ciale anti-oxydation, imperm\u00e9able et anti-\u00e2ge (y compris l'huile de silicone compos\u00e9e de polym\u00e8re).<\/p>\n<p>2. Effet durable de brillance des pneus, il conserve toujours un \u00e9clat brillant et un effet protecteur apr\u00e8s plusieurs lavages de voiture.<\/p>\n<p>3. Renforcer l'\u00e9lasticit\u00e9 des pneus, pr\u00e9venir le vieillissement oxydatif, pr\u00e9venir les dommages caus\u00e9s par les UV, pr\u00e9venir la d\u00e9coloration des fissures des pneus, prolonger la dur\u00e9e de vie des pneus, maintenir le m\u00eame \u00e9clat \u00e0 l'int\u00e9rieur et \u00e0 l'ext\u00e9rieur du pneu. Aucun dommage aux jantes.<\/p>\n<p>4. Super adh\u00e9rence. Contrairement aux produits du march\u00e9 g\u00e9n\u00e9ral, il sera jet\u00e9 \u00e0 grande vitesse et contaminera l\u2019organisme.<\/p>\n<p>5. Entretien des pneus \u00e0 long terme, effet allant jusqu'\u00e0 15 \u00e0 30 jours (selon l'environnement).<\/p>\n<p><strong>Pr\u00e9cautions:<\/strong><\/p>\n<p>1. Pour la s\u00e9curit\u00e9 de la conduite, n'\u00e9talez pas l'agent sur la surface caus\u00e9e par le glissement, comme le volant, la p\u00e9dale d'acc\u00e9l\u00e9rateur, la p\u00e9dale de frein, le contact des pneus avec la surface du sol. Gardez les produits inflammables loin des sources d'incendie.<\/p>\n<p>2. Le pneu n'est pas lav\u00e9, ce qui entra\u00eenera une huile de pneu r\u00e9siduelle d'origine inf\u00e9rieure. En cas de jaunissement, veuillez frotter avec un d\u00e9tergent appropri\u00e9 avant d'appliquer ce produit.<\/p>\n<p><img decoding=\"async\" class=\"aligncenter size-full wp-image-1223\" src=\"https:\/\/www.supersybon.com\/fr\/wp-content\/uploads\/2022\/10\/1666261311-S2202-Excellent-Reviewed-Automobile-Tire-Renewing-Hydrophobic-Tire-Coating.jpg\" alt=\"\" width=\"750\" height=\"750\" srcset=\"https:\/\/www.supersybon.com\/fr\/wp-content\/uploads\/2022\/10\/1666261311-S2202-Excellent-Reviewed-Automobile-Tire-Renewing-Hydrophobic-Tire-Coating.jpg 750w, https:\/\/www.supersybon.com\/fr\/wp-content\/uploads\/2022\/10\/1666261311-S2202-Excellent-Reviewed-Automobile-Tire-Renewing-Hydrophobic-Tire-Coating-480x480.jpg 480w\" sizes=\"(min-width: 0px) and (max-width: 480px) 480px, (min-width: 481px) 750px, 100vw\" \/><\/p>\n<div class=\"magic-13\">\n<div class=\"magic-14\">\n<div class=\"magic-9\">\n<p><img decoding=\"async\" class=\"aligncenter size-full wp-image-1219\" src=\"https:\/\/www.supersybon.com\/fr\/wp-content\/uploads\/2022\/10\/1666261201-S2202-Good-Reviewed-500Ml-Automotive-Tire-Renovation-Tire-Polish-Coating.jpg\" alt=\"\" width=\"750\" height=\"750\" srcset=\"https:\/\/www.supersybon.com\/fr\/wp-content\/uploads\/2022\/10\/1666261201-S2202-Good-Reviewed-500Ml-Automotive-Tire-Renovation-Tire-Polish-Coating.jpg 750w, https:\/\/www.supersybon.com\/fr\/wp-content\/uploads\/2022\/10\/1666261201-S2202-Good-Reviewed-500Ml-Automotive-Tire-Renovation-Tire-Polish-Coating-480x480.jpg 480w\" sizes=\"(min-width: 0px) and (max-width: 480px) 480px, (min-width: 481px) 750px, 100vw\" \/><\/p>\n<p>&nbsp;<\/p>\n<p>&nbsp;<\/p>\n<p><strong>\u00c9tapes d'utilisation<\/strong><\/p>\n<hr \/>\n<p>&nbsp;<\/p>\n<div class=\"magic-10\">\n<p>&nbsp;<\/p>\n<p>&nbsp;<\/p>\n<p>&nbsp;<\/p>\n<p><img decoding=\"async\" class=\"aligncenter size-full wp-image-1220\" src=\"https:\/\/www.supersybon.com\/fr\/wp-content\/uploads\/2022\/10\/1666261254-S2202-Hot-Selling-Super-Brightness-Car-Auto-Tire-Shine-Polishing-Spray-Coating.jpg\" alt=\"\" width=\"750\" height=\"750\" srcset=\"https:\/\/www.supersybon.com\/fr\/wp-content\/uploads\/2022\/10\/1666261254-S2202-Hot-Selling-Super-Brightness-Car-Auto-Tire-Shine-Polishing-Spray-Coating.jpg 750w, https:\/\/www.supersybon.com\/fr\/wp-content\/uploads\/2022\/10\/1666261254-S2202-Hot-Selling-Super-Brightness-Car-Auto-Tire-Shine-Polishing-Spray-Coating-480x480.jpg 480w\" sizes=\"(min-width: 0px) and (max-width: 480px) 480px, (min-width: 481px) 750px, 100vw\" \/><\/p>\n<p><strong>Emballage et service du produit<\/strong><\/p>\n<hr \/>\n<p><strong>EMBALLER:<\/strong><\/p>\n<p>35 pi\u00e8ces\/carton.<\/p>\n<p>&nbsp;<\/p>\n<p><strong>NOTRE SERVICE:<\/strong><\/p>\n<p>1.24 heures en ligne<\/p>\n<p>2. Prix comp\u00e9titif<\/p>\n<p>3. Excellents commentaires du client<\/p>\n<p>4. Commande en ligne s\u00e9curis\u00e9e<\/p>\n<p>5. livraison rapide<\/p>\n<p>6. support technique professionnel<\/p>\n<div class=\"magic-13\">\n<div class=\"magic-14\">\n<div class=\"magic-9\">\n<div class=\"magic-10\">\n<div class=\"magic-13\">\n<div class=\"magic-14\">\n<div class=\"magic-9\">\n<div class=\"magic-13\">\n<div class=\"magic-14\">\n<div class=\"magic-9\">\n<div class=\"magic-10\">\n<div class=\"magic-13\">\n<div class=\"magic-14\">\n<div class=\"magic-9\">\n<div class=\"magic-10\">\n<div class=\"magic-13\">\n<div class=\"magic-14\">\n<div data-spm-anchor-id=\"a2700.details.0.i37.625d2e9eLtZffL\">\n<div class=\"magic-13\">\n<div class=\"magic-14\">\n<div class=\"magic-13\">\n<div class=\"magic-14\">\n<div class=\"magic-13\">\n<div class=\"magic-14\">\n<div class=\"magic-9\">\n<div class=\"magic-13\">\n<div class=\"magic-14\">\n<div class=\"magic-9\">\n<div class=\"magic-10\">\n<div class=\"magic-13\">\n<div class=\"magic-14\">\n<div class=\"magic-9\">\n<div class=\"magic-10\">\n<div class=\"magic-13\">\n<div class=\"magic-14\">\n<div data-spm-anchor-id=\"a2700.details.0.i37.625d2e9eLtZffL\">\n<div class=\"magic-13\">\n<div class=\"magic-14\">\n<div class=\"magic-13\">\n<div class=\"magic-14\">\n<p>&nbsp;<\/p>\n<\/div>\n<\/div>\n<\/div>\n<\/div>\n<\/div>\n<\/div>\n<\/div>\n<\/div>\n<\/div>\n<\/div>\n<\/div>\n<\/div>\n<\/div>\n<\/div>\n<\/div>\n<\/div>\n<\/div>\n<\/div>\n<div class=\"magic-13\">\n<div class=\"magic-14\">\n<div class=\"magic-13\">\n<div class=\"magic-14\">\n<div class=\"magic-9\">\n<div class=\"magic-10\">\n<div class=\"magic-13\">\n<div class=\"magic-14\">\n<div data-spm-anchor-id=\"a2700.details.0.i37.625d2e9eLtZffL\">\n<div class=\"magic-13\">\n<div class=\"magic-14\">\n<div class=\"magic-13\">\n<div class=\"magic-14\">\n<p>&nbsp;<\/p>\n<\/div>\n<\/div>\n<\/div>\n<\/div>\n<\/div>\n<\/div>\n<\/div>\n<\/div>\n<\/div>\n<\/div>\n<\/div>\n<div class=\"magic-13\">\n<div class=\"magic-14\">\n<p><strong>Profil de l'entreprise<\/strong><\/p>\n<hr \/>\n<p>&nbsp;<\/p>\n<\/div>\n<\/div>\n<\/div>\n<\/div>\n<\/div>\n<\/div>\n<\/div>\n<\/div>\n<\/div>\n<\/div>\n<\/div>\n<\/div>\n<\/div>\n<\/div>\n<\/div>\n<\/div>\n<\/div>\n<\/div>\n<\/div>\n<\/div>\n<\/div>\n<\/div>\n<\/div>\n<\/div>\n<\/div>\n<\/div>\n<\/div>\n<\/div>\n<\/div>\n<\/div>\n<div class=\"magic-13\">\n<div class=\"magic-14\">\n<p><img decoding=\"async\" class=\"aligncenter size-full wp-image-324\" src=\"https:\/\/www.supersybon.com\/fr\/wp-content\/uploads\/2022\/09\/1663401769-Car-Paint-Supplier-Company-Profile-Manufacturer-China.jpg\" alt=\"\" width=\"900\" height=\"958\" srcset=\"https:\/\/www.supersybon.com\/fr\/wp-content\/uploads\/2022\/09\/1663401769-Car-Paint-Supplier-Company-Profile-Manufacturer-China.jpg 900w, https:\/\/www.supersybon.com\/fr\/wp-content\/uploads\/2022\/09\/1663401769-Car-Paint-Supplier-Company-Profile-Manufacturer-China-480x511.jpg 480w\" sizes=\"(min-width: 0px) and (max-width: 480px) 480px, (min-width: 481px) 900px, 100vw\" \/><\/p>\n<div class=\"magic-13\">\n<div class=\"magic-14\">\n<p><strong>FAQ<\/strong><\/p>\n<hr \/>\n<\/div>\n<\/div>\n<p><strong>Q\u00a0:\u00a0Quel est votre MOQ\u00a0?<\/strong><\/p>\n<p>R : Notre MOQ est de 1 carton.<\/p>\n<p><strong>Q\u00a0:\u00a0Qu\u2019en est-il de votre paiement\u00a0?<\/strong><\/p>\n<p>R : d\u00e9p\u00f4t de 50% \u00e0 l'avance, solde de 50% par T\/T, L\/C, paypal, Western Union ou bien avant exp\u00e9dition.<\/p>\n<p><strong>Q : Fournissez-vous des \u00e9chantillons ?<\/strong><\/p>\n<p>R : Oui, vous pouvez acheter un \u00e9chantillon pour le tester.<\/p>\n<p><strong>Q : Qu'en est-il de votre d\u00e9lai de livraison ?<\/strong><\/p>\n<p>R\u00a0:\u00a0Habituellement 15 jours apr\u00e8s r\u00e9ception de votre d\u00e9p\u00f4t.<\/p>\n<\/div>\n<\/div>\n","protected":false},"excerpt":{"rendered":"<p>\u00b7Formule sp\u00e9ciale anti-oxydation, imperm\u00e9able et anti-\u00e2ge (y compris l'huile de silicone compos\u00e9e de polym\u00e8re).<br \/>\n\u00b7Effet durable, il conserve toujours un \u00e9clat brillant et un effet protecteur apr\u00e8s plusieurs lavages de voiture.<br \/>\n\u00b7Renforcer l'\u00e9lasticit\u00e9 des pneus, pr\u00e9venir le vieillissement oxydatif, pr\u00e9venir les dommages caus\u00e9s par les UV, pr\u00e9venir la d\u00e9coloration des fissures des pneus, prolonger la dur\u00e9e de vie des pneus, maintenir le m\u00eame \u00e9clat \u00e0 l'int\u00e9rieur et \u00e0 l'ext\u00e9rieur du pneu. Aucun dommage aux jantes.<br \/>\n\u00b7Super adh\u00e9rence. Contrairement aux produits du march\u00e9 g\u00e9n\u00e9ral, il sera jet\u00e9 \u00e0 grande vitesse et contaminera l\u2019organisme.<br \/>\n\u00b7Entretien des pneus \u00e0 long terme, effet jusqu'\u00e0 15-30 jours (selon l'environnement).<\/p>\n","protected":false},"featured_media":1221,"template":"","meta":{"_et_pb_use_builder":"","_et_pb_old_content":"","_et_gb_content_width":""},"product_brand":[],"product_cat":[56,60],"product_tag":[825,824,823],"class_list":{"0":"post-1216","1":"product","2":"type-product","3":"status-publish","4":"has-post-thumbnail","6":"product_cat-serie-dentretien-automobile","7":"product_cat-entretien-de-la-voiture","8":"product_tag-brillance-des-pneus","9":"product_tag-garde-les-pneus-noirs","10":"product_tag-shabiller-pour-etre-mouille","12":"first","13":"instock","14":"shipping-taxable","15":"product-type-simple"},"_links":{"self":[{"href":"https:\/\/www.supersybon.com\/fr\/wp-json\/wp\/v2\/product\/1216","targetHints":{"allow":["GET"]}}],"collection":[{"href":"https:\/\/www.supersybon.com\/fr\/wp-json\/wp\/v2\/product"}],"about":[{"href":"https:\/\/www.supersybon.com\/fr\/wp-json\/wp\/v2\/types\/product"}],"wp:featuredmedia":[{"embeddable":true,"href":"https:\/\/www.supersybon.com\/fr\/wp-json\/wp\/v2\/media\/1221"}],"wp:attachment":[{"href":"https:\/\/www.supersybon.com\/fr\/wp-json\/wp\/v2\/media?parent=1216"}],"wp:term":[{"taxonomy":"product_brand","embeddable":true,"href":"https:\/\/www.supersybon.com\/fr\/wp-json\/wp\/v2\/product_brand?post=1216"},{"taxonomy":"product_cat","embeddable":true,"href":"https:\/\/www.supersybon.com\/fr\/wp-json\/wp\/v2\/product_cat?post=1216"},{"taxonomy":"product_tag","embeddable":true,"href":"https:\/\/www.supersybon.com\/fr\/wp-json\/wp\/v2\/product_tag?post=1216"}],"curies":[{"name":"wp","href":"https:\/\/api.w.org\/{rel}","templated":true}]}}