{"id":1199,"date":"2022-10-20T16:22:16","date_gmt":"2022-10-20T08:22:16","guid":{"rendered":"https:\/\/www.supersybon.com\/fr\/?post_type=product&#038;p=1199"},"modified":"2023-09-15T17:15:17","modified_gmt":"2023-09-15T09:15:17","slug":"s2204-nettoyant-moteur","status":"publish","type":"product","link":"https:\/\/www.supersybon.com\/fr\/product\/s2204-nettoyant-moteur","title":{"rendered":"S2204 Nettoyant moteur Produits de pulv\u00e9risation de nettoyage de graisse d'huile de compartiment moteur, d\u00e9graissant de nettoyant de Surface d'entrep\u00f4t de moteur"},"content":{"rendered":"<p><iframe title=\"Engine Cleaner Engine Bay Oil Grease Cleaning Spray Engine Warehouse Surface Cleaner Degreaser\" width=\"1080\" height=\"608\" src=\"https:\/\/www.youtube.com\/embed\/f-UsEbVTRKg?feature=oembed\"  allow=\"accelerometer; autoplay; clipboard-write; encrypted-media; gyroscope; picture-in-picture\" allowfullscreen><\/iframe><\/p>\n<p><img decoding=\"async\" class=\"aligncenter size-full wp-image-1200\" src=\"https:\/\/www.supersybon.com\/fr\/wp-content\/uploads\/2022\/10\/1666255612-S2204-Made-In-China-Hand-Spray-Engine-Cleaner-500Ml-For-Car-Care-Accessories.jpg\" alt=\"\" width=\"900\" height=\"364\" srcset=\"https:\/\/www.supersybon.com\/fr\/wp-content\/uploads\/2022\/10\/1666255612-S2204-Made-In-China-Hand-Spray-Engine-Cleaner-500Ml-For-Car-Care-Accessories.jpg 900w, https:\/\/www.supersybon.com\/fr\/wp-content\/uploads\/2022\/10\/1666255612-S2204-Made-In-China-Hand-Spray-Engine-Cleaner-500Ml-For-Car-Care-Accessories-480x194.jpg 480w\" sizes=\"(min-width: 0px) and (max-width: 480px) 480px, (min-width: 481px) 900px, 100vw\" \/><\/p>\n<p>&nbsp;<\/p>\n<h2><strong>S2204 Nettoyant pour moteur, huile de compartiment moteur, produits en Spray de nettoyage de graisse, d\u00e9graissant pour entrep\u00f4t de moteur<\/strong><\/h2>\n<p><strong>Fonctionnalit\u00e9:<\/strong><\/p>\n<p>1. Le nettoyant pour moteur peut \u00e9liminer les taches profondes et d\u00e9coller la salet\u00e9 tenace telle que la graisse, la poussi\u00e8re, l'huile et l'asphalte de la surface m\u00e9tallique. Ce produit peut \u00eatre utilis\u00e9 sans eau.<\/p>\n<p>2. En utilisant une formule d'\u00e9mulsification \u00e0 base de solvant, il sera \u00e9mulsionn\u00e9 et converti en base d'eau en cas de rencontre avec de l'eau. Aucun r\u00e9sidu apr\u00e8s lavage.<\/p>\n<p>3. Ce produit est facile \u00e0 rincer, s\u00fbr et \u00e9conomique.<\/p>\n<p>&nbsp;<\/p>\n<p><strong>Pr\u00e9cautions:<\/strong><\/p>\n<p>Si vous \u00e9claboussez accidentellement ce produit dans vos yeux ou si vous le buvez par erreur, veuillez le laver \u00e0 l'eau claire pendant 10 minutes et consulter imm\u00e9diatement un m\u00e9decin.<\/p>\n<div data-id=\"paragraph0\"><\/div>\n<div data-id=\"paragraph0\"><\/div>\n<p><img decoding=\"async\" class=\"aligncenter size-full wp-image-1201\" src=\"https:\/\/www.supersybon.com\/fr\/wp-content\/uploads\/2022\/10\/1666255638-S2204-Super-Cleaning-Power-Long-Lasting-And-Anti-Aging-Engine-Cleaner.jpg\" alt=\"\" width=\"750\" height=\"750\" srcset=\"https:\/\/www.supersybon.com\/fr\/wp-content\/uploads\/2022\/10\/1666255638-S2204-Super-Cleaning-Power-Long-Lasting-And-Anti-Aging-Engine-Cleaner.jpg 750w, https:\/\/www.supersybon.com\/fr\/wp-content\/uploads\/2022\/10\/1666255638-S2204-Super-Cleaning-Power-Long-Lasting-And-Anti-Aging-Engine-Cleaner-480x480.jpg 480w\" sizes=\"(min-width: 0px) and (max-width: 480px) 480px, (min-width: 481px) 750px, 100vw\" \/><\/p>\n<div class=\"magic-13\">\n<div class=\"magic-14\">\n<div class=\"magic-9\">\n<p><img decoding=\"async\" class=\"aligncenter size-full wp-image-1202\" src=\"https:\/\/www.supersybon.com\/fr\/wp-content\/uploads\/2022\/10\/1666255656-S2204-Original-Manufacturer-Easy-Cleaning-Engine-Cleaner-For-Car-Care.jpg\" alt=\"\" width=\"800\" height=\"800\" srcset=\"https:\/\/www.supersybon.com\/fr\/wp-content\/uploads\/2022\/10\/1666255656-S2204-Original-Manufacturer-Easy-Cleaning-Engine-Cleaner-For-Car-Care.jpg 800w, https:\/\/www.supersybon.com\/fr\/wp-content\/uploads\/2022\/10\/1666255656-S2204-Original-Manufacturer-Easy-Cleaning-Engine-Cleaner-For-Car-Care-480x480.jpg 480w\" sizes=\"(min-width: 0px) and (max-width: 480px) 480px, (min-width: 481px) 800px, 100vw\" \/><\/p>\n<p>&nbsp;<\/p>\n<div class=\"magic-10\">\n<p><img decoding=\"async\" class=\"aligncenter size-full wp-image-1203\" src=\"https:\/\/www.supersybon.com\/fr\/wp-content\/uploads\/2022\/10\/1666255677-S2204-Car-Engine-Surface-Cleaning-Chemical-For-Kenya-Market-Cleaning-Products-For-Engine.jpg\" alt=\"\" width=\"800\" height=\"800\" srcset=\"https:\/\/www.supersybon.com\/fr\/wp-content\/uploads\/2022\/10\/1666255677-S2204-Car-Engine-Surface-Cleaning-Chemical-For-Kenya-Market-Cleaning-Products-For-Engine.jpg 800w, https:\/\/www.supersybon.com\/fr\/wp-content\/uploads\/2022\/10\/1666255677-S2204-Car-Engine-Surface-Cleaning-Chemical-For-Kenya-Market-Cleaning-Products-For-Engine-480x480.jpg 480w\" sizes=\"(min-width: 0px) and (max-width: 480px) 480px, (min-width: 481px) 800px, 100vw\" \/><\/p>\n<p>&nbsp;<\/p>\n<p><strong>\u00c9tapes d'utilisation<\/strong><\/p>\n<hr \/>\n<p>&nbsp;<\/p>\n<p><img decoding=\"async\" class=\"aligncenter size-full wp-image-1205\" src=\"https:\/\/www.supersybon.com\/fr\/wp-content\/uploads\/2022\/10\/1666255810-S2204-Newest-Hottest-Engine-Cleaning-Strong-Decontamination-Car-Engine-Cleaning-Spray.jpg\" alt=\"\" width=\"790\" height=\"368\" srcset=\"https:\/\/www.supersybon.com\/fr\/wp-content\/uploads\/2022\/10\/1666255810-S2204-Newest-Hottest-Engine-Cleaning-Strong-Decontamination-Car-Engine-Cleaning-Spray.jpg 790w, https:\/\/www.supersybon.com\/fr\/wp-content\/uploads\/2022\/10\/1666255810-S2204-Newest-Hottest-Engine-Cleaning-Strong-Decontamination-Car-Engine-Cleaning-Spray-480x224.jpg 480w\" sizes=\"(min-width: 0px) and (max-width: 480px) 480px, (min-width: 481px) 790px, 100vw\" \/><\/p>\n<p>&nbsp;<\/p>\n<p><strong>Emballage et service du produit<\/strong><\/p>\n<hr \/>\n<p><strong>EMBALLER:<\/strong><\/p>\n<p>30 pi\u00e8ces\/carton.<\/p>\n<p>&nbsp;<\/p>\n<p><strong>NOTRE SERVICE:<\/strong><\/p>\n<p>1.24 heures en ligne<\/p>\n<p>2. Prix comp\u00e9titif<\/p>\n<p>3. Excellents commentaires du client<\/p>\n<p>4. Commande en ligne s\u00e9curis\u00e9e<\/p>\n<p>5. livraison rapide<\/p>\n<p>6. support technique professionnel<\/p>\n<\/div>\n<\/div>\n<\/div>\n<\/div>\n<div class=\"magic-13\">\n<div class=\"magic-14\">\n<p>&nbsp;<\/p>\n<div class=\"magic-13\">\n<div class=\"magic-14\">\n<div class=\"magic-9\">\n<div class=\"magic-10\">\n<div class=\"magic-13\">\n<div class=\"magic-14\">\n<div data-spm-anchor-id=\"a2700.details.0.i37.625d2e9eLtZffL\">\n<div class=\"magic-13\">\n<div class=\"magic-14\">\n<div class=\"magic-13\">\n<div class=\"magic-14\">\n<p>&nbsp;<\/p>\n<\/div>\n<\/div>\n<\/div>\n<\/div>\n<\/div>\n<\/div>\n<\/div>\n<\/div>\n<\/div>\n<\/div>\n<\/div>\n<div class=\"magic-13\">\n<div class=\"magic-14\">\n<p><strong>Profil de l'entreprise<\/strong><\/p>\n<hr \/>\n<p>&nbsp;<\/p>\n<\/div>\n<\/div>\n<p><img decoding=\"async\" class=\"aligncenter size-full wp-image-324\" src=\"https:\/\/www.supersybon.com\/fr\/wp-content\/uploads\/2022\/09\/1663401769-Car-Paint-Supplier-Company-Profile-Manufacturer-China.jpg\" alt=\"\" width=\"900\" height=\"958\" srcset=\"https:\/\/www.supersybon.com\/fr\/wp-content\/uploads\/2022\/09\/1663401769-Car-Paint-Supplier-Company-Profile-Manufacturer-China.jpg 900w, https:\/\/www.supersybon.com\/fr\/wp-content\/uploads\/2022\/09\/1663401769-Car-Paint-Supplier-Company-Profile-Manufacturer-China-480x511.jpg 480w\" sizes=\"(min-width: 0px) and (max-width: 480px) 480px, (min-width: 481px) 900px, 100vw\" \/><\/p>\n<div class=\"magic-13\">\n<div class=\"magic-14\">\n<p><strong>FAQ<\/strong><\/p>\n<hr \/>\n<\/div>\n<\/div>\n<p><strong>Q\u00a0:\u00a0Quel est votre MOQ\u00a0?<\/strong><\/p>\n<p>R : Notre MOQ est de 1 carton.<\/p>\n<p><strong>Q\u00a0:\u00a0Qu\u2019en est-il de votre paiement\u00a0?<\/strong><\/p>\n<p>R : d\u00e9p\u00f4t de 50% \u00e0 l'avance, solde de 50% par T\/T, L\/C, paypal, Western Union ou bien avant exp\u00e9dition.<\/p>\n<p><strong>Q : Fournissez-vous des \u00e9chantillons ?<\/strong><\/p>\n<p>R : Oui, vous pouvez acheter un \u00e9chantillon pour le tester.<\/p>\n<p><strong>Q : Qu'en est-il de votre d\u00e9lai de livraison ?<\/strong><\/p>\n<p>R\u00a0:\u00a0Habituellement 15 jours apr\u00e8s r\u00e9ception de votre d\u00e9p\u00f4t.<\/p>\n<\/div>\n<\/div>\n","protected":false},"excerpt":{"rendered":"<p>\u00b7Le nettoyant pour moteur peut \u00e9liminer les taches profondes et d\u00e9coller les salet\u00e9s tenaces telles que la graisse, la poussi\u00e8re, l'huile et l'asphalte de la surface m\u00e9tallique. Ce produit peut \u00eatre utilis\u00e9 sans eau.<br \/>\n\u00b7En utilisant une formule d'\u00e9mulsification \u00e0 base de solvant, il sera \u00e9mulsionn\u00e9 et converti en base d'eau lorsqu'il sera en contact avec de l'eau. Aucun r\u00e9sidu apr\u00e8s lavage.<br \/>\n\u00b7Ce produit est facile \u00e0 rincer, s\u00fbr et \u00e9conomique.<\/p>\n","protected":false},"featured_media":1206,"template":"","meta":{"_et_pb_use_builder":"","_et_pb_old_content":"","_et_gb_content_width":""},"product_brand":[],"product_cat":[56,60],"product_tag":[819,820],"class_list":{"0":"post-1199","1":"product","2":"type-product","3":"status-publish","4":"has-post-thumbnail","6":"product_cat-serie-dentretien-automobile","7":"product_cat-entretien-de-la-voiture","8":"product_tag-degraissant-nettoyant-pour-surfaces-dentrepot-de-moteurs","9":"product_tag-nettoyant-moteur","11":"first","12":"instock","13":"shipping-taxable","14":"product-type-simple"},"_links":{"self":[{"href":"https:\/\/www.supersybon.com\/fr\/wp-json\/wp\/v2\/product\/1199","targetHints":{"allow":["GET"]}}],"collection":[{"href":"https:\/\/www.supersybon.com\/fr\/wp-json\/wp\/v2\/product"}],"about":[{"href":"https:\/\/www.supersybon.com\/fr\/wp-json\/wp\/v2\/types\/product"}],"wp:featuredmedia":[{"embeddable":true,"href":"https:\/\/www.supersybon.com\/fr\/wp-json\/wp\/v2\/media\/1206"}],"wp:attachment":[{"href":"https:\/\/www.supersybon.com\/fr\/wp-json\/wp\/v2\/media?parent=1199"}],"wp:term":[{"taxonomy":"product_brand","embeddable":true,"href":"https:\/\/www.supersybon.com\/fr\/wp-json\/wp\/v2\/product_brand?post=1199"},{"taxonomy":"product_cat","embeddable":true,"href":"https:\/\/www.supersybon.com\/fr\/wp-json\/wp\/v2\/product_cat?post=1199"},{"taxonomy":"product_tag","embeddable":true,"href":"https:\/\/www.supersybon.com\/fr\/wp-json\/wp\/v2\/product_tag?post=1199"}],"curies":[{"name":"wp","href":"https:\/\/api.w.org\/{rel}","templated":true}]}}