{"id":1188,"date":"2022-10-20T15:37:14","date_gmt":"2022-10-20T07:37:14","guid":{"rendered":"https:\/\/www.supersybon.com\/fr\/?post_type=product&#038;p=1188"},"modified":"2023-09-15T17:00:51","modified_gmt":"2023-09-15T09:00:51","slug":"s2205-protecteur-contre-la-brillance-du-moteur","status":"publish","type":"product","link":"https:\/\/www.supersybon.com\/fr\/product\/s2205-protecteur-contre-la-brillance-du-moteur","title":{"rendered":"S2205 Protecteur contre la brillance du moteur rev\u00eatement de moteur automobile pour le nettoyage et l\u2019entretien esth\u00e9tique du moteur"},"content":{"rendered":"<p>&nbsp;<\/p>\n<p>&nbsp;<\/p>\n<h2><strong>S2205 Protecteur contre la brillance du moteur<\/strong><\/h2>\n<p><img decoding=\"async\" class=\"aligncenter size-full wp-image-1189\" src=\"https:\/\/www.supersybon.com\/fr\/wp-content\/uploads\/2022\/10\/1666252783-S2205-Factory-Supplier-120Ml-Auto-Engine-Coating-Spray-Widely-Use.jpg\" alt=\"\" width=\"900\" height=\"364\" srcset=\"https:\/\/www.supersybon.com\/fr\/wp-content\/uploads\/2022\/10\/1666252783-S2205-Factory-Supplier-120Ml-Auto-Engine-Coating-Spray-Widely-Use.jpg 900w, https:\/\/www.supersybon.com\/fr\/wp-content\/uploads\/2022\/10\/1666252783-S2205-Factory-Supplier-120Ml-Auto-Engine-Coating-Spray-Widely-Use-480x194.jpg 480w\" sizes=\"(min-width: 0px) and (max-width: 480px) 480px, (min-width: 481px) 900px, 100vw\" \/><\/p>\n<p><strong>Fonctionnalit\u00e9:<\/strong><\/p>\n<p>1. Le protecteur de brillance du moteur peut fournir une protection \u00e0 long terme des pi\u00e8ces en plastique non peintes et des bandes de caoutchouc, et restaurer la couleur d'origine des bandes de caoutchouc.<\/p>\n<p>2. R\u00e9siste \u00e0 la lotion neutre et maintient un effet hydrofuge durable.<\/p>\n<p>3. Formule sp\u00e9ciale pour pr\u00e9venir les dommages caus\u00e9s par les UV et le vieillissement des pi\u00e8ces en plastique et des bandes de caoutchouc.<\/p>\n<p>&nbsp;<\/p>\n<p><strong>Pr\u00e9cautions:<\/strong><\/p>\n<p>Si vous \u00e9claboussez accidentellement ce produit dans vos yeux ou si vous le buvez par erreur, veuillez le laver \u00e0 l'eau claire pendant 10 minutes et consulter imm\u00e9diatement un m\u00e9decin.<\/p>\n<p><img decoding=\"async\" class=\"aligncenter size-full wp-image-1194\" src=\"https:\/\/www.supersybon.com\/fr\/wp-content\/uploads\/2022\/10\/1666253264-S2205-High-Quality-Effective-Recommended-Factory-Supply-Engine-Dressing-Shine-Dressing-For-Car-Care.jpg\" alt=\"\" width=\"750\" height=\"750\" srcset=\"https:\/\/www.supersybon.com\/fr\/wp-content\/uploads\/2022\/10\/1666253264-S2205-High-Quality-Effective-Recommended-Factory-Supply-Engine-Dressing-Shine-Dressing-For-Car-Care.jpg 750w, https:\/\/www.supersybon.com\/fr\/wp-content\/uploads\/2022\/10\/1666253264-S2205-High-Quality-Effective-Recommended-Factory-Supply-Engine-Dressing-Shine-Dressing-For-Car-Care-480x480.jpg 480w\" sizes=\"(min-width: 0px) and (max-width: 480px) 480px, (min-width: 481px) 750px, 100vw\" \/><\/p>\n<div class=\"magic-13\">\n<div class=\"magic-14\">\n<div class=\"magic-9\">\n<p>&nbsp;<\/p>\n<p>&nbsp;<\/p>\n<div class=\"magic-10\">\n<p><img decoding=\"async\" class=\"aligncenter size-full wp-image-1191\" src=\"https:\/\/www.supersybon.com\/fr\/wp-content\/uploads\/2022\/10\/1666253192-S2205-Car-Engine-Coating-Agent-Engine-Compartment-Protection-Coating-Polish-Car-Care-Agent.jpg\" alt=\"\" width=\"750\" height=\"815\" srcset=\"https:\/\/www.supersybon.com\/fr\/wp-content\/uploads\/2022\/10\/1666253192-S2205-Car-Engine-Coating-Agent-Engine-Compartment-Protection-Coating-Polish-Car-Care-Agent.jpg 750w, https:\/\/www.supersybon.com\/fr\/wp-content\/uploads\/2022\/10\/1666253192-S2205-Car-Engine-Coating-Agent-Engine-Compartment-Protection-Coating-Polish-Car-Care-Agent-480x522.jpg 480w\" sizes=\"(min-width: 0px) and (max-width: 480px) 480px, (min-width: 481px) 750px, 100vw\" \/><\/p>\n<p>&nbsp;<\/p>\n<p>&nbsp;<\/p>\n<p><strong>\u00c9tapes d'utilisation<\/strong><\/p>\n<hr \/>\n<p>&nbsp;<\/p>\n<p><img decoding=\"async\" class=\"aligncenter size-full wp-image-1193\" src=\"https:\/\/www.supersybon.com\/fr\/wp-content\/uploads\/2022\/10\/1666253238-S2205-China-Professional-Manufacture-Engine-Shine-Protector-Dressing-After-Engine-Cleaning.jpg\" alt=\"\" width=\"750\" height=\"750\" srcset=\"https:\/\/www.supersybon.com\/fr\/wp-content\/uploads\/2022\/10\/1666253238-S2205-China-Professional-Manufacture-Engine-Shine-Protector-Dressing-After-Engine-Cleaning.jpg 750w, https:\/\/www.supersybon.com\/fr\/wp-content\/uploads\/2022\/10\/1666253238-S2205-China-Professional-Manufacture-Engine-Shine-Protector-Dressing-After-Engine-Cleaning-480x480.jpg 480w\" sizes=\"(min-width: 0px) and (max-width: 480px) 480px, (min-width: 481px) 750px, 100vw\" \/><\/p>\n<p>&nbsp;<\/p>\n<p><strong>Emballage et service du produit<\/strong><\/p>\n<hr \/>\n<p><strong>EMBALLER:<\/strong><\/p>\n<p>170 pi\u00e8ces\/carton.<\/p>\n<p>&nbsp;<\/p>\n<p><strong>NOTRE SERVICE:<\/strong><\/p>\n<p>1.24 heures en ligne<\/p>\n<p>2. Prix comp\u00e9titif<\/p>\n<p>3. Excellents commentaires du client<\/p>\n<p>4. Commande en ligne s\u00e9curis\u00e9e<\/p>\n<p>5. livraison rapide<\/p>\n<p>6. support technique professionnel<\/p>\n<\/div>\n<\/div>\n<\/div>\n<\/div>\n<div class=\"magic-13\">\n<div class=\"magic-14\">\n<p>&nbsp;<\/p>\n<div class=\"magic-13\">\n<div class=\"magic-14\">\n<div class=\"magic-9\">\n<div class=\"magic-10\">\n<div class=\"magic-13\">\n<div class=\"magic-14\">\n<div data-spm-anchor-id=\"a2700.details.0.i37.625d2e9eLtZffL\">\n<div class=\"magic-13\">\n<div class=\"magic-14\">\n<div class=\"magic-13\">\n<div class=\"magic-14\">\n<p>&nbsp;<\/p>\n<\/div>\n<\/div>\n<\/div>\n<\/div>\n<\/div>\n<\/div>\n<\/div>\n<\/div>\n<\/div>\n<\/div>\n<\/div>\n<div class=\"magic-13\">\n<div class=\"magic-14\">\n<p><strong>Profil de l'entreprise<\/strong><\/p>\n<hr \/>\n<p>&nbsp;<\/p>\n<\/div>\n<\/div>\n<p><img decoding=\"async\" class=\"aligncenter size-full wp-image-324\" src=\"https:\/\/www.supersybon.com\/fr\/wp-content\/uploads\/2022\/09\/1663401769-Car-Paint-Supplier-Company-Profile-Manufacturer-China.jpg\" alt=\"\" width=\"900\" height=\"958\" srcset=\"https:\/\/www.supersybon.com\/fr\/wp-content\/uploads\/2022\/09\/1663401769-Car-Paint-Supplier-Company-Profile-Manufacturer-China.jpg 900w, https:\/\/www.supersybon.com\/fr\/wp-content\/uploads\/2022\/09\/1663401769-Car-Paint-Supplier-Company-Profile-Manufacturer-China-480x511.jpg 480w\" sizes=\"(min-width: 0px) and (max-width: 480px) 480px, (min-width: 481px) 900px, 100vw\" \/><\/p>\n<div class=\"magic-13\">\n<div class=\"magic-14\">\n<p><strong>FAQ<\/strong><\/p>\n<hr \/>\n<\/div>\n<\/div>\n<p><strong>Q\u00a0:\u00a0Quel est votre MOQ\u00a0?<\/strong><\/p>\n<p>R : Notre MOQ est de 1 carton.<\/p>\n<p><strong>Q\u00a0:\u00a0Qu\u2019en est-il de votre paiement\u00a0?<\/strong><\/p>\n<p>R : d\u00e9p\u00f4t de 50% \u00e0 l'avance, solde de 50% par T\/T, L\/C, paypal, Western Union ou bien avant exp\u00e9dition.<\/p>\n<p><strong>Q : Fournissez-vous des \u00e9chantillons ?<\/strong><\/p>\n<p>R : Oui, vous pouvez acheter un \u00e9chantillon pour le tester.<\/p>\n<p><strong>Q : Qu'en est-il de votre d\u00e9lai de livraison ?<\/strong><\/p>\n<p>R\u00a0:\u00a0Habituellement 15 jours apr\u00e8s r\u00e9ception de votre d\u00e9p\u00f4t.<\/p>\n<\/div>\n<\/div>\n","protected":false},"excerpt":{"rendered":"<p>\u00b7Le protecteur contre la brillance du moteur peut fournir une protection \u00e0 long terme des pi\u00e8ces en plastique et des bandes de caoutchouc non peintes, et restaurer la couleur d'origine des bandes de caoutchouc.<br \/>\n\u00b7R\u00e9siste aux lotions neutres et maintient un effet hydrofuge longue dur\u00e9e.<br \/>\n\u00b7Formule sp\u00e9ciale pour pr\u00e9venir les dommages caus\u00e9s par les UV et le vieillissement des pi\u00e8ces en plastique et des bandes de caoutchouc.<\/p>\n","protected":false},"featured_media":1194,"template":"","meta":{"_et_pb_use_builder":"","_et_pb_old_content":"","_et_gb_content_width":""},"product_brand":[],"product_cat":[56,60],"product_tag":[818,817],"class_list":{"0":"post-1188","1":"product","2":"type-product","3":"status-publish","4":"has-post-thumbnail","6":"product_cat-serie-dentretien-automobile","7":"product_cat-entretien-de-la-voiture","8":"product_tag-protecteur-contre-la-brillance-du-moteur","9":"product_tag-revetement-de-moteur-automobile","11":"first","12":"instock","13":"shipping-taxable","14":"product-type-simple"},"_links":{"self":[{"href":"https:\/\/www.supersybon.com\/fr\/wp-json\/wp\/v2\/product\/1188","targetHints":{"allow":["GET"]}}],"collection":[{"href":"https:\/\/www.supersybon.com\/fr\/wp-json\/wp\/v2\/product"}],"about":[{"href":"https:\/\/www.supersybon.com\/fr\/wp-json\/wp\/v2\/types\/product"}],"wp:featuredmedia":[{"embeddable":true,"href":"https:\/\/www.supersybon.com\/fr\/wp-json\/wp\/v2\/media\/1194"}],"wp:attachment":[{"href":"https:\/\/www.supersybon.com\/fr\/wp-json\/wp\/v2\/media?parent=1188"}],"wp:term":[{"taxonomy":"product_brand","embeddable":true,"href":"https:\/\/www.supersybon.com\/fr\/wp-json\/wp\/v2\/product_brand?post=1188"},{"taxonomy":"product_cat","embeddable":true,"href":"https:\/\/www.supersybon.com\/fr\/wp-json\/wp\/v2\/product_cat?post=1188"},{"taxonomy":"product_tag","embeddable":true,"href":"https:\/\/www.supersybon.com\/fr\/wp-json\/wp\/v2\/product_tag?post=1188"}],"curies":[{"name":"wp","href":"https:\/\/api.w.org\/{rel}","templated":true}]}}