{"id":1178,"date":"2022-10-20T14:52:06","date_gmt":"2022-10-20T06:52:06","guid":{"rendered":"https:\/\/www.supersybon.com\/fr\/?post_type=product&#038;p=1178"},"modified":"2023-09-15T16:51:31","modified_gmt":"2023-09-15T08:51:31","slug":"s2201-restaurateur-de-plastique","status":"publish","type":"product","link":"https:\/\/www.supersybon.com\/fr\/product\/s2201-restaurateur-de-plastique","title":{"rendered":"S2201 Restaurateur de plastique Spray de restauration de plastique et de garnitures - Restaure, fait briller et prot\u00e8ge le plastique de votre voiture"},"content":{"rendered":"<p><iframe title=\"Plastic Restorer Detail Plastic &amp; Trim Restorer Spray-Restores, Shines &amp; Protects Your Car\u2019s Plastic\" width=\"1080\" height=\"608\" src=\"https:\/\/www.youtube.com\/embed\/UZEJFPvtNQA?feature=oembed\"  allow=\"accelerometer; autoplay; clipboard-write; encrypted-media; gyroscope; picture-in-picture\" allowfullscreen><\/iframe><\/p>\n<p><img decoding=\"async\" class=\"aligncenter size-full wp-image-1179\" src=\"https:\/\/www.supersybon.com\/fr\/wp-content\/uploads\/2022\/10\/1666250747-S2201-Trim-Plastic-Restorer-Faded-And-Dull-Plastic-Rubber-Vinyl-Back-To-Black-Protectant-And-Sealant-From-Uv-And-Dirt.jpg\" alt=\"\" width=\"900\" height=\"364\" srcset=\"https:\/\/www.supersybon.com\/fr\/wp-content\/uploads\/2022\/10\/1666250747-S2201-Trim-Plastic-Restorer-Faded-And-Dull-Plastic-Rubber-Vinyl-Back-To-Black-Protectant-And-Sealant-From-Uv-And-Dirt.jpg 900w, https:\/\/www.supersybon.com\/fr\/wp-content\/uploads\/2022\/10\/1666250747-S2201-Trim-Plastic-Restorer-Faded-And-Dull-Plastic-Rubber-Vinyl-Back-To-Black-Protectant-And-Sealant-From-Uv-And-Dirt-480x194.jpg 480w\" sizes=\"(min-width: 0px) and (max-width: 480px) 480px, (min-width: 481px) 900px, 100vw\" \/><\/p>\n<p>&nbsp;<\/p>\n<h2><strong>S2201 Restaurateur de plastique Spray de restauration de plastique et de garnitures - Restaure, fait briller et prot\u00e8ge le plastique de votre voiture<\/strong><\/h2>\n<p><strong>Fonctionnalit\u00e9:<\/strong><\/p>\n<p>Le restaurateur de plastique est utilis\u00e9 pour la d\u00e9soxydation et la remise \u00e0 neuf des plastiques et des caoutchoucs, ainsi que pour remodeler l'\u00e9clat d'origine des plastiques. Il peut rapidement dissoudre la couche d'oxyde sur la surface du plastique, contenant un facteur de vitrage de niveau nanom\u00e9trique, formant une couche protectrice sur la surface du plastique, r\u00e9siste aux UV et \u00e0 l'anti-vieillissement, et joue \u00e9galement un r\u00f4le dans le lissage, le vitrage et l'\u00e9claircissement du surface du plastique.<\/p>\n<p>&nbsp;<\/p>\n<p><strong>Pr\u00e9cautions:<\/strong><\/p>\n<p>1. Le restaurateur de plastique est n\u00e9cessaire pour confirmer qu'il n'y a pas de r\u00e9action ind\u00e9sirable dans la petite zone o\u00f9 la zone locale n'est pas \u00e9vidente avant d'agrandir progressivement la zone.<\/p>\n<p>2. N'utilisez pas de serviettes d\u00e9color\u00e9es pendant la construction pour \u00e9viter les taches. Il est recommand\u00e9 de laver et s\u00e9cher avant d'utiliser une nouvelle serviette.<\/p>\n<p>3. Le restaurateur de plastique ne r\u00e9pare pas les rayures profondes par action physique.<\/p>\n<div class=\"magic-13\">\n<div class=\"magic-14\">\n<div class=\"magic-15\" data-id=\"paragraph0\"><\/div>\n<\/div>\n<\/div>\n<div class=\"magic-13\">\n<div class=\"magic-14\">\n<div class=\"magic-9\">\n<p><img decoding=\"async\" class=\"aligncenter size-full wp-image-1180\" src=\"https:\/\/www.supersybon.com\/fr\/wp-content\/uploads\/2022\/10\/1666250775-S2201-New-Design-Anti-Aging-Black-Bottle-Trigger-Sprayer-Car-Care-Plastic-And-Rubber-Renovation.jpg\" alt=\"\" width=\"750\" height=\"750\" srcset=\"https:\/\/www.supersybon.com\/fr\/wp-content\/uploads\/2022\/10\/1666250775-S2201-New-Design-Anti-Aging-Black-Bottle-Trigger-Sprayer-Car-Care-Plastic-And-Rubber-Renovation.jpg 750w, https:\/\/www.supersybon.com\/fr\/wp-content\/uploads\/2022\/10\/1666250775-S2201-New-Design-Anti-Aging-Black-Bottle-Trigger-Sprayer-Car-Care-Plastic-And-Rubber-Renovation-480x480.jpg 480w\" sizes=\"(min-width: 0px) and (max-width: 480px) 480px, (min-width: 481px) 750px, 100vw\" \/><\/p>\n<p><img decoding=\"async\" class=\"aligncenter size-full wp-image-1181\" src=\"https:\/\/www.supersybon.com\/fr\/wp-content\/uploads\/2022\/10\/1666250813-S2201-Plastic-Parts-Restorer-Used-For-Deoxidation-And-Refurbishment-Of-Plastics-And-Rubbers-Plastic-Restorer.jpg\" alt=\"\" width=\"750\" height=\"504\" srcset=\"https:\/\/www.supersybon.com\/fr\/wp-content\/uploads\/2022\/10\/1666250813-S2201-Plastic-Parts-Restorer-Used-For-Deoxidation-And-Refurbishment-Of-Plastics-And-Rubbers-Plastic-Restorer.jpg 750w, https:\/\/www.supersybon.com\/fr\/wp-content\/uploads\/2022\/10\/1666250813-S2201-Plastic-Parts-Restorer-Used-For-Deoxidation-And-Refurbishment-Of-Plastics-And-Rubbers-Plastic-Restorer-480x323.jpg 480w\" sizes=\"(min-width: 0px) and (max-width: 480px) 480px, (min-width: 481px) 750px, 100vw\" \/><\/p>\n<div class=\"magic-10\">\n<p><img decoding=\"async\" class=\"aligncenter size-full wp-image-1182\" src=\"https:\/\/www.supersybon.com\/fr\/wp-content\/uploads\/2022\/10\/1666250830-S2201-Fast-Renovation-And-Long-Lasting-Quickly-Dissolve-The-Oxide-Layer-Resists-Uv-And-Anti-Aging.jpg\" alt=\"\" width=\"750\" height=\"750\" srcset=\"https:\/\/www.supersybon.com\/fr\/wp-content\/uploads\/2022\/10\/1666250830-S2201-Fast-Renovation-And-Long-Lasting-Quickly-Dissolve-The-Oxide-Layer-Resists-Uv-And-Anti-Aging.jpg 750w, https:\/\/www.supersybon.com\/fr\/wp-content\/uploads\/2022\/10\/1666250830-S2201-Fast-Renovation-And-Long-Lasting-Quickly-Dissolve-The-Oxide-Layer-Resists-Uv-And-Anti-Aging-480x480.jpg 480w\" sizes=\"(min-width: 0px) and (max-width: 480px) 480px, (min-width: 481px) 750px, 100vw\" \/><\/p>\n<p><img decoding=\"async\" class=\"aligncenter size-full wp-image-1183\" src=\"https:\/\/www.supersybon.com\/fr\/wp-content\/uploads\/2022\/10\/1666250847-S2201-Hot-Selling-Black-Trim-Plastic-Restorer-Plastic-Car-Care-Products-Renovation-Agent.jpg\" alt=\"\" width=\"750\" height=\"750\" srcset=\"https:\/\/www.supersybon.com\/fr\/wp-content\/uploads\/2022\/10\/1666250847-S2201-Hot-Selling-Black-Trim-Plastic-Restorer-Plastic-Car-Care-Products-Renovation-Agent.jpg 750w, https:\/\/www.supersybon.com\/fr\/wp-content\/uploads\/2022\/10\/1666250847-S2201-Hot-Selling-Black-Trim-Plastic-Restorer-Plastic-Car-Care-Products-Renovation-Agent-480x480.jpg 480w\" sizes=\"(min-width: 0px) and (max-width: 480px) 480px, (min-width: 481px) 750px, 100vw\" \/><\/p>\n<p>&nbsp;<\/p>\n<p><strong>\u00c9tapes d'utilisation<\/strong><\/p>\n<hr \/>\n<p>&nbsp;<\/p>\n<p><img decoding=\"async\" class=\"aligncenter size-full wp-image-1187\" src=\"https:\/\/www.supersybon.com\/fr\/wp-content\/uploads\/2022\/10\/1666251009-S2201-Plastic-Parts-Refurbish-Plastic-Renovation-Products-Car-Plastic-Restore-Restorer-Black-Superior-Quality.jpg\" alt=\"\" width=\"750\" height=\"750\" srcset=\"https:\/\/www.supersybon.com\/fr\/wp-content\/uploads\/2022\/10\/1666251009-S2201-Plastic-Parts-Refurbish-Plastic-Renovation-Products-Car-Plastic-Restore-Restorer-Black-Superior-Quality.jpg 750w, https:\/\/www.supersybon.com\/fr\/wp-content\/uploads\/2022\/10\/1666251009-S2201-Plastic-Parts-Refurbish-Plastic-Renovation-Products-Car-Plastic-Restore-Restorer-Black-Superior-Quality-480x480.jpg 480w\" sizes=\"(min-width: 0px) and (max-width: 480px) 480px, (min-width: 481px) 750px, 100vw\" \/><\/p>\n<p>&nbsp;<\/p>\n<p><strong>Emballage et service du produit<\/strong><\/p>\n<hr \/>\n<p><strong>EMBALLER:<\/strong><\/p>\n<p>170 pi\u00e8ces\/carton.<\/p>\n<p>&nbsp;<\/p>\n<p><strong>NOTRE SERVICE:<\/strong><\/p>\n<p>1.24 heures en ligne<\/p>\n<p>2. Prix comp\u00e9titif<\/p>\n<p>3. Excellents commentaires du client<\/p>\n<p>4. Commande en ligne s\u00e9curis\u00e9e<\/p>\n<p>5. livraison rapide<\/p>\n<p>6. support technique professionnel<\/p>\n<\/div>\n<\/div>\n<\/div>\n<\/div>\n<div class=\"magic-13\">\n<div class=\"magic-14\">\n<p>&nbsp;<\/p>\n<div class=\"magic-13\">\n<div class=\"magic-14\">\n<div class=\"magic-9\">\n<div class=\"magic-10\">\n<div class=\"magic-13\">\n<div class=\"magic-14\">\n<div data-spm-anchor-id=\"a2700.details.0.i37.625d2e9eLtZffL\">\n<div class=\"magic-13\">\n<div class=\"magic-14\">\n<div class=\"magic-13\">\n<div class=\"magic-14\">\n<p>&nbsp;<\/p>\n<\/div>\n<\/div>\n<\/div>\n<\/div>\n<\/div>\n<\/div>\n<\/div>\n<\/div>\n<\/div>\n<\/div>\n<\/div>\n<div class=\"magic-13\">\n<div class=\"magic-14\">\n<p><strong>Profil de l'entreprise<\/strong><\/p>\n<hr \/>\n<p>&nbsp;<\/p>\n<\/div>\n<\/div>\n<p><img decoding=\"async\" class=\"aligncenter size-full wp-image-324\" src=\"https:\/\/www.supersybon.com\/fr\/wp-content\/uploads\/2022\/09\/1663401769-Car-Paint-Supplier-Company-Profile-Manufacturer-China.jpg\" alt=\"\" width=\"900\" height=\"958\" srcset=\"https:\/\/www.supersybon.com\/fr\/wp-content\/uploads\/2022\/09\/1663401769-Car-Paint-Supplier-Company-Profile-Manufacturer-China.jpg 900w, https:\/\/www.supersybon.com\/fr\/wp-content\/uploads\/2022\/09\/1663401769-Car-Paint-Supplier-Company-Profile-Manufacturer-China-480x511.jpg 480w\" sizes=\"(min-width: 0px) and (max-width: 480px) 480px, (min-width: 481px) 900px, 100vw\" \/><\/p>\n<div class=\"magic-13\">\n<div class=\"magic-14\">\n<p><strong>FAQ<\/strong><\/p>\n<hr \/>\n<\/div>\n<\/div>\n<p><strong>Q\u00a0:\u00a0Quel est votre MOQ\u00a0?<\/strong><\/p>\n<p>R : Notre MOQ est de 1 carton.<\/p>\n<p><strong>Q\u00a0:\u00a0Qu\u2019en est-il de votre paiement\u00a0?<\/strong><\/p>\n<p>R : d\u00e9p\u00f4t de 50% \u00e0 l'avance, solde de 50% par T\/T, L\/C, paypal, Western Union ou bien avant exp\u00e9dition.<\/p>\n<p><strong>Q : Fournissez-vous des \u00e9chantillons ?<\/strong><\/p>\n<p>R : Oui, vous pouvez acheter un \u00e9chantillon pour le tester.<\/p>\n<p><strong>Q : Qu'en est-il de votre d\u00e9lai de livraison ?<\/strong><\/p>\n<p>R\u00a0:\u00a0Habituellement 15 jours apr\u00e8s r\u00e9ception de votre d\u00e9p\u00f4t.<\/p>\n<\/div>\n<\/div>\n","protected":false},"excerpt":{"rendered":"<p>Plastic Restorer\u00a0est utilis\u00e9 pour la d\u00e9soxydation et la remise \u00e0 neuf des plastiques et des caoutchoucs, ainsi que pour remodeler l'\u00e9clat d'origine des plastiques. Il peut rapidement dissoudre la couche d'oxyde sur la surface du plastique, contenant un facteur de vitrage de niveau nanom\u00e9trique, formant une couche protectrice sur la surface du plastique, r\u00e9siste aux UV et \u00e0 l'anti-vieillissement, et joue \u00e9galement un r\u00f4le dans le lissage, le vitrage et l'\u00e9claircissement du surface du plastique.<\/p>\n","protected":false},"featured_media":1185,"template":"","meta":{"_et_pb_use_builder":"","_et_pb_old_content":"","_et_gb_content_width":""},"product_brand":[],"product_cat":[56,60],"product_tag":[816,815],"class_list":{"0":"post-1178","1":"product","2":"type-product","3":"status-publish","4":"has-post-thumbnail","6":"product_cat-serie-dentretien-automobile","7":"product_cat-entretien-de-la-voiture","8":"product_tag-restaurateur-de-plastique","9":"product_tag-spray-restaurateur-de-plastique-et-de-garnitures","11":"first","12":"instock","13":"shipping-taxable","14":"product-type-simple"},"_links":{"self":[{"href":"https:\/\/www.supersybon.com\/fr\/wp-json\/wp\/v2\/product\/1178","targetHints":{"allow":["GET"]}}],"collection":[{"href":"https:\/\/www.supersybon.com\/fr\/wp-json\/wp\/v2\/product"}],"about":[{"href":"https:\/\/www.supersybon.com\/fr\/wp-json\/wp\/v2\/types\/product"}],"wp:featuredmedia":[{"embeddable":true,"href":"https:\/\/www.supersybon.com\/fr\/wp-json\/wp\/v2\/media\/1185"}],"wp:attachment":[{"href":"https:\/\/www.supersybon.com\/fr\/wp-json\/wp\/v2\/media?parent=1178"}],"wp:term":[{"taxonomy":"product_brand","embeddable":true,"href":"https:\/\/www.supersybon.com\/fr\/wp-json\/wp\/v2\/product_brand?post=1178"},{"taxonomy":"product_cat","embeddable":true,"href":"https:\/\/www.supersybon.com\/fr\/wp-json\/wp\/v2\/product_cat?post=1178"},{"taxonomy":"product_tag","embeddable":true,"href":"https:\/\/www.supersybon.com\/fr\/wp-json\/wp\/v2\/product_tag?post=1178"}],"curies":[{"name":"wp","href":"https:\/\/api.w.org\/{rel}","templated":true}]}}