{"id":1168,"date":"2022-10-20T14:20:23","date_gmt":"2022-10-20T06:20:23","guid":{"rendered":"https:\/\/www.supersybon.com\/fr\/?post_type=product&#038;p=1168"},"modified":"2023-09-15T16:39:16","modified_gmt":"2023-09-15T08:39:16","slug":"s700-cire-de-carnauba","status":"publish","type":"product","link":"https:\/\/www.supersybon.com\/fr\/product\/s700-cire-de-carnauba","title":{"rendered":"S700 Cire de carnauba p\u00e2te de cire de carnauba br\u00e9silienne de qualit\u00e9 sup\u00e9rieure pour l'entretien de la voiture"},"content":{"rendered":"<p><iframe title=\"Carnauba Car Wax Premium Brazilian Carnauba Wax Paste For Car Care\" width=\"1080\" height=\"608\" src=\"https:\/\/www.youtube.com\/embed\/6hXyAYZTxi8?feature=oembed\"  allow=\"accelerometer; autoplay; clipboard-write; encrypted-media; gyroscope; picture-in-picture\" allowfullscreen><\/iframe><\/p>\n<p><img decoding=\"async\" class=\"aligncenter size-full wp-image-1169\" src=\"https:\/\/www.supersybon.com\/fr\/wp-content\/uploads\/2022\/10\/1666247930-S700-High-Quality-Copernicia-Cerifera-Solid-Yellowish-Carnauba-Wax-For-Car-Care-Products-Auto-Detail-Supplies.jpg\" alt=\"\" width=\"900\" height=\"364\" srcset=\"https:\/\/www.supersybon.com\/fr\/wp-content\/uploads\/2022\/10\/1666247930-S700-High-Quality-Copernicia-Cerifera-Solid-Yellowish-Carnauba-Wax-For-Car-Care-Products-Auto-Detail-Supplies.jpg 900w, https:\/\/www.supersybon.com\/fr\/wp-content\/uploads\/2022\/10\/1666247930-S700-High-Quality-Copernicia-Cerifera-Solid-Yellowish-Carnauba-Wax-For-Car-Care-Products-Auto-Detail-Supplies-480x194.jpg 480w\" sizes=\"(min-width: 0px) and (max-width: 480px) 480px, (min-width: 481px) 900px, 100vw\" \/><\/p>\n<p>&nbsp;<\/p>\n<h2><strong>S700 Cire de carnauba p\u00e2te de cire de carnauba br\u00e9silienne de qualit\u00e9 sup\u00e9rieure pour l'entretien de la voiture<\/strong><\/h2>\n<p><strong>Fonctionnalit\u00e9:<\/strong><\/p>\n<p>1. Hautement hydrophobe.<\/p>\n<p>2. Anti-poussi\u00e8re et Anti-corrosion, Anti-d\u00e9coloration, garde la brillance.<\/p>\n<p>3. Am\u00e9liorer la protection r\u00e9sistante aux rayures.<\/p>\n<p>4. Am\u00e9liorer la brillance de la peinture.<\/p>\n<div class=\"magic-13\">\n<div class=\"magic-14\">\n<div class=\"magic-9\">\n<p><img decoding=\"async\" class=\"aligncenter size-full wp-image-1173\" src=\"https:\/\/www.supersybon.com\/fr\/wp-content\/uploads\/2022\/10\/1666248124-S700-Car-Care-Product-Auto-Detailing-Solid-Polishing-Wax-Automotive-Paint-Protection-Carnauba-Car-Wax.jpg\" alt=\"\" width=\"750\" height=\"750\" srcset=\"https:\/\/www.supersybon.com\/fr\/wp-content\/uploads\/2022\/10\/1666248124-S700-Car-Care-Product-Auto-Detailing-Solid-Polishing-Wax-Automotive-Paint-Protection-Carnauba-Car-Wax.jpg 750w, https:\/\/www.supersybon.com\/fr\/wp-content\/uploads\/2022\/10\/1666248124-S700-Car-Care-Product-Auto-Detailing-Solid-Polishing-Wax-Automotive-Paint-Protection-Carnauba-Car-Wax-480x480.jpg 480w\" sizes=\"(min-width: 0px) and (max-width: 480px) 480px, (min-width: 481px) 750px, 100vw\" \/><\/p>\n<p><img decoding=\"async\" class=\"aligncenter size-full wp-image-1174\" src=\"https:\/\/www.supersybon.com\/fr\/wp-content\/uploads\/2022\/10\/1666248138-S700-Auto-Detailing-Products-Hard-Excellent-Cera-Automotivo-Hard-Car-Wax-Carnauba-Polish-Car-Wax.jpg\" alt=\"\" width=\"750\" height=\"750\" srcset=\"https:\/\/www.supersybon.com\/fr\/wp-content\/uploads\/2022\/10\/1666248138-S700-Auto-Detailing-Products-Hard-Excellent-Cera-Automotivo-Hard-Car-Wax-Carnauba-Polish-Car-Wax.jpg 750w, https:\/\/www.supersybon.com\/fr\/wp-content\/uploads\/2022\/10\/1666248138-S700-Auto-Detailing-Products-Hard-Excellent-Cera-Automotivo-Hard-Car-Wax-Carnauba-Polish-Car-Wax-480x480.jpg 480w\" sizes=\"(min-width: 0px) and (max-width: 480px) 480px, (min-width: 481px) 750px, 100vw\" \/><\/p>\n<p><img decoding=\"async\" class=\"aligncenter size-full wp-image-1175\" src=\"https:\/\/www.supersybon.com\/fr\/wp-content\/uploads\/2022\/10\/1666248151-S700-Super-Hydrophobic-Carnauba-Car-Wax-High-Gloss-Advanced-Automotive-Polishing-Compound.jpg\" alt=\"\" width=\"750\" height=\"750\" srcset=\"https:\/\/www.supersybon.com\/fr\/wp-content\/uploads\/2022\/10\/1666248151-S700-Super-Hydrophobic-Carnauba-Car-Wax-High-Gloss-Advanced-Automotive-Polishing-Compound.jpg 750w, https:\/\/www.supersybon.com\/fr\/wp-content\/uploads\/2022\/10\/1666248151-S700-Super-Hydrophobic-Carnauba-Car-Wax-High-Gloss-Advanced-Automotive-Polishing-Compound-480x480.jpg 480w\" sizes=\"(min-width: 0px) and (max-width: 480px) 480px, (min-width: 481px) 750px, 100vw\" \/><\/p>\n<p>&nbsp;<\/p>\n<p>&nbsp;<\/p>\n<p><strong>\u00c9tapes d'utilisation<\/strong><\/p>\n<hr \/>\n<p>&nbsp;<\/p>\n<p><img decoding=\"async\" class=\"aligncenter size-full wp-image-1171\" src=\"https:\/\/www.supersybon.com\/fr\/wp-content\/uploads\/2022\/10\/1666248076-S700-Car-Waxing-Scratch-Resistance-Carnauba-Wax-With-Good-Shine-And-Scratch-Resistance.png\" alt=\"\" width=\"966\" height=\"692\" srcset=\"https:\/\/www.supersybon.com\/fr\/wp-content\/uploads\/2022\/10\/1666248076-S700-Car-Waxing-Scratch-Resistance-Carnauba-Wax-With-Good-Shine-And-Scratch-Resistance.png 966w, https:\/\/www.supersybon.com\/fr\/wp-content\/uploads\/2022\/10\/1666248076-S700-Car-Waxing-Scratch-Resistance-Carnauba-Wax-With-Good-Shine-And-Scratch-Resistance-480x344.png 480w\" sizes=\"(min-width: 0px) and (max-width: 480px) 480px, (min-width: 481px) 966px, 100vw\" \/><\/p>\n<div class=\"magic-10\">\n<p>&nbsp;<\/p>\n<div class=\"magic-13\">\n<div class=\"magic-14\">\n<div class=\"magic-9\">\n<div class=\"magic-10\">\n<p>&nbsp;<\/p>\n<p><strong>Emballage et service du produit<\/strong><\/p>\n<hr \/>\n<p><strong>EMBALLER:<\/strong><\/p>\n<p>36 pi\u00e8ces\/carton.<\/p>\n<p><img decoding=\"async\" class=\"aligncenter size-full wp-image-1176\" src=\"https:\/\/www.supersybon.com\/fr\/wp-content\/uploads\/2022\/10\/1666248165-S700-Hydrophobic-Brazil-Carnauba-Car-Polish-Compound-Wax-For-Car-Care-Made-In-China.jpg\" alt=\"\" width=\"750\" height=\"750\" srcset=\"https:\/\/www.supersybon.com\/fr\/wp-content\/uploads\/2022\/10\/1666248165-S700-Hydrophobic-Brazil-Carnauba-Car-Polish-Compound-Wax-For-Car-Care-Made-In-China.jpg 750w, https:\/\/www.supersybon.com\/fr\/wp-content\/uploads\/2022\/10\/1666248165-S700-Hydrophobic-Brazil-Carnauba-Car-Polish-Compound-Wax-For-Car-Care-Made-In-China-480x480.jpg 480w\" sizes=\"(min-width: 0px) and (max-width: 480px) 480px, (min-width: 481px) 750px, 100vw\" \/><\/p>\n<div class=\"magic-13\">\n<div class=\"magic-14\">\n<div class=\"magic-9\">\n<div class=\"magic-10\">\n<p>&nbsp;<\/p>\n<\/div>\n<\/div>\n<\/div>\n<\/div>\n<\/div>\n<\/div>\n<\/div>\n<\/div>\n<div class=\"magic-13\">\n<div class=\"magic-14\">\n<div class=\"magic-13\">\n<div class=\"magic-14\">\n<div data-spm-anchor-id=\"a2700.details.0.i37.625d2e9eLtZffL\">\n<div class=\"magic-13\">\n<div class=\"magic-14\">\n<div data-spm-anchor-id=\"a2700.details.0.i37.625d2e9eLtZffL\">\n<p><strong>NOTRE SERVICE:<\/strong><\/p>\n<p>1.24 heures en ligne<\/p>\n<p>2. Prix comp\u00e9titif<\/p>\n<p>3. Excellents commentaires du client<\/p>\n<p>4. Commande en ligne s\u00e9curis\u00e9e<\/p>\n<p>5. livraison rapide<\/p>\n<p>6. support technique professionnel<\/p>\n<\/div>\n<\/div>\n<\/div>\n<\/div>\n<\/div>\n<\/div>\n<\/div>\n<\/div>\n<\/div>\n<\/div>\n<\/div>\n<\/div>\n<div class=\"magic-13\">\n<div class=\"magic-14\">\n<p>&nbsp;<\/p>\n<div class=\"magic-13\">\n<div class=\"magic-14\">\n<div class=\"magic-9\">\n<div class=\"magic-10\">\n<div class=\"magic-13\">\n<div class=\"magic-14\">\n<div data-spm-anchor-id=\"a2700.details.0.i37.625d2e9eLtZffL\">\n<div class=\"magic-13\">\n<div class=\"magic-14\">\n<div class=\"magic-13\">\n<div class=\"magic-14\">\n<p>&nbsp;<\/p>\n<\/div>\n<\/div>\n<\/div>\n<\/div>\n<\/div>\n<\/div>\n<\/div>\n<\/div>\n<\/div>\n<\/div>\n<\/div>\n<div class=\"magic-13\">\n<div class=\"magic-14\">\n<p><strong>Profil de l'entreprise<\/strong><\/p>\n<hr \/>\n<p>&nbsp;<\/p>\n<\/div>\n<\/div>\n<p><img decoding=\"async\" class=\"aligncenter size-full wp-image-324\" src=\"https:\/\/www.supersybon.com\/fr\/wp-content\/uploads\/2022\/09\/1663401769-Car-Paint-Supplier-Company-Profile-Manufacturer-China.jpg\" alt=\"\" width=\"900\" height=\"958\" srcset=\"https:\/\/www.supersybon.com\/fr\/wp-content\/uploads\/2022\/09\/1663401769-Car-Paint-Supplier-Company-Profile-Manufacturer-China.jpg 900w, https:\/\/www.supersybon.com\/fr\/wp-content\/uploads\/2022\/09\/1663401769-Car-Paint-Supplier-Company-Profile-Manufacturer-China-480x511.jpg 480w\" sizes=\"(min-width: 0px) and (max-width: 480px) 480px, (min-width: 481px) 900px, 100vw\" \/><\/p>\n<div class=\"magic-13\">\n<div class=\"magic-14\">\n<p><strong>FAQ<\/strong><\/p>\n<hr \/>\n<\/div>\n<\/div>\n<p><strong>Q\u00a0:\u00a0Quel est votre MOQ\u00a0?<\/strong><\/p>\n<p>R : Notre MOQ est de 1 carton.<\/p>\n<p><strong>Q\u00a0:\u00a0Qu\u2019en est-il de votre paiement\u00a0?<\/strong><\/p>\n<p>R : d\u00e9p\u00f4t de 50% \u00e0 l'avance, solde de 50% par T\/T, L\/C, paypal, Western Union ou bien avant exp\u00e9dition.<\/p>\n<p><strong>Q : Fournissez-vous des \u00e9chantillons ?<\/strong><\/p>\n<p>R : Oui, vous pouvez acheter un \u00e9chantillon pour le tester.<\/p>\n<p><strong>Q : Qu'en est-il de votre d\u00e9lai de livraison ?<\/strong><\/p>\n<p>R\u00a0:\u00a0Habituellement 15 jours apr\u00e8s r\u00e9ception de votre d\u00e9p\u00f4t.<\/p>\n<\/div>\n<\/div>\n","protected":false},"excerpt":{"rendered":"<p>\u00b7Haut hydrophobe.<br \/>\n\u00b7Anti-poussi\u00e8re et anti-corrosion, anti-d\u00e9coloration, garde la brillance.<br \/>\n\u00b7Am\u00e9liorer la protection r\u00e9sistante aux rayures.<br \/>\n\u00b7Am\u00e9liorer la brillance de la peinture.<\/p>\n","protected":false},"featured_media":1172,"template":"","meta":{"_et_pb_use_builder":"","_et_pb_old_content":"","_et_gb_content_width":""},"product_brand":[],"product_cat":[56,61],"product_tag":[814,813,812],"class_list":{"0":"post-1168","1":"product","2":"type-product","3":"status-publish","4":"has-post-thumbnail","6":"product_cat-serie-dentretien-automobile","7":"product_cat-cire-de-carnauba","8":"product_tag-cire-de-carnauba","9":"product_tag-cire-de-voiture-carnauba","10":"product_tag-pate-de-cire-nettoyante-au-carnauba-bresilien","12":"first","13":"instock","14":"shipping-taxable","15":"product-type-simple"},"_links":{"self":[{"href":"https:\/\/www.supersybon.com\/fr\/wp-json\/wp\/v2\/product\/1168","targetHints":{"allow":["GET"]}}],"collection":[{"href":"https:\/\/www.supersybon.com\/fr\/wp-json\/wp\/v2\/product"}],"about":[{"href":"https:\/\/www.supersybon.com\/fr\/wp-json\/wp\/v2\/types\/product"}],"wp:featuredmedia":[{"embeddable":true,"href":"https:\/\/www.supersybon.com\/fr\/wp-json\/wp\/v2\/media\/1172"}],"wp:attachment":[{"href":"https:\/\/www.supersybon.com\/fr\/wp-json\/wp\/v2\/media?parent=1168"}],"wp:term":[{"taxonomy":"product_brand","embeddable":true,"href":"https:\/\/www.supersybon.com\/fr\/wp-json\/wp\/v2\/product_brand?post=1168"},{"taxonomy":"product_cat","embeddable":true,"href":"https:\/\/www.supersybon.com\/fr\/wp-json\/wp\/v2\/product_cat?post=1168"},{"taxonomy":"product_tag","embeddable":true,"href":"https:\/\/www.supersybon.com\/fr\/wp-json\/wp\/v2\/product_tag?post=1168"}],"curies":[{"name":"wp","href":"https:\/\/api.w.org\/{rel}","templated":true}]}}