{"id":1160,"date":"2022-10-20T13:44:47","date_gmt":"2022-10-20T05:44:47","guid":{"rendered":"https:\/\/www.supersybon.com\/fr\/?post_type=product&#038;p=1160"},"modified":"2023-09-15T16:24:13","modified_gmt":"2023-09-15T08:24:13","slug":"s750-cire-liquide-pour-vernis-de-voiture","status":"publish","type":"product","link":"https:\/\/www.supersybon.com\/fr\/product\/s750-cire-liquide-pour-vernis-de-voiture","title":{"rendered":"S750 Spectacle de gla\u00e7age miroir \u00e0 la main cire liquide pour vernis de voiture la cire de voiture ultime, peinture brillante, Sellador Proteccion, compos\u00e9 de gla\u00e7age pour les mains"},"content":{"rendered":"<p><iframe title=\"Hand Glaze Mirror Glaze Show Car Glaze Liquid Wax Ultimate Car Wax Shine Paint Sellador Proteccion\" width=\"1080\" height=\"608\" src=\"https:\/\/www.youtube.com\/embed\/mxLtASyBgOs?feature=oembed\"  allow=\"accelerometer; autoplay; clipboard-write; encrypted-media; gyroscope; picture-in-picture\" allowfullscreen><\/iframe><\/p>\n<p><img decoding=\"async\" class=\"aligncenter size-full wp-image-1161\" src=\"https:\/\/www.supersybon.com\/fr\/wp-content\/uploads\/2022\/10\/1666245902-S750-Automotive-Finish-Hand-Glaze-Car-Wax-Shine-Paint-Sealant-Protection-Liquid-Car-Polishing-Compound.jpg\" alt=\"\" width=\"900\" height=\"364\" srcset=\"https:\/\/www.supersybon.com\/fr\/wp-content\/uploads\/2022\/10\/1666245902-S750-Automotive-Finish-Hand-Glaze-Car-Wax-Shine-Paint-Sealant-Protection-Liquid-Car-Polishing-Compound.jpg 900w, https:\/\/www.supersybon.com\/fr\/wp-content\/uploads\/2022\/10\/1666245902-S750-Automotive-Finish-Hand-Glaze-Car-Wax-Shine-Paint-Sealant-Protection-Liquid-Car-Polishing-Compound-480x194.jpg 480w\" sizes=\"(min-width: 0px) and (max-width: 480px) 480px, (min-width: 481px) 900px, 100vw\" \/><\/p>\n<p>&nbsp;<\/p>\n<h2><strong>S750\u00a0Spectacle de gla\u00e7age miroir \u00e0 la main cire liquide pour vernis de voiture la cire de voiture ultime, peinture brillante, Sellador Proteccion, compos\u00e9 de gla\u00e7age pour les mains<\/strong><\/h2>\n<p><strong>Fonctionnalit\u00e9:<\/strong><\/p>\n<p>1. Redonne de l'\u00e9clat \u00e0 la peinture automobile. 2. Produit une apparence \u00e9poustouflante qui semble presque mouill\u00e9e. 3. Fournit une finition profonde qui restaure l'apparence OEM d'un v\u00e9hicule.<\/p>\n<p><strong>Application:<\/strong><\/p>\n<p>Restaurez l'apparence OEM \u00e0 la main. Hand Glaze peut \u00eatre utilis\u00e9 dans les ateliers de peinture ainsi que comme vernis transparent. Appliquez le vernis dans un garage ou dans un endroit ext\u00e9rieur abrit\u00e9, \u00e0 l'abri de la lumi\u00e8re directe du soleil. \u00c9vitez de vitrer sur des surfaces chaudes.<\/p>\n<p><strong>Effet:<\/strong><\/p>\n<p>Hand Glaze donne \u00e0 une voiture un aspect neuf avec un \u00e9clat qui scintille \u00e0 la lumi\u00e8re. Appliquez simplement \u00e0 la main avec un chiffon de d\u00e9tail en microfibre pour augmenter la brillance de la surface et pour nettoyer les \u00e9claboussures ou les r\u00e9sidus apr\u00e8s le polissage \u00e0 la machine de tous les types de peintures automobiles de finition ou appliqu\u00e9es en usine.<\/p>\n<p><strong>Mode d'emploi:<\/strong><\/p>\n<p>1. Facile \u00e0 appliquer et \u00e0 essuyer.<\/p>\n<p>2. Il est \u00e0 la fois s\u00fbr pour les ateliers de peinture et les couches transparentes\u00a0; Notre formule de qualit\u00e9 professionnelle cr\u00e9e une \u00ab brillance de voiture d'exposition \u00bb sans utiliser de cire ou de silicone.<\/p>\n<p>3. La formule optimisant la brillance am\u00e9liore l'\u00e9clat du brillant.<\/p>\n<p>4. La formule convient pour une utilisation dans les ateliers de peinture ainsi que pour les couches transparentes.<\/p>\n<div data-id=\"paragraph0\"><\/div>\n<div data-id=\"paragraph0\"><img decoding=\"async\" class=\"aligncenter size-full wp-image-1164\" src=\"https:\/\/www.supersybon.com\/fr\/wp-content\/uploads\/2022\/10\/1666246420-S750-Car-Detailing-Products-Protection-Hand-Glaze-Car-Liquid-Wax-Polish-Restores-Shine-Car-Glaze.jpg\" alt=\"\" width=\"750\" height=\"750\" srcset=\"https:\/\/www.supersybon.com\/fr\/wp-content\/uploads\/2022\/10\/1666246420-S750-Car-Detailing-Products-Protection-Hand-Glaze-Car-Liquid-Wax-Polish-Restores-Shine-Car-Glaze.jpg 750w, https:\/\/www.supersybon.com\/fr\/wp-content\/uploads\/2022\/10\/1666246420-S750-Car-Detailing-Products-Protection-Hand-Glaze-Car-Liquid-Wax-Polish-Restores-Shine-Car-Glaze-480x480.jpg 480w\" sizes=\"(min-width: 0px) and (max-width: 480px) 480px, (min-width: 481px) 750px, 100vw\" \/><\/div>\n<p>&nbsp;<\/p>\n<div class=\"magic-13\">\n<div class=\"magic-14\">\n<div class=\"magic-9\">\n<p><img decoding=\"async\" class=\"aligncenter size-full wp-image-1162\" src=\"https:\/\/www.supersybon.com\/fr\/wp-content\/uploads\/2022\/10\/1666245933-S750-Advanced-Car-Hand-Glaze-Liquid-Wax-Long-Lasting-And-Easy-To-Use-Express-Shine-Car-Detailing.jpg\" alt=\"\" width=\"750\" height=\"750\" srcset=\"https:\/\/www.supersybon.com\/fr\/wp-content\/uploads\/2022\/10\/1666245933-S750-Advanced-Car-Hand-Glaze-Liquid-Wax-Long-Lasting-And-Easy-To-Use-Express-Shine-Car-Detailing.jpg 750w, https:\/\/www.supersybon.com\/fr\/wp-content\/uploads\/2022\/10\/1666245933-S750-Advanced-Car-Hand-Glaze-Liquid-Wax-Long-Lasting-And-Easy-To-Use-Express-Shine-Car-Detailing-480x480.jpg 480w\" sizes=\"(min-width: 0px) and (max-width: 480px) 480px, (min-width: 481px) 750px, 100vw\" \/><\/p>\n<p><strong>\u00c9tapes d'utilisation<\/strong><\/p>\n<hr \/>\n<p>&nbsp;<\/p>\n<p>&nbsp;<\/p>\n<p><img decoding=\"async\" class=\"aligncenter size-full wp-image-1163\" src=\"https:\/\/www.supersybon.com\/fr\/wp-content\/uploads\/2022\/10\/1666245954-S750-Factory-Direct-Sales-Car-Liquid-Wax-Polish-Liquidwax-Liquid-Car-Coating-Wax.jpg\" alt=\"\" width=\"750\" height=\"750\" srcset=\"https:\/\/www.supersybon.com\/fr\/wp-content\/uploads\/2022\/10\/1666245954-S750-Factory-Direct-Sales-Car-Liquid-Wax-Polish-Liquidwax-Liquid-Car-Coating-Wax.jpg 750w, https:\/\/www.supersybon.com\/fr\/wp-content\/uploads\/2022\/10\/1666245954-S750-Factory-Direct-Sales-Car-Liquid-Wax-Polish-Liquidwax-Liquid-Car-Coating-Wax-480x480.jpg 480w\" sizes=\"(min-width: 0px) and (max-width: 480px) 480px, (min-width: 481px) 750px, 100vw\" \/><\/p>\n<div class=\"magic-10\">\n<p>&nbsp;<\/p>\n<div class=\"magic-13\">\n<div class=\"magic-14\">\n<div class=\"magic-9\">\n<div class=\"magic-10\">\n<p>&nbsp;<\/p>\n<p><strong>Emballage et service du produit<\/strong><\/p>\n<hr \/>\n<p><strong>EMBALLER:<\/strong><\/p>\n<p>48 pi\u00e8ces\/carton.<\/p>\n<p>&nbsp;<\/p>\n<div class=\"magic-13\">\n<div class=\"magic-14\">\n<div class=\"magic-9\">\n<div class=\"magic-10\">\n<p>&nbsp;<\/p>\n<\/div>\n<\/div>\n<\/div>\n<\/div>\n<\/div>\n<\/div>\n<\/div>\n<\/div>\n<div class=\"magic-13\">\n<div class=\"magic-14\">\n<div class=\"magic-13\">\n<div class=\"magic-14\">\n<div data-spm-anchor-id=\"a2700.details.0.i37.625d2e9eLtZffL\">\n<div class=\"magic-13\">\n<div class=\"magic-14\">\n<div data-spm-anchor-id=\"a2700.details.0.i37.625d2e9eLtZffL\">\n<p><strong>NOTRE SERVICE:<\/strong><\/p>\n<p>1.24 heures en ligne<\/p>\n<p>2. Prix comp\u00e9titif<\/p>\n<p>3. Excellents commentaires du client<\/p>\n<p>4. Commande en ligne s\u00e9curis\u00e9e<\/p>\n<p>5. livraison rapide<\/p>\n<p>6. support technique professionnel<\/p>\n<\/div>\n<\/div>\n<\/div>\n<\/div>\n<\/div>\n<\/div>\n<\/div>\n<\/div>\n<\/div>\n<\/div>\n<\/div>\n<\/div>\n<div class=\"magic-13\">\n<div class=\"magic-14\">\n<p>&nbsp;<\/p>\n<div class=\"magic-13\">\n<div class=\"magic-14\">\n<div class=\"magic-9\">\n<div class=\"magic-10\">\n<div class=\"magic-13\">\n<div class=\"magic-14\">\n<div data-spm-anchor-id=\"a2700.details.0.i37.625d2e9eLtZffL\">\n<div class=\"magic-13\">\n<div class=\"magic-14\">\n<div class=\"magic-13\">\n<div class=\"magic-14\">\n<p>&nbsp;<\/p>\n<\/div>\n<\/div>\n<\/div>\n<\/div>\n<\/div>\n<\/div>\n<\/div>\n<\/div>\n<\/div>\n<\/div>\n<\/div>\n<div class=\"magic-13\">\n<div class=\"magic-14\">\n<p><strong>Profil de l'entreprise<\/strong><\/p>\n<hr \/>\n<p>&nbsp;<\/p>\n<\/div>\n<\/div>\n<p><img decoding=\"async\" class=\"aligncenter size-full wp-image-324\" src=\"https:\/\/www.supersybon.com\/fr\/wp-content\/uploads\/2022\/09\/1663401769-Car-Paint-Supplier-Company-Profile-Manufacturer-China.jpg\" alt=\"\" width=\"900\" height=\"958\" srcset=\"https:\/\/www.supersybon.com\/fr\/wp-content\/uploads\/2022\/09\/1663401769-Car-Paint-Supplier-Company-Profile-Manufacturer-China.jpg 900w, https:\/\/www.supersybon.com\/fr\/wp-content\/uploads\/2022\/09\/1663401769-Car-Paint-Supplier-Company-Profile-Manufacturer-China-480x511.jpg 480w\" sizes=\"(min-width: 0px) and (max-width: 480px) 480px, (min-width: 481px) 900px, 100vw\" \/><\/p>\n<div class=\"magic-13\">\n<div class=\"magic-14\">\n<p><strong>FAQ<\/strong><\/p>\n<hr \/>\n<\/div>\n<\/div>\n<p><strong>Q\u00a0:\u00a0Quel est votre MOQ\u00a0?<\/strong><\/p>\n<p>R : Notre MOQ est de 1 carton.<\/p>\n<p><strong>Q\u00a0:\u00a0Qu\u2019en est-il de votre paiement\u00a0?<\/strong><\/p>\n<p>R : d\u00e9p\u00f4t de 50% \u00e0 l'avance, solde de 50% par T\/T, L\/C, paypal, Western Union ou bien avant exp\u00e9dition.<\/p>\n<p><strong>Q : Fournissez-vous des \u00e9chantillons ?<\/strong><\/p>\n<p>R : Oui, vous pouvez acheter un \u00e9chantillon pour le tester.<\/p>\n<p><strong>Q : Qu'en est-il de votre d\u00e9lai de livraison ?<\/strong><\/p>\n<p>R\u00a0:\u00a0Habituellement 15 jours apr\u00e8s r\u00e9ception de votre d\u00e9p\u00f4t.<\/p>\n<\/div>\n<\/div>\n","protected":false},"excerpt":{"rendered":"<p>\u00b7 Redonne de l'\u00e9clat \u00e0 la peinture automobile.<br \/>\n\u00b7 Produit une apparence \u00e9poustouflante qui semble presque mouill\u00e9e.<br \/>\n\u00b7 Fournit une finition profonde qui restaure l'apparence OEM d'un v\u00e9hicule.<\/p>\n","protected":false},"featured_media":1164,"template":"","meta":{"_et_pb_use_builder":"","_et_pb_old_content":"","_et_gb_content_width":""},"product_brand":[],"product_cat":[56,62],"product_tag":[810,809,811],"class_list":{"0":"post-1160","1":"product","2":"type-product","3":"status-publish","4":"has-post-thumbnail","6":"product_cat-serie-dentretien-automobile","7":"product_cat-compose-polonais","8":"product_tag-cire-liquide","9":"product_tag-glacage-a-la-main","10":"product_tag-glacage-miroir-afficher-le-vernissage-de-voiture","12":"first","13":"instock","14":"shipping-taxable","15":"product-type-simple"},"_links":{"self":[{"href":"https:\/\/www.supersybon.com\/fr\/wp-json\/wp\/v2\/product\/1160","targetHints":{"allow":["GET"]}}],"collection":[{"href":"https:\/\/www.supersybon.com\/fr\/wp-json\/wp\/v2\/product"}],"about":[{"href":"https:\/\/www.supersybon.com\/fr\/wp-json\/wp\/v2\/types\/product"}],"wp:featuredmedia":[{"embeddable":true,"href":"https:\/\/www.supersybon.com\/fr\/wp-json\/wp\/v2\/media\/1164"}],"wp:attachment":[{"href":"https:\/\/www.supersybon.com\/fr\/wp-json\/wp\/v2\/media?parent=1160"}],"wp:term":[{"taxonomy":"product_brand","embeddable":true,"href":"https:\/\/www.supersybon.com\/fr\/wp-json\/wp\/v2\/product_brand?post=1160"},{"taxonomy":"product_cat","embeddable":true,"href":"https:\/\/www.supersybon.com\/fr\/wp-json\/wp\/v2\/product_cat?post=1160"},{"taxonomy":"product_tag","embeddable":true,"href":"https:\/\/www.supersybon.com\/fr\/wp-json\/wp\/v2\/product_tag?post=1160"}],"curies":[{"name":"wp","href":"https:\/\/api.w.org\/{rel}","templated":true}]}}