{"id":1156,"date":"2022-10-20T11:18:41","date_gmt":"2022-10-20T03:18:41","guid":{"rendered":"https:\/\/www.supersybon.com\/fr\/?post_type=product&#038;p=1156"},"modified":"2025-12-12T19:11:54","modified_gmt":"2025-12-12T11:11:54","slug":"s600a-compose-de-coupe-moyen","status":"publish","type":"product","link":"https:\/\/www.supersybon.com\/fr\/product\/s600a-compose-de-coupe-moyen","title":{"rendered":"S600A Compos\u00e9 \u00e0 friction super r\u00e9sistant compos\u00e9 de coupe moyen \u00c9limine l'oxydation mod\u00e9r\u00e9e et les rayures pour la voiture"},"content":{"rendered":"<p>&nbsp;<\/p>\n<p><img decoding=\"async\" class=\"aligncenter size-full wp-image-4732\" src=\"https:\/\/www.supersybon.com\/fr\/wp-content\/uploads\/2022\/10\/1765537572-Looking-for-a-SYBON-finishing-system-We-have-a-solution-for-every-challenge-denibbing-defect-removal-compounding-and-polishing-to-let-your-results-shine.jpg\" alt=\"Vous recherchez un syst\u00e8me de finition SYBON ? Nous avons une solution pour chaque d\u00e9fi : \u00e9bavurage, \u00e9limination des d\u00e9fauts, polissage et lustrage, pour des r\u00e9sultats exceptionnels.\" width=\"750\" height=\"302\" srcset=\"https:\/\/www.supersybon.com\/fr\/wp-content\/uploads\/2022\/10\/1765537572-Looking-for-a-SYBON-finishing-system-We-have-a-solution-for-every-challenge-denibbing-defect-removal-compounding-and-polishing-to-let-your-results-shine.jpg 750w, https:\/\/www.supersybon.com\/fr\/wp-content\/uploads\/2022\/10\/1765537572-Looking-for-a-SYBON-finishing-system-We-have-a-solution-for-every-challenge-denibbing-defect-removal-compounding-and-polishing-to-let-your-results-shine-480x193.jpg 480w\" sizes=\"(min-width: 0px) and (max-width: 480px) 480px, (min-width: 481px) 750px, 100vw\" \/><\/p>\n<h2><strong>S600A Compos\u00e9 de coupe moyen<\/strong><\/h2>\n<p><strong>Mode d'emploi:<\/strong><\/p>\n<p>1. Lavez la voiture \u00e0 polir (polissage partiel, vous ne pouvez nettoyer que la zone \u00e0 polir).<\/p>\n<p>2. Si vous souhaitez \u00e9liminer les rayures profondes, utilisez d'abord du papier de verre 2000# pour le pon\u00e7age. Lorsque vous avez fini de poncer le papier de verre, vous devez nettoyer la poussi\u00e8re du papier de verre avec de l'eau ou une serviette humide. Ne laissez pas la poussi\u00e8re rester sur la surface peinte.<\/p>\n<p>3. \u00c9talez la cire uniform\u00e9ment avec une \u00e9ponge sur la surface de peinture qui doit \u00eatre cir\u00e9e (si toute la voiture est cir\u00e9e, cela doit \u00eatre fait localement. Il est absolument interdit d'appliquer d'abord toute la voiture avant de cirer, car l'int\u00e9rieur de la cire fonctionne ainsi (le solvant va se volatiliser, et il y aura beaucoup de poussi\u00e8re lors du cirage, et cela provoquera \u00e9galement le ph\u00e9nom\u00e8ne de br\u00fblure de la peinture).<\/p>\n<p>4. Utilisez une machine \u00e0 polir avec un disque \u00e9ponge sph\u00e9rique moyen (des \u00e9ponges plates ordinaires sont \u00e9galement disponibles, et des boules de laine ou des boules de poils de lapin peuvent \u00e9galement \u00eatre utilis\u00e9es pour la construction. La surface des boules \u00e9ponge doit \u00eatre propre, et aucune autre cire ou autre des substances peuvent s'y coller.<\/p>\n<p>5. Faites fonctionner la polisseuse \u00e0 basse vitesse pendant 600 tr\/min et repoussez compl\u00e8tement la cire, et la vitesse augmentera jusqu'\u00e0 1400 tr\/min.<\/p>\n<p>6. Jusqu'\u00e0 ce que toute la cire soit collect\u00e9e, la luminosit\u00e9 est compl\u00e8tement am\u00e9lior\u00e9e et les rayures sont \u00e9limin\u00e9es avant que la prochaine construction de zone partielle puisse \u00eatre effectu\u00e9e.<\/p>\n<p>7. Une fois la construction de l'ensemble du v\u00e9hicule par analogie termin\u00e9e, il est recommand\u00e9 de le nettoyer. Si vous devez effectuer une r\u00e9duction de miroir, un scellement de vernis, un rev\u00eatement, etc., vous devez utiliser du liquide de lavage de voiture pour nettoyer la cire et la graisse r\u00e9siduelles sur la surface avant de passer \u00e0 l'\u00e9tape suivante de la construction.<\/p>\n<p>&nbsp;<\/p>\n\n<table id=\"tablepress-12\" class=\"tablepress tablepress-id-12\">\n<thead>\n<tr class=\"row-1\">\n\t<th class=\"column-1\">Num\u00e9ro de mod\u00e8le<\/th><th class=\"column-2\">Nom du produit<\/th><th class=\"column-3\">Correspondant aux mod\u00e8les de produits d'autres marques<\/th>\n<\/tr>\n<\/thead>\n<tbody class=\"row-striping row-hover\">\n<tr class=\"row-2\">\n\t<td class=\"column-1\">S100<\/td><td class=\"column-2\">Fast Polishing Wax<\/td><td class=\"column-3\">-<\/td>\n<\/tr>\n<tr class=\"row-3\">\n\t<td class=\"column-1\">S200<\/td><td class=\"column-2\">Perfect Machine Polish<\/td><td class=\"column-3\">3M (05996)<\/td>\n<\/tr>\n<tr class=\"row-4\">\n\t<td class=\"column-1\">S300<\/td><td class=\"column-2\">Cleaning Liquid Wax<\/td><td class=\"column-3\">3M (PN36112)<\/td>\n<\/tr>\n<tr class=\"row-5\">\n\t<td class=\"column-1\">S400<\/td><td class=\"column-2\">Advanced Liquid Compound<\/td><td class=\"column-3\">G3 (0685A)<\/td>\n<\/tr>\n<tr class=\"row-6\">\n\t<td class=\"column-1\">S500<\/td><td class=\"column-2\">Perfect Fast Cut Rubbing Compound<\/td><td class=\"column-3\">3M(05954)<\/td>\n<\/tr>\n<tr class=\"row-7\">\n\t<td class=\"column-1\">S600<\/td><td class=\"column-2\">Super Duty Rubbing Compound<\/td><td class=\"column-3\">3M (05973)<\/td>\n<\/tr>\n<\/tbody>\n<\/table>\n<!-- #tablepress-12 from cache -->\n<div class=\"magic-13\">\n<div class=\"magic-14\">\n<div class=\"magic-9\">\n<p>&nbsp;<\/p>\n<p><img decoding=\"async\" class=\"aligncenter size-full wp-image-4736\" src=\"https:\/\/www.supersybon.com\/fr\/wp-content\/uploads\/2022\/10\/1765537787-S600-Professional-Buffing-Power-Super-Duty-Rubbing-Compound-from-SYBON.jpg\" alt=\"P\u00e2te \u00e0 polir professionnelle S600 haute performance de SYBON.\" width=\"750\" height=\"750\" srcset=\"https:\/\/www.supersybon.com\/fr\/wp-content\/uploads\/2022\/10\/1765537787-S600-Professional-Buffing-Power-Super-Duty-Rubbing-Compound-from-SYBON.jpg 750w, https:\/\/www.supersybon.com\/fr\/wp-content\/uploads\/2022\/10\/1765537787-S600-Professional-Buffing-Power-Super-Duty-Rubbing-Compound-from-SYBON-480x480.jpg 480w\" sizes=\"(min-width: 0px) and (max-width: 480px) 480px, (min-width: 481px) 750px, 100vw\" \/> <img decoding=\"async\" class=\"aligncenter size-full wp-image-4737\" src=\"https:\/\/www.supersybon.com\/fr\/wp-content\/uploads\/2022\/10\/1765537792-S600-SYBON-Super-Duty-Rubbing-Compound-Intensive-Scratch-Repair.jpg\" alt=\"S600-SYBON-P\u00e2te \u00e0 polir ultra-performante pour la r\u00e9paration intensive des rayures\" width=\"750\" height=\"750\" srcset=\"https:\/\/www.supersybon.com\/fr\/wp-content\/uploads\/2022\/10\/1765537792-S600-SYBON-Super-Duty-Rubbing-Compound-Intensive-Scratch-Repair.jpg 750w, https:\/\/www.supersybon.com\/fr\/wp-content\/uploads\/2022\/10\/1765537792-S600-SYBON-Super-Duty-Rubbing-Compound-Intensive-Scratch-Repair-480x480.jpg 480w\" sizes=\"(min-width: 0px) and (max-width: 480px) 480px, (min-width: 481px) 750px, 100vw\" \/><\/p>\n<div class=\"magic-10\">\n<p>&nbsp;<\/p>\n<p>&nbsp;<\/p>\n<p><strong>Emballage et service du produit<\/strong><\/p>\n<hr \/>\n<p><strong>EMBALLER:<\/strong><\/p>\n<p>12 pi\u00e8ces\/carton.<\/p>\n<\/div>\n<\/div>\n<\/div>\n<\/div>\n<div class=\"magic-13\">\n<div class=\"magic-14\">\n<div class=\"magic-13\">\n<div class=\"magic-14\">\n<div data-spm-anchor-id=\"a2700.details.0.i37.625d2e9eLtZffL\">\n<div class=\"magic-13\">\n<div class=\"magic-14\">\n<div data-spm-anchor-id=\"a2700.details.0.i37.625d2e9eLtZffL\">\n<p>&nbsp;<\/p>\n<\/div>\n<\/div>\n<\/div>\n<\/div>\n<\/div>\n<\/div>\n<p><strong>NOTRE SERVICE:<\/strong><\/p>\n<p>1.24 heures en ligne<\/p>\n<p>2. Prix comp\u00e9titif<\/p>\n<p>3. Excellents commentaires du client<\/p>\n<p>4. Commande en ligne s\u00e9curis\u00e9e<\/p>\n<p>5. livraison rapide<\/p>\n<p>6. support technique professionnel<\/p>\n<div class=\"magic-13\">\n<div class=\"magic-14\">\n<div class=\"magic-9\">\n<div class=\"magic-10\">\n<div class=\"magic-13\">\n<div class=\"magic-14\">\n<div data-spm-anchor-id=\"a2700.details.0.i37.625d2e9eLtZffL\">\n<div class=\"magic-13\">\n<div class=\"magic-14\">\n<div class=\"magic-9\">\n<div class=\"magic-10\">\n<div class=\"magic-13\">\n<div class=\"magic-14\">\n<div data-spm-anchor-id=\"a2700.details.0.i37.625d2e9eLtZffL\">\n<p>&nbsp;<\/p>\n<\/div>\n<\/div>\n<\/div>\n<p><img decoding=\"async\" class=\"aligncenter size-full wp-image-1136\" src=\"https:\/\/www.supersybon.com\/fr\/wp-content\/uploads\/2022\/10\/1666171353-S100-Car-Waxpolish-Pwlish-Polish-Wax-Car-Scratch-Repair-Car-Wax.jpg\" alt=\"\" width=\"800\" height=\"800\" srcset=\"https:\/\/www.supersybon.com\/fr\/wp-content\/uploads\/2022\/10\/1666171353-S100-Car-Waxpolish-Pwlish-Polish-Wax-Car-Scratch-Repair-Car-Wax.jpg 800w, https:\/\/www.supersybon.com\/fr\/wp-content\/uploads\/2022\/10\/1666171353-S100-Car-Waxpolish-Pwlish-Polish-Wax-Car-Scratch-Repair-Car-Wax-480x480.jpg 480w\" sizes=\"(min-width: 0px) and (max-width: 480px) 480px, (min-width: 481px) 800px, 100vw\" \/><\/p>\n<\/div>\n<\/div>\n<\/div>\n<\/div>\n<\/div>\n<\/div>\n<\/div>\n<\/div>\n<\/div>\n<\/div>\n<\/div>\n<\/div>\n<\/div>\n","protected":false},"excerpt":{"rendered":"<p>\u00b7Polissage avec abrasion forte\/moyenne\/l\u00e9g\u00e8re.<br \/>\n\u00b7Supprime l'oxydation mod\u00e9r\u00e9e et les rayures de la voiture.<\/p>\n","protected":false},"featured_media":4736,"template":"","meta":{"_et_pb_use_builder":"","_et_pb_old_content":"","_et_gb_content_width":""},"product_brand":[],"product_cat":[56,62],"product_tag":[808,807],"class_list":{"0":"post-1156","1":"product","2":"type-product","3":"status-publish","4":"has-post-thumbnail","6":"product_cat-serie-dentretien-automobile","7":"product_cat-compose-polonais","8":"product_tag-compose-a-friction-super-resistant","9":"product_tag-compose-de-coupe-moyen","11":"first","12":"instock","13":"shipping-taxable","14":"product-type-simple"},"_links":{"self":[{"href":"https:\/\/www.supersybon.com\/fr\/wp-json\/wp\/v2\/product\/1156","targetHints":{"allow":["GET"]}}],"collection":[{"href":"https:\/\/www.supersybon.com\/fr\/wp-json\/wp\/v2\/product"}],"about":[{"href":"https:\/\/www.supersybon.com\/fr\/wp-json\/wp\/v2\/types\/product"}],"wp:featuredmedia":[{"embeddable":true,"href":"https:\/\/www.supersybon.com\/fr\/wp-json\/wp\/v2\/media\/4736"}],"wp:attachment":[{"href":"https:\/\/www.supersybon.com\/fr\/wp-json\/wp\/v2\/media?parent=1156"}],"wp:term":[{"taxonomy":"product_brand","embeddable":true,"href":"https:\/\/www.supersybon.com\/fr\/wp-json\/wp\/v2\/product_brand?post=1156"},{"taxonomy":"product_cat","embeddable":true,"href":"https:\/\/www.supersybon.com\/fr\/wp-json\/wp\/v2\/product_cat?post=1156"},{"taxonomy":"product_tag","embeddable":true,"href":"https:\/\/www.supersybon.com\/fr\/wp-json\/wp\/v2\/product_tag?post=1156"}],"curies":[{"name":"wp","href":"https:\/\/api.w.org\/{rel}","templated":true}]}}