{"id":1150,"date":"2022-10-19T19:04:10","date_gmt":"2022-10-19T11:04:10","guid":{"rendered":"https:\/\/www.supersybon.com\/fr\/?post_type=product&#038;p=1150"},"modified":"2025-12-12T19:08:19","modified_gmt":"2025-12-12T11:08:19","slug":"s500a-compose-de-coupe-lourd","status":"publish","type":"product","link":"https:\/\/www.supersybon.com\/fr\/product\/s500a-compose-de-coupe-lourd","title":{"rendered":"S500A Compos\u00e9 de frottement parfait \u00e0 coupe rapide compos\u00e9 de coupe lourd polir avec une forte abrasion"},"content":{"rendered":"<p><img decoding=\"async\" class=\"aligncenter size-full wp-image-4732\" src=\"https:\/\/www.supersybon.com\/fr\/wp-content\/uploads\/2022\/10\/1765537572-Looking-for-a-SYBON-finishing-system-We-have-a-solution-for-every-challenge-denibbing-defect-removal-compounding-and-polishing-to-let-your-results-shine.jpg\" alt=\"Vous recherchez un syst\u00e8me de finition SYBON ? Nous avons une solution pour chaque d\u00e9fi : \u00e9bavurage, \u00e9limination des d\u00e9fauts, polissage et lustrage, pour des r\u00e9sultats exceptionnels.\" width=\"750\" height=\"302\" srcset=\"https:\/\/www.supersybon.com\/fr\/wp-content\/uploads\/2022\/10\/1765537572-Looking-for-a-SYBON-finishing-system-We-have-a-solution-for-every-challenge-denibbing-defect-removal-compounding-and-polishing-to-let-your-results-shine.jpg 750w, https:\/\/www.supersybon.com\/fr\/wp-content\/uploads\/2022\/10\/1765537572-Looking-for-a-SYBON-finishing-system-We-have-a-solution-for-every-challenge-denibbing-defect-removal-compounding-and-polishing-to-let-your-results-shine-480x193.jpg 480w\" sizes=\"(min-width: 0px) and (max-width: 480px) 480px, (min-width: 481px) 750px, 100vw\" \/><\/p>\n<p>&nbsp;<\/p>\n<h2><strong>S500A Compos\u00e9 de coupe lourd<\/strong><\/h2>\n<p>Ce produit est le dernier abrasif de traitement de surface de peinture, sp\u00e9cialement con\u00e7u pour les rayures profondes et mod\u00e9r\u00e9es des voitures. Il peut \u00e9galement \u00eatre utilis\u00e9 dans le flux vertical apr\u00e8s la peinture par pulv\u00e9risation, le traitement initial des yeux de poisson, de la peau d'orange et des marques de papier de verre 1500 #, avec un bon effet d'\u00e9limination des marques. Utilis\u00e9 conjointement avec de la cire miroir, l'effet est meilleur.<\/p>\n<p><strong>Mode d'emploi:<\/strong><\/p>\n<p>1. \u00c9vitez de l'utiliser sous la lumi\u00e8re directe du soleil ou sous une peinture \u00e0 haute temp\u00e9rature.<\/p>\n<p>2. Secouez uniform\u00e9ment avant utilisation.<\/p>\n<p>3. Prenez une quantit\u00e9 appropri\u00e9e de ce produit sur une surface peinte de 2 pieds carr\u00e9s et poussez-la uniform\u00e9ment avec une roue en laine ou une roue en \u00e9ponge.<\/p>\n<p>4. Utilisez d'abord 600 tr\/min avec la po\u00eale en laine pour appliquer progressivement une pression, r\u00e9duisez la pression de polissage lorsque le produit s\u00e8che progressivement et utilisez 1 400 tr\/min pour polir jusqu'\u00e0 ce que la peinture soit brillante.<\/p>\n<p>5. Nettoyez la surface de la peinture polie pour poser les bases d'un polissage ult\u00e9rieur.<\/p>\n<p>&nbsp;<\/p>\n\n<table id=\"tablepress-12\" class=\"tablepress tablepress-id-12\">\n<thead>\n<tr class=\"row-1\">\n\t<th class=\"column-1\">Num\u00e9ro de mod\u00e8le<\/th><th class=\"column-2\">Nom du produit<\/th><th class=\"column-3\">Correspondant aux mod\u00e8les de produits d'autres marques<\/th>\n<\/tr>\n<\/thead>\n<tbody class=\"row-striping row-hover\">\n<tr class=\"row-2\">\n\t<td class=\"column-1\">S100<\/td><td class=\"column-2\">Fast Polishing Wax<\/td><td class=\"column-3\">-<\/td>\n<\/tr>\n<tr class=\"row-3\">\n\t<td class=\"column-1\">S200<\/td><td class=\"column-2\">Perfect Machine Polish<\/td><td class=\"column-3\">3M (05996)<\/td>\n<\/tr>\n<tr class=\"row-4\">\n\t<td class=\"column-1\">S300<\/td><td class=\"column-2\">Cleaning Liquid Wax<\/td><td class=\"column-3\">3M (PN36112)<\/td>\n<\/tr>\n<tr class=\"row-5\">\n\t<td class=\"column-1\">S400<\/td><td class=\"column-2\">Advanced Liquid Compound<\/td><td class=\"column-3\">G3 (0685A)<\/td>\n<\/tr>\n<tr class=\"row-6\">\n\t<td class=\"column-1\">S500<\/td><td class=\"column-2\">Perfect Fast Cut Rubbing Compound<\/td><td class=\"column-3\">3M(05954)<\/td>\n<\/tr>\n<tr class=\"row-7\">\n\t<td class=\"column-1\">S600<\/td><td class=\"column-2\">Super Duty Rubbing Compound<\/td><td class=\"column-3\">3M (05973)<\/td>\n<\/tr>\n<\/tbody>\n<\/table>\n<!-- #tablepress-12 from cache -->\n<div class=\"magic-13\">\n<div class=\"magic-14\">\n<div class=\"magic-9\">\n<p><img decoding=\"async\" class=\"aligncenter size-full wp-image-4734\" src=\"https:\/\/www.supersybon.com\/fr\/wp-content\/uploads\/2022\/10\/1765537584-S500-SYBON-Perfect-Fast-Cut-Rubbing-Compound-Heavy-Scratch-Removal-Expert.jpg\" alt=\"S500a-SYBON - P\u00e2te \u00e0 polir \u00e0 coupe rapide et parfaite - Expert en \u00e9limination des rayures profondes\" width=\"750\" height=\"750\" srcset=\"https:\/\/www.supersybon.com\/fr\/wp-content\/uploads\/2022\/10\/1765537584-S500-SYBON-Perfect-Fast-Cut-Rubbing-Compound-Heavy-Scratch-Removal-Expert.jpg 750w, https:\/\/www.supersybon.com\/fr\/wp-content\/uploads\/2022\/10\/1765537584-S500-SYBON-Perfect-Fast-Cut-Rubbing-Compound-Heavy-Scratch-Removal-Expert-480x480.jpg 480w\" sizes=\"(min-width: 0px) and (max-width: 480px) 480px, (min-width: 481px) 750px, 100vw\" \/> <img decoding=\"async\" class=\"aligncenter size-full wp-image-4733\" src=\"https:\/\/www.supersybon.com\/fr\/wp-content\/uploads\/2022\/10\/1765537577-S500-Precision-Restoration-S500-Perfect-Fast-Cut-Rubbing-Compound-by-SYBON.jpg\" alt=\"S500a - P\u00e2te \u00e0 polir de pr\u00e9cision pour restauration S500 - Polissage rapide et parfait - par SYBON\" width=\"750\" height=\"750\" srcset=\"https:\/\/www.supersybon.com\/fr\/wp-content\/uploads\/2022\/10\/1765537577-S500-Precision-Restoration-S500-Perfect-Fast-Cut-Rubbing-Compound-by-SYBON.jpg 750w, https:\/\/www.supersybon.com\/fr\/wp-content\/uploads\/2022\/10\/1765537577-S500-Precision-Restoration-S500-Perfect-Fast-Cut-Rubbing-Compound-by-SYBON-480x480.jpg 480w\" sizes=\"(min-width: 0px) and (max-width: 480px) 480px, (min-width: 481px) 750px, 100vw\" \/><\/p>\n<div class=\"magic-10\">\n<p>&nbsp;<\/p>\n<p>&nbsp;<\/p>\n<p><strong>Emballage et service du produit<\/strong><\/p>\n<hr \/>\n<p><strong>EMBALLER:<\/strong><\/p>\n<p>12 pi\u00e8ces\/carton.<\/p>\n<div class=\"magic-13\">\n<div class=\"magic-14\">\n<div data-spm-anchor-id=\"a2700.details.0.i37.625d2e9eLtZffL\">\n<p>&nbsp;<\/p>\n<\/div>\n<\/div>\n<\/div>\n<p><strong>NOTRE SERVICE:<\/strong><\/p>\n<p>1.24 heures en ligne<\/p>\n<p>2. Prix comp\u00e9titif<\/p>\n<p>3. Excellents commentaires du client<\/p>\n<p>4. Commande en ligne s\u00e9curis\u00e9e<\/p>\n<p>5. livraison rapide<\/p>\n<p>6. support technique professionnel<\/p>\n<div class=\"magic-13\">\n<div class=\"magic-14\">\n<div data-spm-anchor-id=\"a2700.details.0.i37.625d2e9eLtZffL\">\n<p>&nbsp;<\/p>\n<\/div>\n<\/div>\n<\/div>\n<p>&nbsp;<\/p>\n<div class=\"magic-13\">\n<div class=\"magic-14\">\n<div data-spm-anchor-id=\"a2700.details.0.i37.625d2e9eLtZffL\">\n<p><img decoding=\"async\" class=\"aligncenter size-full wp-image-1136\" src=\"https:\/\/www.supersybon.com\/fr\/wp-content\/uploads\/2022\/10\/1666171353-S100-Car-Waxpolish-Pwlish-Polish-Wax-Car-Scratch-Repair-Car-Wax.jpg\" alt=\"\" width=\"800\" height=\"800\" srcset=\"https:\/\/www.supersybon.com\/fr\/wp-content\/uploads\/2022\/10\/1666171353-S100-Car-Waxpolish-Pwlish-Polish-Wax-Car-Scratch-Repair-Car-Wax.jpg 800w, https:\/\/www.supersybon.com\/fr\/wp-content\/uploads\/2022\/10\/1666171353-S100-Car-Waxpolish-Pwlish-Polish-Wax-Car-Scratch-Repair-Car-Wax-480x480.jpg 480w\" sizes=\"(min-width: 0px) and (max-width: 480px) 480px, (min-width: 481px) 800px, 100vw\" \/><\/p>\n<\/div>\n<\/div>\n<\/div>\n<\/div>\n<\/div>\n<\/div>\n<\/div>\n","protected":false},"excerpt":{"rendered":"<p>\u00b7Ce produit est le dernier abrasif de traitement de surface de peinture, sp\u00e9cialement con\u00e7u pour les rayures profondes et mod\u00e9r\u00e9es des voitures.<br \/>\n\u00b7Il peut \u00e9galement \u00eatre utilis\u00e9 dans le flux vertical apr\u00e8s la peinture par pulv\u00e9risation, le traitement initial des yeux de poisson, de la peau d'orange et des marques de papier de verre 1500 #, avec un bon effet d'\u00e9limination des marques. Utilis\u00e9 conjointement avec de la cire miroir, l'effet est meilleur.<\/p>\n","protected":false},"featured_media":4734,"template":"","meta":{"_et_pb_use_builder":"","_et_pb_old_content":"","_et_gb_content_width":""},"product_brand":[],"product_cat":[56,62],"product_tag":[805,806],"class_list":{"0":"post-1150","1":"product","2":"type-product","3":"status-publish","4":"has-post-thumbnail","6":"product_cat-serie-dentretien-automobile","7":"product_cat-compose-polonais","8":"product_tag-compose-de-coupe-lourd","9":"product_tag-compose-de-frottement-parfait-a-coupe-rapide","11":"first","12":"instock","13":"shipping-taxable","14":"product-type-simple"},"_links":{"self":[{"href":"https:\/\/www.supersybon.com\/fr\/wp-json\/wp\/v2\/product\/1150","targetHints":{"allow":["GET"]}}],"collection":[{"href":"https:\/\/www.supersybon.com\/fr\/wp-json\/wp\/v2\/product"}],"about":[{"href":"https:\/\/www.supersybon.com\/fr\/wp-json\/wp\/v2\/types\/product"}],"wp:featuredmedia":[{"embeddable":true,"href":"https:\/\/www.supersybon.com\/fr\/wp-json\/wp\/v2\/media\/4734"}],"wp:attachment":[{"href":"https:\/\/www.supersybon.com\/fr\/wp-json\/wp\/v2\/media?parent=1150"}],"wp:term":[{"taxonomy":"product_brand","embeddable":true,"href":"https:\/\/www.supersybon.com\/fr\/wp-json\/wp\/v2\/product_brand?post=1150"},{"taxonomy":"product_cat","embeddable":true,"href":"https:\/\/www.supersybon.com\/fr\/wp-json\/wp\/v2\/product_cat?post=1150"},{"taxonomy":"product_tag","embeddable":true,"href":"https:\/\/www.supersybon.com\/fr\/wp-json\/wp\/v2\/product_tag?post=1150"}],"curies":[{"name":"wp","href":"https:\/\/api.w.org\/{rel}","templated":true}]}}