{"id":1146,"date":"2022-10-19T18:30:27","date_gmt":"2022-10-19T10:30:27","guid":{"rendered":"https:\/\/www.supersybon.com\/fr\/?post_type=product&#038;p=1146"},"modified":"2025-12-12T19:03:28","modified_gmt":"2025-12-12T11:03:28","slug":"s400a-compose-de-polissage-liquide-avance-compose-quatre-en-un-resultats-de-correction-et-de-polissage-professionnels-cire-de-voiture-en-une-etape","status":"publish","type":"product","link":"https:\/\/www.supersybon.com\/fr\/product\/s400a-compose-de-polissage-liquide-avance-compose-quatre-en-un-resultats-de-correction-et-de-polissage-professionnels-cire-de-voiture-en-une-etape","title":{"rendered":"S400A Compos\u00e9 de polissage liquide avanc\u00e9 compos\u00e9 quatre en un R\u00e9sultats de correction et de polissage professionnels Cire de voiture en une \u00e9tape"},"content":{"rendered":"<p><img decoding=\"async\" class=\"aligncenter size-full wp-image-4729\" src=\"https:\/\/www.supersybon.com\/fr\/wp-content\/uploads\/2022\/10\/1765537274-S400A-SYBON-Advanced-Liquid-Compound-Precision-Polish-for-Deep-Scratches.jpg\" alt=\"S400A-SYBON - P\u00e2te \u00e0 polir liquide avanc\u00e9e de pr\u00e9cision pour les rayures profondes\" width=\"750\" height=\"302\" srcset=\"https:\/\/www.supersybon.com\/fr\/wp-content\/uploads\/2022\/10\/1765537274-S400A-SYBON-Advanced-Liquid-Compound-Precision-Polish-for-Deep-Scratches.jpg 750w, https:\/\/www.supersybon.com\/fr\/wp-content\/uploads\/2022\/10\/1765537274-S400A-SYBON-Advanced-Liquid-Compound-Precision-Polish-for-Deep-Scratches-480x193.jpg 480w\" sizes=\"(min-width: 0px) and (max-width: 480px) 480px, (min-width: 481px) 750px, 100vw\" \/><\/p>\n<p>&nbsp;<\/p>\n<h2><strong>S400 Compos\u00e9 de polissage liquide avanc\u00e9<\/strong><\/h2>\n<p>\u00c9limination des marques de polissage quatre-en-un, am\u00e9lioration de la brillance et protection en une seule \u00e9tape de polissage facile.<\/p>\n<p><strong>Mode d'emploi:<\/strong><\/p>\n<p>1. Lavez la voiture \u00e0 polir (polissage partiel, vous ne pouvez nettoyer que la zone \u00e0 polir).<\/p>\n<p>2. Si vous souhaitez \u00e9liminer les rayures profondes, utilisez d'abord du papier de verre 1500# pour le pon\u00e7age. Lors du pon\u00e7age du papier de verre, vous devez nettoyer la poussi\u00e8re du papier de verre avec de l'eau ou une serviette humide. Ne laissez pas la poussi\u00e8re sur la surface peinte.<\/p>\n<p>3. \u00c9talez la cire uniform\u00e9ment avec une \u00e9ponge sur la surface de peinture qui doit \u00eatre cir\u00e9e (s'il s'agit d'un cirage de voiture enti\u00e8re, cela doit \u00eatre fait localement. Il est absolument interdit d'appliquer d'abord toute la voiture avant de cirer, car c'est \u00e0 l'int\u00e9rieur de la cire. Le solvant s'\u00e9vaporera, et il y aura beaucoup de poussi\u00e8re lors du cirage, et cela provoquera \u00e9galement le ph\u00e9nom\u00e8ne de br\u00fblure de la peinture).<\/p>\n<p>4. Utilisez une machine \u00e0 polir avec un disque \u00e9ponge sph\u00e9rique moyen (des \u00e9ponges plates ordinaires sont \u00e9galement disponibles, et des boules de laine ou des boules de poils de lapin peuvent \u00e9galement \u00eatre utilis\u00e9es pour la construction. La surface des boules \u00e9ponge doit \u00eatre propre, et aucune autre cire ou autre des substances peuvent s'y coller.<\/p>\n<p>5. Faites d'abord fonctionner la polisseuse \u00e0 basse vitesse pendant 600 tr\/min pour repousser compl\u00e8tement la cire, faites plusieurs allers-retours puis augmentez la vitesse, la vitesse est augment\u00e9e \u00e0 1400 tr\/min. Il est recommand\u00e9 que la vitesse la plus rapide se situe dans les 2 200 tr\/min.<\/p>\n<p>6. Jusqu'\u00e0 ce que toute la cire soit collect\u00e9e, que la luminosit\u00e9 soit am\u00e9lior\u00e9e et que les rayures soient liss\u00e9es, la prochaine construction de zone partielle peut \u00eatre effectu\u00e9e.<\/p>\n<p>7. Une fois la construction de l'ensemble du v\u00e9hicule par analogie termin\u00e9e, il est recommand\u00e9 de le nettoyer. Si vous devez effectuer une r\u00e9duction de miroir, un scellement de vernis, un rev\u00eatement, etc., vous devez utiliser du liquide de lavage de voiture pour nettoyer la cire et la graisse r\u00e9siduelles sur la surface avant de passer \u00e0 l'\u00e9tape suivante de la construction.<\/p>\n<p>&nbsp;<\/p>\n\n<table id=\"tablepress-12\" class=\"tablepress tablepress-id-12\">\n<thead>\n<tr class=\"row-1\">\n\t<th class=\"column-1\">Num\u00e9ro de mod\u00e8le<\/th><th class=\"column-2\">Nom du produit<\/th><th class=\"column-3\">Correspondant aux mod\u00e8les de produits d'autres marques<\/th>\n<\/tr>\n<\/thead>\n<tbody class=\"row-striping row-hover\">\n<tr class=\"row-2\">\n\t<td class=\"column-1\">S100<\/td><td class=\"column-2\">Fast Polishing Wax<\/td><td class=\"column-3\">-<\/td>\n<\/tr>\n<tr class=\"row-3\">\n\t<td class=\"column-1\">S200<\/td><td class=\"column-2\">Perfect Machine Polish<\/td><td class=\"column-3\">3M (05996)<\/td>\n<\/tr>\n<tr class=\"row-4\">\n\t<td class=\"column-1\">S300<\/td><td class=\"column-2\">Cleaning Liquid Wax<\/td><td class=\"column-3\">3M (PN36112)<\/td>\n<\/tr>\n<tr class=\"row-5\">\n\t<td class=\"column-1\">S400<\/td><td class=\"column-2\">Advanced Liquid Compound<\/td><td class=\"column-3\">G3 (0685A)<\/td>\n<\/tr>\n<tr class=\"row-6\">\n\t<td class=\"column-1\">S500<\/td><td class=\"column-2\">Perfect Fast Cut Rubbing Compound<\/td><td class=\"column-3\">3M(05954)<\/td>\n<\/tr>\n<tr class=\"row-7\">\n\t<td class=\"column-1\">S600<\/td><td class=\"column-2\">Super Duty Rubbing Compound<\/td><td class=\"column-3\">3M (05973)<\/td>\n<\/tr>\n<\/tbody>\n<\/table>\n<!-- #tablepress-12 from cache -->\n<p>&nbsp;<\/p>\n<div class=\"magic-13\">\n<div class=\"magic-14\">\n<div class=\"magic-9\">\n<p><img decoding=\"async\" class=\"aligncenter size-full wp-image-4728\" src=\"https:\/\/www.supersybon.com\/fr\/wp-content\/uploads\/2022\/10\/1765537266-S400A-Car-Detailing-Supplies-Suppliers-S400-Advanced-Liquid-Compound-by-SYBON.jpg\" alt=\"S400A - Fournisseurs de produits de detailing automobile - Compos\u00e9 liquide avanc\u00e9 S400 de SYBON\" width=\"750\" height=\"750\" srcset=\"https:\/\/www.supersybon.com\/fr\/wp-content\/uploads\/2022\/10\/1765537266-S400A-Car-Detailing-Supplies-Suppliers-S400-Advanced-Liquid-Compound-by-SYBON.jpg 750w, https:\/\/www.supersybon.com\/fr\/wp-content\/uploads\/2022\/10\/1765537266-S400A-Car-Detailing-Supplies-Suppliers-S400-Advanced-Liquid-Compound-by-SYBON-480x480.jpg 480w\" sizes=\"(min-width: 0px) and (max-width: 480px) 480px, (min-width: 481px) 750px, 100vw\" \/> <img decoding=\"async\" class=\"aligncenter size-full wp-image-4727\" src=\"https:\/\/www.supersybon.com\/fr\/wp-content\/uploads\/2022\/10\/1765537259-Correccion-de-pintura-avanzada-S400-con-compuesto-liquido-SYBON-S400.jpg\" alt=\"Correction de peinture avanc\u00e9e S400 avec compos\u00e9 liquide SYBON S400\" width=\"750\" height=\"750\" srcset=\"https:\/\/www.supersybon.com\/fr\/wp-content\/uploads\/2022\/10\/1765537259-Correccion-de-pintura-avanzada-S400-con-compuesto-liquido-SYBON-S400.jpg 750w, https:\/\/www.supersybon.com\/fr\/wp-content\/uploads\/2022\/10\/1765537259-Correccion-de-pintura-avanzada-S400-con-compuesto-liquido-SYBON-S400-480x480.jpg 480w\" sizes=\"(min-width: 0px) and (max-width: 480px) 480px, (min-width: 481px) 750px, 100vw\" \/> <img decoding=\"async\" class=\"aligncenter size-full wp-image-4730\" src=\"https:\/\/www.supersybon.com\/fr\/wp-content\/uploads\/2022\/10\/1765537281-SYBON-compounds-and-polishes-are-designed-to-eliminate-paint-defects-and-polish-to-a-like-new-shine.jpg\" alt=\"Les p\u00e2tes et les produits de polissage SYBON sont con\u00e7us pour \u00e9liminer les d\u00e9fauts de peinture et redonner une brillance comme neuve.\" width=\"750\" height=\"750\" srcset=\"https:\/\/www.supersybon.com\/fr\/wp-content\/uploads\/2022\/10\/1765537281-SYBON-compounds-and-polishes-are-designed-to-eliminate-paint-defects-and-polish-to-a-like-new-shine.jpg 750w, https:\/\/www.supersybon.com\/fr\/wp-content\/uploads\/2022\/10\/1765537281-SYBON-compounds-and-polishes-are-designed-to-eliminate-paint-defects-and-polish-to-a-like-new-shine-480x480.jpg 480w\" sizes=\"(min-width: 0px) and (max-width: 480px) 480px, (min-width: 481px) 750px, 100vw\" \/><\/p>\n<div class=\"magic-10\">\n<p>&nbsp;<\/p>\n<p>&nbsp;<\/p>\n<p><strong>Emballage et service du produit<\/strong><\/p>\n<hr \/>\n<p><strong>EMBALLER:<\/strong><\/p>\n<p>12 pi\u00e8ces\/carton.<\/p>\n<div class=\"magic-13\">\n<div class=\"magic-14\">\n<div data-spm-anchor-id=\"a2700.details.0.i37.625d2e9eLtZffL\">\n<p>&nbsp;<\/p>\n<\/div>\n<\/div>\n<\/div>\n<p><strong>NOTRE SERVICE:<\/strong><\/p>\n<p>1.24 heures en ligne<\/p>\n<p>2. Prix comp\u00e9titif<\/p>\n<p>3. Excellents commentaires du client<\/p>\n<p>4. Commande en ligne s\u00e9curis\u00e9e<\/p>\n<p>5. livraison rapide<\/p>\n<p>6. support technique professionnel<\/p>\n<div class=\"magic-13\">\n<div class=\"magic-14\">\n<div data-spm-anchor-id=\"a2700.details.0.i37.625d2e9eLtZffL\">\n<p>&nbsp;<\/p>\n<\/div>\n<\/div>\n<\/div>\n<p>&nbsp;<\/p>\n<p><img decoding=\"async\" class=\"aligncenter size-full wp-image-1136\" src=\"https:\/\/www.supersybon.com\/fr\/wp-content\/uploads\/2022\/10\/1666171353-S100-Car-Waxpolish-Pwlish-Polish-Wax-Car-Scratch-Repair-Car-Wax.jpg\" alt=\"\" width=\"800\" height=\"800\" srcset=\"https:\/\/www.supersybon.com\/fr\/wp-content\/uploads\/2022\/10\/1666171353-S100-Car-Waxpolish-Pwlish-Polish-Wax-Car-Scratch-Repair-Car-Wax.jpg 800w, https:\/\/www.supersybon.com\/fr\/wp-content\/uploads\/2022\/10\/1666171353-S100-Car-Waxpolish-Pwlish-Polish-Wax-Car-Scratch-Repair-Car-Wax-480x480.jpg 480w\" sizes=\"(min-width: 0px) and (max-width: 480px) 480px, (min-width: 481px) 800px, 100vw\" \/><\/p>\n<\/div>\n<\/div>\n<\/div>\n<\/div>\n","protected":false},"excerpt":{"rendered":"<p>\u00b7 \u00c9limination des marques de polissage quatre-en-un, am\u00e9lioration de la brillance et protection en une seule \u00e9tape de polissage facile.<\/p>\n","protected":false},"featured_media":4728,"template":"","meta":{"_et_pb_use_builder":"","_et_pb_old_content":"","_et_gb_content_width":""},"product_brand":[],"product_cat":[56,62],"product_tag":[804,803,802],"class_list":{"0":"post-1146","1":"product","2":"type-product","3":"status-publish","4":"has-post-thumbnail","6":"product_cat-serie-dentretien-automobile","7":"product_cat-compose-polonais","8":"product_tag-cire-de-voiture-en-une-etape","9":"product_tag-compose-de-polissage-quatre-en-un","10":"product_tag-compose-liquide-avance","12":"first","13":"instock","14":"shipping-taxable","15":"product-type-simple"},"_links":{"self":[{"href":"https:\/\/www.supersybon.com\/fr\/wp-json\/wp\/v2\/product\/1146","targetHints":{"allow":["GET"]}}],"collection":[{"href":"https:\/\/www.supersybon.com\/fr\/wp-json\/wp\/v2\/product"}],"about":[{"href":"https:\/\/www.supersybon.com\/fr\/wp-json\/wp\/v2\/types\/product"}],"wp:featuredmedia":[{"embeddable":true,"href":"https:\/\/www.supersybon.com\/fr\/wp-json\/wp\/v2\/media\/4728"}],"wp:attachment":[{"href":"https:\/\/www.supersybon.com\/fr\/wp-json\/wp\/v2\/media?parent=1146"}],"wp:term":[{"taxonomy":"product_brand","embeddable":true,"href":"https:\/\/www.supersybon.com\/fr\/wp-json\/wp\/v2\/product_brand?post=1146"},{"taxonomy":"product_cat","embeddable":true,"href":"https:\/\/www.supersybon.com\/fr\/wp-json\/wp\/v2\/product_cat?post=1146"},{"taxonomy":"product_tag","embeddable":true,"href":"https:\/\/www.supersybon.com\/fr\/wp-json\/wp\/v2\/product_tag?post=1146"}],"curies":[{"name":"wp","href":"https:\/\/api.w.org\/{rel}","templated":true}]}}