{"id":1137,"date":"2022-10-19T17:30:59","date_gmt":"2022-10-19T09:30:59","guid":{"rendered":"https:\/\/www.supersybon.com\/fr\/?post_type=product&#038;p=1137"},"modified":"2025-12-12T18:57:43","modified_gmt":"2025-12-12T10:57:43","slug":"s200a-machine-parfaite-compose-de-polissage-reduction-de-miroir-cire-fine-processus-en-une-etape-cire-de-polissage-pour-coupe-legere","status":"publish","type":"product","link":"https:\/\/www.supersybon.com\/fr\/product\/s200a-machine-parfaite-compose-de-polissage-reduction-de-miroir-cire-fine-processus-en-une-etape-cire-de-polissage-pour-coupe-legere","title":{"rendered":"S200A Machine parfaite, compos\u00e9 de polissage, r\u00e9duction de miroir, cire fine, processus en une \u00e9tape cire de polissage pour coupe l\u00e9g\u00e8re"},"content":{"rendered":"<p><img decoding=\"async\" class=\"aligncenter size-full wp-image-4723\" src=\"https:\/\/www.supersybon.com\/fr\/wp-content\/uploads\/2022\/10\/1765536617-S200-Achieve-Professional-Results-SYBON-Perfect-Machine-Polish.jpg\" alt=\"S200A - Obtenez des r\u00e9sultats professionnels - SYBON - Polisseuse parfaite\" width=\"750\" height=\"302\" srcset=\"https:\/\/www.supersybon.com\/fr\/wp-content\/uploads\/2022\/10\/1765536617-S200-Achieve-Professional-Results-SYBON-Perfect-Machine-Polish.jpg 750w, https:\/\/www.supersybon.com\/fr\/wp-content\/uploads\/2022\/10\/1765536617-S200-Achieve-Professional-Results-SYBON-Perfect-Machine-Polish-480x193.jpg 480w\" sizes=\"(min-width: 0px) and (max-width: 480px) 480px, (min-width: 481px) 750px, 100vw\" \/><\/p>\n<p>&nbsp;<\/p>\n<h2><strong>S200A Cire de polissage pour coupe l\u00e9g\u00e8re<\/strong><\/h2>\n<p><strong>Mode d'emploi:<\/strong><\/p>\n<p>1. Une fois la laque polie avec de la cire grossi\u00e8re et de la cire moyenne, la laque est lisse et les rayures disparaissent, mais la brillance est faible.<\/p>\n<p>2. La cire de r\u00e9duction de miroir est une fois les rayures sur la surface \u00e9limin\u00e9es, en raison des particules plus grossi\u00e8res de la cire, il y aura quelques marques de meulage.<\/p>\n<p>3. \u00c9talez uniform\u00e9ment la cire fine S200 sur la surface \u00e0 cirer.<\/p>\n<p>4. Utilisez une machine \u00e0 polir avec un disque \u00e9ponge sph\u00e9rique moyen (des \u00e9ponges plates ordinaires sont \u00e9galement disponibles, et des boules de laine ou des boules de poils de lapin peuvent \u00e9galement \u00eatre utilis\u00e9es pour la construction. La surface des boules \u00e9ponge doit \u00eatre propre, et aucune autre cire ou autre des substances peuvent s'y coller.<\/p>\n<p>5. Faites d'abord fonctionner la polisseuse \u00e0 basse vitesse pendant 600 tr\/min pour repousser compl\u00e8tement la cire, faites plusieurs allers-retours puis augmentez la vitesse, la vitesse est augment\u00e9e \u00e0 1400 tr\/min. La vitesse la plus rapide est recommand\u00e9e pour collecter la cire dans les 2 200 tr\/min.<\/p>\n<p>6. Jusqu'\u00e0 ce que toute la cire soit collect\u00e9e, la luminosit\u00e9 augmentera.<\/p>\n<p>&nbsp;<\/p>\n\n<table id=\"tablepress-12\" class=\"tablepress tablepress-id-12\">\n<thead>\n<tr class=\"row-1\">\n\t<th class=\"column-1\">Num\u00e9ro de mod\u00e8le<\/th><th class=\"column-2\">Nom du produit<\/th><th class=\"column-3\">Correspondant aux mod\u00e8les de produits d'autres marques<\/th>\n<\/tr>\n<\/thead>\n<tbody class=\"row-striping row-hover\">\n<tr class=\"row-2\">\n\t<td class=\"column-1\">S100<\/td><td class=\"column-2\">Fast Polishing Wax<\/td><td class=\"column-3\">-<\/td>\n<\/tr>\n<tr class=\"row-3\">\n\t<td class=\"column-1\">S200<\/td><td class=\"column-2\">Perfect Machine Polish<\/td><td class=\"column-3\">3M (05996)<\/td>\n<\/tr>\n<tr class=\"row-4\">\n\t<td class=\"column-1\">S300<\/td><td class=\"column-2\">Cleaning Liquid Wax<\/td><td class=\"column-3\">3M (PN36112)<\/td>\n<\/tr>\n<tr class=\"row-5\">\n\t<td class=\"column-1\">S400<\/td><td class=\"column-2\">Advanced Liquid Compound<\/td><td class=\"column-3\">G3 (0685A)<\/td>\n<\/tr>\n<tr class=\"row-6\">\n\t<td class=\"column-1\">S500<\/td><td class=\"column-2\">Perfect Fast Cut Rubbing Compound<\/td><td class=\"column-3\">3M(05954)<\/td>\n<\/tr>\n<tr class=\"row-7\">\n\t<td class=\"column-1\">S600<\/td><td class=\"column-2\">Super Duty Rubbing Compound<\/td><td class=\"column-3\">3M (05973)<\/td>\n<\/tr>\n<\/tbody>\n<\/table>\n<!-- #tablepress-12 from cache -->\n<div class=\"magic-13\">\n<div class=\"magic-14\">\n<div class=\"magic-9\">\n<p><img decoding=\"async\" class=\"aligncenter size-full wp-image-4724\" src=\"https:\/\/www.supersybon.com\/fr\/wp-content\/uploads\/2022\/10\/1765536664-S200-Elevate-Gloss-with-Perfect-Machine-Polish-from-Car-Detailing-Supplies-Suppliers.jpg\" alt=\"S200A-Elevate-Gloss avec polissage machine parfait, propos\u00e9 par les fournisseurs de produits d'entretien automobile.\" width=\"750\" height=\"750\" srcset=\"https:\/\/www.supersybon.com\/fr\/wp-content\/uploads\/2022\/10\/1765536664-S200-Elevate-Gloss-with-Perfect-Machine-Polish-from-Car-Detailing-Supplies-Suppliers.jpg 750w, https:\/\/www.supersybon.com\/fr\/wp-content\/uploads\/2022\/10\/1765536664-S200-Elevate-Gloss-with-Perfect-Machine-Polish-from-Car-Detailing-Supplies-Suppliers-480x480.jpg 480w\" sizes=\"(min-width: 0px) and (max-width: 480px) 480px, (min-width: 481px) 750px, 100vw\" \/> <img decoding=\"async\" class=\"aligncenter size-full wp-image-4725\" src=\"https:\/\/www.supersybon.com\/fr\/wp-content\/uploads\/2022\/10\/1765536671-S200-SYBON-Perfect-Machine-Polish-Supreme-Mirror-Finish-for-Automotive-Glory.jpg\" alt=\"S200A-SYBON - Polish de finition parfait pour machines, offrant une finition miroir supr\u00eame pour une brillance automobile exceptionnelle.\" width=\"750\" height=\"750\" srcset=\"https:\/\/www.supersybon.com\/fr\/wp-content\/uploads\/2022\/10\/1765536671-S200-SYBON-Perfect-Machine-Polish-Supreme-Mirror-Finish-for-Automotive-Glory.jpg 750w, https:\/\/www.supersybon.com\/fr\/wp-content\/uploads\/2022\/10\/1765536671-S200-SYBON-Perfect-Machine-Polish-Supreme-Mirror-Finish-for-Automotive-Glory-480x480.jpg 480w\" sizes=\"(min-width: 0px) and (max-width: 480px) 480px, (min-width: 481px) 750px, 100vw\" \/> <img decoding=\"async\" class=\"aligncenter size-full wp-image-4726\" src=\"https:\/\/www.supersybon.com\/fr\/wp-content\/uploads\/2022\/10\/1765536677-SYBON-compounds-and-polishes-are-designed-to-eliminate-paint-defects-and-polish-to-a-like-new-shine.jpg\" alt=\"Les p\u00e2tes et les produits de polissage SYBON sont con\u00e7us pour \u00e9liminer les d\u00e9fauts de peinture et redonner une brillance comme neuve.\" width=\"750\" height=\"750\" srcset=\"https:\/\/www.supersybon.com\/fr\/wp-content\/uploads\/2022\/10\/1765536677-SYBON-compounds-and-polishes-are-designed-to-eliminate-paint-defects-and-polish-to-a-like-new-shine.jpg 750w, https:\/\/www.supersybon.com\/fr\/wp-content\/uploads\/2022\/10\/1765536677-SYBON-compounds-and-polishes-are-designed-to-eliminate-paint-defects-and-polish-to-a-like-new-shine-480x480.jpg 480w\" sizes=\"(min-width: 0px) and (max-width: 480px) 480px, (min-width: 481px) 750px, 100vw\" \/><\/p>\n<div class=\"magic-10\">\n<p>&nbsp;<\/p>\n<p>&nbsp;<\/p>\n<p><strong>Emballage et service du produit<\/strong><\/p>\n<hr \/>\n<p><strong>EMBALLER:<\/strong><\/p>\n<p>12 pi\u00e8ces\/carton.<\/p>\n<div class=\"magic-13\">\n<div class=\"magic-14\">\n<div data-spm-anchor-id=\"a2700.details.0.i37.625d2e9eLtZffL\">\n<p>&nbsp;<\/p>\n<\/div>\n<\/div>\n<\/div>\n<p><strong>NOTRE SERVICE:<\/strong><\/p>\n<p>1.24 heures en ligne<\/p>\n<p>2. Prix comp\u00e9titif<\/p>\n<p>3. Excellents commentaires du client<\/p>\n<p>4. Commande en ligne s\u00e9curis\u00e9e<\/p>\n<p>5. livraison rapide<\/p>\n<p>6. support technique professionnel<\/p>\n<\/div>\n<\/div>\n<\/div>\n<\/div>\n<div class=\"magic-13\">\n<div class=\"magic-14\">\n<p>&nbsp;<\/p>\n<p><img decoding=\"async\" class=\"aligncenter size-full wp-image-1136\" src=\"https:\/\/www.supersybon.com\/fr\/wp-content\/uploads\/2022\/10\/1666171353-S100-Car-Waxpolish-Pwlish-Polish-Wax-Car-Scratch-Repair-Car-Wax.jpg\" alt=\"\" width=\"800\" height=\"800\" srcset=\"https:\/\/www.supersybon.com\/fr\/wp-content\/uploads\/2022\/10\/1666171353-S100-Car-Waxpolish-Pwlish-Polish-Wax-Car-Scratch-Repair-Car-Wax.jpg 800w, https:\/\/www.supersybon.com\/fr\/wp-content\/uploads\/2022\/10\/1666171353-S100-Car-Waxpolish-Pwlish-Polish-Wax-Car-Scratch-Repair-Car-Wax-480x480.jpg 480w\" sizes=\"(min-width: 0px) and (max-width: 480px) 480px, (min-width: 481px) 800px, 100vw\" \/><\/p>\n<div class=\"magic-13\">\n<div class=\"magic-14\">\n<div class=\"magic-9\">\n<div class=\"magic-10\">\n<div class=\"magic-13\">\n<div class=\"magic-14\">\n<div data-spm-anchor-id=\"a2700.details.0.i37.625d2e9eLtZffL\">\n<div class=\"magic-13\">\n<div class=\"magic-14\">\n<div class=\"magic-13\">\n<div class=\"magic-14\"><\/div>\n<\/div>\n<\/div>\n<\/div>\n<\/div>\n<\/div>\n<\/div>\n<\/div>\n<\/div>\n<\/div>\n<\/div>\n<p>&nbsp;<\/p>\n<\/div>\n<\/div>\n","protected":false},"excerpt":{"rendered":"<p>Cire de polissage pour coupe l\u00e9g\u00e8re<br \/>\n\u00b7 Polir avec un dissolvant l\u00e9ger\/abrasif et tourbillonnant.<br \/>\n\u00b7 Vernis de finition \u00e0 utiliser apr\u00e8s la d\u00e9coupe du compos\u00e9.<\/p>\n","protected":false},"featured_media":4725,"template":"","meta":{"_et_pb_use_builder":"","_et_pb_old_content":"","_et_gb_content_width":""},"product_brand":[],"product_cat":[56,62],"product_tag":[1077],"class_list":{"0":"post-1137","1":"product","2":"type-product","3":"status-publish","4":"has-post-thumbnail","6":"product_cat-serie-dentretien-automobile","7":"product_cat-compose-polonais","8":"product_tag-cire-de-polissage-pour-coupe-legere","10":"first","11":"instock","12":"shipping-taxable","13":"product-type-simple"},"_links":{"self":[{"href":"https:\/\/www.supersybon.com\/fr\/wp-json\/wp\/v2\/product\/1137","targetHints":{"allow":["GET"]}}],"collection":[{"href":"https:\/\/www.supersybon.com\/fr\/wp-json\/wp\/v2\/product"}],"about":[{"href":"https:\/\/www.supersybon.com\/fr\/wp-json\/wp\/v2\/types\/product"}],"wp:featuredmedia":[{"embeddable":true,"href":"https:\/\/www.supersybon.com\/fr\/wp-json\/wp\/v2\/media\/4725"}],"wp:attachment":[{"href":"https:\/\/www.supersybon.com\/fr\/wp-json\/wp\/v2\/media?parent=1137"}],"wp:term":[{"taxonomy":"product_brand","embeddable":true,"href":"https:\/\/www.supersybon.com\/fr\/wp-json\/wp\/v2\/product_brand?post=1137"},{"taxonomy":"product_cat","embeddable":true,"href":"https:\/\/www.supersybon.com\/fr\/wp-json\/wp\/v2\/product_cat?post=1137"},{"taxonomy":"product_tag","embeddable":true,"href":"https:\/\/www.supersybon.com\/fr\/wp-json\/wp\/v2\/product_tag?post=1137"}],"curies":[{"name":"wp","href":"https:\/\/api.w.org\/{rel}","templated":true}]}}