{"id":1128,"date":"2022-10-19T16:12:46","date_gmt":"2022-10-19T08:12:46","guid":{"rendered":"https:\/\/www.supersybon.com\/fr\/?post_type=product&#038;p=1128"},"modified":"2023-09-14T16:58:04","modified_gmt":"2023-09-14T08:58:04","slug":"s100-cire-de-polissage-rapide","status":"publish","type":"product","link":"https:\/\/www.supersybon.com\/fr\/product\/s100-cire-de-polissage-rapide","title":{"rendered":"S100 Cire de polissage rapide Cire de polissage pour dissolvant de rayures de carrosserie de voiture pour le polissage de voiture"},"content":{"rendered":"<p><iframe title=\"Advanced Four-in-one Compound Professional Correcting and Polishing Results One-Step Process Car Wax\" width=\"1080\" height=\"608\" src=\"https:\/\/www.youtube.com\/embed\/Tx6bZS04IXM?feature=oembed\"  allow=\"accelerometer; autoplay; clipboard-write; encrypted-media; gyroscope; picture-in-picture\" allowfullscreen><\/iframe><\/p>\n<p><img decoding=\"async\" class=\"aligncenter size-full wp-image-1129\" src=\"https:\/\/www.supersybon.com\/fr\/wp-content\/uploads\/2022\/10\/1666170958-S100-Car-Beautifying-Polishing-Compound-Scratch-Detailing-Vehicle-Polish-Chemical-Car-Shine-Liquid-Wax.jpg\" alt=\"\" width=\"900\" height=\"364\" srcset=\"https:\/\/www.supersybon.com\/fr\/wp-content\/uploads\/2022\/10\/1666170958-S100-Car-Beautifying-Polishing-Compound-Scratch-Detailing-Vehicle-Polish-Chemical-Car-Shine-Liquid-Wax.jpg 900w, https:\/\/www.supersybon.com\/fr\/wp-content\/uploads\/2022\/10\/1666170958-S100-Car-Beautifying-Polishing-Compound-Scratch-Detailing-Vehicle-Polish-Chemical-Car-Shine-Liquid-Wax-480x194.jpg 480w\" sizes=\"(min-width: 0px) and (max-width: 480px) 480px, (min-width: 481px) 900px, 100vw\" \/><\/p>\n<p>&nbsp;<\/p>\n<h2><strong>S100 Cire de polissage rapide<\/strong><\/h2>\n<p><strong>Mode d'emploi:<\/strong><\/p>\n<p>1. Tout d'abord, lavez la voiture qui sera polie (en cas de polissage local, vous ne pouvez nettoyer que la zone qui doit \u00eatre polie).<\/p>\n<p>2. Si vous souhaitez \u00e9liminer les rayures profondes, vous devez d'abord utiliser du papier de verre 2000# pour poncer. Et puis nettoyez la poussi\u00e8re avec de l'eau propre ou une serviette humide. Ne laissez pas la poussi\u00e8re sur la surface peinte.<\/p>\n<p>3. \u00c9talez la cire uniform\u00e9ment sur la surface de peinture qui doit \u00eatre cir\u00e9e avec une \u00e9ponge (si toute la voiture doit \u00eatre cir\u00e9e, elle doit \u00eatre cir\u00e9e partie par partie. N'\u00e9talez pas la cire sur toute la voiture et commencez \u00e0 polir, car le solvant contenu dans la cire s'\u00e9vaporera de cette fa\u00e7on et il y aura beaucoup de poussi\u00e8re, cela peut aussi d\u00e9truire la peinture.<\/p>\n<p>4. Utilisez une machine \u00e0 polir avec un disque \u00e9ponge sph\u00e9rique moyen (une \u00e9ponge plate ordinaire peut \u00e9galement \u00eatre utilis\u00e9e, vous pouvez \u00e9galement utiliser une boule de laine ou un lapin, etc. pour polir. La boule \u00e9ponge doit \u00eatre propre et sans autre cire). 5. Faites tourner la machine \u00e0 polir \u00e0 basse vitesse de 600 tr\/min pour \u00e9taler compl\u00e8tement la cire, puis augmentez la vitesse \u00e0 1400 tr\/min.<\/p>\n<p>6. Une fois toute la cire absorb\u00e9e, la luminosit\u00e9 est enti\u00e8rement am\u00e9lior\u00e9e et les rayures sont toutes \u00e9limin\u00e9es, puis polissez la zone suivante.<\/p>\n<p>7. Une fois toute la construction termin\u00e9e, il est pr\u00e9f\u00e9rable de nettoyer la surface.<\/p>\n\n<table id=\"tablepress-12\" class=\"tablepress tablepress-id-12\">\n<thead>\n<tr class=\"row-1\">\n\t<th class=\"column-1\">Num\u00e9ro de mod\u00e8le<\/th><th class=\"column-2\">Nom du produit<\/th><th class=\"column-3\">Correspondant aux mod\u00e8les de produits d'autres marques<\/th>\n<\/tr>\n<\/thead>\n<tbody class=\"row-striping row-hover\">\n<tr class=\"row-2\">\n\t<td class=\"column-1\">S100<\/td><td class=\"column-2\">Fast Polishing Wax<\/td><td class=\"column-3\">-<\/td>\n<\/tr>\n<tr class=\"row-3\">\n\t<td class=\"column-1\">S200<\/td><td class=\"column-2\">Perfect Machine Polish<\/td><td class=\"column-3\">3M (05996)<\/td>\n<\/tr>\n<tr class=\"row-4\">\n\t<td class=\"column-1\">S300<\/td><td class=\"column-2\">Cleaning Liquid Wax<\/td><td class=\"column-3\">3M (PN36112)<\/td>\n<\/tr>\n<tr class=\"row-5\">\n\t<td class=\"column-1\">S400<\/td><td class=\"column-2\">Advanced Liquid Compound<\/td><td class=\"column-3\">G3 (0685A)<\/td>\n<\/tr>\n<tr class=\"row-6\">\n\t<td class=\"column-1\">S500<\/td><td class=\"column-2\">Perfect Fast Cut Rubbing Compound<\/td><td class=\"column-3\">3M(05954)<\/td>\n<\/tr>\n<tr class=\"row-7\">\n\t<td class=\"column-1\">S600<\/td><td class=\"column-2\">Super Duty Rubbing Compound<\/td><td class=\"column-3\">3M (05973)<\/td>\n<\/tr>\n<\/tbody>\n<\/table>\n<!-- #tablepress-12 from cache -->\n<p>&nbsp;<\/p>\n<div class=\"magic-13\">\n<div class=\"magic-14\">\n<div class=\"magic-9\">\n<p>&nbsp;<\/p>\n<p><img decoding=\"async\" class=\"aligncenter size-full wp-image-1130\" src=\"https:\/\/www.supersybon.com\/fr\/wp-content\/uploads\/2022\/10\/1666170984-S100-Car-Polish-Body-Car-Paint-Repair-Scratch-Remover-Wax-For-Car-Polishing.jpg\" alt=\"\" width=\"800\" height=\"800\" srcset=\"https:\/\/www.supersybon.com\/fr\/wp-content\/uploads\/2022\/10\/1666170984-S100-Car-Polish-Body-Car-Paint-Repair-Scratch-Remover-Wax-For-Car-Polishing.jpg 800w, https:\/\/www.supersybon.com\/fr\/wp-content\/uploads\/2022\/10\/1666170984-S100-Car-Polish-Body-Car-Paint-Repair-Scratch-Remover-Wax-For-Car-Polishing-480x480.jpg 480w\" sizes=\"(min-width: 0px) and (max-width: 480px) 480px, (min-width: 481px) 800px, 100vw\" \/><img decoding=\"async\" class=\"aligncenter size-full wp-image-1133\" src=\"https:\/\/www.supersybon.com\/fr\/wp-content\/uploads\/2022\/10\/1666171254-S100-Ultimate-Finishing-Material-Polish-Compound-Car-Maintain-Products.jpg\" alt=\"\" width=\"800\" height=\"800\" srcset=\"https:\/\/www.supersybon.com\/fr\/wp-content\/uploads\/2022\/10\/1666171254-S100-Ultimate-Finishing-Material-Polish-Compound-Car-Maintain-Products.jpg 800w, https:\/\/www.supersybon.com\/fr\/wp-content\/uploads\/2022\/10\/1666171254-S100-Ultimate-Finishing-Material-Polish-Compound-Car-Maintain-Products-480x480.jpg 480w\" sizes=\"(min-width: 0px) and (max-width: 480px) 480px, (min-width: 481px) 800px, 100vw\" \/><img decoding=\"async\" class=\"aligncenter size-full wp-image-1131\" src=\"https:\/\/www.supersybon.com\/fr\/wp-content\/uploads\/2022\/10\/1666171007-S100-Best-Selling-Good-Quality-scratches-remove-Polishing-compounds-Car-Polish-Buffing-Wax.jpg\" alt=\"\" width=\"800\" height=\"800\" srcset=\"https:\/\/www.supersybon.com\/fr\/wp-content\/uploads\/2022\/10\/1666171007-S100-Best-Selling-Good-Quality-scratches-remove-Polishing-compounds-Car-Polish-Buffing-Wax.jpg 800w, https:\/\/www.supersybon.com\/fr\/wp-content\/uploads\/2022\/10\/1666171007-S100-Best-Selling-Good-Quality-scratches-remove-Polishing-compounds-Car-Polish-Buffing-Wax-480x480.jpg 480w\" sizes=\"(min-width: 0px) and (max-width: 480px) 480px, (min-width: 481px) 800px, 100vw\" \/><\/p>\n<div class=\"magic-10\">\n<p>&nbsp;<\/p>\n<p>&nbsp;<\/p>\n<p><strong>Emballage et service du produit<\/strong><\/p>\n<hr \/>\n<p><strong>EMBALLER:<\/strong><\/p>\n<p>12 pi\u00e8ces\/carton.<\/p>\n<div class=\"magic-13\">\n<div class=\"magic-14\">\n<div class=\"magic-9\">\n<div class=\"magic-10\">\n<div class=\"magic-13\">\n<div class=\"magic-14\">\n<div data-spm-anchor-id=\"a2700.details.0.i37.625d2e9eLtZffL\">\n<div class=\"magic-13\">\n<div class=\"magic-14\">\n<div data-spm-anchor-id=\"a2700.details.0.i37.625d2e9eLtZffL\">\n<div class=\"magic-13\">\n<div class=\"magic-14\">\n<div class=\"magic-9\">\n<div class=\"magic-10\">\n<div class=\"magic-13\">\n<div class=\"magic-14\">\n<div data-spm-anchor-id=\"a2700.details.0.i37.625d2e9eLtZffL\">\n<div class=\"magic-13\">\n<div class=\"magic-14\">\n<div data-spm-anchor-id=\"a2700.details.0.i37.625d2e9eLtZffL\">\n<p>&nbsp;<\/p>\n<\/div>\n<\/div>\n<\/div>\n<\/div>\n<\/div>\n<\/div>\n<\/div>\n<\/div>\n<\/div>\n<\/div>\n<div class=\"magic-13\">\n<div class=\"magic-14\">\n<div data-spm-anchor-id=\"a2700.details.0.i37.625d2e9eLtZffL\">\n<p><img decoding=\"async\" class=\"aligncenter size-full wp-image-1132\" src=\"https:\/\/www.supersybon.com\/fr\/wp-content\/uploads\/2022\/10\/1666171176-S100-Car-Care-Car-Detailing-Rubbing-Compound-Scratch-Remove-Polish-Compound-Car-Polish-Wax.jpg\" alt=\"\" width=\"800\" height=\"800\" srcset=\"https:\/\/www.supersybon.com\/fr\/wp-content\/uploads\/2022\/10\/1666171176-S100-Car-Care-Car-Detailing-Rubbing-Compound-Scratch-Remove-Polish-Compound-Car-Polish-Wax.jpg 800w, https:\/\/www.supersybon.com\/fr\/wp-content\/uploads\/2022\/10\/1666171176-S100-Car-Care-Car-Detailing-Rubbing-Compound-Scratch-Remove-Polish-Compound-Car-Polish-Wax-480x480.jpg 480w\" sizes=\"(min-width: 0px) and (max-width: 480px) 480px, (min-width: 481px) 800px, 100vw\" \/><\/p>\n<\/div>\n<\/div>\n<\/div>\n<\/div>\n<\/div>\n<\/div>\n<\/div>\n<\/div>\n<\/div>\n<\/div>\n<\/div>\n<\/div>\n<\/div>\n<div class=\"magic-13\">\n<div class=\"magic-14\">\n<div data-spm-anchor-id=\"a2700.details.0.i37.625d2e9eLtZffL\">\n<div class=\"magic-13\">\n<div class=\"magic-14\">\n<div class=\"magic-9\">\n<div class=\"magic-10\">\n<div class=\"magic-13\">\n<div class=\"magic-14\">\n<div data-spm-anchor-id=\"a2700.details.0.i37.625d2e9eLtZffL\">\n<div class=\"magic-13\">\n<div class=\"magic-14\">\n<div data-spm-anchor-id=\"a2700.details.0.i37.625d2e9eLtZffL\">\n<p>&nbsp;<\/p>\n<\/div>\n<\/div>\n<\/div>\n<\/div>\n<\/div>\n<\/div>\n<\/div>\n<\/div>\n<\/div>\n<\/div>\n<div class=\"magic-13\">\n<div class=\"magic-14\">\n<div data-spm-anchor-id=\"a2700.details.0.i37.625d2e9eLtZffL\">\n<p>&nbsp;<\/p>\n<\/div>\n<\/div>\n<\/div>\n<p><strong>NOTRE SERVICE:<\/strong><\/p>\n<p>1.24 heures en ligne<\/p>\n<p>2. Prix comp\u00e9titif<\/p>\n<p>3. Excellents commentaires du client<\/p>\n<p>4. Commande en ligne s\u00e9curis\u00e9e<\/p>\n<p>5. livraison rapide<\/p>\n<p>6. support technique professionnel<\/p>\n<\/div>\n<\/div>\n<\/div>\n<\/div>\n<\/div>\n<\/div>\n<\/div>\n<div class=\"magic-13\">\n<div class=\"magic-14\">\n<p><img decoding=\"async\" class=\"aligncenter size-full wp-image-1136\" src=\"https:\/\/www.supersybon.com\/fr\/wp-content\/uploads\/2022\/10\/1666171353-S100-Car-Waxpolish-Pwlish-Polish-Wax-Car-Scratch-Repair-Car-Wax.jpg\" alt=\"\" width=\"800\" height=\"800\" srcset=\"https:\/\/www.supersybon.com\/fr\/wp-content\/uploads\/2022\/10\/1666171353-S100-Car-Waxpolish-Pwlish-Polish-Wax-Car-Scratch-Repair-Car-Wax.jpg 800w, https:\/\/www.supersybon.com\/fr\/wp-content\/uploads\/2022\/10\/1666171353-S100-Car-Waxpolish-Pwlish-Polish-Wax-Car-Scratch-Repair-Car-Wax-480x480.jpg 480w\" sizes=\"(min-width: 0px) and (max-width: 480px) 480px, (min-width: 481px) 800px, 100vw\" \/><\/p>\n<p>&nbsp;<\/p>\n<div class=\"magic-13\">\n<div class=\"magic-14\">\n<div class=\"magic-9\">\n<div class=\"magic-10\">\n<div class=\"magic-13\">\n<div class=\"magic-14\">\n<div data-spm-anchor-id=\"a2700.details.0.i37.625d2e9eLtZffL\">\n<div class=\"magic-13\">\n<div class=\"magic-14\">\n<div class=\"magic-13\">\n<div class=\"magic-14\">\n<p>&nbsp;<\/p>\n<\/div>\n<\/div>\n<\/div>\n<\/div>\n<\/div>\n<\/div>\n<\/div>\n<\/div>\n<\/div>\n<\/div>\n<\/div>\n<div class=\"magic-13\">\n<div class=\"magic-14\">\n<p><strong>Profil de l'entreprise<\/strong><\/p>\n<hr \/>\n<p>&nbsp;<\/p>\n<\/div>\n<\/div>\n<p><img decoding=\"async\" class=\"aligncenter size-full wp-image-324\" src=\"https:\/\/www.supersybon.com\/fr\/wp-content\/uploads\/2022\/09\/1663401769-Car-Paint-Supplier-Company-Profile-Manufacturer-China.jpg\" alt=\"\" width=\"900\" height=\"958\" srcset=\"https:\/\/www.supersybon.com\/fr\/wp-content\/uploads\/2022\/09\/1663401769-Car-Paint-Supplier-Company-Profile-Manufacturer-China.jpg 900w, https:\/\/www.supersybon.com\/fr\/wp-content\/uploads\/2022\/09\/1663401769-Car-Paint-Supplier-Company-Profile-Manufacturer-China-480x511.jpg 480w\" sizes=\"(min-width: 0px) and (max-width: 480px) 480px, (min-width: 481px) 900px, 100vw\" \/><\/p>\n<div class=\"magic-13\">\n<div class=\"magic-14\">\n<p><strong>FAQ<\/strong><\/p>\n<hr \/>\n<\/div>\n<\/div>\n<p><strong>Q\u00a0:\u00a0Quel est votre MOQ\u00a0?<\/strong><\/p>\n<p>R : Notre MOQ est de 1 carton.<\/p>\n<p><strong>Q\u00a0:\u00a0Qu\u2019en est-il de votre paiement\u00a0?<\/strong><\/p>\n<p>R : d\u00e9p\u00f4t de 50% \u00e0 l'avance, solde de 50% par T\/T, L\/C, paypal, Western Union ou bien avant exp\u00e9dition.<\/p>\n<p><strong>Q : Fournissez-vous des \u00e9chantillons ?<\/strong><\/p>\n<p>R : Oui, vous pouvez acheter un \u00e9chantillon pour le tester.<\/p>\n<p><strong>Q : Qu'en est-il de votre d\u00e9lai de livraison ?<\/strong><\/p>\n<p>R\u00a0:\u00a0Habituellement 15 jours apr\u00e8s r\u00e9ception de votre d\u00e9p\u00f4t.<\/p>\n<\/div>\n<\/div>\n","protected":false},"excerpt":{"rendered":"<p>\u00b7 Polir avec un dissolvant moyen\/l\u00e9ger\/abrasif et tourbillonnant.<\/p>\n","protected":false},"featured_media":1134,"template":"","meta":{"_et_pb_use_builder":"","_et_pb_old_content":"","_et_gb_content_width":""},"product_brand":[],"product_cat":[56,62],"product_tag":[796,798,797],"class_list":{"0":"post-1128","1":"product","2":"type-product","3":"status-publish","4":"has-post-thumbnail","6":"product_cat-serie-dentretien-automobile","7":"product_cat-compose-polonais","8":"product_tag-cire-de-polissage-rapide","9":"product_tag-cire-de-polissage-rapide-s100","10":"product_tag-compose-de-polissage","12":"first","13":"instock","14":"shipping-taxable","15":"product-type-simple"},"_links":{"self":[{"href":"https:\/\/www.supersybon.com\/fr\/wp-json\/wp\/v2\/product\/1128","targetHints":{"allow":["GET"]}}],"collection":[{"href":"https:\/\/www.supersybon.com\/fr\/wp-json\/wp\/v2\/product"}],"about":[{"href":"https:\/\/www.supersybon.com\/fr\/wp-json\/wp\/v2\/types\/product"}],"wp:featuredmedia":[{"embeddable":true,"href":"https:\/\/www.supersybon.com\/fr\/wp-json\/wp\/v2\/media\/1134"}],"wp:attachment":[{"href":"https:\/\/www.supersybon.com\/fr\/wp-json\/wp\/v2\/media?parent=1128"}],"wp:term":[{"taxonomy":"product_brand","embeddable":true,"href":"https:\/\/www.supersybon.com\/fr\/wp-json\/wp\/v2\/product_brand?post=1128"},{"taxonomy":"product_cat","embeddable":true,"href":"https:\/\/www.supersybon.com\/fr\/wp-json\/wp\/v2\/product_cat?post=1128"},{"taxonomy":"product_tag","embeddable":true,"href":"https:\/\/www.supersybon.com\/fr\/wp-json\/wp\/v2\/product_tag?post=1128"}],"curies":[{"name":"wp","href":"https:\/\/api.w.org\/{rel}","templated":true}]}}