{"id":1124,"date":"2022-10-19T15:41:58","date_gmt":"2022-10-19T07:41:58","guid":{"rendered":"https:\/\/www.supersybon.com\/fr\/?post_type=product&#038;p=1124"},"modified":"2025-12-12T18:38:55","modified_gmt":"2025-12-12T10:38:55","slug":"w009da-tampon-de-polissage-double-face-en-laine-de-9-pouces-230-mm-de-haute-qualite-en-laine-dagneau-pour-un-polissage-intensif-des-voitures-tampon-de-polissage-100-laine-de-premiere-qualite","status":"publish","type":"product","link":"https:\/\/www.supersybon.com\/fr\/product\/w009da-tampon-de-polissage-double-face-en-laine-de-9-pouces-230-mm-de-haute-qualite-en-laine-dagneau-pour-un-polissage-intensif-des-voitures-tampon-de-polissage-100-laine-de-premiere-qualite","title":{"rendered":"W009DA Tampon de polissage double face en laine de 9 pouces (230 mm) de haute qualit\u00e9, en laine d'agneau, pour un polissage intensif des voitures. Tampon de polissage 100 % laine de premi\u00e8re qualit\u00e9."},"content":{"rendered":"<p><img decoding=\"async\" class=\"aligncenter size-full wp-image-4703\" src=\"https:\/\/www.supersybon.com\/fr\/wp-content\/uploads\/2022\/10\/1765535552-W009DA-9-inch-230mm-Double-Sided-Wool-Pad-Nice-Polishing-Lambs-Wool-Buffing-Pad-100-Premium-Wool-Polishing-Pad-for-Car-Heavy-Cut.jpg\" alt=\"W009DA - Tampon de polissage double face en laine de 230 mm (9 pouces) - Tampon de lustrage en laine d'agneau de haute qualit\u00e9 - Tampon de polissage 100 % laine de premi\u00e8re qualit\u00e9 pour voiture - Polissage intensif\" width=\"750\" height=\"302\" srcset=\"https:\/\/www.supersybon.com\/fr\/wp-content\/uploads\/2022\/10\/1765535552-W009DA-9-inch-230mm-Double-Sided-Wool-Pad-Nice-Polishing-Lambs-Wool-Buffing-Pad-100-Premium-Wool-Polishing-Pad-for-Car-Heavy-Cut.jpg 750w, https:\/\/www.supersybon.com\/fr\/wp-content\/uploads\/2022\/10\/1765535552-W009DA-9-inch-230mm-Double-Sided-Wool-Pad-Nice-Polishing-Lambs-Wool-Buffing-Pad-100-Premium-Wool-Polishing-Pad-for-Car-Heavy-Cut-480x193.jpg 480w\" sizes=\"(min-width: 0px) and (max-width: 480px) 480px, (min-width: 481px) 750px, 100vw\" \/><\/p>\n<div class=\"magic-13\">\n<div class=\"magic-14\">\n<div class=\"magic-9\">\n<div class=\"magic-10\">\n<p>&nbsp;<\/p>\n<\/div>\n<\/div>\n<\/div>\n<\/div>\n<div class=\"magic-13\">\n<div class=\"magic-14\">\n<p>&nbsp;<\/p>\n<h2><strong>W009DA Tampon de polissage double face en laine de 9 pouces (230 mm) de haute qualit\u00e9<\/strong><\/h2>\n<p>1. MAT\u00c9RIAU DE QUALIT\u00c9 : Les tampons de polissage sont fabriqu\u00e9s en laine d'agneau 100 % v\u00e9ritable, de qualit\u00e9 sup\u00e9rieure, lavables et r\u00e9utilisables. Ils permettent d'obtenir une surface brillante sans l'endommager.<\/p>\n<p>2. ADAPTATION PARFAITE : Ce tampon de polissage est id\u00e9al pour traiter la peinture oxyd\u00e9e, l'effet peau d'orange, les rayures profondes, les rayures de pon\u00e7age, les couches de finition dures et les vernis. Il convient au pon\u00e7age, au lustrage et au polissage avec des p\u00e2tes, des polishs et des cires. Compatible avec la plupart des polisseuses automobiles.<\/p>\n<p>3. EXTR\u00caMEMENT POLYVALENT : Cet accessoire de polissage pour machines \u00e9limine efficacement les rayures et notre kit de tampons de polissage est r\u00e9utilisable et performant pour le polissage automobile. Fabriqu\u00e9 en laine de haute qualit\u00e9, il est facile \u00e0 nettoyer.<\/p>\n<\/div>\n<\/div>\n<div class=\"magic-13\">\n<div class=\"magic-14\">\n<div class=\"magic-9\">\n<div class=\"magic-10\">\n<p><img decoding=\"async\" class=\"aligncenter size-full wp-image-4701\" src=\"https:\/\/www.supersybon.com\/fr\/wp-content\/uploads\/2022\/10\/1765535539-W009DA-9-Double-Sided-100-Pure-Wool-2-Sides-Lamb-Polish-Pads-with-58-11-Thread-Natural-Wool-Buffer-Pad.jpg\" alt=\"W009DA-9 - Tampons de polissage double face 100 % pure laine d'agneau avec filetage 5\/8-11 - Tampon de polissage en laine naturelle\" width=\"750\" height=\"750\" srcset=\"https:\/\/www.supersybon.com\/fr\/wp-content\/uploads\/2022\/10\/1765535539-W009DA-9-Double-Sided-100-Pure-Wool-2-Sides-Lamb-Polish-Pads-with-58-11-Thread-Natural-Wool-Buffer-Pad.jpg 750w, https:\/\/www.supersybon.com\/fr\/wp-content\/uploads\/2022\/10\/1765535539-W009DA-9-Double-Sided-100-Pure-Wool-2-Sides-Lamb-Polish-Pads-with-58-11-Thread-Natural-Wool-Buffer-Pad-480x480.jpg 480w\" sizes=\"(min-width: 0px) and (max-width: 480px) 480px, (min-width: 481px) 750px, 100vw\" \/> <img decoding=\"async\" class=\"aligncenter size-full wp-image-4706\" src=\"https:\/\/www.supersybon.com\/fr\/wp-content\/uploads\/2022\/10\/1765535569-W009DA-100-Wool-Double-Side-Polishing-Pads-9-Inch-Wool-Buffing-Pad-for-Car-Care.jpg\" alt=\"W009DA - Tampons de polissage double face 100 % laine - Tampon de lustrage en laine de 9 pouces pour l'entretien automobile\" width=\"750\" height=\"750\" srcset=\"https:\/\/www.supersybon.com\/fr\/wp-content\/uploads\/2022\/10\/1765535569-W009DA-100-Wool-Double-Side-Polishing-Pads-9-Inch-Wool-Buffing-Pad-for-Car-Care.jpg 750w, https:\/\/www.supersybon.com\/fr\/wp-content\/uploads\/2022\/10\/1765535569-W009DA-100-Wool-Double-Side-Polishing-Pads-9-Inch-Wool-Buffing-Pad-for-Car-Care-480x480.jpg 480w\" sizes=\"(min-width: 0px) and (max-width: 480px) 480px, (min-width: 481px) 750px, 100vw\" \/> <img decoding=\"async\" class=\"aligncenter size-full wp-image-4707\" src=\"https:\/\/www.supersybon.com\/fr\/wp-content\/uploads\/2022\/10\/1765535575-W009DA-Double-Side-Natural-Wool-Buffing-Pad-9-Inch-White-Polishing-Pad.jpg\" alt=\"W009DA - Tampon de polissage double face en laine naturelle - 9 pouces - Tampon de polissage blanc\" width=\"750\" height=\"750\" srcset=\"https:\/\/www.supersybon.com\/fr\/wp-content\/uploads\/2022\/10\/1765535575-W009DA-Double-Side-Natural-Wool-Buffing-Pad-9-Inch-White-Polishing-Pad.jpg 750w, https:\/\/www.supersybon.com\/fr\/wp-content\/uploads\/2022\/10\/1765535575-W009DA-Double-Side-Natural-Wool-Buffing-Pad-9-Inch-White-Polishing-Pad-480x480.jpg 480w\" sizes=\"(min-width: 0px) and (max-width: 480px) 480px, (min-width: 481px) 750px, 100vw\" \/> <img decoding=\"async\" class=\"aligncenter size-full wp-image-4710\" src=\"https:\/\/www.supersybon.com\/fr\/wp-content\/uploads\/2022\/10\/1765535590-W009DA-White-Wool-Car-Polishing-Pads-for-Car-Detailed-Cleaning.jpg\" alt=\"W009DA - Tampons de polissage en laine blanche pour le nettoyage d\u00e9taill\u00e9 des voitures.\" width=\"750\" height=\"750\" srcset=\"https:\/\/www.supersybon.com\/fr\/wp-content\/uploads\/2022\/10\/1765535590-W009DA-White-Wool-Car-Polishing-Pads-for-Car-Detailed-Cleaning.jpg 750w, https:\/\/www.supersybon.com\/fr\/wp-content\/uploads\/2022\/10\/1765535590-W009DA-White-Wool-Car-Polishing-Pads-for-Car-Detailed-Cleaning-480x480.jpg 480w\" sizes=\"(min-width: 0px) and (max-width: 480px) 480px, (min-width: 481px) 750px, 100vw\" \/> <img decoding=\"async\" class=\"aligncenter size-full wp-image-4702\" src=\"https:\/\/www.supersybon.com\/fr\/wp-content\/uploads\/2022\/10\/1765535546-W009DA-9-Inch-100-Premium-Wool-Buffing-Pads-High-end-Car-Buffer-Pads-For-Car-Care-Exported-To-European-and-American.jpg\" alt=\"W009DA - Tampons de polissage en laine 100 % de qualit\u00e9 sup\u00e9rieure de 9 pouces - Tampons de polissage haut de gamme pour l'entretien automobile - Export\u00e9s vers l'Europe et les \u00c9tats-Unis.\" width=\"750\" height=\"750\" srcset=\"https:\/\/www.supersybon.com\/fr\/wp-content\/uploads\/2022\/10\/1765535546-W009DA-9-Inch-100-Premium-Wool-Buffing-Pads-High-end-Car-Buffer-Pads-For-Car-Care-Exported-To-European-and-American.jpg 750w, https:\/\/www.supersybon.com\/fr\/wp-content\/uploads\/2022\/10\/1765535546-W009DA-9-Inch-100-Premium-Wool-Buffing-Pads-High-end-Car-Buffer-Pads-For-Car-Care-Exported-To-European-and-American-480x480.jpg 480w\" sizes=\"(min-width: 0px) and (max-width: 480px) 480px, (min-width: 481px) 750px, 100vw\" \/> <img decoding=\"async\" class=\"aligncenter size-full wp-image-4704\" src=\"https:\/\/www.supersybon.com\/fr\/wp-content\/uploads\/2022\/10\/1765535558-W009DA-9-Inch-Polishing-Pad-Double-Side-Natural-Wool-Buffing-Pad-for-Car-Detailing.jpg\" alt=\"W009DA - Tampon de polissage de 9 pouces, double face, en laine naturelle, pour le lustrage et le nettoyage des voitures.\" width=\"750\" height=\"750\" srcset=\"https:\/\/www.supersybon.com\/fr\/wp-content\/uploads\/2022\/10\/1765535558-W009DA-9-Inch-Polishing-Pad-Double-Side-Natural-Wool-Buffing-Pad-for-Car-Detailing.jpg 750w, https:\/\/www.supersybon.com\/fr\/wp-content\/uploads\/2022\/10\/1765535558-W009DA-9-Inch-Polishing-Pad-Double-Side-Natural-Wool-Buffing-Pad-for-Car-Detailing-480x480.jpg 480w\" sizes=\"(min-width: 0px) and (max-width: 480px) 480px, (min-width: 481px) 750px, 100vw\" \/><\/p>\n<\/div>\n<p>&nbsp;<\/p>\n<div class=\"magic-10\">\n<p>&nbsp;<\/p>\n<p>&nbsp;<\/p>\n<p><strong>Emballage et service du produit<\/strong><\/p>\n<hr \/>\n<p><strong>EMBALLER:<\/strong><\/p>\n<p>100 pi\u00e8ces\/carton.<\/p>\n<div class=\"magic-13\">\n<div class=\"magic-14\">\n<div class=\"magic-9\">\n<div class=\"magic-10\">\n<div class=\"magic-13\">\n<div class=\"magic-14\">\n<div data-spm-anchor-id=\"a2700.details.0.i37.625d2e9eLtZffL\">\n<div class=\"magic-13\">\n<div class=\"magic-14\">\n<div class=\"magic-9\">\n<div class=\"magic-10\">\n<div class=\"magic-13\">\n<div class=\"magic-14\">\n<div data-spm-anchor-id=\"a2700.details.0.i37.625d2e9eLtZffL\">\n<p>&nbsp;<\/p>\n<\/div>\n<\/div>\n<\/div>\n<\/div>\n<\/div>\n<\/div>\n<\/div>\n<div class=\"magic-13\">\n<div class=\"magic-14\">\n<div data-spm-anchor-id=\"a2700.details.0.i37.625d2e9eLtZffL\">\n<p>&nbsp;<\/p>\n<\/div>\n<\/div>\n<\/div>\n<\/div>\n<\/div>\n<\/div>\n<\/div>\n<\/div>\n<\/div>\n<\/div>\n<div class=\"magic-13\">\n<div class=\"magic-14\">\n<div data-spm-anchor-id=\"a2700.details.0.i37.625d2e9eLtZffL\">\n<p><strong>NOTRE SERVICE:<\/strong><\/p>\n<p>1,24 heures en ligne<\/p>\n<p>2. Prix comp\u00e9titif<\/p>\n<p>3. Excellents commentaires du client<\/p>\n<p>4. Commande en ligne s\u00e9curis\u00e9e<\/p>\n<p>5. livraison rapide<\/p>\n<p>6. support technique professionnel<\/p>\n<\/div>\n<\/div>\n<\/div>\n<div class=\"magic-13\">\n<div class=\"magic-14\">\n<div class=\"magic-9\">\n<div class=\"magic-10\">\n<div class=\"magic-13\">\n<div class=\"magic-14\">\n<div data-spm-anchor-id=\"a2700.details.0.i37.625d2e9eLtZffL\">\n<div class=\"magic-13\">\n<div class=\"magic-14\">\n<div data-spm-anchor-id=\"a2700.details.0.i37.625d2e9eLtZffL\">\n<p>&nbsp;<\/p>\n<\/div>\n<\/div>\n<\/div>\n<\/div>\n<\/div>\n<\/div>\n<\/div>\n<\/div>\n<\/div>\n<\/div>\n<div class=\"magic-13\">\n<div class=\"magic-14\">\n<div data-spm-anchor-id=\"a2700.details.0.i37.625d2e9eLtZffL\">\n<p>&nbsp;<\/p>\n<p>&nbsp;<\/p>\n<\/div>\n<div data-spm-anchor-id=\"a2700.details.0.i37.625d2e9eLtZffL\">\n<div class=\"magic-13\">\n<div class=\"magic-14\">\n<div class=\"magic-9\">\n<div class=\"magic-10\">\n<div class=\"magic-13\">\n<div class=\"magic-14\">\n<div data-spm-anchor-id=\"a2700.details.0.i37.625d2e9eLtZffL\">\n<div class=\"magic-13\">\n<div class=\"magic-14\">\n<div data-spm-anchor-id=\"a2700.details.0.i37.625d2e9eLtZffL\">\n<p>&nbsp;<\/p>\n<\/div>\n<\/div>\n<\/div>\n<\/div>\n<\/div>\n<\/div>\n<\/div>\n<\/div>\n<\/div>\n<\/div>\n<div class=\"magic-13\">\n<div class=\"magic-14\">\n<div data-spm-anchor-id=\"a2700.details.0.i37.625d2e9eLtZffL\">\n<p>&nbsp;<\/p>\n<div class=\"magic-13\">\n<div class=\"magic-14\">\n<div class=\"magic-9\">\n<div class=\"magic-10\">\n<div class=\"magic-13\">\n<div class=\"magic-14\">\n<div data-spm-anchor-id=\"a2700.details.0.i37.625d2e9eLtZffL\">\n<div class=\"magic-13\">\n<div class=\"magic-14\">\n<div class=\"magic-13\">\n<div class=\"magic-14\">\n<p>&nbsp;<\/p>\n<\/div>\n<\/div>\n<\/div>\n<\/div>\n<\/div>\n<\/div>\n<\/div>\n<\/div>\n<\/div>\n<\/div>\n<\/div>\n<div class=\"magic-13\">\n<div class=\"magic-14\">\n<p><img decoding=\"async\" class=\"aligncenter size-full wp-image-1118\" src=\"https:\/\/www.supersybon.com\/fr\/wp-content\/uploads\/2022\/10\/1666164792-W007PA-Car-Detailing-Single-Side-Wool-Polish-Buffing-Pad-Pure-Wool-Car-Buffing-Pad-Cutting-Pads-Polishing.png\" alt=\"\" width=\"617\" height=\"402\" srcset=\"https:\/\/www.supersybon.com\/fr\/wp-content\/uploads\/2022\/10\/1666164792-W007PA-Car-Detailing-Single-Side-Wool-Polish-Buffing-Pad-Pure-Wool-Car-Buffing-Pad-Cutting-Pads-Polishing.png 617w, https:\/\/www.supersybon.com\/fr\/wp-content\/uploads\/2022\/10\/1666164792-W007PA-Car-Detailing-Single-Side-Wool-Polish-Buffing-Pad-Pure-Wool-Car-Buffing-Pad-Cutting-Pads-Polishing-480x313.png 480w\" sizes=\"(min-width: 0px) and (max-width: 480px) 480px, (min-width: 481px) 617px, 100vw\" \/><\/p>\n<\/div>\n<\/div>\n<\/div>\n<\/div>\n<\/div>\n<\/div>\n<\/div>\n<\/div>\n<\/div>\n<\/div>\n<\/div>\n<\/div>\n","protected":false},"excerpt":{"rendered":"<p>Tampon de polissage double face en laine<br \/>\n\u2022 MAT\u00c9RIAU DE QUALIT\u00c9 : Les tampons de polissage sont fabriqu\u00e9s en laine d'agneau 100 % v\u00e9ritable, de qualit\u00e9 sup\u00e9rieure, lavables et r\u00e9utilisables. Ils permettent d'obtenir une surface brillante sans l'endommager.<br \/>\n\u2022 ADAPTATION PARFAITE : Ce tampon de polissage est id\u00e9al pour les peintures oxyd\u00e9es, l'effet peau d'orange, les rayures profondes, les rayures de pon\u00e7age, les couches de finition dures et les vernis. Il convient pour le pon\u00e7age, le lustrage et le polissage avec des p\u00e2tes, des polishs et des cires. Il est compatible avec presque toutes les polisseuses automobiles.<br \/>\n\u2022 EXTR\u00caMEMENT POLYVALENT : Cet outil de polissage pour machines a un bon effet nettoyant et notre kit de tampons de polissage est r\u00e9utilisable et efficace pour le polissage des voitures. Fabriqu\u00e9 en laine de haute qualit\u00e9, il est facile \u00e0 nettoyer.<\/p>\n","protected":false},"featured_media":4708,"template":"","meta":{"_et_pb_use_builder":"","_et_pb_old_content":"","_et_gb_content_width":""},"product_brand":[],"product_cat":[56,64],"product_tag":[1076],"class_list":{"0":"post-1124","1":"product","2":"type-product","3":"status-publish","4":"has-post-thumbnail","6":"product_cat-serie-dentretien-automobile","7":"product_cat-tampon-de-laine","8":"product_tag-tampon-de-polissage-double-face-en-laine","10":"first","11":"instock","12":"shipping-taxable","13":"product-type-simple"},"_links":{"self":[{"href":"https:\/\/www.supersybon.com\/fr\/wp-json\/wp\/v2\/product\/1124","targetHints":{"allow":["GET"]}}],"collection":[{"href":"https:\/\/www.supersybon.com\/fr\/wp-json\/wp\/v2\/product"}],"about":[{"href":"https:\/\/www.supersybon.com\/fr\/wp-json\/wp\/v2\/types\/product"}],"wp:featuredmedia":[{"embeddable":true,"href":"https:\/\/www.supersybon.com\/fr\/wp-json\/wp\/v2\/media\/4708"}],"wp:attachment":[{"href":"https:\/\/www.supersybon.com\/fr\/wp-json\/wp\/v2\/media?parent=1124"}],"wp:term":[{"taxonomy":"product_brand","embeddable":true,"href":"https:\/\/www.supersybon.com\/fr\/wp-json\/wp\/v2\/product_brand?post=1124"},{"taxonomy":"product_cat","embeddable":true,"href":"https:\/\/www.supersybon.com\/fr\/wp-json\/wp\/v2\/product_cat?post=1124"},{"taxonomy":"product_tag","embeddable":true,"href":"https:\/\/www.supersybon.com\/fr\/wp-json\/wp\/v2\/product_tag?post=1124"}],"curies":[{"name":"wp","href":"https:\/\/api.w.org\/{rel}","templated":true}]}}