{"id":1113,"date":"2022-10-19T14:43:29","date_gmt":"2022-10-19T06:43:29","guid":{"rendered":"https:\/\/www.supersybon.com\/fr\/?post_type=product&#038;p=1113"},"modified":"2025-12-12T18:46:09","modified_gmt":"2025-12-12T10:46:09","slug":"w007pa-tampon-de-polissage-en-laine-avec-crochet-et-boucle","status":"publish","type":"product","link":"https:\/\/www.supersybon.com\/fr\/product\/w007pa-tampon-de-polissage-en-laine-avec-crochet-et-boucle","title":{"rendered":"W007PA 7\" 100% Tampon de polissage en laine avec crochet et boucle tampon de coupe et de polissage simple face pour l'automobile"},"content":{"rendered":"<p><img decoding=\"async\" class=\"aligncenter size-full wp-image-1114\" src=\"https:\/\/www.supersybon.com\/fr\/wp-content\/uploads\/2022\/10\/1666164605-W007PA-5-Inch-125Mm-Microfiber-Polishing-Pad-Polish-Buffer-Pads-Buffing-Pad-Kits-Microfiber.jpg\" alt=\"\" width=\"900\" height=\"364\" srcset=\"https:\/\/www.supersybon.com\/fr\/wp-content\/uploads\/2022\/10\/1666164605-W007PA-5-Inch-125Mm-Microfiber-Polishing-Pad-Polish-Buffer-Pads-Buffing-Pad-Kits-Microfiber.jpg 900w, https:\/\/www.supersybon.com\/fr\/wp-content\/uploads\/2022\/10\/1666164605-W007PA-5-Inch-125Mm-Microfiber-Polishing-Pad-Polish-Buffer-Pads-Buffing-Pad-Kits-Microfiber-480x194.jpg 480w\" sizes=\"(min-width: 0px) and (max-width: 480px) 480px, (min-width: 481px) 900px, 100vw\" \/><\/p>\n<div class=\"magic-13\">\n<div class=\"magic-14\">\n<div class=\"magic-9\">\n<div class=\"magic-10\">\n<p>&nbsp;<\/p>\n<\/div>\n<\/div>\n<\/div>\n<\/div>\n<div class=\"magic-13\">\n<div class=\"magic-14\">\n<h2><strong>W007PA Tampon de polissage en laine simple face de 7 pouces (vente en gros)<\/strong><\/h2>\n<p>1. Tampon de polissage en laine 100 % avec fixation auto-agrippante - Tampon de coupe et de polissage simple face.<\/p>\n<p>2. Id\u00e9al pour le polissage des peintures oxyd\u00e9es, des d\u00e9fauts de type peau d'orange, des rayures profondes, des rayures de pon\u00e7age et des couches de finition et vernis durs.<\/p>\n<p>3. Tampon de polissage en laine \u00e0 forte capacit\u00e9 de coupe pour le pon\u00e7age, le polissage et la finition avec des p\u00e2tes \u00e0 polir, des polishs et des lustrants.<\/p>\n<\/div>\n<\/div>\n<div data-id=\"paragraph0\"><\/div>\n<p><img decoding=\"async\" class=\"aligncenter size-full wp-image-4715\" src=\"https:\/\/www.supersybon.com\/fr\/wp-content\/uploads\/2022\/10\/1765536153-W007PA-7-Inch-White-Wool-Polishing-Pad-Advanced-Single-Side-Natural-Wool-Buffing-Pad-for-RO-Polisher.jpg\" alt=\"W007PA \u2013 Tampon de polissage en laine blanche de 7 pouces \u2013 Tampon de lustrage avanc\u00e9 en laine naturelle simple face pour polisseuse orbitale.\" width=\"750\" height=\"750\" srcset=\"https:\/\/www.supersybon.com\/fr\/wp-content\/uploads\/2022\/10\/1765536153-W007PA-7-Inch-White-Wool-Polishing-Pad-Advanced-Single-Side-Natural-Wool-Buffing-Pad-for-RO-Polisher.jpg 750w, https:\/\/www.supersybon.com\/fr\/wp-content\/uploads\/2022\/10\/1765536153-W007PA-7-Inch-White-Wool-Polishing-Pad-Advanced-Single-Side-Natural-Wool-Buffing-Pad-for-RO-Polisher-480x480.jpg 480w\" sizes=\"(min-width: 0px) and (max-width: 480px) 480px, (min-width: 481px) 750px, 100vw\" \/> <img decoding=\"async\" class=\"aligncenter size-full wp-image-4712\" src=\"https:\/\/www.supersybon.com\/fr\/wp-content\/uploads\/2022\/10\/1765536138-W007PA-7-100-Wool-Hook-Loop-Buffing-Pads-Compound-Cutting-Polishing-Pad-For-Auto-Car-Detailing-Polisher-Sander.jpg\" alt=\"W007PA-7 - Tampons de polissage en laine 100 % avec fixation auto-agrippante - Tampon de coupe et de polissage pour le lustrage et le pon\u00e7age des voitures (d\u00e9tailing automobile)\" width=\"750\" height=\"750\" srcset=\"https:\/\/www.supersybon.com\/fr\/wp-content\/uploads\/2022\/10\/1765536138-W007PA-7-100-Wool-Hook-Loop-Buffing-Pads-Compound-Cutting-Polishing-Pad-For-Auto-Car-Detailing-Polisher-Sander.jpg 750w, https:\/\/www.supersybon.com\/fr\/wp-content\/uploads\/2022\/10\/1765536138-W007PA-7-100-Wool-Hook-Loop-Buffing-Pads-Compound-Cutting-Polishing-Pad-For-Auto-Car-Detailing-Polisher-Sander-480x480.jpg 480w\" sizes=\"(min-width: 0px) and (max-width: 480px) 480px, (min-width: 481px) 750px, 100vw\" \/> <img decoding=\"async\" class=\"aligncenter size-full wp-image-4713\" src=\"https:\/\/www.supersybon.com\/fr\/wp-content\/uploads\/2022\/10\/1765536143-W007PA-7-Backing-Hook-Loop-Nature-Wool-Buffing-Pad-for-Compound-Cutting-Polishing.jpg\" alt=\"W007PA-7 - Tampon de polissage en laine naturelle avec support auto-agrippant pour le pon\u00e7age et le polissage de compos\u00e9s.\" width=\"750\" height=\"750\" srcset=\"https:\/\/www.supersybon.com\/fr\/wp-content\/uploads\/2022\/10\/1765536143-W007PA-7-Backing-Hook-Loop-Nature-Wool-Buffing-Pad-for-Compound-Cutting-Polishing.jpg 750w, https:\/\/www.supersybon.com\/fr\/wp-content\/uploads\/2022\/10\/1765536143-W007PA-7-Backing-Hook-Loop-Nature-Wool-Buffing-Pad-for-Compound-Cutting-Polishing-480x480.jpg 480w\" sizes=\"(min-width: 0px) and (max-width: 480px) 480px, (min-width: 481px) 750px, 100vw\" \/> <img decoding=\"async\" class=\"aligncenter size-full wp-image-4717\" src=\"https:\/\/www.supersybon.com\/fr\/wp-content\/uploads\/2022\/10\/1765536164-W007PA-Advanced-Single-Side-Natural-Wool-Buffing-Pad-7-Inch-White-Polishing-Pad.jpg\" alt=\"W007PA - Tampon de polissage avanc\u00e9 simple face en laine naturelle - 7 pouces - Tampon de polissage blanc\" width=\"750\" height=\"750\" srcset=\"https:\/\/www.supersybon.com\/fr\/wp-content\/uploads\/2022\/10\/1765536164-W007PA-Advanced-Single-Side-Natural-Wool-Buffing-Pad-7-Inch-White-Polishing-Pad.jpg 750w, https:\/\/www.supersybon.com\/fr\/wp-content\/uploads\/2022\/10\/1765536164-W007PA-Advanced-Single-Side-Natural-Wool-Buffing-Pad-7-Inch-White-Polishing-Pad-480x480.jpg 480w\" sizes=\"(min-width: 0px) and (max-width: 480px) 480px, (min-width: 481px) 750px, 100vw\" \/> <img decoding=\"async\" class=\"aligncenter size-full wp-image-4714\" src=\"https:\/\/www.supersybon.com\/fr\/wp-content\/uploads\/2022\/10\/1765536148-W007PA-7-Inch-White-180mm-Polishing-Pad-Advanced-Single-Side-Natural-Wool-Buffing-Pad.jpg\" alt=\"W007PA - Tampon de polissage blanc de 7 pouces (180 mm) - Tampon de lustrage avanc\u00e9 simple face en laine naturelle\" width=\"750\" height=\"750\" srcset=\"https:\/\/www.supersybon.com\/fr\/wp-content\/uploads\/2022\/10\/1765536148-W007PA-7-Inch-White-180mm-Polishing-Pad-Advanced-Single-Side-Natural-Wool-Buffing-Pad.jpg 750w, https:\/\/www.supersybon.com\/fr\/wp-content\/uploads\/2022\/10\/1765536148-W007PA-7-Inch-White-180mm-Polishing-Pad-Advanced-Single-Side-Natural-Wool-Buffing-Pad-480x480.jpg 480w\" sizes=\"(min-width: 0px) and (max-width: 480px) 480px, (min-width: 481px) 750px, 100vw\" \/><\/p>\n<div class=\"magic-13\">\n<div class=\"magic-14\">\n<div class=\"magic-9\">\n<div class=\"magic-10\">\n<p>&nbsp;<\/p>\n<p>&nbsp;<\/p>\n<\/div>\n<p>&nbsp;<\/p>\n<p><img decoding=\"async\" class=\"aligncenter size-full wp-image-1119\" src=\"https:\/\/www.supersybon.com\/fr\/wp-content\/uploads\/2022\/10\/1666164817-W007PA-Wholesale-Price-Polishing-Pad-Car-Refinish-Good-Quality-Wool-Polishing-Pad-For-Car-Wax-And-Polish.png\" alt=\"\" width=\"750\" height=\"750\" srcset=\"https:\/\/www.supersybon.com\/fr\/wp-content\/uploads\/2022\/10\/1666164817-W007PA-Wholesale-Price-Polishing-Pad-Car-Refinish-Good-Quality-Wool-Polishing-Pad-For-Car-Wax-And-Polish.png 750w, https:\/\/www.supersybon.com\/fr\/wp-content\/uploads\/2022\/10\/1666164817-W007PA-Wholesale-Price-Polishing-Pad-Car-Refinish-Good-Quality-Wool-Polishing-Pad-For-Car-Wax-And-Polish-480x480.png 480w\" sizes=\"(min-width: 0px) and (max-width: 480px) 480px, (min-width: 481px) 750px, 100vw\" \/><\/p>\n<p>&nbsp;<\/p>\n<div class=\"magic-10\">\n<p>&nbsp;<\/p>\n<p>&nbsp;<\/p>\n<p><strong>Emballage et service du produit<\/strong><\/p>\n<hr \/>\n<p><strong>EMBALLER:<\/strong><\/p>\n<p>100 pi\u00e8ces\/carton.<\/p>\n<div data-spm-anchor-id=\"a2700.details.0.i37.625d2e9eLtZffL\">\n<div class=\"magic-13\">\n<div class=\"magic-14\">\n<div class=\"magic-9\">\n<div class=\"magic-10\">\n<div class=\"magic-13\">\n<div class=\"magic-14\">\n<div data-spm-anchor-id=\"a2700.details.0.i37.625d2e9eLtZffL\">\n<div class=\"magic-13\">\n<div class=\"magic-14\">\n<div class=\"magic-9\">\n<div class=\"magic-10\">\n<div class=\"magic-13\">\n<div class=\"magic-14\">\n<div data-spm-anchor-id=\"a2700.details.0.i37.625d2e9eLtZffL\">\n<p><img decoding=\"async\" class=\"aligncenter size-full wp-image-1117\" src=\"https:\/\/www.supersybon.com\/fr\/wp-content\/uploads\/2022\/10\/1666164758-W007PA-Polish-Pad-Wool-Microfiber-Vehicle-Car-Wool-Polishing-Pad-7-Felt-Wool-Polishing-Buffing-Wheel-Discs-Pads.jpg\" alt=\"\" width=\"750\" height=\"750\" srcset=\"https:\/\/www.supersybon.com\/fr\/wp-content\/uploads\/2022\/10\/1666164758-W007PA-Polish-Pad-Wool-Microfiber-Vehicle-Car-Wool-Polishing-Pad-7-Felt-Wool-Polishing-Buffing-Wheel-Discs-Pads.jpg 750w, https:\/\/www.supersybon.com\/fr\/wp-content\/uploads\/2022\/10\/1666164758-W007PA-Polish-Pad-Wool-Microfiber-Vehicle-Car-Wool-Polishing-Pad-7-Felt-Wool-Polishing-Buffing-Wheel-Discs-Pads-480x480.jpg 480w\" sizes=\"(min-width: 0px) and (max-width: 480px) 480px, (min-width: 481px) 750px, 100vw\" \/><\/p>\n<\/div>\n<\/div>\n<\/div>\n<\/div>\n<\/div>\n<\/div>\n<\/div>\n<\/div>\n<\/div>\n<\/div>\n<\/div>\n<\/div>\n<\/div>\n<\/div>\n<\/div>\n<\/div>\n<\/div>\n<\/div>\n<\/div>\n","protected":false},"excerpt":{"rendered":"<p>\u00b7 Tampon de polissage 100 % laine \u00e0 crochets et boucles \u2013 Tampon de coupe et de polissage simple face.<br \/>\n\u00b7 Polissez la peinture oxyd\u00e9e, la peau d'orange, les rayures profondes, les rayures de pon\u00e7age de couleur et les couches de finition et vernis durs.<br \/>\n\u00b7 Tampon de polissage en laine de coupe lourde pour couper, polir et polir avec des compos\u00e9s, des produits de polissage et des vernis.<\/p>\n","protected":false},"featured_media":4719,"template":"","meta":{"_et_pb_use_builder":"","_et_pb_old_content":"","_et_gb_content_width":""},"product_brand":[],"product_cat":[56,64],"product_tag":[791,793,792],"class_list":{"0":"post-1113","1":"product","2":"type-product","3":"status-publish","4":"has-post-thumbnail","6":"product_cat-serie-dentretien-automobile","7":"product_cat-tampon-de-laine","8":"product_tag-tampon-de-polissage-a-poignee-crochet-et-boucle-100-laine","9":"product_tag-tampon-de-polissage-en-laine-avec-crochet-et-boucle","10":"product_tag-tampon-de-polissage-en-laine-pour-coupe-composee","12":"first","13":"instock","14":"shipping-taxable","15":"product-type-simple"},"_links":{"self":[{"href":"https:\/\/www.supersybon.com\/fr\/wp-json\/wp\/v2\/product\/1113","targetHints":{"allow":["GET"]}}],"collection":[{"href":"https:\/\/www.supersybon.com\/fr\/wp-json\/wp\/v2\/product"}],"about":[{"href":"https:\/\/www.supersybon.com\/fr\/wp-json\/wp\/v2\/types\/product"}],"wp:featuredmedia":[{"embeddable":true,"href":"https:\/\/www.supersybon.com\/fr\/wp-json\/wp\/v2\/media\/4719"}],"wp:attachment":[{"href":"https:\/\/www.supersybon.com\/fr\/wp-json\/wp\/v2\/media?parent=1113"}],"wp:term":[{"taxonomy":"product_brand","embeddable":true,"href":"https:\/\/www.supersybon.com\/fr\/wp-json\/wp\/v2\/product_brand?post=1113"},{"taxonomy":"product_cat","embeddable":true,"href":"https:\/\/www.supersybon.com\/fr\/wp-json\/wp\/v2\/product_cat?post=1113"},{"taxonomy":"product_tag","embeddable":true,"href":"https:\/\/www.supersybon.com\/fr\/wp-json\/wp\/v2\/product_tag?post=1113"}],"curies":[{"name":"wp","href":"https:\/\/api.w.org\/{rel}","templated":true}]}}