{"id":1083,"date":"2022-10-19T10:11:09","date_gmt":"2022-10-19T02:11:09","guid":{"rendered":"https:\/\/www.supersybon.com\/fr\/?post_type=product&#038;p=1083"},"modified":"2023-09-13T18:13:23","modified_gmt":"2023-09-13T10:13:23","slug":"pl120-7%e2%80%b3-rotatif-de-qualite-professionnelle-polisseuse-de-tampon-de-voiture","status":"publish","type":"product","link":"https:\/\/www.supersybon.com\/fr\/product\/pl120-7%e2%80%b3-rotatif-de-qualite-professionnelle-polisseuse-de-tampon-de-voiture","title":{"rendered":"PL120 7\u2033 Rotatif de qualit\u00e9 professionnelle polisseuse de tampon de voiture avec moteur puissant et contr\u00f4le de vitesse variable"},"content":{"rendered":"<p><img decoding=\"async\" class=\"aligncenter size-full wp-image-1084\" src=\"https:\/\/www.supersybon.com\/fr\/wp-content\/uploads\/2022\/10\/1666148312-PL120-180Mm-1050W-High-Quality-Variable-Speed-Electric-Power-Car-Detailing-Polisher-Orbital-Machine-Tool.jpg\" alt=\"\" width=\"900\" height=\"364\" srcset=\"https:\/\/www.supersybon.com\/fr\/wp-content\/uploads\/2022\/10\/1666148312-PL120-180Mm-1050W-High-Quality-Variable-Speed-Electric-Power-Car-Detailing-Polisher-Orbital-Machine-Tool.jpg 900w, https:\/\/www.supersybon.com\/fr\/wp-content\/uploads\/2022\/10\/1666148312-PL120-180Mm-1050W-High-Quality-Variable-Speed-Electric-Power-Car-Detailing-Polisher-Orbital-Machine-Tool-480x194.jpg 480w\" sizes=\"(min-width: 0px) and (max-width: 480px) 480px, (min-width: 481px) 900px, 100vw\" \/><\/p>\n<div class=\"magic-13\">\n<div class=\"magic-14\">\n<div class=\"magic-9\">\n<div class=\"magic-10\">\n<p>&nbsp;<\/p>\n<\/div>\n<\/div>\n<\/div>\n<\/div>\n<div class=\"magic-13\">\n<div class=\"magic-14\">\n<p>&nbsp;<\/p>\n<h2><strong>PL120 7\u2033 Rotatif de qualit\u00e9 professionnelle polisseuse de tampon de voiture<\/strong><\/h2>\n<p>1.Important : la polisseuse rotative est un outil con\u00e7u pour les d\u00e9taillants professionnels, les magasins et les chantiers. Cette v\u00e9ritable polisseuse rotative super puissante coupe, polit et polit pour faire ressortir une finition semblable \u00e0 un miroir, m\u00eame sur les surfaces les plus ternes.<\/p>\n<p>2. Contr\u00f4le de vitesse variable : le cadran de contr\u00f4le de vitesse variable vous permet d'ajuster la vitesse de la polisseuse de voiture en fonction de diff\u00e9rentes applications.<\/p>\n<p>3. Utilisation professionnelle : la polisseuse rotative est un outil de qualit\u00e9 professionnelle con\u00e7u pour \u00e9liminer rapidement les fortes oxydations et corriger les imperfections de surface. Une exp\u00e9rience pr\u00e9alable avec un outil rotatif est recommand\u00e9e avant d'utiliser cette machine.<\/p>\n<\/div>\n<\/div>\n<p>&nbsp;<\/p>\n<div class=\"magic-13\">\n<div class=\"magic-14\">\n<div class=\"magic-9\">\n<div class=\"magic-10\">\n<p><img decoding=\"async\" class=\"aligncenter size-full wp-image-1085\" src=\"https:\/\/www.supersybon.com\/fr\/wp-content\/uploads\/2022\/10\/1666148335-PL120-Polishing-Machine-Car-Polisher-Auto-Polish-Car-Buffers-And-Polishers-For-Detailing.jpg\" alt=\"\" width=\"750\" height=\"750\" srcset=\"https:\/\/www.supersybon.com\/fr\/wp-content\/uploads\/2022\/10\/1666148335-PL120-Polishing-Machine-Car-Polisher-Auto-Polish-Car-Buffers-And-Polishers-For-Detailing.jpg 750w, https:\/\/www.supersybon.com\/fr\/wp-content\/uploads\/2022\/10\/1666148335-PL120-Polishing-Machine-Car-Polisher-Auto-Polish-Car-Buffers-And-Polishers-For-Detailing-480x480.jpg 480w\" sizes=\"(min-width: 0px) and (max-width: 480px) 480px, (min-width: 481px) 750px, 100vw\" \/><\/p>\n<p>&nbsp;<\/p>\n<p><strong>Emballage et service du produit<\/strong><\/p>\n<hr \/>\n<p><strong>EMBALLER:<\/strong><\/p>\n<p>6 pi\u00e8ces dans un carton.<\/p>\n<p><img decoding=\"async\" class=\"aligncenter size-full wp-image-1086\" src=\"https:\/\/www.supersybon.com\/fr\/wp-content\/uploads\/2022\/10\/1666148363-PL120-1050W-3000Rpm-Adjustable-Speed-Corded-Professional-Hand-Electric-Flex-Car-Polisher-For-Surface-Polishing.jpg\" alt=\"\" width=\"750\" height=\"750\" srcset=\"https:\/\/www.supersybon.com\/fr\/wp-content\/uploads\/2022\/10\/1666148363-PL120-1050W-3000Rpm-Adjustable-Speed-Corded-Professional-Hand-Electric-Flex-Car-Polisher-For-Surface-Polishing.jpg 750w, https:\/\/www.supersybon.com\/fr\/wp-content\/uploads\/2022\/10\/1666148363-PL120-1050W-3000Rpm-Adjustable-Speed-Corded-Professional-Hand-Electric-Flex-Car-Polisher-For-Surface-Polishing-480x480.jpg 480w\" sizes=\"(min-width: 0px) and (max-width: 480px) 480px, (min-width: 481px) 750px, 100vw\" \/><\/p>\n<div data-spm-anchor-id=\"a2700.details.0.i37.625d2e9eLtZffL\">\n<p>&nbsp;<\/p>\n<\/div>\n<div class=\"magic-13\">\n<div class=\"magic-14\">\n<div class=\"magic-9\">\n<div class=\"magic-10\">\n<div class=\"magic-13\">\n<div class=\"magic-14\">\n<div data-spm-anchor-id=\"a2700.details.0.i37.625d2e9eLtZffL\">\n<p>&nbsp;<\/p>\n<\/div>\n<\/div>\n<\/div>\n<\/div>\n<\/div>\n<\/div>\n<\/div>\n<div class=\"magic-13\">\n<div class=\"magic-14\">\n<div data-spm-anchor-id=\"a2700.details.0.i37.625d2e9eLtZffL\">\n<p><strong>NOTRE SERVICE:<\/strong><\/p>\n<p>1.24 heures en ligne<\/p>\n<p>2. Prix comp\u00e9titif<\/p>\n<p>3. Excellents commentaires du client<\/p>\n<p>4. Commande en ligne s\u00e9curis\u00e9e<\/p>\n<p>5. livraison rapide<\/p>\n<p>6. support technique professionnel<\/p>\n<\/div>\n<\/div>\n<\/div>\n<\/div>\n<\/div>\n<\/div>\n<\/div>\n<div class=\"magic-13\">\n<div class=\"magic-14\">\n<div class=\"magic-13\">\n<div class=\"magic-14\">\n<div class=\"magic-9\">\n<div class=\"magic-10\">\n<div class=\"magic-13\">\n<div class=\"magic-14\">\n<div data-spm-anchor-id=\"a2700.details.0.i37.625d2e9eLtZffL\">\n<div class=\"magic-13\">\n<div class=\"magic-14\">\n<p>&nbsp;<\/p>\n<\/div>\n<\/div>\n<\/div>\n<\/div>\n<\/div>\n<\/div>\n<\/div>\n<\/div>\n<\/div>\n<div class=\"magic-13\">\n<div class=\"magic-14\">\n<p><strong>Profil de l'entreprise<\/strong><\/p>\n<hr \/>\n<p>&nbsp;<\/p>\n<\/div>\n<\/div>\n<p><img decoding=\"async\" class=\"aligncenter size-full wp-image-324\" src=\"https:\/\/www.supersybon.com\/fr\/wp-content\/uploads\/2022\/09\/1663401769-Car-Paint-Supplier-Company-Profile-Manufacturer-China.jpg\" alt=\"\" width=\"900\" height=\"958\" srcset=\"https:\/\/www.supersybon.com\/fr\/wp-content\/uploads\/2022\/09\/1663401769-Car-Paint-Supplier-Company-Profile-Manufacturer-China.jpg 900w, https:\/\/www.supersybon.com\/fr\/wp-content\/uploads\/2022\/09\/1663401769-Car-Paint-Supplier-Company-Profile-Manufacturer-China-480x511.jpg 480w\" sizes=\"(min-width: 0px) and (max-width: 480px) 480px, (min-width: 481px) 900px, 100vw\" \/><\/p>\n<div class=\"magic-13\">\n<div class=\"magic-14\">\n<p><strong>FAQ<\/strong><\/p>\n<hr \/>\n<\/div>\n<\/div>\n<p><strong>Q\u00a0:\u00a0Quel est votre MOQ\u00a0?<\/strong><\/p>\n<p>R : Notre MOQ est de 1 ensemble.<\/p>\n<p><strong>Q\u00a0:\u00a0Qu\u2019en est-il de votre paiement\u00a0?<\/strong><\/p>\n<p>R : d\u00e9p\u00f4t de 50% \u00e0 l'avance, solde de 50% par T\/T, L\/C, paypal, Western Union ou bien avant exp\u00e9dition.<\/p>\n<p><strong>Q : Fournissez-vous des \u00e9chantillons ?<\/strong><\/p>\n<p>R : Oui, vous pouvez acheter un \u00e9chantillon pour le tester.<\/p>\n<p><strong>Q : Qu'en est-il de votre d\u00e9lai de livraison ?<\/strong><\/p>\n<p>R\u00a0:\u00a0Habituellement 15 jours apr\u00e8s r\u00e9ception de votre d\u00e9p\u00f4t.<\/p>\n<\/div>\n<\/div>\n","protected":false},"excerpt":{"rendered":"<p>\u00b7Important: Rotary Polisher is a tool built for the professional detailer, shops, and yards. This super powerful true Rotary Polisher Cuts, Polishes, and Buffs to bring out a mirror like finish in even the dullest surface.<br \/>\n\u00b7Variable speed control: Variable speed control dial allows you to adjust the car polisher speed according to different applications.<br \/>\n\u00b7Professional use: The Rotary Polisher is a professional grade tool designed to quickly remove heavy oxidation and correct surface imperfections. Prior experience with a rotary tool is recommended before using this machine.<\/p>\n","protected":false},"featured_media":1087,"template":"","meta":{"_et_pb_use_builder":"","_et_pb_old_content":"","_et_gb_content_width":""},"product_brand":[],"product_cat":[66,56],"product_tag":[787],"class_list":{"0":"post-1083","1":"product","2":"type-product","3":"status-publish","4":"has-post-thumbnail","6":"product_cat-polisseuse-de-voiture","7":"product_cat-serie-dentretien-automobile","8":"product_tag-polisseuse-de-tampon-de-voiture","10":"first","11":"instock","12":"shipping-taxable","13":"product-type-simple"},"_links":{"self":[{"href":"https:\/\/www.supersybon.com\/fr\/wp-json\/wp\/v2\/product\/1083","targetHints":{"allow":["GET"]}}],"collection":[{"href":"https:\/\/www.supersybon.com\/fr\/wp-json\/wp\/v2\/product"}],"about":[{"href":"https:\/\/www.supersybon.com\/fr\/wp-json\/wp\/v2\/types\/product"}],"wp:featuredmedia":[{"embeddable":true,"href":"https:\/\/www.supersybon.com\/fr\/wp-json\/wp\/v2\/media\/1087"}],"wp:attachment":[{"href":"https:\/\/www.supersybon.com\/fr\/wp-json\/wp\/v2\/media?parent=1083"}],"wp:term":[{"taxonomy":"product_brand","embeddable":true,"href":"https:\/\/www.supersybon.com\/fr\/wp-json\/wp\/v2\/product_brand?post=1083"},{"taxonomy":"product_cat","embeddable":true,"href":"https:\/\/www.supersybon.com\/fr\/wp-json\/wp\/v2\/product_cat?post=1083"},{"taxonomy":"product_tag","embeddable":true,"href":"https:\/\/www.supersybon.com\/fr\/wp-json\/wp\/v2\/product_tag?post=1083"}],"curies":[{"name":"wp","href":"https:\/\/api.w.org\/{rel}","templated":true}]}}