{"id":1073,"date":"2022-10-18T18:21:27","date_gmt":"2022-10-18T10:21:27","guid":{"rendered":"https:\/\/www.supersybon.com\/fr\/?post_type=product&#038;p=1073"},"modified":"2025-11-24T13:51:41","modified_gmt":"2025-11-24T05:51:41","slug":"ml01-ml02-couvercle-dagitateur-de-melangeur-de-peinture","status":"publish","type":"product","link":"https:\/\/www.supersybon.com\/fr\/product\/ml01-ml02-couvercle-dagitateur-de-melangeur-de-peinture","title":{"rendered":"ML01\/ML02 Couvercle d'agitateur de m\u00e9langeur de peinture couvercle d'agitateur de m\u00e9lange pour pot de peinture d'un gallon et d'un litre"},"content":{"rendered":"<p><img decoding=\"async\" class=\"aligncenter size-full wp-image-1074\" src=\"https:\/\/www.supersybon.com\/fr\/wp-content\/uploads\/2022\/10\/1666089916-Ml01-Paint-Auto-Mixer-Auto-Paint-Color-Mixing-Machine-Coulor-Mix-Machine-Paint-Mixing-Lid.jpg\" alt=\"\" width=\"900\" height=\"760\" srcset=\"https:\/\/www.supersybon.com\/fr\/wp-content\/uploads\/2022\/10\/1666089916-Ml01-Paint-Auto-Mixer-Auto-Paint-Color-Mixing-Machine-Coulor-Mix-Machine-Paint-Mixing-Lid.jpg 900w, https:\/\/www.supersybon.com\/fr\/wp-content\/uploads\/2022\/10\/1666089916-Ml01-Paint-Auto-Mixer-Auto-Paint-Color-Mixing-Machine-Coulor-Mix-Machine-Paint-Mixing-Lid-480x405.jpg 480w\" sizes=\"(min-width: 0px) and (max-width: 480px) 480px, (min-width: 481px) 900px, 100vw\" \/><\/p>\n<p><strong>Description du produit<\/strong><\/p>\n<hr \/>\n<h2 class=\"magic-11\" style=\"text-align: left;\"><strong><span class=\"magic-12\" data-spm-anchor-id=\"a2700.details.0.i19.7cbf3850OTyGls\"><span style=\"font-size: 20px;\"><b class=\"magic-7\" data-spm-anchor-id=\"a2700.details.0.i21.6b2870a11DvrvN\">ML01\/ML02 Couvercle d'agitateur de m\u00e9langeur de peinture<\/b><\/span><\/span><\/strong><\/h2>\n<div><\/div>\n<div class=\"magic-13\">\n<div class=\"magic-14\">\n<div class=\"magic-15\" data-id=\"paragraph0\">Agitateurs de couvercles de machine de syst\u00e8me de m\u00e9lange de couleur de rev\u00eatement automobile. Bonne \u00e9tanch\u00e9it\u00e9 et aucune fuite.<\/div>\n<\/div>\n<\/div>\n<div class=\"magic-13\">\n<div class=\"magic-14\">\n<div class=\"magic-9\">\n<div class=\"magic-10\">\n<p><img decoding=\"async\" class=\"aligncenter size-full wp-image-1075\" src=\"https:\/\/www.supersybon.com\/fr\/wp-content\/uploads\/2022\/10\/1666089949-Ml01-Paint-Mixing-Lid-Mixer-Blade-Can-Mate-Stirring-Lids-For-Car-Paint-Mixing-Machine.jpg\" alt=\"\" width=\"750\" height=\"633\" srcset=\"https:\/\/www.supersybon.com\/fr\/wp-content\/uploads\/2022\/10\/1666089949-Ml01-Paint-Mixing-Lid-Mixer-Blade-Can-Mate-Stirring-Lids-For-Car-Paint-Mixing-Machine.jpg 750w, https:\/\/www.supersybon.com\/fr\/wp-content\/uploads\/2022\/10\/1666089949-Ml01-Paint-Mixing-Lid-Mixer-Blade-Can-Mate-Stirring-Lids-For-Car-Paint-Mixing-Machine-480x405.jpg 480w\" sizes=\"(min-width: 0px) and (max-width: 480px) 480px, (min-width: 481px) 750px, 100vw\" \/><\/p>\n<p><img decoding=\"async\" class=\"aligncenter size-full wp-image-4468\" src=\"https:\/\/www.supersybon.com\/fr\/wp-content\/uploads\/2022\/10\/1763963140-Ml01-Color-Mixing-System-Machine-Automotive-Coating-Stirrers-Paint-Mixing-Lid-Paddle-1L-4L-Mixing-Covers.jpg\" alt=\"\" width=\"800\" height=\"800\" srcset=\"https:\/\/www.supersybon.com\/fr\/wp-content\/uploads\/2022\/10\/1763963140-Ml01-Color-Mixing-System-Machine-Automotive-Coating-Stirrers-Paint-Mixing-Lid-Paddle-1L-4L-Mixing-Covers.jpg 800w, https:\/\/www.supersybon.com\/fr\/wp-content\/uploads\/2022\/10\/1763963140-Ml01-Color-Mixing-System-Machine-Automotive-Coating-Stirrers-Paint-Mixing-Lid-Paddle-1L-4L-Mixing-Covers-480x480.jpg 480w\" sizes=\"(min-width: 0px) and (max-width: 480px) 480px, (min-width: 481px) 800px, 100vw\" \/><\/p>\n<p>&nbsp;<\/p>\n<\/div>\n<\/div>\n<\/div>\n<\/div>\n<div class=\"magic-13\">\n<div class=\"magic-14\">\n<div data-spm-anchor-id=\"a2700.details.0.i37.625d2e9eLtZffL\"><\/div>\n<p><strong>Emballage et service du produit<\/strong><\/p>\n<hr \/>\n<p><strong>EMBALLER :<\/strong><\/p>\n<p>1L : 20 pi\u00e8ces\/carton ; 1GAL : 10 pi\u00e8ces\/carton.<\/p>\n<p>&nbsp;<\/p>\n<p><strong>NOTRE SERVICE:<\/strong><\/p>\n<p>1.24 heures en ligne<\/p>\n<p>2. Prix comp\u00e9titif<\/p>\n<p>3. Excellents commentaires du client<\/p>\n<p>4. Commande en ligne s\u00e9curis\u00e9e<\/p>\n<p>5. livraison rapide<\/p>\n<p>6. support technique professionnel<\/p>\n<p><img decoding=\"async\" class=\"aligncenter size-full wp-image-4470\" src=\"https:\/\/www.supersybon.com\/fr\/wp-content\/uploads\/2022\/10\/1763963308-1L1GAL-Mixing-Lid-Acrylic-Paint-Rack-Accessory-Tool-Color-Mixing-Lid-and-Pouring-Lid-with-Seal.jpg\" alt=\"\" width=\"800\" height=\"800\" srcset=\"https:\/\/www.supersybon.com\/fr\/wp-content\/uploads\/2022\/10\/1763963308-1L1GAL-Mixing-Lid-Acrylic-Paint-Rack-Accessory-Tool-Color-Mixing-Lid-and-Pouring-Lid-with-Seal.jpg 800w, https:\/\/www.supersybon.com\/fr\/wp-content\/uploads\/2022\/10\/1763963308-1L1GAL-Mixing-Lid-Acrylic-Paint-Rack-Accessory-Tool-Color-Mixing-Lid-and-Pouring-Lid-with-Seal-480x480.jpg 480w\" sizes=\"(min-width: 0px) and (max-width: 480px) 480px, (min-width: 481px) 800px, 100vw\" \/><\/p>\n<p><strong>Profil de l'entreprise<\/strong><\/p>\n<hr \/>\n<\/div>\n<\/div>\n<p>&nbsp;<\/p>\n<p><img decoding=\"async\" class=\"aligncenter size-full wp-image-324\" src=\"https:\/\/www.supersybon.com\/fr\/wp-content\/uploads\/2022\/09\/1663401769-Car-Paint-Supplier-Company-Profile-Manufacturer-China.jpg\" alt=\"\" width=\"900\" height=\"958\" srcset=\"https:\/\/www.supersybon.com\/fr\/wp-content\/uploads\/2022\/09\/1663401769-Car-Paint-Supplier-Company-Profile-Manufacturer-China.jpg 900w, https:\/\/www.supersybon.com\/fr\/wp-content\/uploads\/2022\/09\/1663401769-Car-Paint-Supplier-Company-Profile-Manufacturer-China-480x511.jpg 480w\" sizes=\"(min-width: 0px) and (max-width: 480px) 480px, (min-width: 481px) 900px, 100vw\" \/><\/p>\n<div class=\"magic-13\">\n<div class=\"magic-14\">\n<p>&nbsp;<\/p>\n<p><strong>FAQ<\/strong><\/p>\n<hr \/>\n<p><strong>Q\u00a0:\u00a0Quel est votre MOQ\u00a0?<\/strong><\/p>\n<p>R\u00a0: Notre MOQ est de 1\u00a0carton.<\/p>\n<p><strong>Q\u00a0:\u00a0Qu\u2019en est-il de votre paiement\u00a0?<\/strong><\/p>\n<p>R : d\u00e9p\u00f4t de 50% \u00e0 l'avance, solde de 50% par T\/T, L\/C, paypal, Western Union ou bien avant exp\u00e9dition.<\/p>\n<p><strong>Q : Fournissez-vous des \u00e9chantillons ?<\/strong><\/p>\n<p>R : Oui, vous pouvez acheter un \u00e9chantillon pour le tester.<\/p>\n<p><strong>Q : Qu'en est-il de votre d\u00e9lai de livraison ?<\/strong><\/p>\n<p>R\u00a0:\u00a0Habituellement 15 jours apr\u00e8s r\u00e9ception de votre d\u00e9p\u00f4t.<\/p>\n<\/div>\n<\/div>\n","protected":false},"excerpt":{"rendered":"<p>\u00b7 Agitateurs de couvercles de machine de syst\u00e8me de m\u00e9lange de couleurs de rev\u00eatement automobile. Bonne \u00e9tanch\u00e9it\u00e9 et aucune fuite.<\/p>\n","protected":false},"featured_media":4468,"template":"","meta":{"_et_pb_use_builder":"","_et_pb_old_content":"","_et_gb_content_width":""},"product_brand":[],"product_cat":[55],"product_tag":[786,785],"class_list":{"0":"post-1073","1":"product","2":"type-product","3":"status-publish","4":"has-post-thumbnail","6":"product_cat-autres","7":"product_tag-couvercle-dagitateur-de-melangeur-de-peinture","8":"product_tag-couvercle-de-lagitateur-melangeur","10":"first","11":"instock","12":"shipping-taxable","13":"product-type-simple"},"_links":{"self":[{"href":"https:\/\/www.supersybon.com\/fr\/wp-json\/wp\/v2\/product\/1073","targetHints":{"allow":["GET"]}}],"collection":[{"href":"https:\/\/www.supersybon.com\/fr\/wp-json\/wp\/v2\/product"}],"about":[{"href":"https:\/\/www.supersybon.com\/fr\/wp-json\/wp\/v2\/types\/product"}],"wp:featuredmedia":[{"embeddable":true,"href":"https:\/\/www.supersybon.com\/fr\/wp-json\/wp\/v2\/media\/4468"}],"wp:attachment":[{"href":"https:\/\/www.supersybon.com\/fr\/wp-json\/wp\/v2\/media?parent=1073"}],"wp:term":[{"taxonomy":"product_brand","embeddable":true,"href":"https:\/\/www.supersybon.com\/fr\/wp-json\/wp\/v2\/product_brand?post=1073"},{"taxonomy":"product_cat","embeddable":true,"href":"https:\/\/www.supersybon.com\/fr\/wp-json\/wp\/v2\/product_cat?post=1073"},{"taxonomy":"product_tag","embeddable":true,"href":"https:\/\/www.supersybon.com\/fr\/wp-json\/wp\/v2\/product_tag?post=1073"}],"curies":[{"name":"wp","href":"https:\/\/api.w.org\/{rel}","templated":true}]}}