{"id":1062,"date":"2022-10-18T17:46:13","date_gmt":"2022-10-18T09:46:13","guid":{"rendered":"https:\/\/www.supersybon.com\/fr\/?post_type=product&#038;p=1062"},"modified":"2025-12-11T17:40:54","modified_gmt":"2025-12-11T09:40:54","slug":"1020-haute-qualite-chiffon-collant-pour-le-nettoyage-de-voiture","status":"publish","type":"product","link":"https:\/\/www.supersybon.com\/fr\/product\/1020-haute-qualite-chiffon-collant-pour-le-nettoyage-de-voiture","title":{"rendered":"1020 Haute qualit\u00e9 chiffon collant pour le nettoyage de voiture pour la finition de la peinture, chiffon d'essuie-glace"},"content":{"rendered":"<p><iframe title=\"High Quality Car Cleaning Sticky Tack Cloth for Refinishing Paint Tack Rag Cloth Wiper\" width=\"1080\" height=\"608\" src=\"https:\/\/www.youtube.com\/embed\/i3X0Zkvk-iM?feature=oembed\"  allow=\"accelerometer; autoplay; clipboard-write; encrypted-media; gyroscope; picture-in-picture\" allowfullscreen><\/iframe><\/p>\n<p><img decoding=\"async\" class=\"aligncenter size-full wp-image-4585\" src=\"https:\/\/www.supersybon.com\/fr\/wp-content\/uploads\/2022\/10\/1765445861-1020-Tack-Cloth-For-Car-Good-Cleaning-Power-Eco-Friendly-And-Good-Compatibility-With-Paint-Tack-Cloth-For-Paint.jpg\" alt=\"1020 - Chiffon d\u00e9poussi\u00e9rant pour voiture - Excellent pouvoir nettoyant - Respectueux de l'environnement et compatible avec la peinture - Chiffon d\u00e9poussi\u00e9rant pour peinture\" width=\"900\" height=\"364\" srcset=\"https:\/\/www.supersybon.com\/fr\/wp-content\/uploads\/2022\/10\/1765445861-1020-Tack-Cloth-For-Car-Good-Cleaning-Power-Eco-Friendly-And-Good-Compatibility-With-Paint-Tack-Cloth-For-Paint.jpg 900w, https:\/\/www.supersybon.com\/fr\/wp-content\/uploads\/2022\/10\/1765445861-1020-Tack-Cloth-For-Car-Good-Cleaning-Power-Eco-Friendly-And-Good-Compatibility-With-Paint-Tack-Cloth-For-Paint-480x194.jpg 480w\" sizes=\"(min-width: 0px) and (max-width: 480px) 480px, (min-width: 481px) 900px, 100vw\" \/><\/p>\n<p>&nbsp;<\/p>\n<h2><strong>1020 Haute qualit\u00e9 chiffon collant pour le nettoyage de voiture<\/strong><\/h2>\n<p>Les chiffons doux ont juste ce qu'il faut de collant pour recueillir la salet\u00e9, les peluches, la poussi\u00e8re, la sciure, les contaminants et les particules de d\u00e9fauts de surface sans laisser de r\u00e9sidus, vous donnant une surface incroyablement lisse, pr\u00eate pour la finition finale. Parfait pour l'achat en gros de tissu collant pour une utilisation par les amateurs et les professionnels avec les besoins en tissu collant pour l'automobile et le travail du bois. Utilisez des chiffons \u00e0 poussi\u00e8re apr\u00e8s avoir appliqu\u00e9 du dissolvant de cire et de graisse pour une finition miroir dans la peinture automobile.<\/p>\n<div data-id=\"paragraph0\"><img decoding=\"async\" class=\"aligncenter size-full wp-image-4581\" src=\"https:\/\/www.supersybon.com\/fr\/wp-content\/uploads\/2022\/10\/1765445840-1020-Cleaning-Rags-Sticky-Tack-Non-Woven-Cloth-And-Environmental-Friendly-For-Car-Care-Cleaning.jpg\" alt=\"1020 - Chiffons de nettoyage, lingettes adh\u00e9sives non tiss\u00e9es et \u00e9cologiques pour le nettoyage et l'entretien des voitures.\" width=\"800\" height=\"800\" srcset=\"https:\/\/www.supersybon.com\/fr\/wp-content\/uploads\/2022\/10\/1765445840-1020-Cleaning-Rags-Sticky-Tack-Non-Woven-Cloth-And-Environmental-Friendly-For-Car-Care-Cleaning.jpg 800w, https:\/\/www.supersybon.com\/fr\/wp-content\/uploads\/2022\/10\/1765445840-1020-Cleaning-Rags-Sticky-Tack-Non-Woven-Cloth-And-Environmental-Friendly-For-Car-Care-Cleaning-480x480.jpg 480w\" sizes=\"(min-width: 0px) and (max-width: 480px) 480px, (min-width: 481px) 800px, 100vw\" \/> <img decoding=\"async\" class=\"aligncenter size-full wp-image-4580\" src=\"https:\/\/www.supersybon.com\/fr\/wp-content\/uploads\/2022\/10\/1765445833-1020-China-Factory-Good-Cleaning-Power-100-Cotton-Sticky-Tack-Cloth.jpg\" alt=\"1020-Usine chinoise - Chiffon collant en coton 100 % \u00e0 fort pouvoir nettoyant\" width=\"800\" height=\"511\" srcset=\"https:\/\/www.supersybon.com\/fr\/wp-content\/uploads\/2022\/10\/1765445833-1020-China-Factory-Good-Cleaning-Power-100-Cotton-Sticky-Tack-Cloth.jpg 800w, https:\/\/www.supersybon.com\/fr\/wp-content\/uploads\/2022\/10\/1765445833-1020-China-Factory-Good-Cleaning-Power-100-Cotton-Sticky-Tack-Cloth-480x307.jpg 480w\" sizes=\"(min-width: 0px) and (max-width: 480px) 480px, (min-width: 481px) 800px, 100vw\" \/><\/div>\n<div class=\"magic-13\">\n<div class=\"magic-14\">\n<div class=\"magic-9\">\n<div class=\"magic-10\">\n<p>&nbsp;<\/p>\n<p>&nbsp;<\/p>\n<p>&nbsp;<\/p>\n<p><strong>Emballage et service du produit<\/strong><\/p>\n<hr \/>\n<p><strong>EMBALLER:<\/strong><\/p>\n<p>1 pi\u00e8ce\/poly-sac, 10 sacs\/bo\u00eete, 20 bo\u00eetes\/carton.<\/p>\n<\/div>\n<\/div>\n<\/div>\n<\/div>\n<div class=\"magic-13\">\n<div class=\"magic-14\">\n<div data-spm-anchor-id=\"a2700.details.0.i37.625d2e9eLtZffL\">\n<p>&nbsp;<\/p>\n<p><img decoding=\"async\" class=\"aligncenter size-full wp-image-4582\" src=\"https:\/\/www.supersybon.com\/fr\/wp-content\/uploads\/2022\/10\/1765445845-1020-Environmental-Friendly-Good-Quality-No-Redius-Tack-Cloth-For-Paint.jpg\" alt=\"1020 - Chiffon de nettoyage non tiss\u00e9, \u00e9cologique, de bonne qualit\u00e9 et sans r\u00e9sidus, pour la peinture.\" width=\"750\" height=\"750\" srcset=\"https:\/\/www.supersybon.com\/fr\/wp-content\/uploads\/2022\/10\/1765445845-1020-Environmental-Friendly-Good-Quality-No-Redius-Tack-Cloth-For-Paint.jpg 750w, https:\/\/www.supersybon.com\/fr\/wp-content\/uploads\/2022\/10\/1765445845-1020-Environmental-Friendly-Good-Quality-No-Redius-Tack-Cloth-For-Paint-480x480.jpg 480w\" sizes=\"(min-width: 0px) and (max-width: 480px) 480px, (min-width: 481px) 750px, 100vw\" \/><\/p>\n<p>&nbsp;<\/p>\n<\/div>\n<div class=\"magic-13\">\n<div class=\"magic-14\">\n<div class=\"magic-9\">\n<div class=\"magic-10\">\n<div class=\"magic-13\">\n<div class=\"magic-14\">\n<div data-spm-anchor-id=\"a2700.details.0.i37.625d2e9eLtZffL\">\n<p>&nbsp;<\/p>\n<\/div>\n<\/div>\n<\/div>\n<\/div>\n<\/div>\n<\/div>\n<\/div>\n<div class=\"magic-13\">\n<div class=\"magic-14\">\n<div data-spm-anchor-id=\"a2700.details.0.i37.625d2e9eLtZffL\">\n<p><strong>NOTRE SERVICE:<\/strong><\/p>\n<p>1.24 heures en ligne<\/p>\n<p>2. Prix comp\u00e9titif<\/p>\n<p>3. Excellents commentaires du client<\/p>\n<p>4. Commande en ligne s\u00e9curis\u00e9e<\/p>\n<p>5. livraison rapide<\/p>\n<p>6. support technique professionnel<\/p>\n<p>&nbsp;<\/p>\n<div class=\"magic-13\">\n<div class=\"magic-14\">\n<div class=\"magic-9\">\n<div class=\"magic-10\">\n<div class=\"magic-13\">\n<div class=\"magic-14\">\n<div data-spm-anchor-id=\"a2700.details.0.i37.625d2e9eLtZffL\">\n<div class=\"magic-13\">\n<div class=\"magic-14\">\n<p>&nbsp;<\/p>\n<\/div>\n<\/div>\n<\/div>\n<\/div>\n<\/div>\n<\/div>\n<\/div>\n<\/div>\n<\/div>\n<div class=\"magic-13\">\n<div class=\"magic-14\">\n<p><strong>Profil de l'entreprise<\/strong><\/p>\n<hr \/>\n<p>&nbsp;<\/p>\n<\/div>\n<\/div>\n<\/div>\n<\/div>\n<\/div>\n<p><img decoding=\"async\" class=\"aligncenter size-full wp-image-324\" src=\"https:\/\/www.supersybon.com\/fr\/wp-content\/uploads\/2022\/09\/1663401769-Car-Paint-Supplier-Company-Profile-Manufacturer-China.jpg\" alt=\"\" width=\"900\" height=\"958\" srcset=\"https:\/\/www.supersybon.com\/fr\/wp-content\/uploads\/2022\/09\/1663401769-Car-Paint-Supplier-Company-Profile-Manufacturer-China.jpg 900w, https:\/\/www.supersybon.com\/fr\/wp-content\/uploads\/2022\/09\/1663401769-Car-Paint-Supplier-Company-Profile-Manufacturer-China-480x511.jpg 480w\" sizes=\"(min-width: 0px) and (max-width: 480px) 480px, (min-width: 481px) 900px, 100vw\" \/><\/p>\n<div class=\"magic-13\">\n<div class=\"magic-14\">\n<p>FAQ<\/p>\n<hr \/>\n<\/div>\n<\/div>\n<p><strong>Q\u00a0:\u00a0Quel est votre MOQ\u00a0?<\/strong><\/p>\n<p>R : Notre MOQ est de 1 carton.<\/p>\n<p><strong>Q\u00a0:\u00a0Qu\u2019en est-il de votre paiement\u00a0?<\/strong><\/p>\n<p>R : d\u00e9p\u00f4t de 50% \u00e0 l'avance, solde de 50% par T\/T, L\/C, paypal, Western Union ou bien avant exp\u00e9dition.<\/p>\n<p><strong>Q : Fournissez-vous des \u00e9chantillons ?<\/strong><\/p>\n<p>R : Oui, vous pouvez acheter un \u00e9chantillon pour le tester.<\/p>\n<p><strong>Q : Qu'en est-il de votre d\u00e9lai de livraison ?<\/strong><\/p>\n<p>R\u00a0:\u00a0Habituellement 15 jours apr\u00e8s r\u00e9ception de votre d\u00e9p\u00f4t.<\/p>\n<\/div>\n<\/div>\n","protected":false},"excerpt":{"rendered":"<p>\u00b7Les chiffons doux ont juste ce qu'il faut de collant pour recueillir la salet\u00e9, les peluches, la poussi\u00e8re, la sciure, les contaminants et les particules de d\u00e9fauts de surface sans laisser de r\u00e9sidus, vous donnant une surface incroyablement lisse, pr\u00eate pour la finition finale.<br \/>\n\u00b7 Parfait pour l'achat en gros de tissu collant pour une utilisation par les amateurs et les professionnels avec les besoins en tissu collant pour l'automobile et le travail du bois. Utilisez des chiffons \u00e0 poussi\u00e8re apr\u00e8s avoir appliqu\u00e9 du dissolvant de cire et de graisse pour une finition miroir dans la peinture automobile.<\/p>\n","protected":false},"featured_media":4579,"template":"","meta":{"_et_pb_use_builder":"","_et_pb_old_content":"","_et_gb_content_width":""},"product_brand":[],"product_cat":[67,68],"product_tag":[783,784],"class_list":{"0":"post-1062","1":"product","2":"type-product","3":"status-publish","4":"has-post-thumbnail","6":"product_cat-serie-de-reparation-automobile","7":"product_cat-tissu-collant","8":"product_tag-chiffon-collant-pour-le-nettoyage-de-voiture","9":"product_tag-essuie-glace-en-chiffon-pour-peinture-de-finition","11":"first","12":"instock","13":"shipping-taxable","14":"product-type-simple"},"_links":{"self":[{"href":"https:\/\/www.supersybon.com\/fr\/wp-json\/wp\/v2\/product\/1062","targetHints":{"allow":["GET"]}}],"collection":[{"href":"https:\/\/www.supersybon.com\/fr\/wp-json\/wp\/v2\/product"}],"about":[{"href":"https:\/\/www.supersybon.com\/fr\/wp-json\/wp\/v2\/types\/product"}],"wp:featuredmedia":[{"embeddable":true,"href":"https:\/\/www.supersybon.com\/fr\/wp-json\/wp\/v2\/media\/4579"}],"wp:attachment":[{"href":"https:\/\/www.supersybon.com\/fr\/wp-json\/wp\/v2\/media?parent=1062"}],"wp:term":[{"taxonomy":"product_brand","embeddable":true,"href":"https:\/\/www.supersybon.com\/fr\/wp-json\/wp\/v2\/product_brand?post=1062"},{"taxonomy":"product_cat","embeddable":true,"href":"https:\/\/www.supersybon.com\/fr\/wp-json\/wp\/v2\/product_cat?post=1062"},{"taxonomy":"product_tag","embeddable":true,"href":"https:\/\/www.supersybon.com\/fr\/wp-json\/wp\/v2\/product_tag?post=1062"}],"curies":[{"name":"wp","href":"https:\/\/api.w.org\/{rel}","templated":true}]}}