{"id":1054,"date":"2022-10-18T17:11:54","date_gmt":"2022-10-18T09:11:54","guid":{"rendered":"https:\/\/www.supersybon.com\/fr\/?post_type=product&#038;p=1054"},"modified":"2025-12-11T17:45:36","modified_gmt":"2025-12-11T09:45:36","slug":"5-6-oxyde-daluminium-disques-abrasifs","status":"publish","type":"product","link":"https:\/\/www.supersybon.com\/fr\/product\/5-6-oxyde-daluminium-disques-abrasifs","title":{"rendered":"5\" 6\" Oxyde d'aluminium disques abrasifs disques abrasifs grains P40-2000, crochet et boucle, 6\/17 trous, ponceuse orbitale en papier de verre"},"content":{"rendered":"<p><iframe title=\"5&quot; 6&quot; Aluminum Oxide Sanding Discs P40-2000 Grits Sanding Discs Hook and Loop 6\/17 Sander\" width=\"1080\" height=\"608\" src=\"https:\/\/www.youtube.com\/embed\/UchAbzeCt6I?feature=oembed\"  allow=\"accelerometer; autoplay; clipboard-write; encrypted-media; gyroscope; picture-in-picture\" allowfullscreen><\/iframe><\/p>\n<p><img decoding=\"async\" class=\"aligncenter size-full wp-image-4592\" src=\"https:\/\/www.supersybon.com\/fr\/wp-content\/uploads\/2022\/10\/1765446135-OT-4-150Mm-Aluminum-Oxide-Sanding-Disc-Orbital-Sander-Sandpaper-Round-Abrasive-Paper.jpg\" alt=\"Disque de pon\u00e7age en oxyde d'aluminium OT-4-150 mm pour ponceuse orbitale - Papier abrasif rond\" width=\"750\" height=\"302\" srcset=\"https:\/\/www.supersybon.com\/fr\/wp-content\/uploads\/2022\/10\/1765446135-OT-4-150Mm-Aluminum-Oxide-Sanding-Disc-Orbital-Sander-Sandpaper-Round-Abrasive-Paper.jpg 750w, https:\/\/www.supersybon.com\/fr\/wp-content\/uploads\/2022\/10\/1765446135-OT-4-150Mm-Aluminum-Oxide-Sanding-Disc-Orbital-Sander-Sandpaper-Round-Abrasive-Paper-480x193.jpg 480w\" sizes=\"(min-width: 0px) and (max-width: 480px) 480px, (min-width: 481px) 750px, 100vw\" \/><\/p>\n<p>&nbsp;<\/p>\n<p><strong>5\" 6\" Oxyde d'aluminium disques abrasifs<\/strong><\/p>\n<p>Les disques abrasifs de qualit\u00e9 professionnelle sont disponibles dans les grades P40 \u00e0 P2000, id\u00e9aux pour les bordures en plumes, les bordures en plumes fines, la pr\u00e9paration avant le m\u00e9lange, l'\u00e9tape finale avant l'appr\u00eat, le pon\u00e7age du mastic et de l'appr\u00eat.<\/p>\n<p><strong>Avantage:<\/strong><\/p>\n<p>1. Coupe rapide et longue dur\u00e9e de vie.<\/p>\n<p>2. Fonctionne bien sur de nombreuses surfaces.<\/p>\n<p>3. Pon\u00e7age agressif avec une durabilit\u00e9 suppl\u00e9mentaire.<\/p>\n<p><strong>Application:<\/strong><\/p>\n<p>Le papier de verre est id\u00e9al pour la finition automobile, le traitement du bois et des composites, l'industrie maritime et la fabrication de v\u00e9hicules. Largement utilis\u00e9 sur le m\u00e9tal et les m\u00e9taux non ferreux, le bois dur, le caoutchouc, le cuir, le plastique, la pierre, le verre, le d\u00e9capage et l'enl\u00e8vement de peinture, les laques, mastic de carrosserie, appr\u00eat, bois r\u00e9sineux tendres, alliages de cuivre, laiton, bronze, placage, etc.<\/p>\n<div class=\"magic-13\">\n<div class=\"magic-14\">\n<div class=\"magic-15\" data-id=\"paragraph0\"><\/div>\n<div class=\"magic-15\" data-id=\"paragraph0\"><img decoding=\"async\" class=\"aligncenter size-full wp-image-4590\" src=\"https:\/\/www.supersybon.com\/fr\/wp-content\/uploads\/2022\/10\/1765446124-OT-4-6-Inch-Sanding-Discs-Hook-And-Loop-Grit-60-To-2000-Green-Film-Dustless-Sander-Sandpaper.jpg\" alt=\"Disques de pon\u00e7age OT de 4 \u00e0 6 pouces, fixation auto-agrippante, grain 60 \u00e0 2000, film vert, papier abrasif pour ponceuse sans poussi\u00e8re\" width=\"750\" height=\"750\" srcset=\"https:\/\/www.supersybon.com\/fr\/wp-content\/uploads\/2022\/10\/1765446124-OT-4-6-Inch-Sanding-Discs-Hook-And-Loop-Grit-60-To-2000-Green-Film-Dustless-Sander-Sandpaper.jpg 750w, https:\/\/www.supersybon.com\/fr\/wp-content\/uploads\/2022\/10\/1765446124-OT-4-6-Inch-Sanding-Discs-Hook-And-Loop-Grit-60-To-2000-Green-Film-Dustless-Sander-Sandpaper-480x480.jpg 480w\" sizes=\"(min-width: 0px) and (max-width: 480px) 480px, (min-width: 481px) 750px, 100vw\" \/> <img decoding=\"async\" class=\"aligncenter size-full wp-image-4589\" src=\"https:\/\/www.supersybon.com\/fr\/wp-content\/uploads\/2022\/10\/1765446118-OT-4-5-Inch-Gold-Sanding-Discs-Sandpaper-6-Hole-Sanding-Disc-Hook-And-Loop-Round-Orbital-Sander.jpg\" alt=\"Disques de pon\u00e7age dor\u00e9s OT de 4 \u00e0 5 pouces, papier abrasif, disque de pon\u00e7age \u00e0 6 trous, fixation auto-agrippante, pour ponceuse orbitale ronde\" width=\"750\" height=\"750\" srcset=\"https:\/\/www.supersybon.com\/fr\/wp-content\/uploads\/2022\/10\/1765446118-OT-4-5-Inch-Gold-Sanding-Discs-Sandpaper-6-Hole-Sanding-Disc-Hook-And-Loop-Round-Orbital-Sander.jpg 750w, https:\/\/www.supersybon.com\/fr\/wp-content\/uploads\/2022\/10\/1765446118-OT-4-5-Inch-Gold-Sanding-Discs-Sandpaper-6-Hole-Sanding-Disc-Hook-And-Loop-Round-Orbital-Sander-480x480.jpg 480w\" sizes=\"(min-width: 0px) and (max-width: 480px) 480px, (min-width: 481px) 750px, 100vw\" \/> <img decoding=\"async\" class=\"aligncenter size-full wp-image-4593\" src=\"https:\/\/www.supersybon.com\/fr\/wp-content\/uploads\/2022\/10\/1765446140-OT-4-Hook-And-Loop-Adhesive-Sanding-Discs-Sandpaper-For-Random-Orbital-Sander.jpg\" alt=\"Disques de pon\u00e7age adh\u00e9sifs auto-agrippants OT-4 pour ponceuse orbitale al\u00e9atoire\" width=\"750\" height=\"750\" srcset=\"https:\/\/www.supersybon.com\/fr\/wp-content\/uploads\/2022\/10\/1765446140-OT-4-Hook-And-Loop-Adhesive-Sanding-Discs-Sandpaper-For-Random-Orbital-Sander.jpg 750w, https:\/\/www.supersybon.com\/fr\/wp-content\/uploads\/2022\/10\/1765446140-OT-4-Hook-And-Loop-Adhesive-Sanding-Discs-Sandpaper-For-Random-Orbital-Sander-480x480.jpg 480w\" sizes=\"(min-width: 0px) and (max-width: 480px) 480px, (min-width: 481px) 750px, 100vw\" \/> <img decoding=\"async\" class=\"aligncenter size-full wp-image-4588\" src=\"https:\/\/www.supersybon.com\/fr\/wp-content\/uploads\/2022\/10\/1765446113-OT-4-5-Inch-6-Hole-Hook-And-Loop-Sanding-Discs-40-80-120-240-320-600-800-Assorted-Grits-Sandpaper.jpg\" alt=\"Disques de pon\u00e7age OT-4-5 pouces \u00e0 6 trous avec fixation auto-agrippante, grains assortis : 40, 80, 120, 240, 320, 600, 800.\" width=\"750\" height=\"750\" srcset=\"https:\/\/www.supersybon.com\/fr\/wp-content\/uploads\/2022\/10\/1765446113-OT-4-5-Inch-6-Hole-Hook-And-Loop-Sanding-Discs-40-80-120-240-320-600-800-Assorted-Grits-Sandpaper.jpg 750w, https:\/\/www.supersybon.com\/fr\/wp-content\/uploads\/2022\/10\/1765446113-OT-4-5-Inch-6-Hole-Hook-And-Loop-Sanding-Discs-40-80-120-240-320-600-800-Assorted-Grits-Sandpaper-480x480.jpg 480w\" sizes=\"(min-width: 0px) and (max-width: 480px) 480px, (min-width: 481px) 750px, 100vw\" \/><\/div>\n<\/div>\n<\/div>\n<div class=\"magic-13\">\n<div class=\"magic-14\">\n<div class=\"magic-9\">\n<div class=\"magic-10\">\n<p>&nbsp;<\/p>\n<p>&nbsp;<\/p>\n<p>&nbsp;<\/p>\n<p>&nbsp;<\/p>\n<\/div>\n<\/div>\n<\/div>\n<\/div>\n<div class=\"magic-13\">\n<div class=\"magic-14\">\n<div data-spm-anchor-id=\"a2700.details.0.i37.625d2e9eLtZffL\">\n<p>&nbsp;<\/p>\n<p><strong>Emballage et service du produit<\/strong><\/p>\n<hr \/>\n<p><strong>EMBALLER:<\/strong><\/p>\n<p>100 pi\u00e8ces par bo\u00eete.<\/p>\n<div class=\"magic-13\">\n<div class=\"magic-14\">\n<div class=\"magic-9\">\n<div class=\"magic-10\">\n<div class=\"magic-13\">\n<div class=\"magic-14\">\n<div class=\"magic-9\">\n<div class=\"magic-10\">\n<p>&nbsp;<\/p>\n<\/div>\n<\/div>\n<\/div>\n<\/div>\n<div class=\"magic-13\">\n<div class=\"magic-14\">\n<div data-spm-anchor-id=\"a2700.details.0.i37.625d2e9eLtZffL\">\n<p><img decoding=\"async\" class=\"aligncenter size-full wp-image-4594\" src=\"https:\/\/www.supersybon.com\/fr\/wp-content\/uploads\/2022\/10\/1765446145-OT-4-Premium-Sanding-Discs-6-Hole-Dustless-Hook-And-Loop-Sandpaper-Finishing-Discs-For-Woodworking-Or-Automotive.jpg\" alt=\"Disques de pon\u00e7age premium OT-4, 6 trous, sans poussi\u00e8re, \u00e0 fixation auto-agrippante, pour le pon\u00e7age de finition du bois ou de la carrosserie automobile.\" width=\"750\" height=\"750\" srcset=\"https:\/\/www.supersybon.com\/fr\/wp-content\/uploads\/2022\/10\/1765446145-OT-4-Premium-Sanding-Discs-6-Hole-Dustless-Hook-And-Loop-Sandpaper-Finishing-Discs-For-Woodworking-Or-Automotive.jpg 750w, https:\/\/www.supersybon.com\/fr\/wp-content\/uploads\/2022\/10\/1765446145-OT-4-Premium-Sanding-Discs-6-Hole-Dustless-Hook-And-Loop-Sandpaper-Finishing-Discs-For-Woodworking-Or-Automotive-480x480.jpg 480w\" sizes=\"(min-width: 0px) and (max-width: 480px) 480px, (min-width: 481px) 750px, 100vw\" \/><\/p>\n<p>&nbsp;<\/p>\n<\/div>\n<\/div>\n<\/div>\n<\/div>\n<\/div>\n<\/div>\n<\/div>\n<div class=\"magic-13\">\n<div class=\"magic-14\">\n<div data-spm-anchor-id=\"a2700.details.0.i37.625d2e9eLtZffL\">\n<p><strong>NOTRE SERVICE:<\/strong><\/p>\n<p>1.24 heures en ligne<\/p>\n<p>2. Prix comp\u00e9titif<\/p>\n<p>3. Excellents commentaires du client<\/p>\n<p>4. Commande en ligne s\u00e9curis\u00e9e<\/p>\n<p>5. livraison rapide<\/p>\n<p>6. support technique professionnel<\/p>\n<\/div>\n<\/div>\n<\/div>\n<\/div>\n<div class=\"magic-13\">\n<div class=\"magic-14\">\n<div class=\"magic-9\">\n<div class=\"magic-10\">\n<div class=\"magic-13\">\n<div class=\"magic-14\">\n<div data-spm-anchor-id=\"a2700.details.0.i37.625d2e9eLtZffL\">\n<div class=\"magic-13\">\n<div class=\"magic-14\">\n<div class=\"magic-9\">\n<div class=\"magic-10\">\n<div class=\"magic-13\">\n<div class=\"magic-14\">\n<div data-spm-anchor-id=\"a2700.details.0.i37.625d2e9eLtZffL\">\n<p>&nbsp;<\/p>\n<\/div>\n<\/div>\n<\/div>\n<\/div>\n<\/div>\n<\/div>\n<\/div>\n<div class=\"magic-13\">\n<div class=\"magic-14\">\n<p>&nbsp;<\/p>\n<\/div>\n<\/div>\n<\/div>\n<\/div>\n<\/div>\n<\/div>\n<\/div>\n<\/div>\n<\/div>\n<div class=\"magic-13\">\n<div class=\"magic-14\">\n<p><strong>Profil de l'entreprise<\/strong><\/p>\n<hr \/>\n<p>&nbsp;<\/p>\n<\/div>\n<\/div>\n<p><img decoding=\"async\" class=\"aligncenter size-full wp-image-324\" src=\"https:\/\/www.supersybon.com\/fr\/wp-content\/uploads\/2022\/09\/1663401769-Car-Paint-Supplier-Company-Profile-Manufacturer-China.jpg\" alt=\"\" width=\"900\" height=\"958\" srcset=\"https:\/\/www.supersybon.com\/fr\/wp-content\/uploads\/2022\/09\/1663401769-Car-Paint-Supplier-Company-Profile-Manufacturer-China.jpg 900w, https:\/\/www.supersybon.com\/fr\/wp-content\/uploads\/2022\/09\/1663401769-Car-Paint-Supplier-Company-Profile-Manufacturer-China-480x511.jpg 480w\" sizes=\"(min-width: 0px) and (max-width: 480px) 480px, (min-width: 481px) 900px, 100vw\" \/><\/p>\n<div class=\"magic-13\">\n<div class=\"magic-14\">\n<p><strong>FAQ<\/strong><\/p>\n<hr \/>\n<\/div>\n<\/div>\n<p><strong>Q\u00a0:\u00a0Quel est votre MOQ\u00a0?<\/strong><\/p>\n<p>R : Notre MOQ est de 1 carton.<\/p>\n<p><strong>Q\u00a0:\u00a0Qu\u2019en est-il de votre paiement\u00a0?<\/strong><\/p>\n<p>R : d\u00e9p\u00f4t de 50% \u00e0 l'avance, solde de 50% par T\/T, L\/C, paypal, Western Union ou bien avant exp\u00e9dition.<\/p>\n<p><strong>Q : Fournissez-vous des \u00e9chantillons ?<\/strong><\/p>\n<p>R : Oui, vous pouvez acheter un \u00e9chantillon pour le tester.<\/p>\n<p><strong>Q : Qu'en est-il de votre d\u00e9lai de livraison ?<\/strong><\/p>\n<p>R\u00a0:\u00a0Habituellement 15 jours apr\u00e8s r\u00e9ception de votre d\u00e9p\u00f4t.<\/p>\n<\/div>\n<\/div>\n","protected":false},"excerpt":{"rendered":"<p>\u00b7 Coupe rapide et longue dur\u00e9e de vie.<br \/>\n\u00b7 Fonctionne bien sur de nombreuses surfaces.<br \/>\n\u00b7 Pon\u00e7age agressif avec une durabilit\u00e9 suppl\u00e9mentaire.<\/p>\n","protected":false},"featured_media":4591,"template":"","meta":{"_et_pb_use_builder":"","_et_pb_old_content":"","_et_gb_content_width":""},"product_brand":[],"product_cat":[67,69],"product_tag":[781,782],"class_list":{"0":"post-1054","1":"product","2":"type-product","3":"status-publish","4":"has-post-thumbnail","6":"product_cat-serie-de-reparation-automobile","7":"product_cat-papier-de-verre","8":"product_tag-disques-abrasifs-5-6","9":"product_tag-papier-de-verre-a-crochet-et-boucle-6-17-trous","11":"first","12":"instock","13":"shipping-taxable","14":"product-type-simple"},"_links":{"self":[{"href":"https:\/\/www.supersybon.com\/fr\/wp-json\/wp\/v2\/product\/1054","targetHints":{"allow":["GET"]}}],"collection":[{"href":"https:\/\/www.supersybon.com\/fr\/wp-json\/wp\/v2\/product"}],"about":[{"href":"https:\/\/www.supersybon.com\/fr\/wp-json\/wp\/v2\/types\/product"}],"wp:featuredmedia":[{"embeddable":true,"href":"https:\/\/www.supersybon.com\/fr\/wp-json\/wp\/v2\/media\/4591"}],"wp:attachment":[{"href":"https:\/\/www.supersybon.com\/fr\/wp-json\/wp\/v2\/media?parent=1054"}],"wp:term":[{"taxonomy":"product_brand","embeddable":true,"href":"https:\/\/www.supersybon.com\/fr\/wp-json\/wp\/v2\/product_brand?post=1054"},{"taxonomy":"product_cat","embeddable":true,"href":"https:\/\/www.supersybon.com\/fr\/wp-json\/wp\/v2\/product_cat?post=1054"},{"taxonomy":"product_tag","embeddable":true,"href":"https:\/\/www.supersybon.com\/fr\/wp-json\/wp\/v2\/product_tag?post=1054"}],"curies":[{"name":"wp","href":"https:\/\/api.w.org\/{rel}","templated":true}]}}