{"id":1043,"date":"2022-10-18T16:10:44","date_gmt":"2022-10-18T08:10:44","guid":{"rendered":"https:\/\/www.supersybon.com\/fr\/?post_type=product&#038;p=1043"},"modified":"2025-12-11T17:49:25","modified_gmt":"2025-12-11T09:49:25","slug":"230280mm-papier-abrasif-a-finition-tres-lisse","status":"publish","type":"product","link":"https:\/\/www.supersybon.com\/fr\/product\/230280mm-papier-abrasif-a-finition-tres-lisse","title":{"rendered":"230*280mm Papier abrasif \u00e0 finition tr\u00e8s lisse papier de verre imperm\u00e9able humide ou sec"},"content":{"rendered":"<p><img decoding=\"async\" class=\"aligncenter size-full wp-image-4597\" src=\"https:\/\/www.supersybon.com\/fr\/wp-content\/uploads\/2022\/10\/1765446391-9X11-Inch-Black-Silicon-Carbide-Sandpaper-For-Wood-Car-Repair-And-Metal.jpg\" alt=\"Papier abrasif noir au carbure de silicium de 9 x 11 pouces pour le bois, la r\u00e9paration automobile et le m\u00e9tal.\" width=\"750\" height=\"302\" srcset=\"https:\/\/www.supersybon.com\/fr\/wp-content\/uploads\/2022\/10\/1765446391-9X11-Inch-Black-Silicon-Carbide-Sandpaper-For-Wood-Car-Repair-And-Metal.jpg 750w, https:\/\/www.supersybon.com\/fr\/wp-content\/uploads\/2022\/10\/1765446391-9X11-Inch-Black-Silicon-Carbide-Sandpaper-For-Wood-Car-Repair-And-Metal-480x193.jpg 480w\" sizes=\"(min-width: 0px) and (max-width: 480px) 480px, (min-width: 481px) 750px, 100vw\" \/><\/p>\n<p>&nbsp;<\/p>\n<h2><strong>230*280mm Papier abrasif \u00e0 finition tr\u00e8s lisse papier de verre imperm\u00e9able humide ou sec<\/strong><\/h2>\n<p>Caract\u00e9ristique\u00a0:\u00a0Forte \u00e9tanch\u00e9it\u00e9, peut \u00eatre immerg\u00e9 dans l'eau pendant une longue p\u00e9riode. La feuille de papier de verre peut \u00eatre utilis\u00e9e pour le pon\u00e7age \u00e0 la main.<\/p>\n<p>1. Excellentes performances.<\/p>\n<p>2. Du pon\u00e7age grossier \u00e0 la finition fine.<\/p>\n<p>3. Capacit\u00e9 d'aff\u00fbtage, pas de pollution par la poussi\u00e8re, adaptable en pon\u00e7age sec et humide.<\/p>\n<p>4. A un effet de meulage uniforme et bon apr\u00e8s le pon\u00e7age.<\/p>\n<p>5.Electro enduit.<\/p>\n<div data-id=\"paragraph0\"><img decoding=\"async\" class=\"aligncenter size-full wp-image-4599\" src=\"https:\/\/www.supersybon.com\/fr\/wp-content\/uploads\/2022\/10\/1765446402-Best-Wet-and-Dry-Silicon-Carbide-Sandpaper-Waterproof-60-2500-Grit-Sandpaper.jpg\" alt=\"Papier abrasif au carbure de silicium pour pon\u00e7age \u00e0 sec et humide, imperm\u00e9able, grain 60 \u00e0 2500.\" width=\"800\" height=\"800\" srcset=\"https:\/\/www.supersybon.com\/fr\/wp-content\/uploads\/2022\/10\/1765446402-Best-Wet-and-Dry-Silicon-Carbide-Sandpaper-Waterproof-60-2500-Grit-Sandpaper.jpg 800w, https:\/\/www.supersybon.com\/fr\/wp-content\/uploads\/2022\/10\/1765446402-Best-Wet-and-Dry-Silicon-Carbide-Sandpaper-Waterproof-60-2500-Grit-Sandpaper-480x480.jpg 480w\" sizes=\"(min-width: 0px) and (max-width: 480px) 480px, (min-width: 481px) 800px, 100vw\" \/> <img decoding=\"async\" class=\"aligncenter size-full wp-image-4600\" src=\"https:\/\/www.supersybon.com\/fr\/wp-content\/uploads\/2022\/10\/1765446407-Best-Wholesale-Wet-Dry-Sand-Paper-60-to-2500-Grit-Abrasive-Sanding-Sandpaper-paper.jpg\" alt=\"Papier abrasif pour pon\u00e7age humide et sec, vente en gros, grain de 60 \u00e0 2500.\" width=\"800\" height=\"800\" srcset=\"https:\/\/www.supersybon.com\/fr\/wp-content\/uploads\/2022\/10\/1765446407-Best-Wholesale-Wet-Dry-Sand-Paper-60-to-2500-Grit-Abrasive-Sanding-Sandpaper-paper.jpg 800w, https:\/\/www.supersybon.com\/fr\/wp-content\/uploads\/2022\/10\/1765446407-Best-Wholesale-Wet-Dry-Sand-Paper-60-to-2500-Grit-Abrasive-Sanding-Sandpaper-paper-480x480.jpg 480w\" sizes=\"(min-width: 0px) and (max-width: 480px) 480px, (min-width: 481px) 800px, 100vw\" \/> <img decoding=\"async\" class=\"aligncenter size-full wp-image-4601\" src=\"https:\/\/www.supersybon.com\/fr\/wp-content\/uploads\/2022\/10\/1765446413-Silicon-Carbide-Sandpaper-Factory-Suppliers-Polished-Sandpaper-P2000-Grit-Wet-Or-Dry-Sandpaper-Kind-Types.jpg\" alt=\"Fournisseurs de papier abrasif au carbure de silicium \u2013 Papier abrasif poli, grain P2000, utilisation \u00e0 sec ou humide \u2013 Diff\u00e9rents types de papier abrasif\" width=\"800\" height=\"800\" srcset=\"https:\/\/www.supersybon.com\/fr\/wp-content\/uploads\/2022\/10\/1765446413-Silicon-Carbide-Sandpaper-Factory-Suppliers-Polished-Sandpaper-P2000-Grit-Wet-Or-Dry-Sandpaper-Kind-Types.jpg 800w, https:\/\/www.supersybon.com\/fr\/wp-content\/uploads\/2022\/10\/1765446413-Silicon-Carbide-Sandpaper-Factory-Suppliers-Polished-Sandpaper-P2000-Grit-Wet-Or-Dry-Sandpaper-Kind-Types-480x480.jpg 480w\" sizes=\"(min-width: 0px) and (max-width: 480px) 480px, (min-width: 481px) 800px, 100vw\" \/> <img decoding=\"async\" class=\"aligncenter size-full wp-image-4602\" src=\"https:\/\/www.supersybon.com\/fr\/wp-content\/uploads\/2022\/10\/1765446420-Wholesales-Sandpaper-Price-Silicon-Carbide-Series-Wet-Dry-Sandpaper-For-Polishing-The-Car-Wood.jpg\" alt=\"Papier abrasif en gros - Prix du papier abrasif au carbure de silicium - S\u00e9rie pour pon\u00e7age humide et sec - Pour le polissage des voitures et du bois\" width=\"800\" height=\"800\" srcset=\"https:\/\/www.supersybon.com\/fr\/wp-content\/uploads\/2022\/10\/1765446420-Wholesales-Sandpaper-Price-Silicon-Carbide-Series-Wet-Dry-Sandpaper-For-Polishing-The-Car-Wood.jpg 800w, https:\/\/www.supersybon.com\/fr\/wp-content\/uploads\/2022\/10\/1765446420-Wholesales-Sandpaper-Price-Silicon-Carbide-Series-Wet-Dry-Sandpaper-For-Polishing-The-Car-Wood-480x480.jpg 480w\" sizes=\"(min-width: 0px) and (max-width: 480px) 480px, (min-width: 481px) 800px, 100vw\" \/><\/div>\n<div class=\"magic-13\">\n<div class=\"magic-14\">\n<div class=\"magic-9\">\n<div class=\"magic-10\">\n<p>&nbsp;<\/p>\n<p><img decoding=\"async\" class=\"aligncenter size-full wp-image-1036\" src=\"https:\/\/www.supersybon.com\/fr\/wp-content\/uploads\/2022\/10\/1666080219-OT-1-Wet-And-Dry-Sand-Paper-Silicon-Carbide-Waterproof-Abrasive-Sandpaper-For-Meatal-And-Wood.jpg\" alt=\"\" width=\"750\" height=\"502\" srcset=\"https:\/\/www.supersybon.com\/fr\/wp-content\/uploads\/2022\/10\/1666080219-OT-1-Wet-And-Dry-Sand-Paper-Silicon-Carbide-Waterproof-Abrasive-Sandpaper-For-Meatal-And-Wood.jpg 750w, https:\/\/www.supersybon.com\/fr\/wp-content\/uploads\/2022\/10\/1666080219-OT-1-Wet-And-Dry-Sand-Paper-Silicon-Carbide-Waterproof-Abrasive-Sandpaper-For-Meatal-And-Wood-480x321.jpg 480w\" sizes=\"(min-width: 0px) and (max-width: 480px) 480px, (min-width: 481px) 750px, 100vw\" \/><\/p>\n<p><img decoding=\"async\" class=\"aligncenter size-full wp-image-1037\" src=\"https:\/\/www.supersybon.com\/fr\/wp-content\/uploads\/2022\/10\/1666080237-OT-1-9X11-Inch-Sand-Paper-Sandpaper-Automotive-Paint-Surface-Polishing-Paper.jpg\" alt=\"\" width=\"750\" height=\"502\" srcset=\"https:\/\/www.supersybon.com\/fr\/wp-content\/uploads\/2022\/10\/1666080237-OT-1-9X11-Inch-Sand-Paper-Sandpaper-Automotive-Paint-Surface-Polishing-Paper.jpg 750w, https:\/\/www.supersybon.com\/fr\/wp-content\/uploads\/2022\/10\/1666080237-OT-1-9X11-Inch-Sand-Paper-Sandpaper-Automotive-Paint-Surface-Polishing-Paper-480x321.jpg 480w\" sizes=\"(min-width: 0px) and (max-width: 480px) 480px, (min-width: 481px) 750px, 100vw\" \/><\/p>\n<p>&nbsp;<\/p>\n<p>&nbsp;<\/p>\n<p><strong>Emballage et service du produit<\/strong><\/p>\n<hr \/>\n<p><strong>EMBALLER:<\/strong><\/p>\n<p>1000 pi\u00e8ces\/carton.<\/p>\n<p><img decoding=\"async\" class=\"aligncenter size-full wp-image-4598\" src=\"https:\/\/www.supersybon.com\/fr\/wp-content\/uploads\/2022\/10\/1765446397-Best-Hot-Selling-Waterproof-Abrasive-Sanding-Paper-60-2500-Grit-Wet-or-Dry-Sand-Paper.jpg\" alt=\"Papier abrasif imperm\u00e9able de haute qualit\u00e9, le plus vendu, grain 60 \u00e0 2500, pour pon\u00e7age \u00e0 sec ou humide\" width=\"800\" height=\"800\" srcset=\"https:\/\/www.supersybon.com\/fr\/wp-content\/uploads\/2022\/10\/1765446397-Best-Hot-Selling-Waterproof-Abrasive-Sanding-Paper-60-2500-Grit-Wet-or-Dry-Sand-Paper.jpg 800w, https:\/\/www.supersybon.com\/fr\/wp-content\/uploads\/2022\/10\/1765446397-Best-Hot-Selling-Waterproof-Abrasive-Sanding-Paper-60-2500-Grit-Wet-or-Dry-Sand-Paper-480x480.jpg 480w\" sizes=\"(min-width: 0px) and (max-width: 480px) 480px, (min-width: 481px) 800px, 100vw\" \/><\/p>\n<\/div>\n<\/div>\n<\/div>\n<\/div>\n<div class=\"magic-13\">\n<div class=\"magic-14\">\n<div data-spm-anchor-id=\"a2700.details.0.i37.625d2e9eLtZffL\">\n<div class=\"magic-13\">\n<div class=\"magic-14\">\n<div class=\"magic-9\">\n<div class=\"magic-10\">\n<p>&nbsp;<\/p>\n<\/div>\n<\/div>\n<\/div>\n<\/div>\n<div class=\"magic-13\">\n<div class=\"magic-14\">\n<div data-spm-anchor-id=\"a2700.details.0.i37.625d2e9eLtZffL\">\n<p>&nbsp;<\/p>\n<p><strong>NOTRE SERVICE:<\/strong><\/p>\n<p>1.24 heures en ligne<\/p>\n<p>2. Prix comp\u00e9titif<\/p>\n<p>3. Excellents commentaires du client<\/p>\n<p>4. Commande en ligne s\u00e9curis\u00e9e<\/p>\n<p>5. livraison rapide<\/p>\n<p>6. support technique professionnel<\/p>\n<\/div>\n<\/div>\n<\/div>\n<\/div>\n<div class=\"magic-13\">\n<div class=\"magic-14\">\n<div class=\"magic-9\">\n<div class=\"magic-10\">\n<p>&nbsp;<\/p>\n<p>&nbsp;<\/p>\n<\/div>\n<\/div>\n<\/div>\n<\/div>\n<div class=\"magic-13\">\n<div class=\"magic-14\">\n<p><strong>Profil de l'entreprise<\/strong><\/p>\n<hr \/>\n<p>&nbsp;<\/p>\n<\/div>\n<\/div>\n<p><img decoding=\"async\" class=\"aligncenter size-full wp-image-324\" src=\"https:\/\/www.supersybon.com\/fr\/wp-content\/uploads\/2022\/09\/1663401769-Car-Paint-Supplier-Company-Profile-Manufacturer-China.jpg\" alt=\"\" width=\"900\" height=\"958\" srcset=\"https:\/\/www.supersybon.com\/fr\/wp-content\/uploads\/2022\/09\/1663401769-Car-Paint-Supplier-Company-Profile-Manufacturer-China.jpg 900w, https:\/\/www.supersybon.com\/fr\/wp-content\/uploads\/2022\/09\/1663401769-Car-Paint-Supplier-Company-Profile-Manufacturer-China-480x511.jpg 480w\" sizes=\"(min-width: 0px) and (max-width: 480px) 480px, (min-width: 481px) 900px, 100vw\" \/><\/p>\n<div class=\"magic-13\">\n<div class=\"magic-14\">\n<p><strong>FAQ<\/strong><\/p>\n<hr \/>\n<\/div>\n<\/div>\n<p><strong>Q\u00a0:\u00a0Quel est votre MOQ\u00a0?<\/strong><\/p>\n<p>R : Notre MOQ est de 1 carton.<\/p>\n<p><strong>Q\u00a0:\u00a0Qu\u2019en est-il de votre paiement\u00a0?<\/strong><\/p>\n<p>R: d\u00e9p\u00f4t de 50% \u00e0 l'avance, solde de 50% par T\/T, L\/C, paypal, Western Union ou bien avant exp\u00e9dition.<\/p>\n<p><strong>Q : Fournissez-vous des \u00e9chantillons ?<\/strong><\/p>\n<p>R : Oui, vous pouvez acheter un \u00e9chantillon pour le tester.<\/p>\n<p><strong>Q : Qu'en est-il de votre d\u00e9lai de livraison ?<\/strong><\/p>\n<p>R\u00a0:\u00a0Habituellement 15 jours apr\u00e8s r\u00e9ception de votre d\u00e9p\u00f4t.<\/p>\n<\/div>\n<\/div>\n","protected":false},"excerpt":{"rendered":"<p>\u00b7Performance excellente.<br \/>\n\u00b7Du pon\u00e7age grossier \u00e0 la finition fine.<br \/>\n\u00b7Capacit\u00e9 d'aff\u00fbtage, pas de pollution par la poussi\u00e8re, adaptable en pon\u00e7age sec et humide.<br \/>\n\u00b7A un effet de meulage uniforme et bon apr\u00e8s le pon\u00e7age.<br \/>\n\u00b7Electro-enduit.<\/p>\n","protected":false},"featured_media":4601,"template":"","meta":{"_et_pb_use_builder":"","_et_pb_old_content":"","_et_gb_content_width":""},"product_brand":[],"product_cat":[67,69],"product_tag":[779],"class_list":{"0":"post-1043","1":"product","2":"type-product","3":"status-publish","4":"has-post-thumbnail","6":"product_cat-serie-de-reparation-automobile","7":"product_cat-papier-de-verre","8":"product_tag-papier-abrasif-a-finition-tres-lisse","10":"first","11":"instock","12":"shipping-taxable","13":"product-type-simple"},"_links":{"self":[{"href":"https:\/\/www.supersybon.com\/fr\/wp-json\/wp\/v2\/product\/1043","targetHints":{"allow":["GET"]}}],"collection":[{"href":"https:\/\/www.supersybon.com\/fr\/wp-json\/wp\/v2\/product"}],"about":[{"href":"https:\/\/www.supersybon.com\/fr\/wp-json\/wp\/v2\/types\/product"}],"wp:featuredmedia":[{"embeddable":true,"href":"https:\/\/www.supersybon.com\/fr\/wp-json\/wp\/v2\/media\/4601"}],"wp:attachment":[{"href":"https:\/\/www.supersybon.com\/fr\/wp-json\/wp\/v2\/media?parent=1043"}],"wp:term":[{"taxonomy":"product_brand","embeddable":true,"href":"https:\/\/www.supersybon.com\/fr\/wp-json\/wp\/v2\/product_brand?post=1043"},{"taxonomy":"product_cat","embeddable":true,"href":"https:\/\/www.supersybon.com\/fr\/wp-json\/wp\/v2\/product_cat?post=1043"},{"taxonomy":"product_tag","embeddable":true,"href":"https:\/\/www.supersybon.com\/fr\/wp-json\/wp\/v2\/product_tag?post=1043"}],"curies":[{"name":"wp","href":"https:\/\/api.w.org\/{rel}","templated":true}]}}