{"id":1022,"date":"2022-10-18T14:28:52","date_gmt":"2022-10-18T06:28:52","guid":{"rendered":"https:\/\/www.supersybon.com\/fr\/?post_type=product&#038;p=1022"},"modified":"2023-09-13T15:40:00","modified_gmt":"2023-09-13T07:40:00","slug":"193q-y-rouleau-de-papier-de-peinture-automobile","status":"publish","type":"product","link":"https:\/\/www.supersybon.com\/fr\/product\/193q-y-rouleau-de-papier-de-peinture-automobile","title":{"rendered":"193Q\/Y Rouleau de papier de peinture automobile pour peinture de rev\u00eatement automobile, papier de couverture de Protection de voiture"},"content":{"rendered":"<p><strong>Description du produit<\/strong><\/p>\n<hr \/>\n<h2><strong>193Q\/Y Rouleau de papier de peinture automobile<\/strong><\/h2>\n<p>1. Fabriqu\u00e9 en papier de qualit\u00e9 sup\u00e9rieure, avec un effet imperm\u00e9able et anti-poussi\u00e8re de qualit\u00e9 sup\u00e9rieure.<\/p>\n<p>2. Le papier kraft permet \u00e0 la peinture de s\u00e9cher rapidement sans \u00e9claboussures ni \u00e9coulement.<\/p>\n<p>3. Id\u00e9al pour la peinture automobile, la couverture des \u00e9quipements et la protection des appareils.<\/p>\n<div class=\"magic-13\">\n<div class=\"magic-14\">\n<div class=\"magic-9\">\n<div class=\"magic-10\">\n<p>&nbsp;<\/p>\n<p><img decoding=\"async\" class=\"aligncenter size-full wp-image-1029\" src=\"https:\/\/www.supersybon.com\/fr\/wp-content\/uploads\/2022\/10\/1666076612-193-Paper-For-Automotive-Painting-Paints-Protection-Tools.jpg\" alt=\"\" width=\"750\" height=\"1213\" srcset=\"https:\/\/www.supersybon.com\/fr\/wp-content\/uploads\/2022\/10\/1666076612-193-Paper-For-Automotive-Painting-Paints-Protection-Tools.jpg 750w, https:\/\/www.supersybon.com\/fr\/wp-content\/uploads\/2022\/10\/1666076612-193-Paper-For-Automotive-Painting-Paints-Protection-Tools-480x776.jpg 480w\" sizes=\"(min-width: 0px) and (max-width: 480px) 480px, (min-width: 481px) 750px, 100vw\" \/><\/p>\n<div data-spm-anchor-id=\"a2700.details.0.i37.625d2e9eLtZffL\">\n<div data-spm-anchor-id=\"a2700.details.0.i37.625d2e9eLtZffL\">\n<div data-spm-anchor-id=\"a2700.details.0.i37.625d2e9eLtZffL\">\n<p>&nbsp;<\/p>\n<p>&nbsp;<\/p>\n<\/div>\n<div data-spm-anchor-id=\"a2700.details.0.i37.625d2e9eLtZffL\"><\/div>\n<\/div>\n<\/div>\n<p><strong>Emballage et service du produit<\/strong><\/p>\n<hr \/>\n<\/div>\n<\/div>\n<\/div>\n<\/div>\n<div class=\"magic-13\">\n<div class=\"magic-14\">\n<div data-spm-anchor-id=\"a2700.details.0.i37.625d2e9eLtZffL\"><strong>EMBALLER:<\/strong><\/div>\n<p>45cm*100m\u00a0: 8 rouleaux\/carton<\/p>\n<p>45cm*200m\u00a0: 6 rouleaux\/carton<\/p>\n<p>90cm*200m\u00a0: 4 rouleaux\/carton<\/p>\n<p>90cm*300m\u00a0: 4 rouleaux\/carton<\/p>\n<p>&nbsp;<\/p>\n<p><img decoding=\"async\" class=\"aligncenter size-full wp-image-1023\" src=\"https:\/\/www.supersybon.com\/fr\/wp-content\/uploads\/2022\/10\/1666076227-193-Saving-Cost-And-Easy-To-Use-Tear-Without-Adhesive-Residue-Resistance-To-Car-Body-Repair-Masking-Paper.jpg\" alt=\"\" width=\"700\" height=\"444\" srcset=\"https:\/\/www.supersybon.com\/fr\/wp-content\/uploads\/2022\/10\/1666076227-193-Saving-Cost-And-Easy-To-Use-Tear-Without-Adhesive-Residue-Resistance-To-Car-Body-Repair-Masking-Paper.jpg 700w, https:\/\/www.supersybon.com\/fr\/wp-content\/uploads\/2022\/10\/1666076227-193-Saving-Cost-And-Easy-To-Use-Tear-Without-Adhesive-Residue-Resistance-To-Car-Body-Repair-Masking-Paper-480x304.jpg 480w\" sizes=\"(min-width: 0px) and (max-width: 480px) 480px, (min-width: 481px) 700px, 100vw\" \/><\/p>\n<div data-spm-anchor-id=\"a2700.details.0.i37.625d2e9eLtZffL\">\n<div data-spm-anchor-id=\"a2700.details.0.i37.625d2e9eLtZffL\">\n<div data-spm-anchor-id=\"a2700.details.0.i37.625d2e9eLtZffL\">\n<p>&nbsp;<\/p>\n<p>&nbsp;<\/p>\n<\/div>\n<div data-spm-anchor-id=\"a2700.details.0.i37.625d2e9eLtZffL\"><\/div>\n<\/div>\n<\/div>\n<p><strong>NOTRE SERVICE:<\/strong><\/p>\n<p>1.24 heures en ligne<\/p>\n<p>2. Prix comp\u00e9titif<\/p>\n<p>3. Excellents commentaires du client<\/p>\n<p>4. Commande en ligne s\u00e9curis\u00e9e<\/p>\n<p>5. livraison rapide<\/p>\n<p>6. support technique professionnel<\/p>\n<p>&nbsp;<\/p>\n<p><strong>Profil de l'entreprise<\/strong><\/p>\n<hr \/>\n<p>&nbsp;<\/p>\n<p><img decoding=\"async\" class=\"aligncenter size-full wp-image-324\" src=\"https:\/\/www.supersybon.com\/fr\/wp-content\/uploads\/2022\/09\/1663401769-Car-Paint-Supplier-Company-Profile-Manufacturer-China.jpg\" alt=\"\" width=\"900\" height=\"958\" srcset=\"https:\/\/www.supersybon.com\/fr\/wp-content\/uploads\/2022\/09\/1663401769-Car-Paint-Supplier-Company-Profile-Manufacturer-China.jpg 900w, https:\/\/www.supersybon.com\/fr\/wp-content\/uploads\/2022\/09\/1663401769-Car-Paint-Supplier-Company-Profile-Manufacturer-China-480x511.jpg 480w\" sizes=\"(min-width: 0px) and (max-width: 480px) 480px, (min-width: 481px) 900px, 100vw\" \/><\/p>\n<div class=\"magic-13\">\n<div class=\"magic-14\">\n<p><strong>FAQ<\/strong><\/p>\n<hr \/>\n<\/div>\n<\/div>\n<p><strong>Q\u00a0:\u00a0Quel est votre MOQ\u00a0?<\/strong><\/p>\n<p>R : Notre MOQ est de 1 carton.<\/p>\n<p><strong>Q\u00a0:\u00a0Qu\u2019en est-il de votre paiement\u00a0?<\/strong><\/p>\n<p>R : d\u00e9p\u00f4t de 50% \u00e0 l'avance, solde de 50% par T\/T, L\/C, paypal, Western Union ou bien avant exp\u00e9dition.<\/p>\n<p><strong>Q : Fournissez-vous des \u00e9chantillons ?<\/strong><\/p>\n<p>R : Oui, vous pouvez acheter un \u00e9chantillon pour le tester.<\/p>\n<p><strong>Q : Qu'en est-il de votre d\u00e9lai de livraison ?<\/strong><\/p>\n<p>R\u00a0:\u00a0Habituellement 15 jours apr\u00e8s r\u00e9ception de votre d\u00e9p\u00f4t.<\/p>\n<\/div>\n<\/div>\n","protected":false},"excerpt":{"rendered":"<p>\u00b7Fabriqu\u00e9 en papier de qualit\u00e9 sup\u00e9rieure, avec un effet imperm\u00e9able et anti-poussi\u00e8re de qualit\u00e9 sup\u00e9rieure.<br \/>\n\u00b7Le papier kraft permet \u00e0 la peinture de s\u00e9cher rapidement sans \u00e9claboussures ni coulures.<br \/>\n\u00b7Id\u00e9al pour la peinture automobile, la couverture des \u00e9quipements et la protection des appareils \u00e9lectrom\u00e9nagers.<\/p>\n","protected":false},"featured_media":1024,"template":"","meta":{"_et_pb_use_builder":"","_et_pb_old_content":"","_et_gb_content_width":""},"product_brand":[],"product_cat":[67,72],"product_tag":[776,775],"class_list":{"0":"post-1022","1":"product","2":"type-product","3":"status-publish","4":"has-post-thumbnail","6":"product_cat-serie-de-reparation-automobile","7":"product_cat-ruban-de-masquage-film-papier","8":"product_tag-papier-de-couverture-de-protection-de-voiture","9":"product_tag-rouleau-de-papier-de-peinture-automobile","11":"first","12":"instock","13":"shipping-taxable","14":"product-type-simple"},"_links":{"self":[{"href":"https:\/\/www.supersybon.com\/fr\/wp-json\/wp\/v2\/product\/1022","targetHints":{"allow":["GET"]}}],"collection":[{"href":"https:\/\/www.supersybon.com\/fr\/wp-json\/wp\/v2\/product"}],"about":[{"href":"https:\/\/www.supersybon.com\/fr\/wp-json\/wp\/v2\/types\/product"}],"wp:featuredmedia":[{"embeddable":true,"href":"https:\/\/www.supersybon.com\/fr\/wp-json\/wp\/v2\/media\/1024"}],"wp:attachment":[{"href":"https:\/\/www.supersybon.com\/fr\/wp-json\/wp\/v2\/media?parent=1022"}],"wp:term":[{"taxonomy":"product_brand","embeddable":true,"href":"https:\/\/www.supersybon.com\/fr\/wp-json\/wp\/v2\/product_brand?post=1022"},{"taxonomy":"product_cat","embeddable":true,"href":"https:\/\/www.supersybon.com\/fr\/wp-json\/wp\/v2\/product_cat?post=1022"},{"taxonomy":"product_tag","embeddable":true,"href":"https:\/\/www.supersybon.com\/fr\/wp-json\/wp\/v2\/product_tag?post=1022"}],"curies":[{"name":"wp","href":"https:\/\/api.w.org\/{rel}","templated":true}]}}