{"id":1014,"date":"2022-10-18T13:48:19","date_gmt":"2022-10-18T05:48:19","guid":{"rendered":"https:\/\/www.supersybon.com\/fr\/?post_type=product&#038;p=1014"},"modified":"2023-09-13T15:17:19","modified_gmt":"2023-09-13T07:17:19","slug":"200wt-film-de-masquage-pre-encolle","status":"publish","type":"product","link":"https:\/\/www.supersybon.com\/fr\/product\/200wt-film-de-masquage-pre-encolle","title":{"rendered":"200WT Film de masquage pr\u00e9-encoll\u00e9 pour la peinture automobile couvrant la meilleure peinture de ruban de masquage automobile"},"content":{"rendered":"<p><iframe title=\"Pre-Taped Masking Film for Automotive Painting Covering Automotive Best Masking Tape Painting\" width=\"1080\" height=\"608\" src=\"https:\/\/www.youtube.com\/embed\/1JgAJviPKWU?feature=oembed\"  allow=\"accelerometer; autoplay; clipboard-write; encrypted-media; gyroscope; picture-in-picture\" allowfullscreen><\/iframe><\/p>\n<p>&nbsp;<\/p>\n<h2><strong>200WT Film de masquage pr\u00e9-encoll\u00e9<\/strong><\/h2>\n<p>1. Nombreuses utilisations : film protecteur l\u00e9ger et r\u00e9sistant aux d\u00e9chirures, id\u00e9al pour la peinture automobile, la couverture des \u00e9quipements et la protection des appareils. Le film de masquage pr\u00e9-enregistr\u00e9 peut prot\u00e9ger les appareils \u00e9lectrom\u00e9nagers et les meubles de la poussi\u00e8re et des pigments lors de la d\u00e9coration ou de la peinture de la maison. Il peut \u00e9galement \u00eatre utilis\u00e9 comme housse anti-poussi\u00e8re pour voiture, film de peinture automobile et tapis de pique-nique.<\/p>\n<p>2. Mat\u00e9riau de bonne qualit\u00e9 : pas facile \u00e0 rayer, avec un effet anti-poussi\u00e8re de haute qualit\u00e9.<\/p>\n<p>3. Fixation par ruban adh\u00e9sif\u00a0: lorsque une feuille de plastique est recouverte, le film recouvre les meubles en raison de la friction entre les films. Le papier de masquage sur une face de la feuille de plastique facilite son utilisation m\u00eame sur les murs et les armoires hautes. Apr\u00e8s avoir fix\u00e9 la position du film protecteur, celui-ci \u00e9talera lentement le film plastique pour recouvrir l'objet.<\/p>\n<p>4. Conception pratique: conception en rouleau pour d\u00e9plier rapidement et facilement le film et couvrir divers petits appareils.<\/p>\n<div data-id=\"paragraph0\"><\/div>\n<div class=\"magic-13\">\n<div class=\"magic-14\">\n<div class=\"magic-9\">\n<div class=\"magic-10\">\n<p>&nbsp;<\/p>\n<p><img decoding=\"async\" class=\"aligncenter size-full wp-image-1016\" src=\"https:\/\/www.supersybon.com\/fr\/wp-content\/uploads\/2022\/10\/1666074021-200WT-Plastic-Film-For-Automotive-Pelcula-De-Enmascarado-Automotriz-Pre-Taped-Paper-And-Plastic-Roll-For-Car-Masking.jpg\" alt=\"\" width=\"750\" height=\"750\" srcset=\"https:\/\/www.supersybon.com\/fr\/wp-content\/uploads\/2022\/10\/1666074021-200WT-Plastic-Film-For-Automotive-Pelcula-De-Enmascarado-Automotriz-Pre-Taped-Paper-And-Plastic-Roll-For-Car-Masking.jpg 750w, https:\/\/www.supersybon.com\/fr\/wp-content\/uploads\/2022\/10\/1666074021-200WT-Plastic-Film-For-Automotive-Pelcula-De-Enmascarado-Automotriz-Pre-Taped-Paper-And-Plastic-Roll-For-Car-Masking-480x480.jpg 480w\" sizes=\"(min-width: 0px) and (max-width: 480px) 480px, (min-width: 481px) 750px, 100vw\" \/><\/p>\n<p><img decoding=\"async\" class=\"aligncenter size-full wp-image-1015\" src=\"https:\/\/www.supersybon.com\/fr\/wp-content\/uploads\/2022\/10\/1666073999-200WT-Wholesale-Factory-Price-Good-Quality-Pre-Taped-Masking-Film-Car-Spray-Paint-Masking-Tape-Film.jpg\" alt=\"\" width=\"809\" height=\"671\" srcset=\"https:\/\/www.supersybon.com\/fr\/wp-content\/uploads\/2022\/10\/1666073999-200WT-Wholesale-Factory-Price-Good-Quality-Pre-Taped-Masking-Film-Car-Spray-Paint-Masking-Tape-Film.jpg 809w, https:\/\/www.supersybon.com\/fr\/wp-content\/uploads\/2022\/10\/1666073999-200WT-Wholesale-Factory-Price-Good-Quality-Pre-Taped-Masking-Film-Car-Spray-Paint-Masking-Tape-Film-480x398.jpg 480w\" sizes=\"(min-width: 0px) and (max-width: 480px) 480px, (min-width: 481px) 809px, 100vw\" \/><\/p>\n<div class=\"magic-13\">\n<div class=\"magic-14\">\n<div class=\"magic-9\">\n<div class=\"magic-10\">\n<div data-spm-anchor-id=\"a2700.details.0.i37.625d2e9eLtZffL\">\n<p>&nbsp;<\/p>\n<p>&nbsp;<\/p>\n<\/div>\n<div data-spm-anchor-id=\"a2700.details.0.i37.625d2e9eLtZffL\"><\/div>\n<div class=\"magic-13\">\n<div class=\"magic-14\">\n<div data-spm-anchor-id=\"a2700.details.0.i37.625d2e9eLtZffL\">\n<div><strong>Emballage et service du produit<\/strong><\/div>\n<hr \/>\n<p>&nbsp;<\/p>\n<p><strong>EMBALLER:<\/strong><\/p>\n<\/div>\n<\/div>\n<\/div>\n<\/div>\n<p>Largeur 1,4 cm\u00a0: 50 rouleaux\/carton\u00a0;<\/p>\n<p>Largeur 1,1 m\u00a0: 50 rouleaux\/carton\u00a0;<\/p>\n<p>Largeur 0,55 m : 100 rouleaux\/carton.<\/p>\n<\/div>\n<\/div>\n<\/div>\n<div data-spm-anchor-id=\"a2700.details.0.i37.625d2e9eLtZffL\">\n<div data-spm-anchor-id=\"a2700.details.0.i37.625d2e9eLtZffL\">\n<div data-spm-anchor-id=\"a2700.details.0.i37.625d2e9eLtZffL\">\n<div data-spm-anchor-id=\"a2700.details.0.i37.625d2e9eLtZffL\">\n<p>&nbsp;<\/p>\n<\/div>\n<div data-spm-anchor-id=\"a2700.details.0.i37.625d2e9eLtZffL\"><img decoding=\"async\" class=\"aligncenter size-full wp-image-1017\" src=\"https:\/\/www.supersybon.com\/fr\/wp-content\/uploads\/2022\/10\/1666074068-200WT-Tape-Automotive-Masking-Film-For-Auto-Painting-Masking-Film-Plastic-Covering-Masking-Film-With-Tapes.jpg\" alt=\"\" width=\"750\" height=\"750\" srcset=\"https:\/\/www.supersybon.com\/fr\/wp-content\/uploads\/2022\/10\/1666074068-200WT-Tape-Automotive-Masking-Film-For-Auto-Painting-Masking-Film-Plastic-Covering-Masking-Film-With-Tapes.jpg 750w, https:\/\/www.supersybon.com\/fr\/wp-content\/uploads\/2022\/10\/1666074068-200WT-Tape-Automotive-Masking-Film-For-Auto-Painting-Masking-Film-Plastic-Covering-Masking-Film-With-Tapes-480x480.jpg 480w\" sizes=\"(min-width: 0px) and (max-width: 480px) 480px, (min-width: 481px) 750px, 100vw\" \/><\/div>\n<div data-spm-anchor-id=\"a2700.details.0.i37.625d2e9eLtZffL\">\n<div data-spm-anchor-id=\"a2700.details.0.i37.625d2e9eLtZffL\">\n<p>&nbsp;<\/p>\n<p>&nbsp;<\/p>\n<\/div>\n<div data-spm-anchor-id=\"a2700.details.0.i37.625d2e9eLtZffL\"><\/div>\n<\/div>\n<\/div>\n<div data-spm-anchor-id=\"a2700.details.0.i37.625d2e9eLtZffL\">\n<p><strong>NOTRE SERVICE:<\/strong><\/p>\n<p>1.24 heures en ligne<\/p>\n<p>2. Prix comp\u00e9titif<\/p>\n<p>3. Excellents commentaires du client<\/p>\n<p>4. Commande en ligne s\u00e9curis\u00e9e<\/p>\n<p>5. livraison rapide<\/p>\n<p>6. support technique professionnel<\/p>\n<\/div>\n<\/div>\n<\/div>\n<\/div>\n<p>&nbsp;<\/p>\n<\/div>\n<\/div>\n<\/div>\n<div data-spm-anchor-id=\"a2700.details.0.i37.625d2e9eLtZffL\">\n<div data-spm-anchor-id=\"a2700.details.0.i37.625d2e9eLtZffL\">\n<p>&nbsp;<\/p>\n<p><strong>Company Profile<\/strong><\/p>\n<hr \/>\n<p>&nbsp;<\/p>\n<\/div>\n<\/div>\n<div class=\"magic-13\">\n<div class=\"magic-14\">\n<p><img decoding=\"async\" class=\"aligncenter size-full wp-image-324\" src=\"https:\/\/www.supersybon.com\/fr\/wp-content\/uploads\/2022\/09\/1663401769-Car-Paint-Supplier-Company-Profile-Manufacturer-China.jpg\" alt=\"\" width=\"900\" height=\"958\" srcset=\"https:\/\/www.supersybon.com\/fr\/wp-content\/uploads\/2022\/09\/1663401769-Car-Paint-Supplier-Company-Profile-Manufacturer-China.jpg 900w, https:\/\/www.supersybon.com\/fr\/wp-content\/uploads\/2022\/09\/1663401769-Car-Paint-Supplier-Company-Profile-Manufacturer-China-480x511.jpg 480w\" sizes=\"(min-width: 0px) and (max-width: 480px) 480px, (min-width: 481px) 900px, 100vw\" \/><\/p>\n<div class=\"magic-13\">\n<div class=\"magic-14\">\n<p><strong>FAQ<\/strong><\/p>\n<hr \/>\n<\/div>\n<\/div>\n<p><strong>Q\u00a0:\u00a0Quel est votre MOQ\u00a0?<\/strong><\/p>\n<p>R : Notre MOQ est de 1 carton.<\/p>\n<p><strong>Q\u00a0:\u00a0Qu\u2019en est-il de votre paiement\u00a0?<\/strong><\/p>\n<p>R : d\u00e9p\u00f4t de 50% \u00e0 l'avance, solde de 50% par T\/T, L\/C, paypal, Western Union ou bien avant exp\u00e9dition.<\/p>\n<p><strong>Q : Fournissez-vous des \u00e9chantillons ?<\/strong><\/p>\n<p>R : Oui, vous pouvez acheter un \u00e9chantillon pour le tester.<\/p>\n<p><strong>Q : Qu'en est-il de votre d\u00e9lai de livraison ?<\/strong><\/p>\n<p>R\u00a0:\u00a0Habituellement 15 jours apr\u00e8s r\u00e9ception de votre d\u00e9p\u00f4t.<\/p>\n<\/div>\n<\/div>\n","protected":false},"excerpt":{"rendered":"<p>\u00b7Mat\u00e9riau de bonne qualit\u00e9 : pas facile \u00e0 rayer, avec un effet anti-poussi\u00e8re de haute qualit\u00e9.<br \/>\n\u00b7Fixation par ruban adh\u00e9sif\u00a0: Lorsque une feuille de plastique est recouverte, le film recouvre le meuble en raison de la friction entre les films. Le papier de masquage sur une face de la feuille de plastique facilite son utilisation m\u00eame sur les murs et les armoires hautes. Apr\u00e8s avoir fix\u00e9 la position du film protecteur, celui-ci \u00e9talera lentement le film plastique pour recouvrir l'objet.<br \/>\n\u00b7Conception pratique\u00a0: conception en rouleau pour d\u00e9plier rapidement et facilement le film et couvrir divers petits appareils.<\/p>\n","protected":false},"featured_media":1018,"template":"","meta":{"_et_pb_use_builder":"","_et_pb_old_content":"","_et_gb_content_width":""},"product_brand":[],"product_cat":[67,72],"product_tag":[773,774],"class_list":{"0":"post-1014","1":"product","2":"type-product","3":"status-publish","4":"has-post-thumbnail","6":"product_cat-serie-de-reparation-automobile","7":"product_cat-ruban-de-masquage-film-papier","8":"product_tag-film-de-masquage-pre-encolle","9":"product_tag-meilleure-peinture-avec-ruban-de-masquage-automobile","11":"first","12":"instock","13":"shipping-taxable","14":"product-type-simple"},"_links":{"self":[{"href":"https:\/\/www.supersybon.com\/fr\/wp-json\/wp\/v2\/product\/1014","targetHints":{"allow":["GET"]}}],"collection":[{"href":"https:\/\/www.supersybon.com\/fr\/wp-json\/wp\/v2\/product"}],"about":[{"href":"https:\/\/www.supersybon.com\/fr\/wp-json\/wp\/v2\/types\/product"}],"wp:featuredmedia":[{"embeddable":true,"href":"https:\/\/www.supersybon.com\/fr\/wp-json\/wp\/v2\/media\/1018"}],"wp:attachment":[{"href":"https:\/\/www.supersybon.com\/fr\/wp-json\/wp\/v2\/media?parent=1014"}],"wp:term":[{"taxonomy":"product_brand","embeddable":true,"href":"https:\/\/www.supersybon.com\/fr\/wp-json\/wp\/v2\/product_brand?post=1014"},{"taxonomy":"product_cat","embeddable":true,"href":"https:\/\/www.supersybon.com\/fr\/wp-json\/wp\/v2\/product_cat?post=1014"},{"taxonomy":"product_tag","embeddable":true,"href":"https:\/\/www.supersybon.com\/fr\/wp-json\/wp\/v2\/product_tag?post=1014"}],"curies":[{"name":"wp","href":"https:\/\/api.w.org\/{rel}","templated":true}]}}