{"id":45,"date":"2022-09-09T11:09:30","date_gmt":"2022-09-09T03:09:30","guid":{"rendered":"https:\/\/www.supersybon.com\/fr\/?page_id=45"},"modified":"2023-08-24T15:44:11","modified_gmt":"2023-08-24T07:44:11","slug":"contact","status":"publish","type":"page","link":"https:\/\/www.supersybon.com\/fr\/contact","title":{"rendered":"CONTACT"},"content":{"rendered":"<p>[et_pb_section fb_built=\"1\" _builder_version=\"4.18.0\" _module_preset=\"default\" custom_padding=\"0px||0px||true|false\" global_colors_info=\"{}\"][et_pb_row _builder_version=\"4.18.0\" _module_preset=\"default\" global_colors_info=\"{}\"][et_pb_column type=\"4_4\" _builder_version=\"4.18.0\" _module_preset=\"default\" global_colors_info=\"{}\"][et_pb_text _builder_version=\"4.22.1\" _module_preset=\"default\" text_font_size=\"20px\" global_colors_info=\"{}\"]<\/p>\n<p><span>Tu es l\u00e0: <\/span><a href=\"https:\/\/www.supersybon.com\/fr\">Sybon<\/a><span> &gt; Contact<\/span><\/p>\n<p>[\/et_pb_text][\/et_pb_column][\/et_pb_row][\/et_pb_section][et_pb_section fb_built=\"1\" _builder_version=\"4.22.1\" _module_preset=\"default\" background_image=\"https:\/\/www.supersybon.com\/fr\/wp-content\/uploads\/2023\/08\/1692602996-Auto-Refinish-Paint-Manufacturer-Looking-for-the-Global-Distributors.webp\" height=\"500px\" global_colors_info=\"{}\"][et_pb_row _builder_version=\"4.18.0\" _module_preset=\"default\" custom_margin=\"159px||||false|false\" global_colors_info=\"{}\"][et_pb_column type=\"4_4\" _builder_version=\"4.18.0\" _module_preset=\"default\" global_colors_info=\"{}\"][et_pb_text _builder_version=\"4.22.1\" _module_preset=\"default\" header_2_font=\"|600|||||||\" header_2_text_align=\"center\" header_2_text_color=\"#FFFFFF\" header_2_font_size=\"80px\" header_2_letter_spacing=\"1px\" custom_margin=\"39px||||false|false\" custom_margin_tablet=\"39px||||false|false\" custom_margin_phone=\"-5px|||-14px|false|false\" custom_margin_last_edited=\"on|phone\" header_font_size_tablet=\"\" header_font_size_phone=\"30px\" header_font_size_last_edited=\"on|phone\" header_2_font_size_tablet=\"80px\" header_2_font_size_phone=\"47px\" header_2_font_size_last_edited=\"on|phone\" header_text_shadow_style=\"preset3\" global_colors_info=\"{}\"]<\/p>\n<h2>CONTACTEZ-NOUS<\/h2>\n<p>[\/et_pb_text][\/et_pb_column][\/et_pb_row][\/et_pb_section][et_pb_section fb_built=\"1\" _builder_version=\"4.18.0\" _module_preset=\"default\" background_color=\"rgba(10,10,10,0.02)\" custom_margin=\"||||false|false\" custom_padding=\"||||false|false\" global_colors_info=\"{}\" theme_builder_area=\"post_content\"][et_pb_row column_structure=\"1_3,1_3,1_3\" use_custom_gutter=\"on\" make_equal=\"on\" _builder_version=\"4.18.0\" _module_preset=\"default\" width=\"100%\" width_tablet=\"90%\" width_phone=\"90%\" width_last_edited=\"on|tablet\" max_width=\"1280px\" global_colors_info=\"{}\" theme_builder_area=\"post_content\"][et_pb_column type=\"1_3\" _builder_version=\"4.18.0\" _module_preset=\"default\" global_colors_info=\"{}\" theme_builder_area=\"post_content\"][et_pb_text _builder_version=\"4.22.1\" _module_preset=\"default\" text_font=\"|600|||||||\" text_text_color=\"#0a0a0a\" text_font_size=\"27px\" custom_margin=\"16px||||false|false\" text_font_size_tablet=\"\" text_font_size_phone=\"26px\" text_font_size_last_edited=\"on|phone\" global_colors_info=\"{}\" theme_builder_area=\"post_content\"]<\/p>\n<p>POURQUOI NOUS CHOISIR<\/p>\n<p>[\/et_pb_text][et_pb_text _builder_version=\"4.22.1\" _module_preset=\"default\" text_font_size=\"18px\" header_3_line_height=\"1.4em\" custom_margin=\"-7px||||false|false\" global_colors_info=\"{}\" theme_builder_area=\"post_content\"]<\/p>\n<h3>Fournisseur professionnel de peinture automobile.<\/h3>\n<p>[\/et_pb_text][et_pb_text _builder_version=\"4.22.1\" _module_preset=\"default\" text_font_size=\"18px\" header_4_line_height=\"1.3em\" custom_margin=\"-36px||||false|false\" global_colors_info=\"{}\" theme_builder_area=\"post_content\"]<\/p>\n<h4>20 ans, votre fabricant fiable de peinture automobile. Les clients peuvent nous faire confiance et coop\u00e9rer avec nous.<\/h4>\n<p>[\/et_pb_text][\/et_pb_column][et_pb_column type=\"1_3\" _builder_version=\"4.18.0\" _module_preset=\"default\" border_width_all=\"1px\" border_color_all=\"#b5b5b5\" global_colors_info=\"{}\" theme_builder_area=\"post_content\"][et_pb_blurb use_icon=\"on\" font_icon=\"&#xf521;||fa||900\" icon_color=\"#000000\" image_icon_width=\"60px\" content_tablet=\"<\/p>\n<p>One of the largest auto paint manufacturers in China<\/p>\n<\/p>\n<p>\" content_phone=\"<\/p>\n<p>One of the largest auto paint manufacturers in China<\/p>\n<\/p>\n<p>\" content_last_edited=\"off|tablet\" _builder_version=\"4.22.1\" _module_preset=\"default\" body_font_size=\"17px\" body_line_height=\"1.5em\" image_icon_custom_margin=\"35px||-36px||false|false\" text_orientation=\"center\" width_tablet=\"\" width_phone=\"99%\" width_last_edited=\"on|phone\" custom_margin=\"4px||||false|false\" animation=\"off\" hover_enabled=\"0\" body_font_size_tablet=\"17px\" body_font_size_phone=\"17px\" body_font_size_last_edited=\"on|phone\" body_line_height_tablet=\"0.8em\" body_line_height_phone=\"1.3em\" body_line_height_last_edited=\"on|phone\" border_color_all=\"#a5a5a5\" global_colors_info=\"{}\" theme_builder_area=\"post_content\" sticky_enabled=\"0\"]<\/p>\n<p>L'un des plus grands fabricants de peinture automobile en Chine<\/p>\n<p>&nbsp;<\/p>\n<p>[\/et_pb_blurb][\/et_pb_column][et_pb_column type=\"1_3\" _builder_version=\"4.18.0\" _module_preset=\"default\" border_width_all=\"1px\" border_color_all=\"#b5b5b5\" global_colors_info=\"{}\" theme_builder_area=\"post_content\"][et_pb_blurb use_icon=\"on\" font_icon=\"&#xe07c;||divi||400\" icon_color=\"#000000\" image_icon_width=\"60px\" content_phone=\"<\/p>\n<p>Prix comp\u00e9titif avec une bonne qualit\u00e9<\/p>\n<p>\u00a0<\/p>\n<p>\" content_last_edited=\"off|desktop\" _builder_version=\"4.22.1\" _module_preset=\"default\" body_font_size=\"17px\" image_icon_custom_margin=\"35px||-36px||false|false\" text_orientation=\"center\" custom_margin=\"4px||||false|false\" animation=\"off\" border_color_all=\"#a5a5a5\" global_colors_info=\"{}\" theme_builder_area=\"post_content\"]<\/p>\n<p>Prix comp\u00e9titif avec une bonne qualit\u00e9<\/p>\n<p>&nbsp;<\/p>\n<p>[\/et_pb_blurb][\/et_pb_column][\/et_pb_row][et_pb_row column_structure=\"1_3,1_3,1_3\" use_custom_gutter=\"on\" make_equal=\"on\" _builder_version=\"4.18.0\" _module_preset=\"default\" width=\"100%\" width_tablet=\"90%\" width_phone=\"90%\" width_last_edited=\"on|tablet\" max_width=\"1280px\" global_colors_info=\"{}\" theme_builder_area=\"post_content\"][et_pb_column type=\"1_3\" _builder_version=\"4.18.0\" _module_preset=\"default\" border_width_all=\"1px\" border_color_all=\"#b5b5b5\" global_colors_info=\"{}\" theme_builder_area=\"post_content\"][et_pb_blurb use_icon=\"on\" font_icon=\"&#xf0d1;||fa||900\" icon_color=\"#000000\" image_icon_width=\"60px\" _builder_version=\"4.22.1\" _module_preset=\"default\" body_font_size=\"17px\" image_icon_custom_margin=\"35px||-36px||false|false\" text_orientation=\"center\" custom_margin=\"4px||||false|false\" animation=\"off\" border_color_all=\"#a5a5a5\" global_colors_info=\"{}\" theme_builder_area=\"post_content\"]<\/p>\n<p>Meilleur d\u00e9lai de livraison<\/p>\n<p>&nbsp;<\/p>\n<p>[\/et_pb_blurb][\/et_pb_column][et_pb_column type=\"1_3\" _builder_version=\"4.18.0\" _module_preset=\"default\" border_width_all=\"1px\" border_color_all=\"#b5b5b5\" global_colors_info=\"{}\" theme_builder_area=\"post_content\"][et_pb_blurb use_icon=\"on\" font_icon=\"&#xf658;||fa||900\" icon_color=\"#000000\" image_icon_width=\"60px\" content_tablet=\"<\/p>\n<p>Send fast and exact quotation<\/p>\n<\/p>\n<p>\" content_phone=\"<\/p>\n<p>Envoyez un devis rapide et pr\u00e9cis<\/p>\n<p>\" content_last_edited=\"off|desktop\" _builder_version=\"4.22.1\" _module_preset=\"default\" body_font_size=\"17px\" image_icon_custom_margin=\"35px||-36px||false|false\" text_orientation=\"center\" custom_margin=\"4px||||false|false\" animation=\"off\" border_color_all=\"#a5a5a5\" global_colors_info=\"{}\" theme_builder_area=\"post_content\"]<\/p>\n<p>Envoyez un devis rapide et pr\u00e9cis<\/p>\n<p>&nbsp;<\/p>\n<p>[\/et_pb_blurb][\/et_pb_column][et_pb_column type=\"1_3\" _builder_version=\"4.18.0\" _module_preset=\"default\" border_width_all=\"1px\" border_color_all=\"#b5b5b5\" global_colors_info=\"{}\" theme_builder_area=\"post_content\"][et_pb_blurb use_icon=\"on\" font_icon=\"&#xf0c0;||fa||900\" icon_color=\"#000000\" image_icon_width=\"60px\" content_tablet=\"<\/p>\n<p><span>Professional technical support<\/span><\/p>\n<p><span><\/span><\/p>\n<p><span><\/span><\/p>\n<p>\" content_phone=\"<\/p>\n<p><span>Professional technical support<\/span><\/p>\n<\/p>\n<p>\" content_last_edited=\"off|desktop\" _builder_version=\"4.22.1\" _module_preset=\"default\" body_font_size=\"17px\" image_icon_custom_margin=\"35px||-36px||false|false\" text_orientation=\"center\" custom_margin=\"4px||||false|false\" animation=\"off\" border_color_all=\"#a5a5a5\" global_colors_info=\"{}\" theme_builder_area=\"post_content\"]<\/p>\n<p>Assistance technique professionnelle<\/p>\n<p>&nbsp;<\/p>\n<p>[\/et_pb_blurb][\/et_pb_column][\/et_pb_row][\/et_pb_section][et_pb_section fb_built=\"1\" _builder_version=\"4.22.1\" _module_preset=\"default\" background_enable_image=\"off\" custom_margin=\"0px||0px||true|false\" custom_padding=\"0px||0px||true|false\" global_colors_info=\"{}\"][et_pb_row _builder_version=\"4.22.1\" _module_preset=\"default\" custom_margin=\"||||false|false\" custom_padding=\"||0px||false|false\" global_colors_info=\"{}\"][et_pb_column type=\"4_4\" _builder_version=\"4.22.0\" _module_preset=\"default\" global_colors_info=\"{}\"][et_pb_text _builder_version=\"4.22.1\" _module_preset=\"default\" header_2_font=\"|600|||||||\" header_2_text_align=\"center\" header_2_font_size=\"42px\" custom_margin=\"||||false|false\" custom_margin_tablet=\"-20px|||8px|false|false\" custom_margin_phone=\"0px|||0px|false|false\" custom_margin_last_edited=\"on|tablet\" header_2_text_align_tablet=\"center\" header_2_text_align_phone=\"center\" header_2_text_align_last_edited=\"on|tablet\" header_2_font_size_tablet=\"42px\" header_2_font_size_phone=\"32px\" header_2_font_size_last_edited=\"on|phone\" header_2_line_height_tablet=\"\" header_2_line_height_phone=\"1.3em\" header_2_line_height_last_edited=\"on|phone\" text_orientation_tablet=\"center\" text_orientation_phone=\"center\" text_orientation_last_edited=\"on|tablet\" global_colors_info=\"{}\"]<\/p>\n<h2>Rejoignez-nous en tant que partenaire<\/h2>\n<p>[\/et_pb_text][et_pb_text content_tablet=\"<\/p>\n<h1>Auto Refinish Paint Manufacturer<\/h1>\n<h1>Looking for the Global Distributors<\/h1>\n<p>\" content_phone=\"<\/p>\n<h1>Auto Refinish Paint Manufacturer<\/h1>\n<h1>Looking for the Global Distributors<\/h1>\n<p>\" content_last_edited=\"off|phone\" _builder_version=\"4.22.1\" _module_preset=\"default\" text_text_color=\"#FFFFFF\" text_font_size=\"39px\" header_font=\"||||||||\" header_font_size=\"31px\" header_line_height=\"1.6em\" header_2_font=\"|600|||||||\" header_2_text_color=\"#FFFFFF\" header_2_font_size=\"39px\" header_2_line_height=\"1.5em\" text_orientation=\"center\" custom_margin=\"-26px||||false|false\" custom_margin_tablet=\"169px|||-73px|false|false\" custom_margin_phone=\"0px|||-6px|false|false\" custom_margin_last_edited=\"on|phone\" header_text_align_tablet=\"\" header_text_align_phone=\"center\" header_text_align_last_edited=\"on|phone\" header_font_size_tablet=\"33px\" header_font_size_phone=\"21px\" header_font_size_last_edited=\"on|phone\" global_colors_info=\"{}\"]<\/p>\n<h1>Fabricant de peinture de finition automobile \u00e0 la recherche de distributeurs mondiaux<\/h1>\n<p>[\/et_pb_text][\/et_pb_column][\/et_pb_row][\/et_pb_section][et_pb_section fb_built=\"1\" admin_label=\"Section\" module_id=\"Quote\" _builder_version=\"4.22.0\" _module_preset=\"default\" background_color=\"rgba(255,255,255,0.02)\" custom_padding=\"||||false|false\" global_colors_info=\"{}\"][et_pb_row column_structure=\"1_2,1_2\" _builder_version=\"4.22.0\" _module_preset=\"default\" custom_padding=\"|||0px|false|false\" global_colors_info=\"{}\"][et_pb_column type=\"1_2\" _builder_version=\"4.21.0\" _module_preset=\"default\" global_colors_info=\"{}\"][et_pb_text _builder_version=\"4.22.1\" _module_preset=\"default\" text_font=\"||||||||\" text_text_color=\"rgba(0,0,0,0.75)\" text_font_size=\"35px\" header_4_font=\"|600|||||||\" header_4_font_size=\"40px\" max_width=\"100%\" module_alignment=\"center\" custom_margin=\"0px||12px||false|false\" custom_padding=\"0px||||false|false\" text_font_size_tablet=\"35px\" text_font_size_phone=\"34px\" text_font_size_last_edited=\"on|phone\" header_4_text_align_tablet=\"\" header_4_text_align_phone=\"center\" header_4_text_align_last_edited=\"on|phone\" header_4_font_size_tablet=\"40px\" header_4_font_size_phone=\"35px\" header_4_font_size_last_edited=\"on|phone\" global_colors_info=\"{}\"]<\/p>\n<h4>D\u00e9tails du contact<\/h4>\n<p>[\/et_pb_text][et_pb_divider color=\"#000000\" _builder_version=\"4.21.0\" _module_preset=\"default\" width=\"83%\" width_tablet=\"83%\" width_phone=\"100%\" width_last_edited=\"on|phone\" module_alignment=\"left\" module_alignment_tablet=\"left\" module_alignment_phone=\"left\" module_alignment_last_edited=\"on|phone\" global_colors_info=\"{}\"][\/et_pb_divider][et_pb_blurb use_icon=\"on\" font_icon=\"&#xe01d;||divi||400\" icon_color=\"#000000\" icon_placement=\"left\" image_icon_width=\"25px\" _builder_version=\"4.21.0\" _module_preset=\"default\" body_text_color=\"#000000\" body_font_size=\"17px\" custom_margin=\"26px||26px||true|false\" custom_padding=\"0px||0px||true|false\" animation=\"off\" body_font_size_tablet=\"15px\" body_font_size_phone=\"15px\" body_font_size_last_edited=\"on|phone\" border_color_all_image=\"#FFFFFF\" global_colors_info=\"{}\"]<\/p>\n<p><span>No 4, Chengye Road, Daliang, Shunde, Foshan, Guangdong, China<\/span><\/p>\n<p>[\/et_pb_blurb][et_pb_blurb use_icon=\"on\" font_icon=\"&#xe090;||divi||400\" icon_color=\"#000000\" icon_placement=\"left\" image_icon_width=\"20px\" _builder_version=\"4.21.0\" _module_preset=\"default\" body_text_color=\"#000000\" body_font_size=\"17px\" custom_margin=\"15px||15px||true|false\" custom_padding=\"0px||0px||true|false\" animation=\"off\" body_font_size_tablet=\"17px\" body_font_size_phone=\"15px\" body_font_size_last_edited=\"on|phone\" border_color_all_image=\"#FFFFFF\" global_colors_info=\"{}\"]<\/p>\n<p><span>+86 <\/span>13682292799<\/p>\n<p>[\/et_pb_blurb][et_pb_blurb use_icon=\"on\" font_icon=\"&#xe0e3;||divi||400\" icon_color=\"#000000\" icon_placement=\"left\" image_icon_width=\"25px\" _builder_version=\"4.22.0\" _module_preset=\"default\" body_text_color=\"#000000\" body_font_size=\"17px\" custom_margin=\"15px||15px||true|false\" custom_padding=\"0px||0px||true|false\" animation=\"off\" body_font_size_tablet=\"17px\" body_font_size_phone=\"15px\" body_font_size_last_edited=\"on|phone\" border_color_all_image=\"#FFFFFF\" global_colors_info=\"{}\"]<\/p>\n<p>www.supersybon.com\/fr<\/p>\n<p>[\/et_pb_blurb][et_pb_blurb use_icon=\"on\" font_icon=\"&#xe010;||divi||400\" icon_color=\"#000000\" icon_placement=\"left\" image_icon_width=\"25px\" _builder_version=\"4.21.0\" _module_preset=\"default\" body_text_color=\"#000000\" body_font_size=\"17px\" custom_margin=\"||13px|||\" custom_padding=\"0px||0px||true|false\" animation=\"off\" body_font_size_tablet=\"17px\" body_font_size_phone=\"15px\" body_font_size_last_edited=\"on|phone\" border_color_all_image=\"#FFFFFF\" global_colors_info=\"{}\"]<\/p>\n<p><span>sales@supersybon.com<\/span><\/p>\n<p>[\/et_pb_blurb][et_pb_text _builder_version=\"4.21.0\" _module_preset=\"default\" text_text_color=\"#000000\" text_font_size=\"20px\" custom_margin=\"42px||||false|false\" global_colors_info=\"{}\"]<\/p>\n<p><span>SOCIAL<\/span><\/p>\n<p>[\/et_pb_text][et_pb_social_media_follow _builder_version=\"4.21.0\" _module_preset=\"default\" custom_margin=\"-19px||-2px||false|false\" custom_margin_tablet=\"0px||50px|29px|false|false\" custom_margin_phone=\"-11px||32px||false|false\" custom_margin_last_edited=\"on|phone\" custom_padding=\"0px||||false|false\" text_orientation_tablet=\"left\" text_orientation_phone=\"left\" text_orientation_last_edited=\"on|phone\" module_alignment_tablet=\"\" module_alignment_phone=\"\" module_alignment_last_edited=\"on|phone\" global_colors_info=\"{}\"][et_pb_social_media_follow_network social_network=\"facebook\" url=\"https:\/\/www.facebook.com\/SYBON-AUTO-PAINT-Manufacturer-103481095814373\/\" _builder_version=\"4.18.0\" _module_preset=\"default\" background_color=\"#3b5998\" global_colors_info=\"{}\" follow_button=\"off\" url_new_window=\"on\"]facebook[\/et_pb_social_media_follow_network][et_pb_social_media_follow_network social_network=\"instagram\" url=\"https:\/\/www.instagram.com\/supersybon\/\" _builder_version=\"4.18.0\" _module_preset=\"default\" background_color=\"#ea2c59\" global_colors_info=\"{}\" follow_button=\"off\" url_new_window=\"on\"]instagram[\/et_pb_social_media_follow_network][et_pb_social_media_follow_network social_network=\"youtube\" url=\"https:\/\/www.youtube.com\/channel\/UCq0FA4gJ_sj4pajHK6NrN5g\" _builder_version=\"4.18.0\" _module_preset=\"default\" background_color=\"#a82400\" global_colors_info=\"{}\" follow_button=\"off\" url_new_window=\"on\"]youtube[\/et_pb_social_media_follow_network][et_pb_social_media_follow_network social_network=\"tiktok\" url=\"http:\/\/www.tiktok.com\/@sybon_autopaint\" _builder_version=\"4.18.0\" _module_preset=\"default\" background_color=\"#fe2c55\" global_colors_info=\"{}\" follow_button=\"off\" url_new_window=\"on\"]tiktok[\/et_pb_social_media_follow_network][et_pb_social_media_follow_network social_network=\"whatsapp\" url=\"https:\/\/wa.me\/+8613682292799\" _builder_version=\"4.18.0\" _module_preset=\"default\" background_color=\"#25D366\" global_colors_info=\"{}\" follow_button=\"off\" url_new_window=\"on\"]whatsapp[\/et_pb_social_media_follow_network][\/et_pb_social_media_follow][\/et_pb_column][et_pb_column type=\"1_2\" _builder_version=\"4.21.0\" _module_preset=\"default\" background_color=\"rgba(10,10,10,0.01)\" box_shadow_style=\"preset1\" box_shadow_vertical=\"0px\" box_shadow_blur=\"1px\" global_colors_info=\"{}\"][et_pb_text _builder_version=\"4.22.1\" _module_preset=\"default\" text_font=\"||||||||\" text_text_color=\"#ffffff\" text_font_size=\"35px\" text_line_height=\"1.6em\" background_color=\"#06ade5\" text_orientation=\"center\" max_width=\"100%\" module_alignment=\"center\" custom_margin=\"0px||||false|false\" global_colors_info=\"{}\"]<\/p>\n<p>Contactez-nous<\/p>\n<p>[\/et_pb_text][et_pb_text _builder_version=\"4.22.1\" _module_preset=\"default\" text_text_color=\"#666666\" text_orientation=\"center\" max_width=\"91%\" max_width_tablet=\"\" max_width_phone=\"98%\" max_width_last_edited=\"on|phone\" module_alignment=\"center\" custom_margin=\"-13px|||||\" text_font_size_tablet=\"\" text_font_size_phone=\"13px\" text_font_size_last_edited=\"on|phone\" global_colors_info=\"{}\"]<\/p>\n<p>La demande sera envoy\u00e9e \u00e0 notre \u00e9quipe de vente, nous vous r\u00e9pondrons dans les 24 heures.<\/p>\n<p>[\/et_pb_text][et_pb_code _builder_version=\"4.22.1\" _module_preset=\"default\" width=\"95%\" width_tablet=\"\" width_phone=\"94%\" width_last_edited=\"on|phone\" module_alignment=\"center\" global_colors_info=\"{}\"]<div class=\"forminator-ui forminator-custom-form forminator-custom-form-3913 forminator-design--material  forminator_ajax\" data-forminator-render=\"0\" data-form=\"forminator-module-3913\" data-uid=\"69f0ee4465621\"><br\/><\/div><form\n\t\t\t\tid=\"forminator-module-3913\"\n\t\t\t\tclass=\"forminator-ui forminator-custom-form forminator-custom-form-3913 forminator-design--material  forminator_ajax\"\n\t\t\t\tmethod=\"post\"\n\t\t\t\tdata-forminator-render=\"0\"\n\t\t\t\tdata-form-id=\"3913\"\n\t\t\t\t data-color-option=\"default\" data-design=\"material\" data-grid=\"open\" style=\"display: none;\"\n\t\t\t\tdata-uid=\"69f0ee4465621\"\n\t\t\t><div role=\"alert\" aria-live=\"polite\" class=\"forminator-response-message forminator-error\" aria-hidden=\"true\"><\/div><div class=\"forminator-row\"><div id=\"name-1\" class=\"forminator-field-name forminator-col forminator-col-6 \"><div class=\"forminator-field\"><input type=\"text\" name=\"name-1\" value=\"\" placeholder=\"Pr\u00e9nom\" id=\"forminator-field-name-1_69f0ee4465621\" class=\"forminator-input forminator-name--field\" aria-required=\"true\" autocomplete=\"name\" \/><\/div><\/div><div id=\"email-1\" class=\"forminator-field-email forminator-col forminator-col-6 \"><div class=\"forminator-field\"><input type=\"email\" name=\"email-1\" value=\"\" placeholder=\"Adresse e-mail\" id=\"forminator-field-email-1_69f0ee4465621\" class=\"forminator-input forminator-email--field\" data-required=\"1\" aria-required=\"true\" autocomplete=\"email\" \/><\/div><\/div><\/div><div class=\"forminator-row\"><div id=\"phone-1\" class=\"forminator-field-phone forminator-col forminator-col-6 \"><div class=\"forminator-field\"><input type=\"text\" name=\"phone-1\" value=\"\" placeholder=\"Num\u00e9ro WhatsApp\" id=\"forminator-field-phone-1_69f0ee4465621\" class=\"forminator-input forminator-field--phone\" data-required=\"1\" aria-required=\"true\" autocomplete=\"off\" \/><\/div><\/div><div id=\"name-2\" class=\"forminator-field-name forminator-col forminator-col-6 \"><div class=\"forminator-field\"><input type=\"text\" name=\"name-2\" value=\"\" placeholder=\"Nom de l&#039;entreprise\" id=\"forminator-field-name-2_69f0ee4465621\" class=\"forminator-input forminator-name--field\" aria-required=\"true\" autocomplete=\"name\" \/><\/div><\/div><\/div><div class=\"forminator-row\"><div id=\"textarea-1\" class=\"forminator-field-textarea forminator-col forminator-col-12 \"><div class=\"forminator-field\"><label for=\"forminator-field-textarea-1_69f0ee4465621\" id=\"forminator-field-textarea-1_69f0ee4465621-label\" class=\"forminator-label\">Message <span class=\"forminator-required\">*<\/span><\/label><textarea name=\"textarea-1\" placeholder=\"Ce champ est obligatoire. Veuillez saisir les d\u00e9tails de votre demande, tels que le nom du produit, la quantit\u00e9, etc.\" id=\"forminator-field-textarea-1_69f0ee4465621\" class=\"forminator-textarea\" rows=\"6\" style=\"--forminator-textarea-min-height:100px;\" ><\/textarea><\/div><\/div><\/div><div class=\"forminator-row\"><div id=\"captcha-1\" class=\"forminator-field-captcha forminator-col forminator-col-12 \"><div class=\"forminator-captcha-left forminator-g-recaptcha\" data-theme=\"light\"  data-sitekey=\"6Lfd4hMoAAAAAGESzftoUP-X1nnw5rbp0g87G5Ba\" data-size=\"normal\"><\/div> <\/div><\/div><input type=\"hidden\" name=\"referer_url\" value=\"\" \/><div class=\"forminator-row forminator-row-last\"><div class=\"forminator-col\"><div class=\"forminator-field\"><button class=\"forminator-button forminator-button-submit\"><span>Envoyer le message<\/span><span aria-hidden=\"true\"><\/span><\/button><\/div><\/div><\/div><input type=\"hidden\" id=\"forminator_nonce\" name=\"forminator_nonce\" value=\"9befeb1664\" \/><input type=\"hidden\" name=\"_wp_http_referer\" value=\"\/fr\/wp-json\/wp\/v2\/pages\/45\" \/><input type=\"hidden\" name=\"form_id\" value=\"3913\"><input type=\"hidden\" name=\"page_id\" value=\"45\"><input type=\"hidden\" name=\"form_type\" value=\"default\"><input type=\"hidden\" name=\"current_url\" value=\"https:\/\/www.supersybon.com\/fr\/contact\"><input type=\"hidden\" name=\"render_id\" value=\"0\"><input type=\"hidden\" name=\"action\" value=\"forminator_submit_form_custom-forms\"><\/form>[\/et_pb_code][\/et_pb_column][\/et_pb_row][\/et_pb_section]<\/p>\n","protected":false},"excerpt":{"rendered":"<p>Tu es l\u00e0: Sybon &gt; ContactCONTACTEZ-NOUSPOURQUOI NOUS CHOISIRFournisseur professionnel de peinture automobile.20 ans, votre fabricant fiable de peinture automobile. Les clients peuvent nous faire confiance et coop\u00e9rer avec nous.L'un des plus grands fabricants de peinture automobile en Chine &nbsp;Prix comp\u00e9titif avec une bonne qualit\u00e9 &nbsp;Meilleur d\u00e9lai de livraison &nbsp;Envoyez un devis rapide et pr\u00e9cis &nbsp;Assistance [&hellip;]<\/p>\n","protected":false},"author":1,"featured_media":0,"parent":0,"menu_order":0,"comment_status":"closed","ping_status":"closed","template":"","meta":{"_et_pb_use_builder":"on","_et_pb_old_content":"","_et_gb_content_width":""},"class_list":["post-45","page","type-page","status-publish","hentry"],"_links":{"self":[{"href":"https:\/\/www.supersybon.com\/fr\/wp-json\/wp\/v2\/pages\/45","targetHints":{"allow":["GET"]}}],"collection":[{"href":"https:\/\/www.supersybon.com\/fr\/wp-json\/wp\/v2\/pages"}],"about":[{"href":"https:\/\/www.supersybon.com\/fr\/wp-json\/wp\/v2\/types\/page"}],"author":[{"embeddable":true,"href":"https:\/\/www.supersybon.com\/fr\/wp-json\/wp\/v2\/users\/1"}],"replies":[{"embeddable":true,"href":"https:\/\/www.supersybon.com\/fr\/wp-json\/wp\/v2\/comments?post=45"}],"version-history":[{"count":0,"href":"https:\/\/www.supersybon.com\/fr\/wp-json\/wp\/v2\/pages\/45\/revisions"}],"wp:attachment":[{"href":"https:\/\/www.supersybon.com\/fr\/wp-json\/wp\/v2\/media?parent=45"}],"curies":[{"name":"wp","href":"https:\/\/api.w.org\/{rel}","templated":true}]}}