{"id":999,"date":"2022-10-18T11:09:33","date_gmt":"2022-10-18T03:09:33","guid":{"rendered":"https:\/\/www.supersybon.com\/es\/?post_type=product&#038;p=999"},"modified":"2025-10-08T16:29:21","modified_gmt":"2025-10-08T08:29:21","slug":"barato-y-economico-vaso-de-mezcla-de-pintura-de-plastico-desechable-forma-redonda-con-sello-de-tapa-para-recubrir-pintura-automotriz-quimica-industrial","status":"publish","type":"product","link":"https:\/\/www.supersybon.com\/es\/product\/barato-y-economico-vaso-de-mezcla-de-pintura-de-plastico-desechable-forma-redonda-con-sello-de-tapa-para-recubrir-pintura-automotriz-quimica-industrial","title":{"rendered":"Barato y econ\u00f3mico vaso de mezcla de pintura de pl\u00e1stico desechable forma redonda con sello de tapa para recubrir pintura automotriz qu\u00edmica industrial"},"content":{"rendered":"<p><iframe title=\"One-Stop Supply \u2014 SYBON Disposable Paint Mixing Cups!\" width=\"1080\" height=\"608\" src=\"https:\/\/www.youtube.com\/embed\/IjravM1GqNE?feature=oembed\"  allow=\"accelerometer; autoplay; clipboard-write; encrypted-media; gyroscope; picture-in-picture; web-share\" referrerpolicy=\"strict-origin-when-cross-origin\" allowfullscreen><\/iframe><\/p>\n<p><img decoding=\"async\" class=\"aligncenter size-full wp-image-1000\" src=\"https:\/\/www.supersybon.com\/es\/wp-content\/uploads\/2022\/10\/1666063663-Mc700-2-Dispoable-Car-Auto-Paint-Mixing-Mix-Cup-Paint-Mixing-Cup-And-Lids-Disposable-Paint-Cups.jpg\" alt=\"\" width=\"900\" height=\"364\" title=\"\" srcset=\"https:\/\/www.supersybon.com\/es\/wp-content\/uploads\/2022\/10\/1666063663-Mc700-2-Dispoable-Car-Auto-Paint-Mixing-Mix-Cup-Paint-Mixing-Cup-And-Lids-Disposable-Paint-Cups.jpg 900w, https:\/\/www.supersybon.com\/es\/wp-content\/uploads\/2022\/10\/1666063663-Mc700-2-Dispoable-Car-Auto-Paint-Mixing-Mix-Cup-Paint-Mixing-Cup-And-Lids-Disposable-Paint-Cups-480x194.jpg 480w\" sizes=\"(min-width: 0px) and (max-width: 480px) 480px, (min-width: 481px) 900px, 100vw\" \/><\/p>\n<p>&nbsp;<\/p>\n<p><strong>Barato y econ\u00f3mico vaso de mezcla de pintura de pl\u00e1stico desechable forma redonda con sello de tapa para recubrir pintura automotriz qu\u00edmica industrial<\/strong><\/p>\n<p>Accesorios automotrices Vaso de pintura de pl\u00e1stico desechable Auto 200ml\/300ml\/500ml\/1000ml\/2000ml Cup.<\/p>\n<div class=\"magic-13\">\n<div class=\"magic-14\">\n<div class=\"magic-9\">\n<div class=\"magic-10\">\n<p><img decoding=\"async\" class=\"aligncenter size-full wp-image-3526\" src=\"https:\/\/www.supersybon.com\/es\/wp-content\/uploads\/2022\/10\/1759911916-CC2000-Accesorios-automotrices-Vaso-de-pintura-de-plastico-desechable-para-automovil-200-ml-300-ml-500-ml-1000-ml-2000-ml.jpg\" alt=\"CC2000-Accesorios-automotrices-Vaso-de-pintura-de-pl\u00e1stico-desechable-para-autom\u00f3vil-200-ml-300-ml-500-ml-1000-ml-2000-ml\" width=\"800\" height=\"800\" title=\"\" srcset=\"https:\/\/www.supersybon.com\/es\/wp-content\/uploads\/2022\/10\/1759911916-CC2000-Accesorios-automotrices-Vaso-de-pintura-de-plastico-desechable-para-automovil-200-ml-300-ml-500-ml-1000-ml-2000-ml.jpg 800w, https:\/\/www.supersybon.com\/es\/wp-content\/uploads\/2022\/10\/1759911916-CC2000-Accesorios-automotrices-Vaso-de-pintura-de-plastico-desechable-para-automovil-200-ml-300-ml-500-ml-1000-ml-2000-ml-480x480.jpg 480w\" sizes=\"(min-width: 0px) and (max-width: 480px) 480px, (min-width: 481px) 800px, 100vw\" \/><\/p>\n<p><img decoding=\"async\" class=\"aligncenter size-full wp-image-3527\" src=\"https:\/\/www.supersybon.com\/es\/wp-content\/uploads\/2022\/10\/1759911951-Vaso-mezclador-de-pintura-desechable-CC2000-para-automovil-vaso-mezclador-de-pintura-con-tapas-vasos-de-pintura-desechables.jpg\" alt=\"Vaso-mezclador-de-pintura-desechable-CC2000-para-autom\u00f3vil-vaso-mezclador-de-pintura-con-tapas-vasos-de-pintura-desechables\" width=\"800\" height=\"800\" title=\"\" srcset=\"https:\/\/www.supersybon.com\/es\/wp-content\/uploads\/2022\/10\/1759911951-Vaso-mezclador-de-pintura-desechable-CC2000-para-automovil-vaso-mezclador-de-pintura-con-tapas-vasos-de-pintura-desechables.jpg 800w, https:\/\/www.supersybon.com\/es\/wp-content\/uploads\/2022\/10\/1759911951-Vaso-mezclador-de-pintura-desechable-CC2000-para-automovil-vaso-mezclador-de-pintura-con-tapas-vasos-de-pintura-desechables-480x480.jpg 480w\" sizes=\"(min-width: 0px) and (max-width: 480px) 480px, (min-width: 481px) 800px, 100vw\" \/><\/p>\n<p><img decoding=\"async\" class=\"aligncenter size-full wp-image-3530\" src=\"https:\/\/www.supersybon.com\/es\/wp-content\/uploads\/2022\/10\/1759912004-Vaso-mezclador-de-pintura-de-plastico-economico-CC2000-con-tapa-sellada-para-recubrimiento-de-pintura-quimica-industrial-y-automotriz.jpg\" alt=\"Vaso-mezclador-de-pintura-de-pl\u00e1stico-econ\u00f3mico-CC2000-con-tapa-sellada-para-recubrimiento-de-pintura-qu\u00edmica-industrial-y-automotriz\" width=\"800\" height=\"800\" title=\"\" srcset=\"https:\/\/www.supersybon.com\/es\/wp-content\/uploads\/2022\/10\/1759912004-Vaso-mezclador-de-pintura-de-plastico-economico-CC2000-con-tapa-sellada-para-recubrimiento-de-pintura-quimica-industrial-y-automotriz.jpg 800w, https:\/\/www.supersybon.com\/es\/wp-content\/uploads\/2022\/10\/1759912004-Vaso-mezclador-de-pintura-de-plastico-economico-CC2000-con-tapa-sellada-para-recubrimiento-de-pintura-quimica-industrial-y-automotriz-480x480.jpg 480w\" sizes=\"(min-width: 0px) and (max-width: 480px) 480px, (min-width: 481px) 800px, 100vw\" \/><\/p>\n<p><img decoding=\"async\" class=\"aligncenter size-full wp-image-3529\" src=\"https:\/\/www.supersybon.com\/es\/wp-content\/uploads\/2022\/10\/1759911979-CC2000-Vaso-mezclador-de-pintura-de-plastico-economico-y-ecologico-para-el-mercado-de-reparacion-de-colisiones-y-repintado-de-automoviles.jpg\" alt=\"CC2000-Vaso-mezclador-de-pintura-de-pl\u00e1stico-econ\u00f3mico-y-ecol\u00f3gico-para-el-mercado-de-reparaci\u00f3n-de-colisiones-y-repintado-de-autom\u00f3viles\" width=\"800\" height=\"800\" title=\"\" srcset=\"https:\/\/www.supersybon.com\/es\/wp-content\/uploads\/2022\/10\/1759911979-CC2000-Vaso-mezclador-de-pintura-de-plastico-economico-y-ecologico-para-el-mercado-de-reparacion-de-colisiones-y-repintado-de-automoviles.jpg 800w, https:\/\/www.supersybon.com\/es\/wp-content\/uploads\/2022\/10\/1759911979-CC2000-Vaso-mezclador-de-pintura-de-plastico-economico-y-ecologico-para-el-mercado-de-reparacion-de-colisiones-y-repintado-de-automoviles-480x480.jpg 480w\" sizes=\"(min-width: 0px) and (max-width: 480px) 480px, (min-width: 481px) 800px, 100vw\" \/><\/p>\n<p><img decoding=\"async\" class=\"aligncenter size-full wp-image-1002\" src=\"https:\/\/www.supersybon.com\/es\/wp-content\/uploads\/2022\/10\/1666063704-Mc700-2-Automotive-Accessories-Disposable-Plastic-Paint-Cup-Auto-200Ml300Ml500Ml1000Ml2000Ml-Cup.jpg\" alt=\"\" width=\"750\" height=\"750\" title=\"\" srcset=\"https:\/\/www.supersybon.com\/es\/wp-content\/uploads\/2022\/10\/1666063704-Mc700-2-Automotive-Accessories-Disposable-Plastic-Paint-Cup-Auto-200Ml300Ml500Ml1000Ml2000Ml-Cup.jpg 750w, https:\/\/www.supersybon.com\/es\/wp-content\/uploads\/2022\/10\/1666063704-Mc700-2-Automotive-Accessories-Disposable-Plastic-Paint-Cup-Auto-200Ml300Ml500Ml1000Ml2000Ml-Cup-480x480.jpg 480w\" sizes=\"(min-width: 0px) and (max-width: 480px) 480px, (min-width: 481px) 750px, 100vw\" \/><\/p>\n<p><img decoding=\"async\" class=\"aligncenter size-full wp-image-3531\" src=\"https:\/\/www.supersybon.com\/es\/wp-content\/uploads\/2022\/10\/1759912033-Vasos-de-pintura-desechables-de-plastico-con-tapa-sellada-CC2000-venta-directa-de-fabrica-para-pintura-en-aerosol.jpg\" alt=\"Vasos-de-pintura-desechables-de-pl\u00e1stico-con-tapa-sellada-CC2000-venta-directa-de-f\u00e1brica-para-pintura-en-aerosol\" width=\"800\" height=\"800\" title=\"\" srcset=\"https:\/\/www.supersybon.com\/es\/wp-content\/uploads\/2022\/10\/1759912033-Vasos-de-pintura-desechables-de-plastico-con-tapa-sellada-CC2000-venta-directa-de-fabrica-para-pintura-en-aerosol.jpg 800w, https:\/\/www.supersybon.com\/es\/wp-content\/uploads\/2022\/10\/1759912033-Vasos-de-pintura-desechables-de-plastico-con-tapa-sellada-CC2000-venta-directa-de-fabrica-para-pintura-en-aerosol-480x480.jpg 480w\" sizes=\"(min-width: 0px) and (max-width: 480px) 480px, (min-width: 481px) 800px, 100vw\" \/><\/p>\n<\/div>\n<\/div>\n<\/div>\n<\/div>\n<div class=\"magic-13\">\n<div class=\"magic-14\">\n<div data-spm-anchor-id=\"a2700.details.0.i37.625d2e9eLtZffL\">\n<div data-spm-anchor-id=\"a2700.details.0.i37.625d2e9eLtZffL\"><\/div>\n<div class=\"magic-13\">\n<div class=\"magic-14\">\n<div data-spm-anchor-id=\"a2700.details.0.i37.625d2e9eLtZffL\"><\/div>\n<div data-spm-anchor-id=\"a2700.details.0.i37.625d2e9eLtZffL\"><\/div>\n<div data-spm-anchor-id=\"a2700.details.0.i37.625d2e9eLtZffL\">\n<div><strong>Embalaje y servicio de productos<br \/>\n<\/strong><\/div>\n<hr \/>\n<p><strong>PAQUETE :<br \/>\n<\/strong><\/p>\n<\/div>\n<\/div>\n<\/div>\n<\/div>\n<div data-spm-anchor-id=\"a2700.details.0.i37.625d2e9eLtZffL\">0.2L\uff1a650pcs\/carton<\/div>\n<div data-spm-anchor-id=\"a2700.details.0.i37.625d2e9eLtZffL\">0.3L\uff1a550pcs\/carton\uff1b<\/div>\n<div data-spm-anchor-id=\"a2700.details.0.i37.625d2e9eLtZffL\">0.5L\uff1a350pcs\/carton\uff1b<\/div>\n<div data-spm-anchor-id=\"a2700.details.0.i37.625d2e9eLtZffL\">1L\uff1a220pcs\/carton\uff1b<\/div>\n<div data-spm-anchor-id=\"a2700.details.0.i37.625d2e9eLtZffL\">2L\uff1a100pcs\/carton.<\/div>\n<div data-spm-anchor-id=\"a2700.details.0.i37.625d2e9eLtZffL\">\n<div data-spm-anchor-id=\"a2700.details.0.i37.625d2e9eLtZffL\"><\/div>\n<div data-spm-anchor-id=\"a2700.details.0.i37.625d2e9eLtZffL\"><\/div>\n<div data-spm-anchor-id=\"a2700.details.0.i37.625d2e9eLtZffL\">\n<div data-spm-anchor-id=\"a2700.details.0.i37.625d2e9eLtZffL\"><img decoding=\"async\" class=\"aligncenter size-full wp-image-3532\" src=\"https:\/\/www.supersybon.com\/es\/wp-content\/uploads\/2022\/10\/1759912056-CC2000-taza-de-mezcla-de-plastico-con-tapa-sellado-recubrimiento-industrial-quimica-pintura-del-automovil-puede-cubo-desechable-grande.jpg\" alt=\"CC2000-taza-de-mezcla-de-pl\u00e1stico-con-tapa-sellado-recubrimiento-industrial-qu\u00edmica-pintura-del-autom\u00f3vil-puede-cubo-desechable-grande\" width=\"750\" height=\"750\" title=\"\" srcset=\"https:\/\/www.supersybon.com\/es\/wp-content\/uploads\/2022\/10\/1759912056-CC2000-taza-de-mezcla-de-plastico-con-tapa-sellado-recubrimiento-industrial-quimica-pintura-del-automovil-puede-cubo-desechable-grande.jpg 750w, https:\/\/www.supersybon.com\/es\/wp-content\/uploads\/2022\/10\/1759912056-CC2000-taza-de-mezcla-de-plastico-con-tapa-sellado-recubrimiento-industrial-quimica-pintura-del-automovil-puede-cubo-desechable-grande-480x480.jpg 480w\" sizes=\"(min-width: 0px) and (max-width: 480px) 480px, (min-width: 481px) 750px, 100vw\" \/><\/div>\n<div data-spm-anchor-id=\"a2700.details.0.i37.625d2e9eLtZffL\"><\/div>\n<div data-spm-anchor-id=\"a2700.details.0.i37.625d2e9eLtZffL\"><\/div>\n<\/div>\n<\/div>\n<p><strong>NUESTRO SERVICIO:<br \/>\n<\/strong><\/p>\n<p>1.24 horas en l\u00ednea<\/p>\n<p>2. Precio competitivo<\/p>\n<p>3. Excelentes comentarios del cliente<\/p>\n<p>4. Pedidos en l\u00ednea seguros<\/p>\n<p>5. Entrega r\u00e1pida<\/p>\n<p>6. Soporte t\u00e9cnico profesional<\/p>\n<p>&nbsp;<\/p>\n<p><strong>Perfil de la empresa<br \/>\n<\/strong><\/p>\n<hr \/>\n<p>&nbsp;<\/p>\n<p><img decoding=\"async\" class=\"aligncenter size-full wp-image-324\" src=\"https:\/\/www.supersybon.com\/es\/wp-content\/uploads\/2022\/09\/1663401769-Car-Paint-Supplier-Company-Profile-Manufacturer-China.jpg\" alt=\"\" width=\"900\" height=\"958\" title=\"\" srcset=\"https:\/\/www.supersybon.com\/es\/wp-content\/uploads\/2022\/09\/1663401769-Car-Paint-Supplier-Company-Profile-Manufacturer-China.jpg 900w, https:\/\/www.supersybon.com\/es\/wp-content\/uploads\/2022\/09\/1663401769-Car-Paint-Supplier-Company-Profile-Manufacturer-China-480x511.jpg 480w\" sizes=\"(min-width: 0px) and (max-width: 480px) 480px, (min-width: 481px) 900px, 100vw\" \/><\/p>\n<div class=\"magic-13\">\n<div class=\"magic-14\">\n<p><strong>Preguntas m\u00e1s frecuentes<\/strong><\/p>\n<hr \/>\n<\/div>\n<\/div>\n<p>P: \u00bfCu\u00e1l es su MOQ?<\/p>\n<p>R: Nuestro pedido m\u00ednimo es de 1\u00a0caja de cart\u00f3n.<\/p>\n<p>P: \u00bfQu\u00e9 hay de su pago?<\/p>\n<p>R: dep\u00f3sito del 50% por adelantado, saldo del 50% por T\/T, L\/C, paypal, Western Union o antes del env\u00edo.<\/p>\n<p>P: \u00bfProporcionan muestras?<\/p>\n<p>R: S\u00ed, puede comprar una muestra para probarla.<\/p>\n<p>P: \u00bfQu\u00e9 hay de su tiempo de entrega?<\/p>\n<p>R: generalmente 15 d\u00edas despu\u00e9s de recibir su dep\u00f3sito.<\/p>\n<\/div>\n<\/div>\n","protected":false},"excerpt":{"rendered":"<p>Accesorios de automoci\u00f3n Copa de pintura pl\u00e1stica desechable Auto 200ml\/300ml\/500ml\/1000ml\/2000ml Cup<\/p>\n","protected":false},"featured_media":3533,"template":"","meta":{"_et_pb_use_builder":"","_et_pb_old_content":"","_et_gb_content_width":""},"product_brand":[],"product_cat":[67,75],"product_tag":[545],"class_list":{"0":"post-999","1":"product","2":"type-product","3":"status-publish","4":"has-post-thumbnail","6":"product_cat-serie-de-reparacion-de-automoviles","7":"product_cat-pistola-rociadora","8":"product_tag-barato-y-economico-vaso-de-mezcla-de-pintura-de-plastico-desechable","10":"first","11":"instock","12":"shipping-taxable","13":"product-type-simple"},"_links":{"self":[{"href":"https:\/\/www.supersybon.com\/es\/wp-json\/wp\/v2\/product\/999","targetHints":{"allow":["GET"]}}],"collection":[{"href":"https:\/\/www.supersybon.com\/es\/wp-json\/wp\/v2\/product"}],"about":[{"href":"https:\/\/www.supersybon.com\/es\/wp-json\/wp\/v2\/types\/product"}],"wp:featuredmedia":[{"embeddable":true,"href":"https:\/\/www.supersybon.com\/es\/wp-json\/wp\/v2\/media\/3533"}],"wp:attachment":[{"href":"https:\/\/www.supersybon.com\/es\/wp-json\/wp\/v2\/media?parent=999"}],"wp:term":[{"taxonomy":"product_brand","embeddable":true,"href":"https:\/\/www.supersybon.com\/es\/wp-json\/wp\/v2\/product_brand?post=999"},{"taxonomy":"product_cat","embeddable":true,"href":"https:\/\/www.supersybon.com\/es\/wp-json\/wp\/v2\/product_cat?post=999"},{"taxonomy":"product_tag","embeddable":true,"href":"https:\/\/www.supersybon.com\/es\/wp-json\/wp\/v2\/product_tag?post=999"}],"curies":[{"name":"wp","href":"https:\/\/api.w.org\/{rel}","templated":true}]}}