{"id":954,"date":"2022-10-15T15:21:27","date_gmt":"2022-10-15T07:21:27","guid":{"rendered":"https:\/\/www.supersybon.com\/es\/?post_type=product&#038;p=954"},"modified":"2025-11-24T11:49:42","modified_gmt":"2025-11-24T03:49:42","slug":"hk901-grado-profesional-recubrimiento-de-caucho-para-chasis-automatico-pintura-en-aerosol-para-automoviles-anticorrosion","status":"publish","type":"product","link":"https:\/\/www.supersybon.com\/es\/product\/hk901-grado-profesional-recubrimiento-de-caucho-para-chasis-automatico-pintura-en-aerosol-para-automoviles-anticorrosion","title":{"rendered":"HK901 Grado profesional recubrimiento de caucho para chasis autom\u00e1tico pintura en aerosol para autom\u00f3viles Anticorrosi\u00f3n"},"content":{"rendered":"<div class=\"video-container\"><iframe src=\"https:\/\/www.youtube.com\/embed\/ztXfHC0F3DE\" width=\"560\" height=\"315\" frameborder=\"0\" allowfullscreen=\"allowfullscreen\"><\/iframe><\/div>\n<p>&nbsp;<\/p>\n<p><img decoding=\"async\" class=\"aligncenter size-full wp-image-3563\" src=\"https:\/\/www.supersybon.com\/es\/wp-content\/uploads\/2022\/10\/1763955950-HK901-Good-Elasticity-Rust-Prevention-Car-Coatings-Rubberized-Undercoating-Products-Under-Sealing-Rust-Protection.jpg\" alt=\"HK901 Recubrimientos de caucho para autom\u00f3viles con buena elasticidad y prevenci\u00f3n de la oxidaci\u00f3n. Productos de sellado inferior para protecci\u00f3n contra la oxidaci\u00f3n\" width=\"900\" height=\"364\" title=\"\" srcset=\"https:\/\/www.supersybon.com\/es\/wp-content\/uploads\/2022\/10\/1763955950-HK901-Good-Elasticity-Rust-Prevention-Car-Coatings-Rubberized-Undercoating-Products-Under-Sealing-Rust-Protection.jpg 900w, https:\/\/www.supersybon.com\/es\/wp-content\/uploads\/2022\/10\/1763955950-HK901-Good-Elasticity-Rust-Prevention-Car-Coatings-Rubberized-Undercoating-Products-Under-Sealing-Rust-Protection-480x194.jpg 480w\" sizes=\"(min-width: 0px) and (max-width: 480px) 480px, (min-width: 481px) 900px, 100vw\" \/><\/p>\n<p>&nbsp;<\/p>\n<p><strong>HK901 Grado profesional recubrimiento de caucho para chasis autom\u00e1tico pintura en aerosol para autom\u00f3viles Anticorrosi\u00f3n<\/strong><\/p>\n<p><strong>Rasgo:<br \/>\n<\/strong><\/p>\n<p>1) Excelente anticorrosi\u00f3n debajo de la capa base.<\/p>\n<p>2) Excelente a prueba de golpes.<\/p>\n<p>3) Aislamiento t\u00e9rmico favorable econ\u00f3mico en combustible.<\/p>\n<p>4) Buen aislamiento ac\u00fastico y eliminaci\u00f3n del ruido al conducir.<\/p>\n<p>5) Fuerte adherencia, elasticidad y flexibilidad.<\/p>\n<p>6) Sobresaliente Ahorre el costo de mantenimiento y el valor del cuidado.<\/p>\n<p>7) Respetuoso con el medio ambiente e inofensivo para el conductor y el trabajador.<\/p>\n<p><strong>Campos de aplicaci\u00f3n:<\/strong><\/p>\n<p>La capa inferior es ampliamente utilizada en todo tipo de chasis de autom\u00f3viles, vigas de autom\u00f3viles, parachoques, aislamiento ac\u00fastico antioxidante, autom\u00f3viles, barcos, maquinaria y varios tipos de superficies met\u00e1licas, etc. Informaci\u00f3n de la empresa.<\/p>\n<div data-id=\"paragraph0\">\n<p>&nbsp;<\/p>\n<\/div>\n<p>&nbsp;<\/p>\n<p><img decoding=\"async\" class=\"aligncenter size-full wp-image-3564\" src=\"https:\/\/www.supersybon.com\/es\/wp-content\/uploads\/2022\/10\/1763956044-HK901-Automotive-Undercoating-Rubberized-Car-Coating-Car-Rubberized-Paintable-Undercoating.jpg\" alt=\"\" width=\"750\" height=\"486\" title=\"\" srcset=\"https:\/\/www.supersybon.com\/es\/wp-content\/uploads\/2022\/10\/1763956044-HK901-Automotive-Undercoating-Rubberized-Car-Coating-Car-Rubberized-Paintable-Undercoating.jpg 750w, https:\/\/www.supersybon.com\/es\/wp-content\/uploads\/2022\/10\/1763956044-HK901-Automotive-Undercoating-Rubberized-Car-Coating-Car-Rubberized-Paintable-Undercoating-480x311.jpg 480w\" sizes=\"(min-width: 0px) and (max-width: 480px) 480px, (min-width: 481px) 750px, 100vw\" \/><\/p>\n<div data-id=\"paragraph0\"><img decoding=\"async\" class=\"aligncenter size-full wp-image-3565\" src=\"https:\/\/www.supersybon.com\/es\/wp-content\/uploads\/2022\/10\/1763956065-HK901-Spray-Paint-Under-The-Car-Paint-Protect-Car-Chassis-Protect-Spray.jpg\" alt=\"\" width=\"750\" height=\"750\" title=\"\" srcset=\"https:\/\/www.supersybon.com\/es\/wp-content\/uploads\/2022\/10\/1763956065-HK901-Spray-Paint-Under-The-Car-Paint-Protect-Car-Chassis-Protect-Spray.jpg 750w, https:\/\/www.supersybon.com\/es\/wp-content\/uploads\/2022\/10\/1763956065-HK901-Spray-Paint-Under-The-Car-Paint-Protect-Car-Chassis-Protect-Spray-480x480.jpg 480w\" sizes=\"(min-width: 0px) and (max-width: 480px) 480px, (min-width: 481px) 750px, 100vw\" \/><\/div>\n<p>&nbsp;<\/p>\n<p><strong>Pasos de construcci\u00f3n<\/strong><\/p>\n<hr \/>\n<p>&nbsp;<\/p>\n<p><img decoding=\"async\" class=\"aligncenter size-full wp-image-958\" src=\"https:\/\/www.supersybon.com\/es\/wp-content\/uploads\/2022\/10\/1665823896-HK901-Car-Under-Coat-Paint-Rust-Proof-Undercoat-Vehicle-Undercoating-Car-Undercoat-Chassis-Coating-Paint.jpg\" alt=\"\" width=\"900\" height=\"1769\" title=\"\" srcset=\"https:\/\/www.supersybon.com\/es\/wp-content\/uploads\/2022\/10\/1665823896-HK901-Car-Under-Coat-Paint-Rust-Proof-Undercoat-Vehicle-Undercoating-Car-Undercoat-Chassis-Coating-Paint.jpg 900w, https:\/\/www.supersybon.com\/es\/wp-content\/uploads\/2022\/10\/1665823896-HK901-Car-Under-Coat-Paint-Rust-Proof-Undercoat-Vehicle-Undercoating-Car-Undercoat-Chassis-Coating-Paint-480x943.jpg 480w\" sizes=\"(min-width: 0px) and (max-width: 480px) 480px, (min-width: 481px) 900px, 100vw\" \/><\/p>\n<div class=\"magic-13\">\n<div class=\"magic-14\">\n<div class=\"magic-9\">\n<div class=\"magic-10\">\n<p>&nbsp;<\/p>\n<p>&nbsp;<\/p>\n<p><strong>Embalaje y servicio de productos<br \/>\n<\/strong><\/p>\n<hr \/>\n<p><strong>PAQUETE :<br \/>\n<\/strong><\/p>\n<p>1L*12 latas\/cart\u00f3n.<\/p>\n<p><img decoding=\"async\" class=\"aligncenter size-full wp-image-3566\" src=\"https:\/\/www.supersybon.com\/es\/wp-content\/uploads\/2022\/10\/1763956089-HK901-Car-Protect-Chassis-Undercoating-Under-Car-Rubberized-Undercoating-Car-Coating.jpg\" alt=\"\" width=\"800\" height=\"800\" title=\"\" srcset=\"https:\/\/www.supersybon.com\/es\/wp-content\/uploads\/2022\/10\/1763956089-HK901-Car-Protect-Chassis-Undercoating-Under-Car-Rubberized-Undercoating-Car-Coating.jpg 800w, https:\/\/www.supersybon.com\/es\/wp-content\/uploads\/2022\/10\/1763956089-HK901-Car-Protect-Chassis-Undercoating-Under-Car-Rubberized-Undercoating-Car-Coating-480x480.jpg 480w\" sizes=\"(min-width: 0px) and (max-width: 480px) 480px, (min-width: 481px) 800px, 100vw\" \/><\/p>\n<p>&nbsp;<\/p>\n<p><strong>NUESTRO SERVICIO:<br \/>\n<\/strong><\/p>\n<p>1.24 horas en l\u00ednea<\/p>\n<p>2. Precio competitivo<\/p>\n<p>3. Excelentes comentarios del cliente<\/p>\n<p>4. Pedidos en l\u00ednea seguros<\/p>\n<p>5. Entrega r\u00e1pida<\/p>\n<p>6. Soporte t\u00e9cnico profesional<\/p>\n<div class=\"magic-13\">\n<div class=\"magic-14\">\n<div class=\"magic-9\">\n<div class=\"magic-10\">\n<p>&nbsp;<\/p>\n<p>&nbsp;<\/p>\n<\/div>\n<\/div>\n<\/div>\n<\/div>\n<div class=\"magic-13\">\n<div class=\"magic-14\">\n<p><strong>Perfil de la empresa<br \/>\n<\/strong><\/p>\n<hr \/>\n<p>&nbsp;<\/p>\n<\/div>\n<\/div>\n<\/div>\n<\/div>\n<\/div>\n<\/div>\n<div class=\"magic-13\">\n<div class=\"magic-14\">\n<p><img decoding=\"async\" class=\"aligncenter size-full wp-image-324\" src=\"https:\/\/www.supersybon.com\/es\/wp-content\/uploads\/2022\/09\/1663401769-Car-Paint-Supplier-Company-Profile-Manufacturer-China.jpg\" alt=\"\" width=\"900\" height=\"958\" title=\"\" srcset=\"https:\/\/www.supersybon.com\/es\/wp-content\/uploads\/2022\/09\/1663401769-Car-Paint-Supplier-Company-Profile-Manufacturer-China.jpg 900w, https:\/\/www.supersybon.com\/es\/wp-content\/uploads\/2022\/09\/1663401769-Car-Paint-Supplier-Company-Profile-Manufacturer-China-480x511.jpg 480w\" sizes=\"(min-width: 0px) and (max-width: 480px) 480px, (min-width: 481px) 900px, 100vw\" \/><\/p>\n<div class=\"magic-13\">\n<div class=\"magic-14\">\n<p><strong>Preguntas m\u00e1s frecuentes<\/strong><\/p>\n<hr \/>\n<\/div>\n<\/div>\n<p>P: \u00bfCu\u00e1l es su MOQ?<\/p>\n<p>R: Nuestro pedido m\u00ednimo es de 60 litros.<\/p>\n<p>P: \u00bfQu\u00e9 hay de su pago?<\/p>\n<p>R: dep\u00f3sito del 50% por adelantado, saldo del 50% por T\/T, L\/C, paypal, Western Union o antes del env\u00edo.<\/p>\n<p>P: \u00bfProporcionan muestras?<\/p>\n<p>R: S\u00ed, puede comprar una muestra para probarla.<\/p>\n<p>P: \u00bfQu\u00e9 hay de su tiempo de entrega?<\/p>\n<p>R: generalmente 15 d\u00edas despu\u00e9s de recibir su dep\u00f3sito.<\/p>\n<\/div>\n<\/div>\n","protected":false},"excerpt":{"rendered":"<p>\u00b7Excelente anticorrosi\u00f3n bajo la capa base.<br \/>\n\u00b7Excelente a prueba de golpes.<br \/>\n\u00b7Aislamiento t\u00e9rmico favorable econ\u00f3mico en combustible.<br \/>\n\u00b7Buen aislamiento ac\u00fastico y eliminaci\u00f3n del ruido durante la conducci\u00f3n.<br \/>\n\u00b7Fuerte adherencia, elasticidad y flexibilidad.<br \/>\n\u00b7Excelente Ahorre el costo de mantenimiento y el valor del cuidado.<br \/>\n\u00b7Respetuoso con el medio ambiente e inocuo para el conductor y el trabajador.<\/p>\n","protected":false},"featured_media":3567,"template":"","meta":{"_et_pb_use_builder":"","_et_pb_old_content":"","_et_gb_content_width":""},"product_brand":[],"product_cat":[67,70],"product_tag":[542,541],"class_list":{"0":"post-954","1":"product","2":"type-product","3":"status-publish","4":"has-post-thumbnail","6":"product_cat-serie-de-reparacion-de-automoviles","7":"product_cat-recubrimiento-de-goma","8":"product_tag-pintura-en-aerosol-para-automoviles-anticorrosion","9":"product_tag-recubrimiento-de-caucho-para-chasis-automatico","11":"first","12":"instock","13":"shipping-taxable","14":"product-type-simple"},"_links":{"self":[{"href":"https:\/\/www.supersybon.com\/es\/wp-json\/wp\/v2\/product\/954","targetHints":{"allow":["GET"]}}],"collection":[{"href":"https:\/\/www.supersybon.com\/es\/wp-json\/wp\/v2\/product"}],"about":[{"href":"https:\/\/www.supersybon.com\/es\/wp-json\/wp\/v2\/types\/product"}],"wp:featuredmedia":[{"embeddable":true,"href":"https:\/\/www.supersybon.com\/es\/wp-json\/wp\/v2\/media\/3567"}],"wp:attachment":[{"href":"https:\/\/www.supersybon.com\/es\/wp-json\/wp\/v2\/media?parent=954"}],"wp:term":[{"taxonomy":"product_brand","embeddable":true,"href":"https:\/\/www.supersybon.com\/es\/wp-json\/wp\/v2\/product_brand?post=954"},{"taxonomy":"product_cat","embeddable":true,"href":"https:\/\/www.supersybon.com\/es\/wp-json\/wp\/v2\/product_cat?post=954"},{"taxonomy":"product_tag","embeddable":true,"href":"https:\/\/www.supersybon.com\/es\/wp-json\/wp\/v2\/product_tag?post=954"}],"curies":[{"name":"wp","href":"https:\/\/api.w.org\/{rel}","templated":true}]}}