{"id":936,"date":"2022-10-15T14:08:53","date_gmt":"2022-10-15T06:08:53","guid":{"rendered":"https:\/\/www.supersybon.com\/es\/?post_type=product&#038;p=936"},"modified":"2023-01-02T16:41:27","modified_gmt":"2023-01-02T08:41:27","slug":"1001ny-cinta-de-enmascarar-de-acabado-automotriz-cinta-adhesiva-de-alta-temperatura-de-color-amarillo-resistente-al-calor","status":"publish","type":"product","link":"https:\/\/www.supersybon.com\/es\/product\/1001ny-cinta-de-enmascarar-de-acabado-automotriz-cinta-adhesiva-de-alta-temperatura-de-color-amarillo-resistente-al-calor","title":{"rendered":"1001NY Cinta de enmascarar de acabado automotriz cinta adhesiva de alta temperatura de color amarillo resistente al calor"},"content":{"rendered":"<p><iframe title=\"Automotive Refinish Masking Tape Yellow Color High Temperature Masking Tape Heat Resistant\" width=\"1080\" height=\"608\" src=\"https:\/\/www.youtube.com\/embed\/T-FhN0OacDw?feature=oembed\"  allow=\"accelerometer; autoplay; clipboard-write; encrypted-media; gyroscope; picture-in-picture\" allowfullscreen><\/iframe><\/p>\n<p><img decoding=\"async\" class=\"aligncenter size-full wp-image-944\" src=\"https:\/\/www.supersybon.com\/es\/wp-content\/uploads\/2022\/10\/1665817189-1000N-Masking-Tape-Factory-Colored-Masking-Tape-Masking-Tape-48Mm-Cheap-Masking-Tape-Auto-Paint-Paper-Tape.jpg\" alt=\"\" width=\"900\" height=\"364\" title=\"\" srcset=\"https:\/\/www.supersybon.com\/es\/wp-content\/uploads\/2022\/10\/1665817189-1000N-Masking-Tape-Factory-Colored-Masking-Tape-Masking-Tape-48Mm-Cheap-Masking-Tape-Auto-Paint-Paper-Tape.jpg 900w, https:\/\/www.supersybon.com\/es\/wp-content\/uploads\/2022\/10\/1665817189-1000N-Masking-Tape-Factory-Colored-Masking-Tape-Masking-Tape-48Mm-Cheap-Masking-Tape-Auto-Paint-Paper-Tape-480x194.jpg 480w\" sizes=\"(min-width: 0px) and (max-width: 480px) 480px, (min-width: 481px) 900px, 100vw\" \/><\/p>\n<p>&nbsp;<\/p>\n<p><strong>1001NY Cinta de enmascarar de acabado automotriz cinta adhesiva de alta temperatura de color amarillo resistente al calor<\/strong><\/p>\n<p>Nuestra cinta de enmascarar est\u00e1 dise\u00f1ada para proyectos automotrices de uso general en el interior y exterior del veh\u00edculo. Esta cinta de enmascarar para pintura automotriz con reverso crep\u00e9 tiene una adherencia media y resiste levantarse y curvarse en una variedad de superficies, incluidas molduras, pl\u00e1stico, vidrio, metal, caucho y superficies pintadas. Esta cinta tambi\u00e9n se quita limpiamente de las superficies de los autom\u00f3viles.<\/p>\n<p><strong>Caracter\u00edsticas:<\/strong><\/p>\n<p>1\uff09Cinta de enmascarar de pintura de uso general para innumerables aplicaciones.<\/p>\n<p>2\uff09Se adhiere a una variedad de superficies, incluidos papel, tableros de fibra, vidrio, caucho, pl\u00e1stico y metal.<\/p>\n<p>3) El respaldo de papel crep\u00e9 se puede rasgar a mano.<\/p>\n<p>4\uff09Se desenrolla suavemente para una aplicaci\u00f3n y extracci\u00f3n f\u00e1ciles de controlar.<\/p>\n<p>5\uff09Confiable para su uso en temperaturas de hasta 80 \u00b0C durante 30 minutos.<\/p>\n<p>(Tambi\u00e9n disponemos de cinta de carrocero con resistencia a la temperatura de 100\/150 grados)<\/p>\n<div data-id=\"paragraph0\"><\/div>\n<p>&nbsp;<\/p>\n<p><img decoding=\"async\" class=\"aligncenter size-full wp-image-945\" src=\"https:\/\/www.supersybon.com\/es\/wp-content\/uploads\/2022\/10\/1665817204-1000N-Masking-Tape-50M-High-Temperature-Masking-Tape-Auto-Paint-Masking-Tape-Masking-Car-Paper.jpg\" alt=\"\" width=\"750\" height=\"750\" title=\"\" srcset=\"https:\/\/www.supersybon.com\/es\/wp-content\/uploads\/2022\/10\/1665817204-1000N-Masking-Tape-50M-High-Temperature-Masking-Tape-Auto-Paint-Masking-Tape-Masking-Car-Paper.jpg 750w, https:\/\/www.supersybon.com\/es\/wp-content\/uploads\/2022\/10\/1665817204-1000N-Masking-Tape-50M-High-Temperature-Masking-Tape-Auto-Paint-Masking-Tape-Masking-Car-Paper-480x480.jpg 480w\" sizes=\"(min-width: 0px) and (max-width: 480px) 480px, (min-width: 481px) 750px, 100vw\" \/><\/p>\n<div data-id=\"paragraph0\"><\/div>\n<p><img decoding=\"async\" class=\"aligncenter size-full wp-image-946\" src=\"https:\/\/www.supersybon.com\/es\/wp-content\/uploads\/2022\/10\/1665817218-1000N-Masking-Tape-Colored-Masking-Tape-Product-High-Temperature-Resistance-Masking-Tape-Masking-Automotive.jpg\" alt=\"\" width=\"750\" height=\"750\" title=\"\" srcset=\"https:\/\/www.supersybon.com\/es\/wp-content\/uploads\/2022\/10\/1665817218-1000N-Masking-Tape-Colored-Masking-Tape-Product-High-Temperature-Resistance-Masking-Tape-Masking-Automotive.jpg 750w, https:\/\/www.supersybon.com\/es\/wp-content\/uploads\/2022\/10\/1665817218-1000N-Masking-Tape-Colored-Masking-Tape-Product-High-Temperature-Resistance-Masking-Tape-Masking-Automotive-480x480.jpg 480w\" sizes=\"(min-width: 0px) and (max-width: 480px) 480px, (min-width: 481px) 750px, 100vw\" \/><\/p>\n<div class=\"magic-13\">\n<div class=\"magic-14\">\n<div class=\"magic-9\">\n<div class=\"magic-10\">\n<p>&nbsp;<\/p>\n<div class=\"magic-13\">\n<div class=\"magic-14\">\n<div class=\"magic-9\">\n<div data-spm-anchor-id=\"a2700.details.0.i37.625d2e9eLtZffL\">\n<p>&nbsp;<\/p>\n<p>&nbsp;<\/p>\n<\/div>\n<div data-spm-anchor-id=\"a2700.details.0.i37.625d2e9eLtZffL\"><\/div>\n<div class=\"magic-13\">\n<div class=\"magic-14\">\n<div data-spm-anchor-id=\"a2700.details.0.i37.625d2e9eLtZffL\">\n<div><strong>Embalaje y servicio de productos<br \/>\n<\/strong><\/div>\n<hr \/>\n<p><strong>PAQUETE :<br \/>\n<\/strong><\/p>\n<\/div>\n<\/div>\n<\/div>\n<\/div>\n<\/div>\n<\/div>\n<div class=\"magic-13\">\n<div class=\"magic-14\">\n<div data-spm-anchor-id=\"a2700.details.0.i37.625d2e9eLtZffL\">18mm: 48 pcs\/ctn ;<\/div>\n<div data-spm-anchor-id=\"a2700.details.0.i37.625d2e9eLtZffL\">24mm: 36 pcs\/ctn ;<\/div>\n<div data-spm-anchor-id=\"a2700.details.0.i37.625d2e9eLtZffL\">36mm: 24 pcs\/ctn ;<\/div>\n<div data-spm-anchor-id=\"a2700.details.0.i37.625d2e9eLtZffL\">48mm: 20 pcs\/ctn .<\/div>\n<\/div>\n<\/div>\n<\/div>\n<div data-spm-anchor-id=\"a2700.details.0.i37.625d2e9eLtZffL\">\n<p>&nbsp;<\/p>\n<\/div>\n<div data-spm-anchor-id=\"a2700.details.0.i37.625d2e9eLtZffL\"><img decoding=\"async\" class=\"aligncenter size-full wp-image-947\" src=\"https:\/\/www.supersybon.com\/es\/wp-content\/uploads\/2022\/10\/1665817244-1000N-Masking-Paper-Car-Painting-China-Masking-Tape-Paint-Tape-Masking-Crepe-Masking-Tape.jpg\" alt=\"\" width=\"800\" height=\"800\" title=\"\" srcset=\"https:\/\/www.supersybon.com\/es\/wp-content\/uploads\/2022\/10\/1665817244-1000N-Masking-Paper-Car-Painting-China-Masking-Tape-Paint-Tape-Masking-Crepe-Masking-Tape.jpg 800w, https:\/\/www.supersybon.com\/es\/wp-content\/uploads\/2022\/10\/1665817244-1000N-Masking-Paper-Car-Painting-China-Masking-Tape-Paint-Tape-Masking-Crepe-Masking-Tape-480x480.jpg 480w\" sizes=\"(min-width: 0px) and (max-width: 480px) 480px, (min-width: 481px) 800px, 100vw\" \/><\/div>\n<\/div>\n<\/div>\n<\/div>\n<div class=\"magic-13\">\n<div class=\"magic-14\">\n<div data-spm-anchor-id=\"a2700.details.0.i37.625d2e9eLtZffL\">\n<div data-spm-anchor-id=\"a2700.details.0.i37.625d2e9eLtZffL\">\n<div data-spm-anchor-id=\"a2700.details.0.i37.625d2e9eLtZffL\">\n<p>&nbsp;<\/p>\n<\/div>\n<div data-spm-anchor-id=\"a2700.details.0.i37.625d2e9eLtZffL\"><\/div>\n<\/div>\n<\/div>\n<div data-spm-anchor-id=\"a2700.details.0.i37.625d2e9eLtZffL\">\n<p><strong>NUESTRO SERVICIO:<br \/>\n<\/strong><\/p>\n<p>1.24 horas en l\u00ednea<\/p>\n<p>2. Precio competitivo<\/p>\n<p>3. Excelentes comentarios del cliente<\/p>\n<p>4. Pedidos en l\u00ednea seguros<\/p>\n<p>5. Entrega r\u00e1pida<\/p>\n<p>6. Soporte t\u00e9cnico profesional<\/p>\n<p>&nbsp;<\/p>\n<p><strong>Perfil de la empresa<br \/>\n<\/strong><\/p>\n<hr \/>\n<p>&nbsp;<\/p>\n<\/div>\n<p><img decoding=\"async\" class=\"aligncenter size-full wp-image-324\" src=\"https:\/\/www.supersybon.com\/es\/wp-content\/uploads\/2022\/09\/1663401769-Car-Paint-Supplier-Company-Profile-Manufacturer-China.jpg\" alt=\"\" width=\"900\" height=\"958\" title=\"\" srcset=\"https:\/\/www.supersybon.com\/es\/wp-content\/uploads\/2022\/09\/1663401769-Car-Paint-Supplier-Company-Profile-Manufacturer-China.jpg 900w, https:\/\/www.supersybon.com\/es\/wp-content\/uploads\/2022\/09\/1663401769-Car-Paint-Supplier-Company-Profile-Manufacturer-China-480x511.jpg 480w\" sizes=\"(min-width: 0px) and (max-width: 480px) 480px, (min-width: 481px) 900px, 100vw\" \/><\/p>\n<div class=\"magic-13\">\n<div class=\"magic-14\">\n<p><strong>Preguntas m\u00e1s frecuentes<\/strong><\/p>\n<hr \/>\n<\/div>\n<\/div>\n<p>P: \u00bfCu\u00e1l es su MOQ?<\/p>\n<p>R: Nuestro pedido m\u00ednimo es de 20 cajas.<\/p>\n<p>P: \u00bfQu\u00e9 hay de su pago?<\/p>\n<p>R: dep\u00f3sito del 50% por adelantado, saldo del 50% por T\/T, L\/C, paypal, Western Union o antes del env\u00edo.<\/p>\n<p>P: \u00bfProporcionan muestras?<\/p>\n<p>R: S\u00ed, puede comprar una muestra para probarla.<\/p>\n<p>P: \u00bfQu\u00e9 hay de su tiempo de entrega?<\/p>\n<p>R: generalmente 15 d\u00edas despu\u00e9s de recibir su dep\u00f3sito.<\/p>\n<\/div>\n<\/div>\n","protected":false},"excerpt":{"rendered":"<p>\u00b7Cinta de enmascarar de pintura de uso general para innumerables aplicaciones.<br \/>\n\u00b7Se adhiere a una variedad de superficies que incluyen papel, tableros de fibra, vidrio, caucho, pl\u00e1stico y metal.<br \/>\n\u00b7El soporte de papel crep\u00e9 se puede rasgar a mano.<br \/>\n\u00b7Se desenrolla suavemente para una aplicaci\u00f3n y remoci\u00f3n f\u00e1ciles de controlar.<br \/>\n\u00b7Confiable para su uso en temperaturas de hasta 80\u00b0C durante 30 minutos.<br \/>\n\u00b7Tambi\u00e9n disponemos de cinta de enmascarar con resistencia a la temperatura de 100\/150 grados.<\/p>\n","protected":false},"featured_media":948,"template":"","meta":{"_et_pb_use_builder":"","_et_pb_old_content":"","_et_gb_content_width":""},"product_brand":[],"product_cat":[67,72],"product_tag":[539,540,538],"class_list":{"0":"post-936","1":"product","2":"type-product","3":"status-publish","4":"has-post-thumbnail","6":"product_cat-serie-de-reparacion-de-automoviles","7":"product_cat-cinta-de-enmascarar-pelicula-papel","8":"product_tag-cinta-adhesiva-de-alta-temperatura","9":"product_tag-cinta-adhesiva-resistente-al-calor","10":"product_tag-cinta-de-enmascarar-de-acabado-automotriz","12":"first","13":"instock","14":"shipping-taxable","15":"product-type-simple"},"_links":{"self":[{"href":"https:\/\/www.supersybon.com\/es\/wp-json\/wp\/v2\/product\/936","targetHints":{"allow":["GET"]}}],"collection":[{"href":"https:\/\/www.supersybon.com\/es\/wp-json\/wp\/v2\/product"}],"about":[{"href":"https:\/\/www.supersybon.com\/es\/wp-json\/wp\/v2\/types\/product"}],"wp:featuredmedia":[{"embeddable":true,"href":"https:\/\/www.supersybon.com\/es\/wp-json\/wp\/v2\/media\/948"}],"wp:attachment":[{"href":"https:\/\/www.supersybon.com\/es\/wp-json\/wp\/v2\/media?parent=936"}],"wp:term":[{"taxonomy":"product_brand","embeddable":true,"href":"https:\/\/www.supersybon.com\/es\/wp-json\/wp\/v2\/product_brand?post=936"},{"taxonomy":"product_cat","embeddable":true,"href":"https:\/\/www.supersybon.com\/es\/wp-json\/wp\/v2\/product_cat?post=936"},{"taxonomy":"product_tag","embeddable":true,"href":"https:\/\/www.supersybon.com\/es\/wp-json\/wp\/v2\/product_tag?post=936"}],"curies":[{"name":"wp","href":"https:\/\/api.w.org\/{rel}","templated":true}]}}