{"id":925,"date":"2022-10-15T11:06:13","date_gmt":"2022-10-15T03:06:13","guid":{"rendered":"https:\/\/www.supersybon.com\/es\/?post_type=product&#038;p=925"},"modified":"2023-01-02T16:30:35","modified_gmt":"2023-01-02T08:30:35","slug":"gj156-profesional-5-6-lijadora-de-palma-neumatica-orbital-aleatoria-de-aire-para-compuestos-de-madera-y-metal","status":"publish","type":"product","link":"https:\/\/www.supersybon.com\/es\/product\/gj156-profesional-5-6-lijadora-de-palma-neumatica-orbital-aleatoria-de-aire-para-compuestos-de-madera-y-metal","title":{"rendered":"GJ156 Profesional 5\" &#038; 6\" lijadora de palma neum\u00e1tica orbital aleatoria de aire para compuestos de madera y metal"},"content":{"rendered":"<p><iframe title=\"Professional 5&quot; &amp; 6&quot; Air Random Orbital Pneumatic Palm Sander for Metal Wood Composites\" width=\"1080\" height=\"608\" src=\"https:\/\/www.youtube.com\/embed\/s-UO6kku2is?feature=oembed\"  allow=\"accelerometer; autoplay; clipboard-write; encrypted-media; gyroscope; picture-in-picture\" allowfullscreen><\/iframe><\/p>\n<p>&nbsp;<\/p>\n<p><strong>GJ156 Profesional 5\" &amp; 6\" lijadora de palma neum\u00e1tica orbital aleatoria de aire para compuestos de madera y metal<\/strong><\/p>\n<p>\u00b7LIJADORA NEUM\u00c1TICA PROFESIONAL: Con un peso ligero y un dise\u00f1o ergon\u00f3mico, la lijadora de aire aleatoria de 5\/6 pulgadas se puede sostener f\u00e1cilmente en la palma de la mano. Esta lijadora se puede utilizar para desbarbar madera, pulir y desoxidar metales, pulir y pulir todas las superficies pintadas.<\/p>\n<p>\u00b7BUEN RENDIMIENTO: alta potencia, alto equilibrio y uso a largo plazo sin fatiga.<\/p>\n<p>\u00b7BOLSA PARA POLVO INCLUIDA: Conecte un extremo del tubo de aspiraci\u00f3n al conector de aspiraci\u00f3n, y amarre el otro extremo a la bolsa que recoge el polvo a utilizar. El tubo de vac\u00edo es muy pr\u00e1ctico y c\u00f3modo de usar.<\/p>\n<p>\u00b7AMPLIAS APLICACIONES: la lijadora de doble acci\u00f3n es ideal para muebles, productos met\u00e1licos, superficies de pintura, fibra de vidrio y otros componentes, ampliamente utilizada para esmerilado basto, esmerilado semifino, esmerilado y ranurado y corte, etc.<\/p>\n<div class=\"magic-13\">\n<div class=\"magic-15\" data-id=\"paragraph0\"><\/div>\n<\/div>\n<div data-id=\"paragraph0\"><\/div>\n<div data-id=\"paragraph0\"><img decoding=\"async\" class=\"aligncenter size-full wp-image-930\" src=\"https:\/\/www.supersybon.com\/es\/wp-content\/uploads\/2022\/10\/1665805617-GJ156-Car-Polisher-Air-Random-Orbital-Sander-Car-Paint-Repair-Air-Sander.jpg\" alt=\"\" width=\"750\" height=\"506\" title=\"\" srcset=\"https:\/\/www.supersybon.com\/es\/wp-content\/uploads\/2022\/10\/1665805617-GJ156-Car-Polisher-Air-Random-Orbital-Sander-Car-Paint-Repair-Air-Sander.jpg 750w, https:\/\/www.supersybon.com\/es\/wp-content\/uploads\/2022\/10\/1665805617-GJ156-Car-Polisher-Air-Random-Orbital-Sander-Car-Paint-Repair-Air-Sander-480x324.jpg 480w\" sizes=\"(min-width: 0px) and (max-width: 480px) 480px, (min-width: 481px) 750px, 100vw\" \/><\/div>\n<p>&nbsp;<\/p>\n<div class=\"magic-13\">\n<div class=\"magic-14\">\n<div class=\"magic-9\">\n<div class=\"magic-10\">\n<p><img decoding=\"async\" class=\"aligncenter size-full wp-image-926\" src=\"https:\/\/www.supersybon.com\/es\/wp-content\/uploads\/2022\/10\/1665805490-GJ156-Promotional-New-Style-Air-Random-Orbital-Palm-Sander-Auto-Body-Orbit-Air-Sander.jpg\" alt=\"\" width=\"750\" height=\"628\" title=\"\" srcset=\"https:\/\/www.supersybon.com\/es\/wp-content\/uploads\/2022\/10\/1665805490-GJ156-Promotional-New-Style-Air-Random-Orbital-Palm-Sander-Auto-Body-Orbit-Air-Sander.jpg 750w, https:\/\/www.supersybon.com\/es\/wp-content\/uploads\/2022\/10\/1665805490-GJ156-Promotional-New-Style-Air-Random-Orbital-Palm-Sander-Auto-Body-Orbit-Air-Sander-480x402.jpg 480w\" sizes=\"(min-width: 0px) and (max-width: 480px) 480px, (min-width: 481px) 750px, 100vw\" \/><\/p>\n<p><img decoding=\"async\" class=\"aligncenter size-full wp-image-927\" src=\"https:\/\/www.supersybon.com\/es\/wp-content\/uploads\/2022\/10\/1665805512-GJ156-Air-Random-Orbital-Sander-Pneumatic-Palm-Sander-With-Sanding-Pad-For-Auto-Body-Work.jpg\" alt=\"\" width=\"800\" height=\"804\" title=\"\" srcset=\"https:\/\/www.supersybon.com\/es\/wp-content\/uploads\/2022\/10\/1665805512-GJ156-Air-Random-Orbital-Sander-Pneumatic-Palm-Sander-With-Sanding-Pad-For-Auto-Body-Work.jpg 800w, https:\/\/www.supersybon.com\/es\/wp-content\/uploads\/2022\/10\/1665805512-GJ156-Air-Random-Orbital-Sander-Pneumatic-Palm-Sander-With-Sanding-Pad-For-Auto-Body-Work-480x482.jpg 480w\" sizes=\"(min-width: 0px) and (max-width: 480px) 480px, (min-width: 481px) 800px, 100vw\" \/><\/p>\n<\/div>\n<p><img decoding=\"async\" class=\"aligncenter size-full wp-image-928\" src=\"https:\/\/www.supersybon.com\/es\/wp-content\/uploads\/2022\/10\/1665805569-GJ156-6-Inch-Random-Orbital-Sander-3Inch-Sander-Orbital-Sander-Car-Detailing-Pad-Tools-For-Cars-Repair.jpg\" alt=\"\" width=\"750\" height=\"628\" title=\"\" srcset=\"https:\/\/www.supersybon.com\/es\/wp-content\/uploads\/2022\/10\/1665805569-GJ156-6-Inch-Random-Orbital-Sander-3Inch-Sander-Orbital-Sander-Car-Detailing-Pad-Tools-For-Cars-Repair.jpg 750w, https:\/\/www.supersybon.com\/es\/wp-content\/uploads\/2022\/10\/1665805569-GJ156-6-Inch-Random-Orbital-Sander-3Inch-Sander-Orbital-Sander-Car-Detailing-Pad-Tools-For-Cars-Repair-480x402.jpg 480w\" sizes=\"(min-width: 0px) and (max-width: 480px) 480px, (min-width: 481px) 750px, 100vw\" \/><\/p>\n<p>&nbsp;<\/p>\n<p>&nbsp;<\/p>\n<p><strong>Embalaje y servicio de productos<br \/>\n<\/strong><\/p>\n<hr \/>\n<p><strong>PAQUETE :<\/strong><\/p>\n<\/div>\n<\/div>\n<\/div>\n<div class=\"magic-13\">\n<div class=\"magic-14\">\n<div data-spm-anchor-id=\"a2700.details.0.i37.625d2e9eLtZffL\">1 juego\/caja, lijadora de palma neum\u00e1tica orbital aleatoria de aire.<\/div>\n<div data-spm-anchor-id=\"a2700.details.0.i37.625d2e9eLtZffL\">\n<p>&nbsp;<\/p>\n<p>&nbsp;<\/p>\n<\/div>\n<div data-spm-anchor-id=\"a2700.details.0.i37.625d2e9eLtZffL\"><img decoding=\"async\" class=\"aligncenter size-full wp-image-929\" src=\"https:\/\/www.supersybon.com\/es\/wp-content\/uploads\/2022\/10\/1665805594-GJ156-Promotional-High-Quality-5-Inch-Penumatic-Sander-Air-Sander-Orbit-Sander-Air.jpg\" alt=\"\" width=\"750\" height=\"750\" title=\"\" srcset=\"https:\/\/www.supersybon.com\/es\/wp-content\/uploads\/2022\/10\/1665805594-GJ156-Promotional-High-Quality-5-Inch-Penumatic-Sander-Air-Sander-Orbit-Sander-Air.jpg 750w, https:\/\/www.supersybon.com\/es\/wp-content\/uploads\/2022\/10\/1665805594-GJ156-Promotional-High-Quality-5-Inch-Penumatic-Sander-Air-Sander-Orbit-Sander-Air-480x480.jpg 480w\" sizes=\"(min-width: 0px) and (max-width: 480px) 480px, (min-width: 481px) 750px, 100vw\" \/><\/div>\n<div data-spm-anchor-id=\"a2700.details.0.i37.625d2e9eLtZffL\">\n<div data-spm-anchor-id=\"a2700.details.0.i37.625d2e9eLtZffL\">\n<div data-spm-anchor-id=\"a2700.details.0.i37.625d2e9eLtZffL\">\n<div data-spm-anchor-id=\"a2700.details.0.i37.625d2e9eLtZffL\">\n<p>&nbsp;<\/p>\n<p>&nbsp;<\/p>\n<\/div>\n<div data-spm-anchor-id=\"a2700.details.0.i37.625d2e9eLtZffL\"><\/div>\n<\/div>\n<\/div>\n<p><strong>NUESTRO SERVICIO:<br \/>\n<\/strong><\/p>\n<p>1,24 horas en l\u00ednea<\/p>\n<p>2. Precio competitivo<\/p>\n<p>3. Excelentes comentarios del cliente<\/p>\n<p>4. Pedidos en l\u00ednea seguros<\/p>\n<p>5. Entrega r\u00e1pida<\/p>\n<p>6. Soporte t\u00e9cnico profesional<\/p>\n<\/div>\n<p>&nbsp;<\/p>\n<p><strong>Perfil de la empresa<br \/>\n<\/strong><\/p>\n<hr \/>\n<p>&nbsp;<\/p>\n<p><img decoding=\"async\" class=\"aligncenter size-full wp-image-324\" src=\"https:\/\/www.supersybon.com\/es\/wp-content\/uploads\/2022\/09\/1663401769-Car-Paint-Supplier-Company-Profile-Manufacturer-China.jpg\" alt=\"\" width=\"900\" height=\"958\" title=\"\" srcset=\"https:\/\/www.supersybon.com\/es\/wp-content\/uploads\/2022\/09\/1663401769-Car-Paint-Supplier-Company-Profile-Manufacturer-China.jpg 900w, https:\/\/www.supersybon.com\/es\/wp-content\/uploads\/2022\/09\/1663401769-Car-Paint-Supplier-Company-Profile-Manufacturer-China-480x511.jpg 480w\" sizes=\"(min-width: 0px) and (max-width: 480px) 480px, (min-width: 481px) 900px, 100vw\" \/><\/p>\n<div class=\"magic-13\">\n<div class=\"magic-14\">\n<p><strong>Preguntas m\u00e1s frecuentes<\/strong><\/p>\n<hr \/>\n<\/div>\n<\/div>\n<p>P: \u00bfCu\u00e1l es su MOQ?<\/p>\n<p>R: Nuestro pedido m\u00ednimo es de 1 juego.<\/p>\n<p>P: \u00bfQu\u00e9 hay de su pago?<\/p>\n<p>R: dep\u00f3sito del 50% por adelantado, saldo del 50% por T\/T, L\/C, paypal, Western Union o antes del env\u00edo.<\/p>\n<p>P: \u00bfProporcionan muestras?<\/p>\n<p>R: S\u00ed, puede comprar una muestra para probarla.<\/p>\n<p>P: \u00bfQu\u00e9 hay de su tiempo de entrega?<\/p>\n<p>R: generalmente 15 d\u00edas despu\u00e9s de recibir su dep\u00f3sito.<\/p>\n<\/div>\n<\/div>\n","protected":false},"excerpt":{"rendered":"<p>\u00b7LIJADORA NEUM\u00c1TICA PROFESIONAL: Con un peso ligero y un dise\u00f1o ergon\u00f3mico, la lijadora de aire aleatoria de 5\/6 pulgadas se puede sostener f\u00e1cilmente en la palma de la mano. Esta lijadora se puede utilizar para desbarbar madera, pulir y desoxidar metales, pulir y pulir todas las superficies pintadas.<br \/>\n\u00b7BUEN RENDIMIENTO: alta potencia, alto equilibrio y uso a largo plazo sin fatiga.<br \/>\n\u00b7BOLSA PARA POLVO INCLUIDA: Conecte un extremo del tubo de aspiraci\u00f3n al conector de aspiraci\u00f3n, y amarre el otro extremo a la bolsa que recoge el polvo a utilizar. El tubo de vac\u00edo es muy pr\u00e1ctico y c\u00f3modo de usar.<br \/>\n\u00b7AMPLIAS APLICACIONES: la lijadora de doble acci\u00f3n es ideal para muebles, productos met\u00e1licos, superficies de pintura, fibra de vidrio y otros componentes, ampliamente utilizada para esmerilado basto, esmerilado semifino, esmerilado y ranurado y corte, etc.<\/p>\n","protected":false},"featured_media":931,"template":"","meta":{"_et_pb_use_builder":"","_et_pb_old_content":"","_et_gb_content_width":""},"product_brand":[],"product_cat":[67,71],"product_tag":[537],"class_list":{"0":"post-925","1":"product","2":"type-product","3":"status-publish","4":"has-post-thumbnail","6":"product_cat-serie-de-reparacion-de-automoviles","7":"product_cat-lijadora-orbital-de-aire","8":"product_tag-lijadora-de-palma-neumatica-orbital-aleatoria-de-aire","10":"first","11":"instock","12":"shipping-taxable","13":"product-type-simple"},"_links":{"self":[{"href":"https:\/\/www.supersybon.com\/es\/wp-json\/wp\/v2\/product\/925","targetHints":{"allow":["GET"]}}],"collection":[{"href":"https:\/\/www.supersybon.com\/es\/wp-json\/wp\/v2\/product"}],"about":[{"href":"https:\/\/www.supersybon.com\/es\/wp-json\/wp\/v2\/types\/product"}],"wp:featuredmedia":[{"embeddable":true,"href":"https:\/\/www.supersybon.com\/es\/wp-json\/wp\/v2\/media\/931"}],"wp:attachment":[{"href":"https:\/\/www.supersybon.com\/es\/wp-json\/wp\/v2\/media?parent=925"}],"wp:term":[{"taxonomy":"product_brand","embeddable":true,"href":"https:\/\/www.supersybon.com\/es\/wp-json\/wp\/v2\/product_brand?post=925"},{"taxonomy":"product_cat","embeddable":true,"href":"https:\/\/www.supersybon.com\/es\/wp-json\/wp\/v2\/product_cat?post=925"},{"taxonomy":"product_tag","embeddable":true,"href":"https:\/\/www.supersybon.com\/es\/wp-json\/wp\/v2\/product_tag?post=925"}],"curies":[{"name":"wp","href":"https:\/\/api.w.org\/{rel}","templated":true}]}}