{"id":915,"date":"2022-10-15T09:47:14","date_gmt":"2022-10-15T01:47:14","guid":{"rendered":"https:\/\/www.supersybon.com\/es\/?post_type=product&#038;p=915"},"modified":"2023-01-02T16:24:04","modified_gmt":"2023-01-02T08:24:04","slug":"coladores-de-papel-de-pintura-con-filtro-de-125-y-190-micras-pantalla-de-filtro-de-pintura-de-cono-desechable-premium-para-pintura-en-aerosol-automotriz","status":"publish","type":"product","link":"https:\/\/www.supersybon.com\/es\/product\/coladores-de-papel-de-pintura-con-filtro-de-125-y-190-micras-pantalla-de-filtro-de-pintura-de-cono-desechable-premium-para-pintura-en-aerosol-automotriz","title":{"rendered":"Coladores de papel de pintura con filtro de 125 y 190 micras Pantalla de filtro de pintura de cono desechable premium para pintura en aerosol automotriz"},"content":{"rendered":"<p><iframe title=\"Paint Paper Strainers With 125&amp;190 Micron Filter Premium Disposable Cone Paint Filter Screen\" width=\"1080\" height=\"608\" src=\"https:\/\/www.youtube.com\/embed\/Ud3Oa5z-Ggk?feature=oembed\"  allow=\"accelerometer; autoplay; clipboard-write; encrypted-media; gyroscope; picture-in-picture\" allowfullscreen><\/iframe><\/p>\n<p>&nbsp;<\/p>\n<p><strong>Coladores de papel de pintura con filtro de 125 y 190 micras<\/strong><\/p>\n<p>\u00b7 Filtros de pintura en forma de cono de alto rendimiento que eliminan la suciedad, el polvo, las part\u00edculas, los grumos o cualquier residuo que pueda afectar el trabajo de pintura al obstruir la pistola rociadora, el rociador sin aire o la brocha.<\/p>\n<p>\u00b7Los coladores son perfectos para todos los proyectos de pintura, ya que filtran part\u00edculas de hasta 125\/190 micras y funcionan con todo tipo de pinturas, tintes, barnices, epoxi, l\u00e1tex y otros l\u00edquidos a base de disolvente o agua.<\/p>\n<p>\u00b7Los coladores desechables son ideales para recubrimientos automotrices como imprimadores, selladores, capas base, capas transparentes y capas finales de una sola etapa. Tambi\u00e9n es excelente para pinturas para el hogar, pasatiempos, artes y manualidades.<\/p>\n<p>&nbsp;<\/p>\n<p>&nbsp;<\/p>\n<div data-id=\"paragraph0\"><\/div>\n<p>&nbsp;<\/p>\n<div class=\"magic-13\">\n<div class=\"magic-14\">\n<div class=\"magic-9\">\n<div class=\"magic-10\">\n<p><img decoding=\"async\" class=\"aligncenter size-full wp-image-916\" src=\"https:\/\/www.supersybon.com\/es\/wp-content\/uploads\/2022\/10\/1665801932-H197-Oil-Funnel-Nylon-Material-Paint-Filter-Trechter-Filter-Paper-Paint.jpg\" alt=\"\" width=\"750\" height=\"468\" title=\"\" srcset=\"https:\/\/www.supersybon.com\/es\/wp-content\/uploads\/2022\/10\/1665801932-H197-Oil-Funnel-Nylon-Material-Paint-Filter-Trechter-Filter-Paper-Paint.jpg 750w, https:\/\/www.supersybon.com\/es\/wp-content\/uploads\/2022\/10\/1665801932-H197-Oil-Funnel-Nylon-Material-Paint-Filter-Trechter-Filter-Paper-Paint-480x300.jpg 480w\" sizes=\"(min-width: 0px) and (max-width: 480px) 480px, (min-width: 481px) 750px, 100vw\" \/><\/p>\n<p><img decoding=\"async\" class=\"aligncenter size-full wp-image-917\" src=\"https:\/\/www.supersybon.com\/es\/wp-content\/uploads\/2022\/10\/1665801952-H197-Paper-Paint-Filter-190-Micron-Paper-Strainer-Paint-190Micron-Paint-Strainer.jpg\" alt=\"\" width=\"726\" height=\"554\" title=\"\" srcset=\"https:\/\/www.supersybon.com\/es\/wp-content\/uploads\/2022\/10\/1665801952-H197-Paper-Paint-Filter-190-Micron-Paper-Strainer-Paint-190Micron-Paint-Strainer.jpg 726w, https:\/\/www.supersybon.com\/es\/wp-content\/uploads\/2022\/10\/1665801952-H197-Paper-Paint-Filter-190-Micron-Paper-Strainer-Paint-190Micron-Paint-Strainer-480x366.jpg 480w\" sizes=\"(min-width: 0px) and (max-width: 480px) 480px, (min-width: 481px) 726px, 100vw\" \/><\/p>\n<\/div>\n<div data-spm-anchor-id=\"a2700.details.0.i37.625d2e9eLtZffL\">\n<p>&nbsp;<\/p>\n<p>&nbsp;<\/p>\n<\/div>\n<div data-spm-anchor-id=\"a2700.details.0.i37.625d2e9eLtZffL\"><\/div>\n<div class=\"magic-13\">\n<div class=\"magic-14\">\n<div data-spm-anchor-id=\"a2700.details.0.i37.625d2e9eLtZffL\">\n<div><strong>Embalaje y servicio de productos<br \/>\n<\/strong><\/div>\n<hr \/>\n<p><strong>PAQUETE :<br \/>\n<\/strong><\/p>\n<\/div>\n<\/div>\n<\/div>\n<\/div>\n<\/div>\n<\/div>\n<div class=\"magic-13\">\n<div class=\"magic-14\">\n<div data-spm-anchor-id=\"a2700.details.0.i37.625d2e9eLtZffL\">250 piezas\/bolsa, 4 bolsas\/cart\u00f3n.<\/div>\n<div data-spm-anchor-id=\"a2700.details.0.i37.625d2e9eLtZffL\">\n<div data-spm-anchor-id=\"a2700.details.0.i37.625d2e9eLtZffL\">\n<p><img decoding=\"async\" class=\"aligncenter size-full wp-image-918\" src=\"https:\/\/www.supersybon.com\/es\/wp-content\/uploads\/2022\/10\/1665801977-H197-Nylon-Mesh-Strainer-Funnel-With-Mesh-Filter-Paper-Cone-Strainer-190-2.jpg\" alt=\"\" width=\"750\" height=\"468\" title=\"\" srcset=\"https:\/\/www.supersybon.com\/es\/wp-content\/uploads\/2022\/10\/1665801977-H197-Nylon-Mesh-Strainer-Funnel-With-Mesh-Filter-Paper-Cone-Strainer-190-2.jpg 750w, https:\/\/www.supersybon.com\/es\/wp-content\/uploads\/2022\/10\/1665801977-H197-Nylon-Mesh-Strainer-Funnel-With-Mesh-Filter-Paper-Cone-Strainer-190-2-480x300.jpg 480w\" sizes=\"(min-width: 0px) and (max-width: 480px) 480px, (min-width: 481px) 750px, 100vw\" \/><\/p>\n<\/div>\n<div data-spm-anchor-id=\"a2700.details.0.i37.625d2e9eLtZffL\">\n<div data-spm-anchor-id=\"a2700.details.0.i37.625d2e9eLtZffL\">\n<p>&nbsp;<\/p>\n<\/div>\n<div data-spm-anchor-id=\"a2700.details.0.i37.625d2e9eLtZffL\"><\/div>\n<\/div>\n<\/div>\n<div data-spm-anchor-id=\"a2700.details.0.i37.625d2e9eLtZffL\">\n<p><strong>NUESTRO SERVICIO:<br \/>\n<\/strong><\/p>\n<p>1.24 horas en l\u00ednea<\/p>\n<p>2. Precio competitivo<\/p>\n<p>3. Excelentes comentarios del cliente<\/p>\n<p>4. Pedidos en l\u00ednea seguros<\/p>\n<p>5. Entrega r\u00e1pida<\/p>\n<p>6. Soporte t\u00e9cnico profesional<\/p>\n<\/div>\n<p>&nbsp;<\/p>\n<p><strong>Perfil de la empresa<br \/>\n<\/strong><\/p>\n<hr \/>\n<p>&nbsp;<\/p>\n<p><img decoding=\"async\" class=\"aligncenter size-full wp-image-324\" src=\"https:\/\/www.supersybon.com\/es\/wp-content\/uploads\/2022\/09\/1663401769-Car-Paint-Supplier-Company-Profile-Manufacturer-China.jpg\" alt=\"\" width=\"900\" height=\"958\" title=\"\" srcset=\"https:\/\/www.supersybon.com\/es\/wp-content\/uploads\/2022\/09\/1663401769-Car-Paint-Supplier-Company-Profile-Manufacturer-China.jpg 900w, https:\/\/www.supersybon.com\/es\/wp-content\/uploads\/2022\/09\/1663401769-Car-Paint-Supplier-Company-Profile-Manufacturer-China-480x511.jpg 480w\" sizes=\"(min-width: 0px) and (max-width: 480px) 480px, (min-width: 481px) 900px, 100vw\" \/><\/p>\n<div class=\"magic-13\">\n<div class=\"magic-14\">\n<p><strong>Preguntas m\u00e1s frecuentes<\/strong><\/p>\n<hr \/>\n<\/div>\n<\/div>\n<p>P: \u00bfCu\u00e1l es su MOQ?<\/p>\n<p>R: Nuestro pedido m\u00ednimo es de 1 caja de cart\u00f3n.<\/p>\n<p>P: \u00bfQu\u00e9 hay de su pago?<\/p>\n<p>R: dep\u00f3sito del 50% por adelantado, saldo del 50% por T\/T, L\/C, paypal, Western Union o antes del env\u00edo.<\/p>\n<p>P: \u00bfProporcionan muestras?<\/p>\n<p>R: S\u00ed, puede comprar una muestra para probarla.<\/p>\n<p>P: \u00bfQu\u00e9 hay de su tiempo de entrega?<\/p>\n<p>R: generalmente 15 d\u00edas despu\u00e9s de recibir su dep\u00f3sito.<\/p>\n<\/div>\n<\/div>\n","protected":false},"excerpt":{"rendered":"<p>\u00b7 Filtros de pintura en forma de cono de alto rendimiento que eliminan la suciedad, el polvo, las part\u00edculas, los grumos o cualquier residuo que pueda afectar el trabajo de pintura al obstruir la pistola rociadora, el rociador sin aire o la brocha.<br \/>\n\u00b7Los coladores son perfectos para todos los proyectos de pintura, ya que filtran part\u00edculas de hasta 125\/190 micras y funcionan con todo tipo de pinturas, tintes, barnices, epoxi, l\u00e1tex y otros l\u00edquidos a base de disolvente o agua.<br \/>\n\u00b7Los coladores desechables son ideales para recubrimientos automotrices como imprimadores, selladores, capas base, capas transparentes y capas finales de una sola etapa. Tambi\u00e9n es excelente para pinturas para el hogar, pasatiempos, artes y manualidades.<\/p>\n","protected":false},"featured_media":919,"template":"","meta":{"_et_pb_use_builder":"","_et_pb_old_content":"","_et_gb_content_width":""},"product_brand":[],"product_cat":[67,73],"product_tag":[535,536],"class_list":{"0":"post-915","1":"product","2":"type-product","3":"status-publish","4":"has-post-thumbnail","6":"product_cat-serie-de-reparacion-de-automoviles","7":"product_cat-colador-de-papel","8":"product_tag-coladores-de-papel-de-pintura","9":"product_tag-filtro-de-pintura","11":"first","12":"instock","13":"shipping-taxable","14":"product-type-simple"},"_links":{"self":[{"href":"https:\/\/www.supersybon.com\/es\/wp-json\/wp\/v2\/product\/915","targetHints":{"allow":["GET"]}}],"collection":[{"href":"https:\/\/www.supersybon.com\/es\/wp-json\/wp\/v2\/product"}],"about":[{"href":"https:\/\/www.supersybon.com\/es\/wp-json\/wp\/v2\/types\/product"}],"wp:featuredmedia":[{"embeddable":true,"href":"https:\/\/www.supersybon.com\/es\/wp-json\/wp\/v2\/media\/919"}],"wp:attachment":[{"href":"https:\/\/www.supersybon.com\/es\/wp-json\/wp\/v2\/media?parent=915"}],"wp:term":[{"taxonomy":"product_brand","embeddable":true,"href":"https:\/\/www.supersybon.com\/es\/wp-json\/wp\/v2\/product_brand?post=915"},{"taxonomy":"product_cat","embeddable":true,"href":"https:\/\/www.supersybon.com\/es\/wp-json\/wp\/v2\/product_cat?post=915"},{"taxonomy":"product_tag","embeddable":true,"href":"https:\/\/www.supersybon.com\/es\/wp-json\/wp\/v2\/product_tag?post=915"}],"curies":[{"name":"wp","href":"https:\/\/api.w.org\/{rel}","templated":true}]}}