{"id":893,"date":"2022-10-14T17:27:50","date_gmt":"2022-10-14T09:27:50","guid":{"rendered":"https:\/\/www.supersybon.com\/es\/?post_type=product&#038;p=893"},"modified":"2025-12-01T17:03:18","modified_gmt":"2025-12-01T09:03:18","slug":"fl126-respirador-doble-de-media-cara-reutilizable-mascara-de-pintura-en-aerosol","status":"publish","type":"product","link":"https:\/\/www.supersybon.com\/es\/product\/fl126-respirador-doble-de-media-cara-reutilizable-mascara-de-pintura-en-aerosol","title":{"rendered":"FL126 Respirador doble de media cara reutilizable m\u00e1scara de pintura en aerosol"},"content":{"rendered":"<p>&nbsp;<\/p>\n<p><strong>FL126 Respirador doble de media cara reutilizable m\u00e1scara de pintura en aerosol<\/strong><\/p>\n<p>Protecci\u00f3n respiratoria compatible y conveniente;<\/p>\n<p>Respirador reutilizable de media cara;<\/p>\n<p>Material de silicona avanzado para mayor comodidad y durabilidad.<\/p>\n<p><strong>Industria recomendada:<\/strong><\/p>\n<p>Automoci\u00f3n, construcci\u00f3n, fabricaci\u00f3n de alimentos y bebidas, fabricaci\u00f3n, fabricaci\u00f3n de producci\u00f3n de metales, petr\u00f3leo y gas, miner\u00eda, transporte, etc.<\/p>\n<p><strong>Cuando se encuentre en las siguientes circunstancias, abandone el \u00e1rea contaminada de inmediato y reemplace la m\u00e1scara o el filtro de pl\u00e1stico:<\/strong><\/p>\n<p>\u00b7A. M\u00e1scara y partes rotas.<\/p>\n<p>\u00b7B. Dificultad para respirar y malestar.<\/p>\n<p>\u00b7C. Cuando la resistencia inspiratoria de aumenta repentinamente.<\/p>\n<p>\u00b7D. Cuando la resistencia espiratoria aumenta repentinamente.<\/p>\n<p><strong>Procedimientos e instrucciones de uso:<\/strong><\/p>\n<p>\u00b7Antes de ingresar al lugar de trabajo contaminado, verifique si la m\u00e1scara y las partes est\u00e1n completas o da\u00f1adas o no. E instale el filtro de pl\u00e1stico correctamente.<\/p>\n<p>\u00b7Coloque la m\u00e1scara en la boca y la nariz, luego fije la conexi\u00f3n de la parte inferior.<\/p>\n<p>\u00b7 Realice la prueba de presi\u00f3n negativa de hermeticidad, cubra el filtro con la palma de la mano, inhale suavemente, si la m\u00e1scara tiene un ligero colapso y no fluye gas desde el costado de la m\u00e1scara y entre la cubierta, lo que indica una buena hermeticidad. Si hay flujo de aire, ajuste la banda para la cabeza repetidamente hasta que el herm\u00e9tico sea lo suficientemente bueno para ingresar al lugar contaminado.<\/p>\n<p>\u00b7Despu\u00e9s de cada uso, retire el filtro de pl\u00e1stico, lave la m\u00e1scara, s\u00e9quela con un pa\u00f1o de algod\u00f3n limpio y alcohol m\u00e9dico, l\u00edmpiela y emp\u00e1quela en bolsas, mant\u00e9ngala en un \u00e1rea no contaminada y evite la luz solar.<\/p>\n<p><img decoding=\"async\" class=\"aligncenter size-full wp-image-3624\" src=\"https:\/\/www.supersybon.com\/es\/wp-content\/uploads\/2022\/10\/1764579603-Fl126-Best-Safety-Painters-Mask-For-Spray-Painting.jpg\" alt=\"\" width=\"800\" height=\"800\" title=\"\" srcset=\"https:\/\/www.supersybon.com\/es\/wp-content\/uploads\/2022\/10\/1764579603-Fl126-Best-Safety-Painters-Mask-For-Spray-Painting.jpg 800w, https:\/\/www.supersybon.com\/es\/wp-content\/uploads\/2022\/10\/1764579603-Fl126-Best-Safety-Painters-Mask-For-Spray-Painting-480x480.jpg 480w\" sizes=\"(min-width: 0px) and (max-width: 480px) 480px, (min-width: 481px) 800px, 100vw\" \/> <img decoding=\"async\" class=\"aligncenter size-full wp-image-3625\" src=\"https:\/\/www.supersybon.com\/es\/wp-content\/uploads\/2022\/10\/1764579611-Fl126-Good-Quality-Reusable-Respirators-Spray-Mask-Half-Face-Mask.jpg\" alt=\"\" width=\"800\" height=\"800\" title=\"\" srcset=\"https:\/\/www.supersybon.com\/es\/wp-content\/uploads\/2022\/10\/1764579611-Fl126-Good-Quality-Reusable-Respirators-Spray-Mask-Half-Face-Mask.jpg 800w, https:\/\/www.supersybon.com\/es\/wp-content\/uploads\/2022\/10\/1764579611-Fl126-Good-Quality-Reusable-Respirators-Spray-Mask-Half-Face-Mask-480x480.jpg 480w\" sizes=\"(min-width: 0px) and (max-width: 480px) 480px, (min-width: 481px) 800px, 100vw\" \/> <img decoding=\"async\" class=\"aligncenter size-full wp-image-3629\" src=\"https:\/\/www.supersybon.com\/es\/wp-content\/uploads\/2022\/10\/1764579630-Fl126-Supply-Anti-Dust-Chemical-Respirator-Silicone-Half-Face-Spray-Paint-Gas-Mask.jpg\" alt=\"\" width=\"800\" height=\"800\" title=\"\" srcset=\"https:\/\/www.supersybon.com\/es\/wp-content\/uploads\/2022\/10\/1764579630-Fl126-Supply-Anti-Dust-Chemical-Respirator-Silicone-Half-Face-Spray-Paint-Gas-Mask.jpg 800w, https:\/\/www.supersybon.com\/es\/wp-content\/uploads\/2022\/10\/1764579630-Fl126-Supply-Anti-Dust-Chemical-Respirator-Silicone-Half-Face-Spray-Paint-Gas-Mask-480x480.jpg 480w\" sizes=\"(min-width: 0px) and (max-width: 480px) 480px, (min-width: 481px) 800px, 100vw\" \/><img decoding=\"async\" class=\"aligncenter size-full wp-image-3626\" src=\"https:\/\/www.supersybon.com\/es\/wp-content\/uploads\/2022\/10\/1764579618-Fl126-Reusable-Respirators-Spray-Mask-Half-Face-Mask-Paint-Sprayer-Mask.jpg\" alt=\"\" width=\"800\" height=\"800\" title=\"\" srcset=\"https:\/\/www.supersybon.com\/es\/wp-content\/uploads\/2022\/10\/1764579618-Fl126-Reusable-Respirators-Spray-Mask-Half-Face-Mask-Paint-Sprayer-Mask.jpg 800w, https:\/\/www.supersybon.com\/es\/wp-content\/uploads\/2022\/10\/1764579618-Fl126-Reusable-Respirators-Spray-Mask-Half-Face-Mask-Paint-Sprayer-Mask-480x480.jpg 480w\" sizes=\"(min-width: 0px) and (max-width: 480px) 480px, (min-width: 481px) 800px, 100vw\" \/><\/p>\n<p>&nbsp;<\/p>\n<div class=\"magic-13\">\n<div class=\"magic-14\">\n<div data-spm-anchor-id=\"a2700.details.0.i37.625d2e9eLtZffL\">\n<div><strong>Embalaje y servicio de productos<br \/>\n<\/strong><\/div>\n<hr \/>\n<p><strong>PAQUETE :<br \/>\n<\/strong><\/p>\n<\/div>\n<div data-spm-anchor-id=\"a2700.details.0.i37.625d2e9eLtZffL\">1 juego\/bolsa, 1 bolsa\/caja.<\/div>\n<div data-spm-anchor-id=\"a2700.details.0.i37.625d2e9eLtZffL\">\n<div data-spm-anchor-id=\"a2700.details.0.i37.625d2e9eLtZffL\">\n<p><img decoding=\"async\" class=\"aligncenter size-full wp-image-3627\" src=\"https:\/\/www.supersybon.com\/es\/wp-content\/uploads\/2022\/10\/1764579625-Fl126-Safety-Double-Respiration-Half-Face-Spray-Paint-Mask.jpg\" alt=\"\" width=\"800\" height=\"800\" title=\"\" srcset=\"https:\/\/www.supersybon.com\/es\/wp-content\/uploads\/2022\/10\/1764579625-Fl126-Safety-Double-Respiration-Half-Face-Spray-Paint-Mask.jpg 800w, https:\/\/www.supersybon.com\/es\/wp-content\/uploads\/2022\/10\/1764579625-Fl126-Safety-Double-Respiration-Half-Face-Spray-Paint-Mask-480x480.jpg 480w\" sizes=\"(min-width: 0px) and (max-width: 480px) 480px, (min-width: 481px) 800px, 100vw\" \/><\/p>\n<\/div>\n<\/div>\n<div data-spm-anchor-id=\"a2700.details.0.i37.625d2e9eLtZffL\">\n<p><strong>NUESTRO SERVICIO:<br \/>\n<\/strong><\/p>\n<p>1.24 horas en l\u00ednea<\/p>\n<p>2. Precio competitivo<\/p>\n<p>3. Excelentes comentarios del cliente<\/p>\n<p>4. Pedidos en l\u00ednea seguros<\/p>\n<p>5. Entrega r\u00e1pida<\/p>\n<p>6. Soporte t\u00e9cnico profesional<\/p>\n<\/div>\n<p>&nbsp;<\/p>\n<p><strong>Perfil de la empresa<br \/>\n<\/strong><\/p>\n<hr \/>\n<p>&nbsp;<\/p>\n<p><img decoding=\"async\" class=\"aligncenter size-full wp-image-324\" src=\"https:\/\/www.supersybon.com\/es\/wp-content\/uploads\/2022\/09\/1663401769-Car-Paint-Supplier-Company-Profile-Manufacturer-China.jpg\" alt=\"\" width=\"900\" height=\"958\" title=\"\" srcset=\"https:\/\/www.supersybon.com\/es\/wp-content\/uploads\/2022\/09\/1663401769-Car-Paint-Supplier-Company-Profile-Manufacturer-China.jpg 900w, https:\/\/www.supersybon.com\/es\/wp-content\/uploads\/2022\/09\/1663401769-Car-Paint-Supplier-Company-Profile-Manufacturer-China-480x511.jpg 480w\" sizes=\"(min-width: 0px) and (max-width: 480px) 480px, (min-width: 481px) 900px, 100vw\" \/><\/p>\n<div class=\"magic-13\">\n<div class=\"magic-14\">\n<p><strong>Preguntas m\u00e1s frecuentes<\/strong><\/p>\n<hr \/>\n<\/div>\n<\/div>\n<p>P: \u00bfCu\u00e1l es su MOQ?<\/p>\n<p>R: Nuestro pedido m\u00ednimo es de 1 juego.<\/p>\n<p>P: \u00bfQu\u00e9 hay de su pago?<\/p>\n<p>R: dep\u00f3sito del 50% por adelantado, saldo del 50% por T\/T, L\/C, paypal, Western Union o antes del env\u00edo.<\/p>\n<p>P: \u00bfProporcionan muestras?<\/p>\n<p>R: S\u00ed, puede comprar una muestra para probarla.<\/p>\n<p>P: \u00bfQu\u00e9 hay de su tiempo de entrega?<\/p>\n<p>R: generalmente 15 d\u00edas despu\u00e9s de recibir su dep\u00f3sito.<\/p>\n<\/div>\n<\/div>\n","protected":false},"excerpt":{"rendered":"<p>Protecci\u00f3n respiratoria compatible y conveniente;<br \/>\nRespirador reutilizable de media cara;<br \/>\nMaterial de silicona avanzado para mayor comodidad y durabilidad.M\u00e1scara de pintura en aerosol.<\/p>\n","protected":false},"featured_media":3624,"template":"","meta":{"_et_pb_use_builder":"","_et_pb_old_content":"","_et_gb_content_width":""},"product_brand":[],"product_cat":[67,74],"product_tag":[533],"class_list":{"0":"post-893","1":"product","2":"type-product","3":"status-publish","4":"has-post-thumbnail","6":"product_cat-serie-de-reparacion-de-automoviles","7":"product_cat-mascaras-de-aerosol","8":"product_tag-mascara-de-pintura-en-aerosol","10":"first","11":"instock","12":"shipping-taxable","13":"product-type-simple"},"_links":{"self":[{"href":"https:\/\/www.supersybon.com\/es\/wp-json\/wp\/v2\/product\/893","targetHints":{"allow":["GET"]}}],"collection":[{"href":"https:\/\/www.supersybon.com\/es\/wp-json\/wp\/v2\/product"}],"about":[{"href":"https:\/\/www.supersybon.com\/es\/wp-json\/wp\/v2\/types\/product"}],"wp:featuredmedia":[{"embeddable":true,"href":"https:\/\/www.supersybon.com\/es\/wp-json\/wp\/v2\/media\/3624"}],"wp:attachment":[{"href":"https:\/\/www.supersybon.com\/es\/wp-json\/wp\/v2\/media?parent=893"}],"wp:term":[{"taxonomy":"product_brand","embeddable":true,"href":"https:\/\/www.supersybon.com\/es\/wp-json\/wp\/v2\/product_brand?post=893"},{"taxonomy":"product_cat","embeddable":true,"href":"https:\/\/www.supersybon.com\/es\/wp-json\/wp\/v2\/product_cat?post=893"},{"taxonomy":"product_tag","embeddable":true,"href":"https:\/\/www.supersybon.com\/es\/wp-json\/wp\/v2\/product_tag?post=893"}],"curies":[{"name":"wp","href":"https:\/\/api.w.org\/{rel}","templated":true}]}}