{"id":885,"date":"2022-10-14T16:22:20","date_gmt":"2022-10-14T08:22:20","guid":{"rendered":"https:\/\/www.supersybon.com\/es\/?post_type=product&#038;p=885"},"modified":"2023-01-02T15:47:47","modified_gmt":"2023-01-02T07:47:47","slug":"pp-600-plastico-pp-kit-de-copa-de-pistola-pulverizadora-hvlp-desechable-con-tapas-y-revestimientos","status":"publish","type":"product","link":"https:\/\/www.supersybon.com\/es\/product\/pp-600-plastico-pp-kit-de-copa-de-pistola-pulverizadora-hvlp-desechable-con-tapas-y-revestimientos","title":{"rendered":"PP-600 Pl\u00e1stico PP kit de copa de pistola pulverizadora HVLP desechable con tapas y revestimientos"},"content":{"rendered":"<p><iframe title=\"Dramatically increase your spraying efficiency by using the disposable cup system!#spraypaint\" width=\"1080\" height=\"608\" src=\"https:\/\/www.youtube.com\/embed\/Z04EDR-6YR8?feature=oembed\"  allow=\"accelerometer; autoplay; clipboard-write; encrypted-media; gyroscope; picture-in-picture\" allowfullscreen><\/iframe><\/p>\n<p><img decoding=\"async\" class=\"aligncenter size-full wp-image-886\" src=\"https:\/\/www.supersybon.com\/es\/wp-content\/uploads\/2022\/10\/1665737385-PP600-Disposable-Spray-Paint-Cups-Plastic-Paint-MixingSpray-Mixing-Cup-Auto-Spray-Paint-Gun-Cups.jpg\" alt=\"\" width=\"900\" height=\"364\" title=\"\" srcset=\"https:\/\/www.supersybon.com\/es\/wp-content\/uploads\/2022\/10\/1665737385-PP600-Disposable-Spray-Paint-Cups-Plastic-Paint-MixingSpray-Mixing-Cup-Auto-Spray-Paint-Gun-Cups.jpg 900w, https:\/\/www.supersybon.com\/es\/wp-content\/uploads\/2022\/10\/1665737385-PP600-Disposable-Spray-Paint-Cups-Plastic-Paint-MixingSpray-Mixing-Cup-Auto-Spray-Paint-Gun-Cups-480x194.jpg 480w\" sizes=\"(min-width: 0px) and (max-width: 480px) 480px, (min-width: 481px) 900px, 100vw\" \/><\/p>\n<p>&nbsp;<\/p>\n<p><strong>PP-600 Pl\u00e1stico PP kit de copa de pistola pulverizadora HVLP desechable con tapas y revestimientos<\/strong><\/p>\n<p>\u00a1Aumente dr\u00e1sticamente la eficiencia de su pulverizaci\u00f3n y la productividad general al ahorrar tiempo, mano de obra, desechos y dinero usando el sistema de vasos desechables! Reduzca el desperdicio de material de pintura y el desperdicio de solventes de limpieza, al mismo tiempo que elimina el costo y la mano de obra asociados con la limpieza de las copas de pistola de metal tradicionales y la necesidad de mezclar copas y latas de pintura.<\/p>\n<div class=\"magic-13\">\n<div class=\"magic-14\">\n<div class=\"magic-15\" data-id=\"paragraph0\">\n<p>&nbsp;<\/p>\n<\/div>\n<\/div>\n<\/div>\n<div data-id=\"paragraph0\"><\/div>\n<div class=\"magic-13\">\n<div class=\"magic-14\">\n<div class=\"magic-9\">\n<div class=\"magic-10\">\n<p><img decoding=\"async\" class=\"aligncenter size-full wp-image-891\" src=\"https:\/\/www.supersybon.com\/es\/wp-content\/uploads\/2022\/10\/1665739061-PP600-HKS-Disposable-Plastic-Cups-Car-Spray-Paint-Gun-Cups-Disposable-Plastic-Measuring-Cup.jpg\" alt=\"\" width=\"750\" height=\"750\" title=\"\" srcset=\"https:\/\/www.supersybon.com\/es\/wp-content\/uploads\/2022\/10\/1665739061-PP600-HKS-Disposable-Plastic-Cups-Car-Spray-Paint-Gun-Cups-Disposable-Plastic-Measuring-Cup.jpg 750w, https:\/\/www.supersybon.com\/es\/wp-content\/uploads\/2022\/10\/1665739061-PP600-HKS-Disposable-Plastic-Cups-Car-Spray-Paint-Gun-Cups-Disposable-Plastic-Measuring-Cup-480x480.jpg 480w\" sizes=\"(min-width: 0px) and (max-width: 480px) 480px, (min-width: 481px) 750px, 100vw\" \/><\/p>\n<p><img decoding=\"async\" class=\"aligncenter size-full wp-image-887\" src=\"https:\/\/www.supersybon.com\/es\/wp-content\/uploads\/2022\/10\/1665737495-PP600-High-Quality-Plastic-Car-Paint-Mixing-Cup-Car-Paint-Plastic-Cup-Paint-Mix-Cup-Liner.jpg\" alt=\"\" width=\"750\" height=\"750\" title=\"\" srcset=\"https:\/\/www.supersybon.com\/es\/wp-content\/uploads\/2022\/10\/1665737495-PP600-High-Quality-Plastic-Car-Paint-Mixing-Cup-Car-Paint-Plastic-Cup-Paint-Mix-Cup-Liner.jpg 750w, https:\/\/www.supersybon.com\/es\/wp-content\/uploads\/2022\/10\/1665737495-PP600-High-Quality-Plastic-Car-Paint-Mixing-Cup-Car-Paint-Plastic-Cup-Paint-Mix-Cup-Liner-480x480.jpg 480w\" sizes=\"(min-width: 0px) and (max-width: 480px) 480px, (min-width: 481px) 750px, 100vw\" \/><\/p>\n<\/div>\n<p><img decoding=\"async\" class=\"aligncenter size-full wp-image-888\" src=\"https:\/\/www.supersybon.com\/es\/wp-content\/uploads\/2022\/10\/1665737526-PP600-HKS-Spray-Gun-Paint-System-With-Lids-And-Liners-Standard-Disposable-Plastic-Cup-Use-For-Cars.jpg\" alt=\"\" width=\"750\" height=\"750\" title=\"\" srcset=\"https:\/\/www.supersybon.com\/es\/wp-content\/uploads\/2022\/10\/1665737526-PP600-HKS-Spray-Gun-Paint-System-With-Lids-And-Liners-Standard-Disposable-Plastic-Cup-Use-For-Cars.jpg 750w, https:\/\/www.supersybon.com\/es\/wp-content\/uploads\/2022\/10\/1665737526-PP600-HKS-Spray-Gun-Paint-System-With-Lids-And-Liners-Standard-Disposable-Plastic-Cup-Use-For-Cars-480x480.jpg 480w\" sizes=\"(min-width: 0px) and (max-width: 480px) 480px, (min-width: 481px) 750px, 100vw\" \/><\/p>\n<\/div>\n<\/div>\n<\/div>\n<div data-spm-anchor-id=\"a2700.details.0.i37.625d2e9eLtZffL\"><\/div>\n<div data-spm-anchor-id=\"a2700.details.0.i37.625d2e9eLtZffL\"><\/div>\n<div class=\"magic-13\">\n<div class=\"magic-14\">\n<div data-spm-anchor-id=\"a2700.details.0.i37.625d2e9eLtZffL\"><\/div>\n<div data-spm-anchor-id=\"a2700.details.0.i37.625d2e9eLtZffL\"><\/div>\n<div data-spm-anchor-id=\"a2700.details.0.i37.625d2e9eLtZffL\">\n<div><strong>Embalaje y servicio de productos<br \/>\n<\/strong><\/div>\n<hr \/>\n<p><strong>PAQUETE :<br \/>\n<\/strong><\/p>\n<p>50 Tapas+50 Revestimientos+ 20 Tapas+1 Copa exterior+1Collar\/caja.<\/p>\n<p>&nbsp;<\/p>\n<p><img decoding=\"async\" class=\"aligncenter size-full wp-image-889\" src=\"https:\/\/www.supersybon.com\/es\/wp-content\/uploads\/2022\/10\/1665737544-PP600-Wholesales-Price-With-High-Quality-Plastic-Paint-Mixing-Cup-For-Auto-Paint-Mixing.jpg\" alt=\"\" width=\"750\" height=\"750\" title=\"\" srcset=\"https:\/\/www.supersybon.com\/es\/wp-content\/uploads\/2022\/10\/1665737544-PP600-Wholesales-Price-With-High-Quality-Plastic-Paint-Mixing-Cup-For-Auto-Paint-Mixing.jpg 750w, https:\/\/www.supersybon.com\/es\/wp-content\/uploads\/2022\/10\/1665737544-PP600-Wholesales-Price-With-High-Quality-Plastic-Paint-Mixing-Cup-For-Auto-Paint-Mixing-480x480.jpg 480w\" sizes=\"(min-width: 0px) and (max-width: 480px) 480px, (min-width: 481px) 750px, 100vw\" \/><strong>NUESTRO SERVICIO:<br \/>\n<\/strong><\/p>\n<p>1.24 horas en l\u00ednea<\/p>\n<p>2. Precio competitivo<\/p>\n<p>3. Excelentes comentarios del cliente<\/p>\n<p>4. Pedidos en l\u00ednea seguros<\/p>\n<p>5. Entrega r\u00e1pida<\/p>\n<p>6. Soporte t\u00e9cnico profesional<\/p>\n<\/div>\n<p>&nbsp;<\/p>\n<p><strong>Perfil de la empresa<br \/>\n<\/strong><\/p>\n<hr \/>\n<p>&nbsp;<\/p>\n<p><img decoding=\"async\" class=\"aligncenter size-full wp-image-324\" src=\"https:\/\/www.supersybon.com\/es\/wp-content\/uploads\/2022\/09\/1663401769-Car-Paint-Supplier-Company-Profile-Manufacturer-China.jpg\" alt=\"\" width=\"900\" height=\"958\" title=\"\" srcset=\"https:\/\/www.supersybon.com\/es\/wp-content\/uploads\/2022\/09\/1663401769-Car-Paint-Supplier-Company-Profile-Manufacturer-China.jpg 900w, https:\/\/www.supersybon.com\/es\/wp-content\/uploads\/2022\/09\/1663401769-Car-Paint-Supplier-Company-Profile-Manufacturer-China-480x511.jpg 480w\" sizes=\"(min-width: 0px) and (max-width: 480px) 480px, (min-width: 481px) 900px, 100vw\" \/><\/p>\n<div class=\"magic-13\">\n<div class=\"magic-14\">\n<p><strong>Preguntas m\u00e1s frecuentes<\/strong><\/p>\n<hr \/>\n<\/div>\n<\/div>\n<p>P: \u00bfCu\u00e1l es su MOQ?<\/p>\n<p>R: Nuestro pedido m\u00ednimo es de 1 caja de cart\u00f3n.<\/p>\n<p>P: \u00bfQu\u00e9 hay de su pago?<\/p>\n<p>R: dep\u00f3sito del 50% por adelantado, saldo del 50% por T\/T, L\/C, paypal, Western Union o antes del env\u00edo.<\/p>\n<p>P: \u00bfProporcionan muestras?<\/p>\n<p>R: S\u00ed, puede comprar una muestra para probarla.<\/p>\n<p>P: \u00bfQu\u00e9 hay de su tiempo de entrega?<\/p>\n<p>R: generalmente 15 d\u00edas despu\u00e9s de recibir su dep\u00f3sito.<\/p>\n<\/div>\n<\/div>\n","protected":false},"excerpt":{"rendered":"<p>\u00a1Aumente dr\u00e1sticamente la eficiencia de su pulverizaci\u00f3n y la productividad general al ahorrar tiempo, mano de obra, desechos y dinero usando el sistema de vasos desechables! Reduzca el desperdicio de material de pintura y el desperdicio de solventes de limpieza, al mismo tiempo que elimina el costo y la mano de obra asociados con la limpieza de las copas de pistola de metal tradicionales y la necesidad de mezclar copas y latas de pintura.<\/p>\n","protected":false},"featured_media":890,"template":"","meta":{"_et_pb_use_builder":"","_et_pb_old_content":"","_et_gb_content_width":""},"product_brand":[],"product_cat":[67,75],"product_tag":[532],"class_list":{"0":"post-885","1":"product","2":"type-product","3":"status-publish","4":"has-post-thumbnail","6":"product_cat-serie-de-reparacion-de-automoviles","7":"product_cat-pistola-rociadora","8":"product_tag-kit-de-copa-de-pistola-pulverizadora-hvlp-desechable","10":"first","11":"instock","12":"shipping-taxable","13":"product-type-simple"},"_links":{"self":[{"href":"https:\/\/www.supersybon.com\/es\/wp-json\/wp\/v2\/product\/885","targetHints":{"allow":["GET"]}}],"collection":[{"href":"https:\/\/www.supersybon.com\/es\/wp-json\/wp\/v2\/product"}],"about":[{"href":"https:\/\/www.supersybon.com\/es\/wp-json\/wp\/v2\/types\/product"}],"wp:featuredmedia":[{"embeddable":true,"href":"https:\/\/www.supersybon.com\/es\/wp-json\/wp\/v2\/media\/890"}],"wp:attachment":[{"href":"https:\/\/www.supersybon.com\/es\/wp-json\/wp\/v2\/media?parent=885"}],"wp:term":[{"taxonomy":"product_brand","embeddable":true,"href":"https:\/\/www.supersybon.com\/es\/wp-json\/wp\/v2\/product_brand?post=885"},{"taxonomy":"product_cat","embeddable":true,"href":"https:\/\/www.supersybon.com\/es\/wp-json\/wp\/v2\/product_cat?post=885"},{"taxonomy":"product_tag","embeddable":true,"href":"https:\/\/www.supersybon.com\/es\/wp-json\/wp\/v2\/product_tag?post=885"}],"curies":[{"name":"wp","href":"https:\/\/api.w.org\/{rel}","templated":true}]}}