{"id":864,"date":"2022-10-13T20:36:40","date_gmt":"2022-10-13T12:36:40","guid":{"rendered":"https:\/\/www.supersybon.com\/es\/?post_type=product&#038;p=864"},"modified":"2023-01-02T15:32:11","modified_gmt":"2023-01-02T07:32:11","slug":"h-827-pistola-pulverizadora-de-pintura-con-alimentacion-por-gravedad-hvlp-con-boquilla-de-deposito-de-600-ml-13-mm-14-mm-17-mm-20-mm","status":"publish","type":"product","link":"https:\/\/www.supersybon.com\/es\/product\/h-827-pistola-pulverizadora-de-pintura-con-alimentacion-por-gravedad-hvlp-con-boquilla-de-deposito-de-600-ml-13-mm-14-mm-17-mm-20-mm","title":{"rendered":"H-827 Pistola pulverizadora de pintura con alimentaci\u00f3n por gravedad HVLP con boquilla de dep\u00f3sito de 600 ml 1,3 mm 1,4 mm 1,7 mm 2,0 mm"},"content":{"rendered":"<p><iframe title=\"H-827 HVLP Gravity Feed Paint Spray Gun With 600ml Canister Nozzle 1.3mm 1.4mm 1.7mm 2.0mm\" width=\"1080\" height=\"608\" src=\"https:\/\/www.youtube.com\/embed\/VXlugV5UUnU?feature=oembed\"  allow=\"accelerometer; autoplay; clipboard-write; encrypted-media; gyroscope; picture-in-picture\" allowfullscreen><\/iframe><\/p>\n<p><img decoding=\"async\" class=\"aligncenter size-full wp-image-865\" src=\"https:\/\/www.supersybon.com\/es\/wp-content\/uploads\/2022\/10\/1665665673-H-827-Sprayer-Paint-Gun-Auto-Paint-Sprayer-Gun-Gravity-Feed-Cup-Gun-Sprayer-Best-Car-Paint-Spray-Gun.jpg\" alt=\"\" width=\"900\" height=\"364\" title=\"\" srcset=\"https:\/\/www.supersybon.com\/es\/wp-content\/uploads\/2022\/10\/1665665673-H-827-Sprayer-Paint-Gun-Auto-Paint-Sprayer-Gun-Gravity-Feed-Cup-Gun-Sprayer-Best-Car-Paint-Spray-Gun.jpg 900w, https:\/\/www.supersybon.com\/es\/wp-content\/uploads\/2022\/10\/1665665673-H-827-Sprayer-Paint-Gun-Auto-Paint-Sprayer-Gun-Gravity-Feed-Cup-Gun-Sprayer-Best-Car-Paint-Spray-Gun-480x194.jpg 480w\" sizes=\"(min-width: 0px) and (max-width: 480px) 480px, (min-width: 481px) 900px, 100vw\" \/><\/p>\n<p>&nbsp;<\/p>\n<p><strong>H-827 Pistola pulverizadora de pintura con alimentaci\u00f3n por gravedad HVLP con boquilla de dep\u00f3sito de 600 ml 1,3 mm 1,4 mm 1,7 mm 2,0 mm<\/strong><\/p>\n<p>Calidad profesional<br \/>\n1. Excelente eficiencia de pulverizaci\u00f3n y no contaminaci\u00f3n.<br \/>\n2. Boquilla y aguja de acero inoxidable de alta calidad.<br \/>\n3. Limpieza y lavado convenientes de la boquilla.<br \/>\n4. La eficiencia de transferencia es superior al 65%.<\/p>\n<div data-id=\"paragraph0\"><\/div>\n<div class=\"magic-13\">\n<div class=\"magic-14\">\n<div class=\"magic-9\">\n<div class=\"magic-10\">\n<p>&nbsp;<\/p>\n<p>&nbsp;<\/p>\n<p>&nbsp;<\/p>\n<\/div>\n<\/div>\n<\/div>\n<\/div>\n<div data-spm-anchor-id=\"a2700.details.0.i37.625d2e9eLtZffL\"><img decoding=\"async\" class=\"aligncenter size-full wp-image-866\" src=\"https:\/\/www.supersybon.com\/es\/wp-content\/uploads\/2022\/10\/1665665719-H-827-Hight-Quality-Spray-Gun-Automotive-Paintshop-Tooling-Basecoat-Car-Painting-Hvlp-Spray-Guns-Manufacturers-In-China.jpg\" alt=\"\" width=\"800\" height=\"800\" title=\"\" srcset=\"https:\/\/www.supersybon.com\/es\/wp-content\/uploads\/2022\/10\/1665665719-H-827-Hight-Quality-Spray-Gun-Automotive-Paintshop-Tooling-Basecoat-Car-Painting-Hvlp-Spray-Guns-Manufacturers-In-China.jpg 800w, https:\/\/www.supersybon.com\/es\/wp-content\/uploads\/2022\/10\/1665665719-H-827-Hight-Quality-Spray-Gun-Automotive-Paintshop-Tooling-Basecoat-Car-Painting-Hvlp-Spray-Guns-Manufacturers-In-China-480x480.jpg 480w\" sizes=\"(min-width: 0px) and (max-width: 480px) 480px, (min-width: 481px) 800px, 100vw\" \/><\/div>\n<div data-spm-anchor-id=\"a2700.details.0.i37.625d2e9eLtZffL\"><\/div>\n<div data-spm-anchor-id=\"a2700.details.0.i37.625d2e9eLtZffL\"><\/div>\n<div class=\"magic-13\">\n<div class=\"magic-14\">\n<div data-spm-anchor-id=\"a2700.details.0.i37.625d2e9eLtZffL\"><\/div>\n<div data-spm-anchor-id=\"a2700.details.0.i37.625d2e9eLtZffL\">\n<div><strong>Embalaje y servicio de productos<br \/>\n<\/strong><\/div>\n<hr \/>\n<p><strong>PAQUETE :<br \/>\n<\/strong><\/p>\n<p>1 unidad\/caja de papel.<\/p>\n<p>&nbsp;<\/p>\n<p><strong>NUESTRO SERVICIO:<br \/>\n<\/strong><\/p>\n<p>1.24 horas en l\u00ednea<\/p>\n<p>2. Precio competitivo<\/p>\n<p>3. Excelentes comentarios del cliente<\/p>\n<p>4. Pedidos en l\u00ednea seguros<\/p>\n<p>5. Entrega r\u00e1pida<\/p>\n<p>6. Soporte t\u00e9cnico profesional<\/p>\n<\/div>\n<p>&nbsp;<\/p>\n<p>&nbsp;<\/p>\n<p><strong>Perfil de la empresa<br \/>\n<\/strong><\/p>\n<hr \/>\n<p>&nbsp;<\/p>\n<p><img decoding=\"async\" class=\"aligncenter size-full wp-image-324\" src=\"https:\/\/www.supersybon.com\/es\/wp-content\/uploads\/2022\/09\/1663401769-Car-Paint-Supplier-Company-Profile-Manufacturer-China.jpg\" alt=\"\" width=\"900\" height=\"958\" title=\"\" srcset=\"https:\/\/www.supersybon.com\/es\/wp-content\/uploads\/2022\/09\/1663401769-Car-Paint-Supplier-Company-Profile-Manufacturer-China.jpg 900w, https:\/\/www.supersybon.com\/es\/wp-content\/uploads\/2022\/09\/1663401769-Car-Paint-Supplier-Company-Profile-Manufacturer-China-480x511.jpg 480w\" sizes=\"(min-width: 0px) and (max-width: 480px) 480px, (min-width: 481px) 900px, 100vw\" \/><\/p>\n<div class=\"magic-13\">\n<div class=\"magic-14\">\n<p><strong>Preguntas m\u00e1s frecuentes<\/strong><\/p>\n<hr \/>\n<\/div>\n<\/div>\n<p>P: \u00bfCu\u00e1l es su MOQ?<\/p>\n<p>R: Nuestro pedido m\u00ednimo es de 10 unidades.<\/p>\n<p>P: \u00bfQu\u00e9 hay de su pago?<\/p>\n<p>R: dep\u00f3sito del 50% por adelantado, saldo del 50% por T\/T, L\/C, paypal, Western Union o antes del env\u00edo.<\/p>\n<p>P: \u00bfProporcionan muestras?<\/p>\n<p>R: S\u00ed, puede comprar una muestra para probarla.<\/p>\n<p>P: \u00bfQu\u00e9 hay de su tiempo de entrega?<\/p>\n<p>R: generalmente 15 d\u00edas despu\u00e9s de recibir su dep\u00f3sito.<\/p>\n<\/div>\n<\/div>\n","protected":false},"excerpt":{"rendered":"<p>Pistola pulverizadora de pintura con alimentaci\u00f3n por gravedad HVLP Calidad profesional<br \/>\n1. Excelente eficiencia de pulverizaci\u00f3n y no contaminaci\u00f3n.<br \/>\n2. Boquilla y aguja de acero inoxidable de alta calidad.<br \/>\n3. Limpieza y lavado convenientes de la boquilla.<br \/>\n4. La eficiencia de transferencia es superior al 65%.<\/p>\n","protected":false},"featured_media":867,"template":"","meta":{"_et_pb_use_builder":"","_et_pb_old_content":"","_et_gb_content_width":""},"product_brand":[],"product_cat":[67,75],"product_tag":[531],"class_list":{"0":"post-864","1":"product","2":"type-product","3":"status-publish","4":"has-post-thumbnail","6":"product_cat-serie-de-reparacion-de-automoviles","7":"product_cat-pistola-rociadora","8":"product_tag-pistola-pulverizadora-de-pintura-con-alimentacion-por-gravedad-hvlp","10":"first","11":"instock","12":"shipping-taxable","13":"product-type-simple"},"_links":{"self":[{"href":"https:\/\/www.supersybon.com\/es\/wp-json\/wp\/v2\/product\/864","targetHints":{"allow":["GET"]}}],"collection":[{"href":"https:\/\/www.supersybon.com\/es\/wp-json\/wp\/v2\/product"}],"about":[{"href":"https:\/\/www.supersybon.com\/es\/wp-json\/wp\/v2\/types\/product"}],"wp:featuredmedia":[{"embeddable":true,"href":"https:\/\/www.supersybon.com\/es\/wp-json\/wp\/v2\/media\/867"}],"wp:attachment":[{"href":"https:\/\/www.supersybon.com\/es\/wp-json\/wp\/v2\/media?parent=864"}],"wp:term":[{"taxonomy":"product_brand","embeddable":true,"href":"https:\/\/www.supersybon.com\/es\/wp-json\/wp\/v2\/product_brand?post=864"},{"taxonomy":"product_cat","embeddable":true,"href":"https:\/\/www.supersybon.com\/es\/wp-json\/wp\/v2\/product_cat?post=864"},{"taxonomy":"product_tag","embeddable":true,"href":"https:\/\/www.supersybon.com\/es\/wp-json\/wp\/v2\/product_tag?post=864"}],"curies":[{"name":"wp","href":"https:\/\/api.w.org\/{rel}","templated":true}]}}