{"id":856,"date":"2022-10-13T20:03:28","date_gmt":"2022-10-13T12:03:28","guid":{"rendered":"https:\/\/www.supersybon.com\/es\/?post_type=product&#038;p=856"},"modified":"2023-01-02T15:23:59","modified_gmt":"2023-01-02T07:23:59","slug":"h-887-profesional-pistola-de-aire-pulverizador-de-pintura-automotriz-hvlp-para-boquilla-de-coche-14-mm-600cc-cup","status":"publish","type":"product","link":"https:\/\/www.supersybon.com\/es\/product\/h-887-profesional-pistola-de-aire-pulverizador-de-pintura-automotriz-hvlp-para-boquilla-de-coche-14-mm-600cc-cup","title":{"rendered":"H-887 Profesional pistola de aire pulverizador de pintura automotriz Hvlp para boquilla de coche 1,4 mm 600cc Cup"},"content":{"rendered":"<p><iframe title=\"H-887 Professional Air Spray Gun Automotive Hvlp Paint Sprayer for Car Nozzle 1.4 mm 600cc Cup\" width=\"1080\" height=\"608\" src=\"https:\/\/www.youtube.com\/embed\/5FdfA9wfxzA?feature=oembed\"  allow=\"accelerometer; autoplay; clipboard-write; encrypted-media; gyroscope; picture-in-picture\" allowfullscreen><\/iframe><\/p>\n<p><img decoding=\"async\" class=\"aligncenter size-full wp-image-857\" src=\"https:\/\/www.supersybon.com\/es\/wp-content\/uploads\/2022\/10\/1665664050-H-887-Spray-Gun-1.4Mm-Hvlp-Spray-Gun-Price-Types-Of-Spray-Guns-Paint-Car-Refinish-Tools.jpg\" alt=\"\" width=\"900\" height=\"364\" title=\"\" srcset=\"https:\/\/www.supersybon.com\/es\/wp-content\/uploads\/2022\/10\/1665664050-H-887-Spray-Gun-1.4Mm-Hvlp-Spray-Gun-Price-Types-Of-Spray-Guns-Paint-Car-Refinish-Tools.jpg 900w, https:\/\/www.supersybon.com\/es\/wp-content\/uploads\/2022\/10\/1665664050-H-887-Spray-Gun-1.4Mm-Hvlp-Spray-Gun-Price-Types-Of-Spray-Guns-Paint-Car-Refinish-Tools-480x194.jpg 480w\" sizes=\"(min-width: 0px) and (max-width: 480px) 480px, (min-width: 481px) 900px, 100vw\" \/><\/p>\n<p>&nbsp;<\/p>\n<p><strong>H-887 Profesional pistola de aire pulverizador de pintura automotriz Hvlp para boquilla de coche 1,4 mm 600cc Cup<\/strong><\/p>\n<p>Ligero flexible vers\u00e1til<br \/>\n1. El dise\u00f1o ergon\u00f3mico de la pistola, en l\u00ednea con la mano humana, se siente c\u00f3modo y reduce en gran medida la fatiga del operador.<br \/>\n2. Con un efecto de atomizaci\u00f3n exquisito y un rendimiento superior de pulverizaci\u00f3n de pintura, alta eficiencia, ahorre la pintura.<br \/>\n3. Aplicable a todo tipo de pintura, puede ser ampliamente utilizado en maquinaria, muebles, ferreter\u00eda, etc.<\/p>\n<div data-id=\"paragraph0\"><\/div>\n<div class=\"magic-13\">\n<div class=\"magic-14\">\n<div class=\"magic-9\">\n<div class=\"magic-10\">\n<p>&nbsp;<\/p>\n<\/div>\n<\/div>\n<\/div>\n<\/div>\n<div data-spm-anchor-id=\"a2700.details.0.i37.625d2e9eLtZffL\"><img decoding=\"async\" class=\"aligncenter size-full wp-image-858\" src=\"https:\/\/www.supersybon.com\/es\/wp-content\/uploads\/2022\/10\/1665664091-H-887-Spray-Gun-Auto-Refinishing-Spray-Gun-Car-Car-Paint-Qaulity-Gun.jpg\" alt=\"\" width=\"750\" height=\"602\" title=\"\" srcset=\"https:\/\/www.supersybon.com\/es\/wp-content\/uploads\/2022\/10\/1665664091-H-887-Spray-Gun-Auto-Refinishing-Spray-Gun-Car-Car-Paint-Qaulity-Gun.jpg 750w, https:\/\/www.supersybon.com\/es\/wp-content\/uploads\/2022\/10\/1665664091-H-887-Spray-Gun-Auto-Refinishing-Spray-Gun-Car-Car-Paint-Qaulity-Gun-480x385.jpg 480w\" sizes=\"(min-width: 0px) and (max-width: 480px) 480px, (min-width: 481px) 750px, 100vw\" \/><\/div>\n<div data-spm-anchor-id=\"a2700.details.0.i37.625d2e9eLtZffL\"><\/div>\n<div data-spm-anchor-id=\"a2700.details.0.i37.625d2e9eLtZffL\"><\/div>\n<div class=\"magic-13\">\n<div class=\"magic-14\">\n<div data-spm-anchor-id=\"a2700.details.0.i37.625d2e9eLtZffL\"><\/div>\n<div data-spm-anchor-id=\"a2700.details.0.i37.625d2e9eLtZffL\"><\/div>\n<div data-spm-anchor-id=\"a2700.details.0.i37.625d2e9eLtZffL\">\n<div data-spm-anchor-id=\"a2700.details.0.i37.625d2e9eLtZffL\">\n<p>&nbsp;<\/p>\n<\/div>\n<div data-spm-anchor-id=\"a2700.details.0.i37.625d2e9eLtZffL\">\n<div><strong>Embalaje y servicio de productos<br \/>\n<\/strong><\/div>\n<hr \/>\n<p><strong>PAQUETE :<br \/>\n<\/strong><\/p>\n<p>1 unidad\/caja de papel.<\/p>\n<p>&nbsp;<\/p>\n<p><strong>NUESTRO SERVICIO:<br \/>\n<\/strong><\/p>\n<p>1.24 horas en l\u00ednea<\/p>\n<p>2. Precio competitivo<\/p>\n<p>3. Excelentes comentarios del cliente<\/p>\n<p>4. Pedidos en l\u00ednea seguros<\/p>\n<p>5. Entrega r\u00e1pida<\/p>\n<p>6. Soporte t\u00e9cnico profesional<\/p>\n<\/div>\n<\/div>\n<p>&nbsp;<\/p>\n<p>&nbsp;<\/p>\n<p><strong>Perfil de la empresa<br \/>\n<\/strong><\/p>\n<hr \/>\n<p>&nbsp;<\/p>\n<p><img decoding=\"async\" class=\"aligncenter size-full wp-image-324\" src=\"https:\/\/www.supersybon.com\/es\/wp-content\/uploads\/2022\/09\/1663401769-Car-Paint-Supplier-Company-Profile-Manufacturer-China.jpg\" alt=\"\" width=\"900\" height=\"958\" title=\"\" srcset=\"https:\/\/www.supersybon.com\/es\/wp-content\/uploads\/2022\/09\/1663401769-Car-Paint-Supplier-Company-Profile-Manufacturer-China.jpg 900w, https:\/\/www.supersybon.com\/es\/wp-content\/uploads\/2022\/09\/1663401769-Car-Paint-Supplier-Company-Profile-Manufacturer-China-480x511.jpg 480w\" sizes=\"(min-width: 0px) and (max-width: 480px) 480px, (min-width: 481px) 900px, 100vw\" \/><\/p>\n<div class=\"magic-13\">\n<div class=\"magic-14\">\n<p><strong>Preguntas m\u00e1s frecuentes<\/strong><\/p>\n<hr \/>\n<\/div>\n<\/div>\n<p>P: \u00bfCu\u00e1l es su MOQ?<\/p>\n<p>R: Nuestro pedido m\u00ednimo es de 10 unidades.<\/p>\n<p>P: \u00bfQu\u00e9 hay de su pago?<\/p>\n<p>R: dep\u00f3sito del 50% por adelantado, saldo del 50% por T\/T, L\/C, paypal, Western Union o antes del env\u00edo.<\/p>\n<p>P: \u00bfProporcionan muestras?<\/p>\n<p>R: S\u00ed, puede comprar una muestra para probarla.<\/p>\n<p>P: \u00bfQu\u00e9 hay de su tiempo de entrega?<\/p>\n<p>R: generalmente 15 d\u00edas despu\u00e9s de recibir su dep\u00f3sito.<\/p>\n<\/div>\n<\/div>\n","protected":false},"excerpt":{"rendered":"<p>Ligero flexible vers\u00e1til<br \/>\nSentirse c\u00f3modo<br \/>\nAlta eficiencia de pintura<br \/>\nGuardar Recubrimientos<br \/>\nElecci\u00f3n perfecta<br \/>\nPistola de aire<\/p>\n","protected":false},"featured_media":859,"template":"","meta":{"_et_pb_use_builder":"","_et_pb_old_content":"","_et_gb_content_width":""},"product_brand":[],"product_cat":[67,75],"product_tag":[529,530],"class_list":{"0":"post-856","1":"product","2":"type-product","3":"status-publish","4":"has-post-thumbnail","6":"product_cat-serie-de-reparacion-de-automoviles","7":"product_cat-pistola-rociadora","8":"product_tag-pistola-de-aire","9":"product_tag-pulverizador-de-pintura-automotriz-hvlp","11":"first","12":"instock","13":"shipping-taxable","14":"product-type-simple"},"_links":{"self":[{"href":"https:\/\/www.supersybon.com\/es\/wp-json\/wp\/v2\/product\/856","targetHints":{"allow":["GET"]}}],"collection":[{"href":"https:\/\/www.supersybon.com\/es\/wp-json\/wp\/v2\/product"}],"about":[{"href":"https:\/\/www.supersybon.com\/es\/wp-json\/wp\/v2\/types\/product"}],"wp:featuredmedia":[{"embeddable":true,"href":"https:\/\/www.supersybon.com\/es\/wp-json\/wp\/v2\/media\/859"}],"wp:attachment":[{"href":"https:\/\/www.supersybon.com\/es\/wp-json\/wp\/v2\/media?parent=856"}],"wp:term":[{"taxonomy":"product_brand","embeddable":true,"href":"https:\/\/www.supersybon.com\/es\/wp-json\/wp\/v2\/product_brand?post=856"},{"taxonomy":"product_cat","embeddable":true,"href":"https:\/\/www.supersybon.com\/es\/wp-json\/wp\/v2\/product_cat?post=856"},{"taxonomy":"product_tag","embeddable":true,"href":"https:\/\/www.supersybon.com\/es\/wp-json\/wp\/v2\/product_tag?post=856"}],"curies":[{"name":"wp","href":"https:\/\/api.w.org\/{rel}","templated":true}]}}