{"id":824,"date":"2022-10-12T16:06:54","date_gmt":"2022-10-12T08:06:54","guid":{"rendered":"https:\/\/www.supersybon.com\/es\/?post_type=product&#038;p=824"},"modified":"2023-01-02T15:09:00","modified_gmt":"2023-01-02T07:09:00","slug":"hk555-agente-mate-agente-matt-buena-capacidad-mate-con-pelicula-de-pintura-suave","status":"publish","type":"product","link":"https:\/\/www.supersybon.com\/es\/product\/hk555-agente-mate-agente-matt-buena-capacidad-mate-con-pelicula-de-pintura-suave","title":{"rendered":"HK555 Agente mate agente matt buena capacidad mate con pel\u00edcula de pintura suave"},"content":{"rendered":"<p><img decoding=\"async\" class=\"aligncenter size-full wp-image-825\" src=\"https:\/\/www.supersybon.com\/es\/wp-content\/uploads\/2022\/10\/1665563325-HK555-HKS-Car-Paint-Manufacturer-Auto-Base-Matting-Binder-Dulling-Agent-Matt-Agent-For-Car-Paint.jpg\" alt=\"\" width=\"900\" height=\"364\" title=\"\" srcset=\"https:\/\/www.supersybon.com\/es\/wp-content\/uploads\/2022\/10\/1665563325-HK555-HKS-Car-Paint-Manufacturer-Auto-Base-Matting-Binder-Dulling-Agent-Matt-Agent-For-Car-Paint.jpg 900w, https:\/\/www.supersybon.com\/es\/wp-content\/uploads\/2022\/10\/1665563325-HK555-HKS-Car-Paint-Manufacturer-Auto-Base-Matting-Binder-Dulling-Agent-Matt-Agent-For-Car-Paint-480x194.jpg 480w\" sizes=\"(min-width: 0px) and (max-width: 480px) 480px, (min-width: 481px) 900px, 100vw\" \/><\/p>\n<p>&nbsp;<\/p>\n<p><strong>Agente mate Agente Matt<\/strong><\/p>\n<p>HK555 Agente mate agente matt buena capacidad mate con pel\u00edcula de pintura suave<\/p>\n<p>Agente opaco agente mate capaz de reducir el brillo de la pel\u00edcula de pintura. Buena capacidad de mateado con pel\u00edcula de pintura suave.<\/p>\n<p>&nbsp;<\/p>\n<p><img decoding=\"async\" class=\"aligncenter size-full wp-image-826\" src=\"https:\/\/www.supersybon.com\/es\/wp-content\/uploads\/2022\/10\/1665563353-HK555-Good-Quality-Car-Paint-Factory-Auto-Base-Matting-Binder-Reduce-Brightness-Of-Paint-To-Matte-Form-Dulling-Agent.jpg\" alt=\"\" width=\"750\" height=\"750\" title=\"\" srcset=\"https:\/\/www.supersybon.com\/es\/wp-content\/uploads\/2022\/10\/1665563353-HK555-Good-Quality-Car-Paint-Factory-Auto-Base-Matting-Binder-Reduce-Brightness-Of-Paint-To-Matte-Form-Dulling-Agent.jpg 750w, https:\/\/www.supersybon.com\/es\/wp-content\/uploads\/2022\/10\/1665563353-HK555-Good-Quality-Car-Paint-Factory-Auto-Base-Matting-Binder-Reduce-Brightness-Of-Paint-To-Matte-Form-Dulling-Agent-480x480.jpg 480w\" sizes=\"(min-width: 0px) and (max-width: 480px) 480px, (min-width: 481px) 750px, 100vw\" \/><\/p>\n\n<table id=\"tablepress-9\" class=\"tablepress tablepress-id-9 tbody-has-connected-cells\">\n<thead>\n<tr class=\"row-1\">\n\t<th class=\"column-1\">Item<\/th><th colspan=\"5\" class=\"column-2\">1K basecoat:Matting agent=(85-70):(15-30)<\/th>\n<\/tr>\n<\/thead>\n<tbody class=\"row-striping row-hover\">\n<tr class=\"row-2\">\n\t<td rowspan=\"4\" class=\"column-1\">Mixing Ratio<\/td><td rowspan=\"4\" class=\"column-2\">2K top coat<\/td><td class=\"column-3\">Effect<\/td><td class=\"column-4\">2k topcoat<\/td><td class=\"column-5\">Matt agent<\/td><td class=\"column-6\">Hardener<\/td>\n<\/tr>\n<tr class=\"row-3\">\n\t<td class=\"column-3\">All Matte<\/td><td class=\"column-4\">30 parts<\/td><td class=\"column-5\">70 parts<\/td><td class=\"column-6\">15 parts<\/td>\n<\/tr>\n<tr class=\"row-4\">\n\t<td class=\"column-3\">Half Matte<\/td><td class=\"column-4\">50 parts<\/td><td class=\"column-5\">50 parts<\/td><td class=\"column-6\">25 parts<\/td>\n<\/tr>\n<tr class=\"row-5\">\n\t<td class=\"column-3\">Half Bright<\/td><td class=\"column-4\">70 parts<\/td><td class=\"column-5\">30 parts<\/td><td class=\"column-6\">35 parts<\/td>\n<\/tr>\n<\/tbody>\n<\/table>\n<!-- #tablepress-9 from cache -->\n<p><strong>Nota: <\/strong><\/p>\n<p>El agente mateante es f\u00e1cil de cristalizar cuando se expone al aire durante demasiado tiempo. Para evitar part\u00edculas en la pel\u00edcula de pintura, especialmente cuando se aplica en combinaci\u00f3n con una capa transparente, elimine las part\u00edculas cristalizadas y otras contaminaciones alrededor del borde de la lata antes de usar y vierta con un filtro.<\/p>\n<div data-id=\"paragraph0\"><\/div>\n<div class=\"magic-13\">\n<div class=\"magic-14\">\n<div>\n<div class=\"magic-9\">\n<div class=\"magic-10\">\n<p>&nbsp;<\/p>\n<p>&nbsp;<\/p>\n<\/div>\n<\/div>\n<\/div>\n<\/div>\n<\/div>\n<div data-spm-anchor-id=\"a2700.details.0.i37.625d2e9eLtZffL\"><img decoding=\"async\" class=\"aligncenter size-full wp-image-829\" src=\"https:\/\/www.supersybon.com\/es\/wp-content\/uploads\/2022\/10\/1665564952-HK555-Able-To-Reduce-The-Brightness-Of-The-Paint-Film-Good-Matting-Ability-With-Smooth-Paint-Film.jpg\" alt=\"\" width=\"900\" height=\"669\" title=\"\" srcset=\"https:\/\/www.supersybon.com\/es\/wp-content\/uploads\/2022\/10\/1665564952-HK555-Able-To-Reduce-The-Brightness-Of-The-Paint-Film-Good-Matting-Ability-With-Smooth-Paint-Film.jpg 900w, https:\/\/www.supersybon.com\/es\/wp-content\/uploads\/2022\/10\/1665564952-HK555-Able-To-Reduce-The-Brightness-Of-The-Paint-Film-Good-Matting-Ability-With-Smooth-Paint-Film-480x357.jpg 480w\" sizes=\"(min-width: 0px) and (max-width: 480px) 480px, (min-width: 481px) 900px, 100vw\" \/><\/div>\n<div data-spm-anchor-id=\"a2700.details.0.i37.625d2e9eLtZffL\"><\/div>\n<div data-spm-anchor-id=\"a2700.details.0.i37.625d2e9eLtZffL\"><\/div>\n<div class=\"magic-13\">\n<div class=\"magic-14\">\n<div data-spm-anchor-id=\"a2700.details.0.i37.625d2e9eLtZffL\"><\/div>\n<div data-spm-anchor-id=\"a2700.details.0.i37.625d2e9eLtZffL\">\n<div data-spm-anchor-id=\"a2700.details.0.i37.625d2e9eLtZffL\">\n<p>&nbsp;<\/p>\n<\/div>\n<div data-spm-anchor-id=\"a2700.details.0.i37.625d2e9eLtZffL\">\n<div><strong>Embalaje y servicio de productos<br \/>\n<\/strong><\/div>\n<hr \/>\n<p><strong>PAQUETE :<br \/>\n<\/strong><\/p>\n<p>1L*12 latas\/cart\u00f3n, 4L*4 latas\/cart\u00f3n.<\/p>\n<p>&nbsp;<\/p>\n<p><strong>NUESTRO SERVICIO:<br \/>\n<\/strong><\/p>\n<p>1.24 horas en l\u00ednea<\/p>\n<p>2. Precio competitivo<\/p>\n<p>3. Excelentes comentarios del cliente<\/p>\n<p>4. Pedidos en l\u00ednea seguros<\/p>\n<p>5. Entrega r\u00e1pida<\/p>\n<p>6. Soporte t\u00e9cnico profesional<\/p>\n<\/div>\n<\/div>\n<p>&nbsp;<\/p>\n<p>&nbsp;<\/p>\n<p><strong>Perfil de la empresa<br \/>\n<\/strong><\/p>\n<hr \/>\n<p>&nbsp;<\/p>\n<p><img decoding=\"async\" class=\"aligncenter size-full wp-image-324\" src=\"https:\/\/www.supersybon.com\/es\/wp-content\/uploads\/2022\/09\/1663401769-Car-Paint-Supplier-Company-Profile-Manufacturer-China.jpg\" alt=\"\" width=\"900\" height=\"958\" title=\"\" srcset=\"https:\/\/www.supersybon.com\/es\/wp-content\/uploads\/2022\/09\/1663401769-Car-Paint-Supplier-Company-Profile-Manufacturer-China.jpg 900w, https:\/\/www.supersybon.com\/es\/wp-content\/uploads\/2022\/09\/1663401769-Car-Paint-Supplier-Company-Profile-Manufacturer-China-480x511.jpg 480w\" sizes=\"(min-width: 0px) and (max-width: 480px) 480px, (min-width: 481px) 900px, 100vw\" \/><\/p>\n<p><strong>Preguntas m\u00e1s frecuentes<br \/>\n<\/strong><\/p>\n<hr \/>\n<p>&nbsp;<\/p>\n<p>P: \u00bfCu\u00e1l es su MOQ?<\/p>\n<p>R: Nuestro pedido m\u00ednimo es de 300 litros.<\/p>\n<p>P: \u00bfEs usted una empresa fabricante?<\/p>\n<p>R: somos fabricantes profesionales y tenemos nuestra propia f\u00e1brica.<\/p>\n<p>P: \u00bfPodemos visitar su f\u00e1brica?<\/p>\n<p>R: S\u00ed. Le invitamos a nuestra f\u00e1brica.<\/p>\n<p>P: \u00bfQu\u00e9 hay de su pago?<\/p>\n<p>R: dep\u00f3sito del 50% por adelantado, saldo del 50% por T\/T, L\/C, paypal, Western Union o antes del env\u00edo.<\/p>\n<p>P: \u00bfProporcionan muestras?<\/p>\n<p>R: S\u00ed, podemos proporcionarle muestras gratuitas, solo debe pagar el flete.<\/p>\n<p>P: \u00bfQu\u00e9 hay de su tiempo de entrega?<\/p>\n<p>R: generalmente 15 d\u00edas despu\u00e9s de recibir su dep\u00f3sito.<\/p>\n<\/div>\n<\/div>\n","protected":false},"excerpt":{"rendered":"<p>Capaz de reducir el brillo de la pel\u00edcula de pintura. Buena capacidad de mateado con una pel\u00edcula de pintura suave.<\/p>\n","protected":false},"featured_media":827,"template":"","meta":{"_et_pb_use_builder":"","_et_pb_old_content":"","_et_gb_content_width":""},"product_brand":[],"product_cat":[76,77],"product_tag":[526,527],"class_list":{"0":"post-824","1":"product","2":"type-product","3":"status-publish","4":"has-post-thumbnail","6":"product_cat-serie-de-pintura-automatica","7":"product_cat-aglutinante-1k-2k","8":"product_tag-agente-de-embotamiento","9":"product_tag-agente-mate","11":"first","12":"instock","13":"shipping-taxable","14":"product-type-simple"},"_links":{"self":[{"href":"https:\/\/www.supersybon.com\/es\/wp-json\/wp\/v2\/product\/824","targetHints":{"allow":["GET"]}}],"collection":[{"href":"https:\/\/www.supersybon.com\/es\/wp-json\/wp\/v2\/product"}],"about":[{"href":"https:\/\/www.supersybon.com\/es\/wp-json\/wp\/v2\/types\/product"}],"wp:featuredmedia":[{"embeddable":true,"href":"https:\/\/www.supersybon.com\/es\/wp-json\/wp\/v2\/media\/827"}],"wp:attachment":[{"href":"https:\/\/www.supersybon.com\/es\/wp-json\/wp\/v2\/media?parent=824"}],"wp:term":[{"taxonomy":"product_brand","embeddable":true,"href":"https:\/\/www.supersybon.com\/es\/wp-json\/wp\/v2\/product_brand?post=824"},{"taxonomy":"product_cat","embeddable":true,"href":"https:\/\/www.supersybon.com\/es\/wp-json\/wp\/v2\/product_cat?post=824"},{"taxonomy":"product_tag","embeddable":true,"href":"https:\/\/www.supersybon.com\/es\/wp-json\/wp\/v2\/product_tag?post=824"}],"curies":[{"name":"wp","href":"https:\/\/api.w.org\/{rel}","templated":true}]}}