{"id":805,"date":"2022-10-12T13:53:13","date_gmt":"2022-10-12T05:53:13","guid":{"rendered":"https:\/\/www.supersybon.com\/es\/?post_type=product&#038;p=805"},"modified":"2023-01-02T14:51:41","modified_gmt":"2023-01-02T06:51:41","slug":"hk170-agente-anti-ojo-de-pez-anti-silicio-capaz-de-eliminar-ojos-de-pez-o-crateres-en-la-pelicula-de-pintura","status":"publish","type":"product","link":"https:\/\/www.supersybon.com\/es\/product\/hk170-agente-anti-ojo-de-pez-anti-silicio-capaz-de-eliminar-ojos-de-pez-o-crateres-en-la-pelicula-de-pintura","title":{"rendered":"HK170 Agente anti-ojo de pez Anti-silicio capaz de eliminar ojos de pez o cr\u00e1teres en la pel\u00edcula de pintura"},"content":{"rendered":"<p><img decoding=\"async\" class=\"aligncenter size-full wp-image-806\" src=\"https:\/\/www.supersybon.com\/es\/wp-content\/uploads\/2022\/10\/1665556468-HK170-Spray-One-Coat-Of-Paint-Mixed-With-Anti-Silicon-On-The-Wet-Fisheye-Defected-Paint-Film.jpg\" alt=\"\" width=\"900\" height=\"364\" title=\"\" srcset=\"https:\/\/www.supersybon.com\/es\/wp-content\/uploads\/2022\/10\/1665556468-HK170-Spray-One-Coat-Of-Paint-Mixed-With-Anti-Silicon-On-The-Wet-Fisheye-Defected-Paint-Film.jpg 900w, https:\/\/www.supersybon.com\/es\/wp-content\/uploads\/2022\/10\/1665556468-HK170-Spray-One-Coat-Of-Paint-Mixed-With-Anti-Silicon-On-The-Wet-Fisheye-Defected-Paint-Film-480x194.jpg 480w\" sizes=\"(min-width: 0px) and (max-width: 480px) 480px, (min-width: 481px) 900px, 100vw\" \/><\/p>\n<p>&nbsp;<\/p>\n<p><strong>Agente anti-ojo de pez Anti-silicio<\/strong><\/p>\n<p>HK170 Agente anti-ojo de pez Anti-silicio capaz de eliminar ojos de pez o cr\u00e1teres en la pel\u00edcula de pintura<\/p>\n<p>Aditivo para acabado, capaz de eliminar ojos de pez o cr\u00e1teres en la pel\u00edcula de pintura.<\/p>\n<p>&nbsp;<\/p>\n<p><strong>Nota: <\/strong><\/p>\n<p>1. Mezcle con la proporci\u00f3n correcta de Anti Silicon. El exceso de adici\u00f3n puede causar defectos de peque\u00f1as burbujas o peque\u00f1os agujeros.<\/p>\n<p>2. Si el ojo de pez presenta defectos graves, la pel\u00edcula de pintura debe lijarse cuando est\u00e9 seca. Vuelva a rociar con pintura mezclada con antisilicona.<\/p>\n<div class=\"magic-13\">\n<div class=\"magic-14\">\n<div>\n<div class=\"magic-9\">\n<div class=\"magic-10\">\n<p>&nbsp;<\/p>\n<p>&nbsp;<\/p>\n<\/div>\n<\/div>\n<\/div>\n<div data-spm-anchor-id=\"a2700.details.0.i37.625d2e9eLtZffL\"><\/div>\n<div data-spm-anchor-id=\"a2700.details.0.i37.625d2e9eLtZffL\"><img decoding=\"async\" class=\"aligncenter size-full wp-image-807\" src=\"https:\/\/www.supersybon.com\/es\/wp-content\/uploads\/2022\/10\/1665556494-HK170-Anti-Fisheye-Agent-Additive-For-Topcoat-Able-To-Remove-Fisheyes-Or-Craterings-On-The-Paint-Film.jpg\" alt=\"\" width=\"900\" height=\"438\" title=\"\" srcset=\"https:\/\/www.supersybon.com\/es\/wp-content\/uploads\/2022\/10\/1665556494-HK170-Anti-Fisheye-Agent-Additive-For-Topcoat-Able-To-Remove-Fisheyes-Or-Craterings-On-The-Paint-Film.jpg 900w, https:\/\/www.supersybon.com\/es\/wp-content\/uploads\/2022\/10\/1665556494-HK170-Anti-Fisheye-Agent-Additive-For-Topcoat-Able-To-Remove-Fisheyes-Or-Craterings-On-The-Paint-Film-480x234.jpg 480w\" sizes=\"(min-width: 0px) and (max-width: 480px) 480px, (min-width: 481px) 900px, 100vw\" \/><\/div>\n<div data-spm-anchor-id=\"a2700.details.0.i37.625d2e9eLtZffL\"><\/div>\n<div data-spm-anchor-id=\"a2700.details.0.i37.625d2e9eLtZffL\">\n<div data-spm-anchor-id=\"a2700.details.0.i37.625d2e9eLtZffL\">\n<div data-spm-anchor-id=\"a2700.details.0.i37.625d2e9eLtZffL\">\n<p>&nbsp;<\/p>\n<\/div>\n<div data-spm-anchor-id=\"a2700.details.0.i37.625d2e9eLtZffL\">\n<div><strong>Embalaje y servicio de productos<br \/>\n<\/strong><\/div>\n<hr \/>\n<p><strong>PAQUETE :<br \/>\n<\/strong><\/p>\n<p>1L*12 latas\/cart\u00f3n, 4L*4 latas\/cart\u00f3n.<\/p>\n<p>&nbsp;<\/p>\n<p><strong>NUESTRO SERVICIO:<br \/>\n<\/strong><\/p>\n<p>1.24 horas en l\u00ednea<\/p>\n<p>2. Precio competitivo<\/p>\n<p>3. Excelentes comentarios del cliente<\/p>\n<p>4. Pedidos en l\u00ednea seguros<\/p>\n<p>5. Entrega r\u00e1pida<\/p>\n<p>6. Soporte t\u00e9cnico profesional<\/p>\n<\/div>\n<\/div>\n<p>&nbsp;<\/p>\n<\/div>\n<p>&nbsp;<\/p>\n<p><strong>Perfil de la empresa<br \/>\n<\/strong><\/p>\n<hr \/>\n<p>&nbsp;<\/p>\n<p><img decoding=\"async\" class=\"aligncenter size-full wp-image-324\" src=\"https:\/\/www.supersybon.com\/es\/wp-content\/uploads\/2022\/09\/1663401769-Car-Paint-Supplier-Company-Profile-Manufacturer-China.jpg\" alt=\"\" width=\"900\" height=\"958\" title=\"\" srcset=\"https:\/\/www.supersybon.com\/es\/wp-content\/uploads\/2022\/09\/1663401769-Car-Paint-Supplier-Company-Profile-Manufacturer-China.jpg 900w, https:\/\/www.supersybon.com\/es\/wp-content\/uploads\/2022\/09\/1663401769-Car-Paint-Supplier-Company-Profile-Manufacturer-China-480x511.jpg 480w\" sizes=\"(min-width: 0px) and (max-width: 480px) 480px, (min-width: 481px) 900px, 100vw\" \/><\/p>\n<p><strong>Preguntas m\u00e1s frecuentes<br \/>\n<\/strong><\/p>\n<hr \/>\n<p>&nbsp;<\/p>\n<p>P: \u00bfCu\u00e1l es su MOQ?<\/p>\n<p>R: Nuestro pedido m\u00ednimo es de 300 litros.<\/p>\n<p>P: \u00bfEs usted una empresa fabricante?<\/p>\n<p>R: somos fabricantes profesionales y tenemos nuestra propia f\u00e1brica.<\/p>\n<p>P: \u00bfPodemos visitar su f\u00e1brica?<\/p>\n<p>R: S\u00ed. Le invitamos a nuestra f\u00e1brica.<\/p>\n<p>P: \u00bfQu\u00e9 hay de su pago?<\/p>\n<p>R: dep\u00f3sito del 50% por adelantado, saldo del 50% por T\/T, L\/C, paypal, Western Union o antes del env\u00edo.<\/p>\n<p>P: \u00bfProporcionan muestras?<\/p>\n<p>R: S\u00ed, podemos proporcionarle muestras gratuitas, solo debe pagar el flete.<\/p>\n<p>P: \u00bfQu\u00e9 hay de su tiempo de entrega?<\/p>\n<p>R: generalmente 15 d\u00edas despu\u00e9s de recibir su dep\u00f3sito.<\/p>\n<\/div>\n<\/div>\n","protected":false},"excerpt":{"rendered":"<p>Aditivo para acabado, capaz de eliminar ojos de pez o cr\u00e1teres en la pel\u00edcula de pintura.<\/p>\n","protected":false},"featured_media":808,"template":"","meta":{"_et_pb_use_builder":"","_et_pb_old_content":"","_et_gb_content_width":""},"product_brand":[],"product_cat":[76,77],"product_tag":[520,521,522],"class_list":{"0":"post-805","1":"product","2":"type-product","3":"status-publish","4":"has-post-thumbnail","6":"product_cat-serie-de-pintura-automatica","7":"product_cat-aglutinante-1k-2k","8":"product_tag-agente-anti-ojo-de-pez","9":"product_tag-anti-silicio","10":"product_tag-eliminar-ojos-de-pez-o-crateres","12":"first","13":"instock","14":"shipping-taxable","15":"product-type-simple"},"_links":{"self":[{"href":"https:\/\/www.supersybon.com\/es\/wp-json\/wp\/v2\/product\/805","targetHints":{"allow":["GET"]}}],"collection":[{"href":"https:\/\/www.supersybon.com\/es\/wp-json\/wp\/v2\/product"}],"about":[{"href":"https:\/\/www.supersybon.com\/es\/wp-json\/wp\/v2\/types\/product"}],"wp:featuredmedia":[{"embeddable":true,"href":"https:\/\/www.supersybon.com\/es\/wp-json\/wp\/v2\/media\/808"}],"wp:attachment":[{"href":"https:\/\/www.supersybon.com\/es\/wp-json\/wp\/v2\/media?parent=805"}],"wp:term":[{"taxonomy":"product_brand","embeddable":true,"href":"https:\/\/www.supersybon.com\/es\/wp-json\/wp\/v2\/product_brand?post=805"},{"taxonomy":"product_cat","embeddable":true,"href":"https:\/\/www.supersybon.com\/es\/wp-json\/wp\/v2\/product_cat?post=805"},{"taxonomy":"product_tag","embeddable":true,"href":"https:\/\/www.supersybon.com\/es\/wp-json\/wp\/v2\/product_tag?post=805"}],"curies":[{"name":"wp","href":"https:\/\/api.w.org\/{rel}","templated":true}]}}